{"id":5101,"date":"2020-05-27T09:45:09","date_gmt":"2020-05-27T09:45:09","guid":{"rendered":"https:\/\/www.sterylis.igloo.pl\/?page_id=5101"},"modified":"2020-11-06T08:39:27","modified_gmt":"2020-11-06T08:39:27","slug":"finansowanie","status":"publish","type":"page","link":"https:\/\/www.sterylis.com\/cz\/financovani\/","title":{"rendered":"Financov\u00e1n\u00ed"},"content":{"rendered":"<p>[vc_row css=&#8221;.vc_custom_1595492207601{padding-top: 60px !important;}&#8221;][vc_column width=&#8221;1\/2&#8243;][vc_column_text]<\/p>\r\n<h3>Zaj\u00edm\u00e1 v\u00e1s leasing<\/h3>\r\n<p><strong>profesion\u00e1ln\u00edch steriliza\u010dn\u00edch za\u0159\u00edzen\u00ed STERYLIS?<\/strong><\/p>\r\n<p>&nbsp;<\/p>\r\n<p>M\u00e1me pro v\u00e1s velice v\u00fdhodn\u00e9 podm\u00ednky spolupr\u00e1ce.<\/p>\r\n<p>Poradce EFL v\u00e1m navrhne financov\u00e1n\u00ed p\u0159izp\u016fsoben\u00e9 va\u0161im pot\u0159eb\u00e1m.<\/p>\r\n<ul>\r\n<li>minimum formalit<\/li>\r\n<li>akontace u\u017e od 1 %<\/li>\r\n<\/ul>\r\n<p>[\/vc_column_text][\/vc_column][vc_column width=&#8221;1\/2&#8243;][vc_column_text]<\/p>\r\n<h3>Kontaktujte<\/h3>\r\n<p><strong>Jitka Bartkov\u00e1<\/strong><\/p>\r\n<h4><\/h4>\r\n\r\n<p>E-mail: <a href=\"mailto:bartkova.jitka@sterylis.cz\">bartkova.jitka@sterylis.cz<\/a><\/p>\r\n<p>M. +420 770 123 989<\/p>\r\n<p>\u00a0<\/p>\r\n<p>[\/vc_column_text][\/vc_column][\/vc_row]<\/p>","protected":false},"excerpt":{"rendered":"<p>[vc_row css=&#8221;.vc_custom_1595492207601{padding-top: 60px !important;}&#8221;][vc_column width=&#8221;1\/2&#8243;][vc_column_text] Zaj\u00edm\u00e1 v\u00e1s leasing profesion\u00e1ln\u00edch steriliza\u010dn\u00edch za\u0159\u00edzen\u00ed STERYLIS? &nbsp; M\u00e1me pro v\u00e1s velice v\u00fdhodn\u00e9 podm\u00ednky spolupr\u00e1ce. Poradce EFL v\u00e1m navrhne financov\u00e1n\u00ed p\u0159izp\u016fsoben\u00e9 va\u0161im pot\u0159eb\u00e1m. minimum formalit akontace u\u017e od 1 % [\/vc_column_text][\/vc_column][vc_column width=&#8221;1\/2&#8243;][vc_column_text] Kontaktujte Jitka Bartkov\u00e1 [&hellip;]<\/p>\n","protected":false},"author":1,"featured_media":0,"parent":0,"menu_order":0,"comment_status":"closed","ping_status":"closed","template":"","meta":[],"yoast_head":"\n<title>Financov\u00e1n\u00ed - STERYLIS<\/title>\n<meta name=\"robots\" content=\"index, follow, max-snippet:-1, max-image-preview:large, max-video-preview:-1\" \/>\n<link rel=\"canonical\" href=\"https:\/\/www.sterylis.com\/finansowanie\/\" \/>\n<meta property=\"og:locale\" content=\"cs_CZ\" \/>\n<meta property=\"og:type\" content=\"article\" \/>\n<meta property=\"og:title\" content=\"[:pl]Finansowanie[:en]FINANSOWANIE[:de]FINANSOWANIE[:cz]Financov\u00e1n\u00ed[:] - STERYLIS\" \/>\n<meta property=\"og:description\" content=\"[vc_row css=&#8221;.vc_custom_1595492207601{padding-top: 60px !important;}&#8221;][vc_column width=&#8221;1\/2&#8243;][vc_column_text] Zaj\u00edm\u00e1 v\u00e1s leasing profesion\u00e1ln\u00edch steriliza\u010dn\u00edch za\u0159\u00edzen\u00ed STERYLIS? &nbsp; M\u00e1me pro v\u00e1s velice v\u00fdhodn\u00e9 podm\u00ednky spolupr\u00e1ce. Poradce EFL v\u00e1m navrhne financov\u00e1n\u00ed p\u0159izp\u016fsoben\u00e9 va\u0161im pot\u0159eb\u00e1m. minimum formalit akontace u\u017e od 1 % [\/vc_column_text][\/vc_column][vc_column width=&#8221;1\/2&#8243;][vc_column_text] Kontaktujte Jitka Bartkov\u00e1 [&hellip;]\" \/>\n<meta property=\"og:url\" content=\"https:\/\/www.sterylis.com\/finansowanie\/\" \/>\n<meta property=\"og:site_name\" content=\"STERYLIS\" \/>\n<meta property=\"article:publisher\" content=\"https:\/\/www.facebook.com\/sterylis\" \/>\n<meta property=\"article:modified_time\" content=\"2020-11-06T08:39:27+00:00\" \/>\n<meta property=\"og:image\" content=\"https:\/\/www.sterylis.igloo.pl\/wp-content\/uploads\/2020\/05\/logotyppodstawowy.png\" \/>\n<meta name=\"twitter:card\" content=\"summary_large_image\" \/>\n<meta name=\"twitter:label1\" content=\"Napsal(a)\">\n\t<meta name=\"twitter:data1\" content=\"admin\">\n\t<meta name=\"twitter:label2\" content=\"Odhadovan\u00e1 doba \u010dten\u00ed\">\n\t<meta name=\"twitter:data2\" content=\"1 minuta\">\n","_links":{"self":[{"href":"https:\/\/www.sterylis.com\/cz\/wp-json\/wp\/v2\/pages\/5101"}],"collection":[{"href":"https:\/\/www.sterylis.com\/cz\/wp-json\/wp\/v2\/pages"}],"about":[{"href":"https:\/\/www.sterylis.com\/cz\/wp-json\/wp\/v2\/types\/page"}],"author":[{"embeddable":true,"href":"https:\/\/www.sterylis.com\/cz\/wp-json\/wp\/v2\/users\/1"}],"replies":[{"embeddable":true,"href":"https:\/\/www.sterylis.com\/cz\/wp-json\/wp\/v2\/comments?post=5101"}],"version-history":[{"count":18,"href":"https:\/\/www.sterylis.com\/cz\/wp-json\/wp\/v2\/pages\/5101\/revisions"}],"predecessor-version":[{"id":6971,"href":"https:\/\/www.sterylis.com\/cz\/wp-json\/wp\/v2\/pages\/5101\/revisions\/6971"}],"wp:attachment":[{"href":"https:\/\/www.sterylis.com\/cz\/wp-json\/wp\/v2\/media?parent=5101"}],"curies":[{"name":"wp","href":"https:\/\/api.w.org\/{rel}","templated":true}]}}