{"id":5138,"date":"2020-06-04T11:30:00","date_gmt":"2020-06-04T11:30:00","guid":{"rendered":"https:\/\/www.sterylis.igloo.pl\/?page_id=5138"},"modified":"2021-03-08T07:56:37","modified_gmt":"2021-03-08T07:56:37","slug":"badania-i-publikacje","status":"publish","type":"page","link":"https:\/\/www.sterylis.com\/cz\/badania-i-publikacje\/","title":{"rendered":"Zkou\u0161ky"},"content":{"rendered":"<p>[vc_row css=&#8221;.vc_custom_1595568188627{padding-top: 30px !important;padding-bottom: 60px !important;}&#8221;][vc_column width=&#8221;1\/2&#8243;][vc_column_text]<\/p>\n<h2>Badania<\/h2>\n<p>[\/vc_column_text][vc_empty_space][vc_column_text]<a href=\"http:\/\/www.sterylis.igloo.pl\/badania-i-publikacje\/badania\/\"><strong>Raport z badania skuteczno\u015bci dezynfekcji powietrza i powierzchni za pomoc\u0105 sterylizatora pomieszcze\u0144 Sterylis, metoda ozonowania oraz promieniowania UV-C<br \/>\n<\/strong><br \/>\n<\/a>Krak\u00f3w, 2020-06-08<br \/>\nKierownik Katedry Mikrobiologii UJ CM<br \/>\n<em>Prof. dr hab. n. med. Ma\u0142gorzata Bulanda<\/em>[\/vc_column_text][\/vc_column][vc_column width=&#8221;1\/2&#8243;][vc_column_text]<\/p>\n<h2>Publikacje<\/h2>\n<p>[\/vc_column_text][vc_empty_space][vc_column_text]<strong><a href=\"https:\/\/www.sterylis.igloo.pl\/badania\/Wp\u0142yw ozonu na \u015bwie\u017ce produkty spo\u017cywcze podczas dezynfekcji sklep\u00f3w i przetw\u00f3rni.pdf\" target=\"_blank\" rel=\"noopener noreferrer\">Wp\u0142yw ozonu na \u015bwie\u017ce produkty spo\u017cywcze podczas dezynfekcji sklep\u00f3w i przetw\u00f3rni<\/a><\/strong><br \/>\n\u0141\u00f3d\u017a, 2020-06-01<br \/>\nDDDAudit<br \/>\nprof. dr hab. Stanis\u0142aw Ignatowicz, mgr in\u017c. Micha\u0142 \u017bak<\/p>\n<p><a href=\"https:\/\/www.sterylis.igloo.pl\/badania\/Regularne%20zabiegi%20dezynfekcji%20w%20plac%C3%B3wkach%20opieku%C5%84czych%20i%20edukacyjnych%20%20niezb%C4%99dne%20us%C5%82ugi%20redukuj%C4%85ce%20ryzyko.pdf\" target=\"_blank\" rel=\"noopener noreferrer\"><strong>Regularne zabiegi dezynfekcji w plac\u00f3wkach opieku\u0144czych i edukacyjnych \u2013 niezb\u0119dne us\u0142ugi redukuj\u0105ce ryzyko epidemiczne<\/strong><\/a><br \/>\n\u0141\u00f3d\u017a, 2020-06-04<br \/>\nDDDAudit<br \/>\nmgr in\u017c. Micha\u0142 \u017bak<\/p>\n<p><strong><a href=\"https:\/\/www.sterylis.igloo.pl\/badania\/DEZYNFEKCJA%20POMIESZCZE%C5%83_Anna_Jurczyk.pdf\" target=\"_blank\" rel=\"noopener noreferrer\">Dezynfekcja pomieszcze\u0144 \u2013 Wykorzystanie promieniowania UV-C oraz ozonu<br \/>\n<\/a><\/strong><\/p>\n<p>Krak\u00f3w, 2020-06-04<br \/>\nR&amp;D Solution Manager<br \/>\nmgr in\u017c. Anna Jurczyk-Sitko[\/vc_column_text][\/vc_column][\/vc_row]<\/p>","protected":false},"excerpt":{"rendered":"<p>[vc_row css=&#8221;.vc_custom_1595568188627{padding-top: 30px !important;padding-bottom: 60px !important;}&#8221;][vc_column width=&#8221;1\/2&#8243;][vc_column_text] Badania [\/vc_column_text][vc_empty_space][vc_column_text]Raport z badania skuteczno\u015bci dezynfekcji powietrza i powierzchni za pomoc\u0105 sterylizatora pomieszcze\u0144 Sterylis, metoda ozonowania oraz promieniowania UV-C Krak\u00f3w, 2020-06-08 Kierownik Katedry Mikrobiologii UJ CM Prof. dr hab. n. med. Ma\u0142gorzata Bulanda[\/vc_column_text][\/vc_column][vc_column [&hellip;]<\/p>\n","protected":false},"author":1,"featured_media":0,"parent":0,"menu_order":0,"comment_status":"closed","ping_status":"closed","template":"","meta":[],"yoast_head":"\n<title>Zkou\u0161ky - STERYLIS<\/title>\n<meta name=\"robots\" content=\"index, follow, max-snippet:-1, max-image-preview:large, max-video-preview:-1\" \/>\n<link rel=\"canonical\" href=\"https:\/\/www.sterylis.com\/badania-i-publikacje\/\" \/>\n<meta property=\"og:locale\" content=\"cs_CZ\" \/>\n<meta property=\"og:type\" content=\"article\" \/>\n<meta property=\"og:title\" content=\"[:pl]Badania i publikacje[:en]Research and publications[:de]Forschung und Publikationen[:cz]Zkou\u0161ky[:] - STERYLIS\" \/>\n<meta property=\"og:description\" content=\"[vc_row css=&#8221;.vc_custom_1595568188627{padding-top: 30px !important;padding-bottom: 60px !important;}&#8221;][vc_column width=&#8221;1\/2&#8243;][vc_column_text] Badania [\/vc_column_text][vc_empty_space][vc_column_text]Raport z badania skuteczno\u015bci dezynfekcji powietrza i powierzchni za pomoc\u0105 sterylizatora pomieszcze\u0144 Sterylis, metoda ozonowania oraz promieniowania UV-C Krak\u00f3w, 2020-06-08 Kierownik Katedry Mikrobiologii UJ CM Prof. dr hab. n. med. Ma\u0142gorzata Bulanda[\/vc_column_text][\/vc_column][vc_column [&hellip;]\" \/>\n<meta property=\"og:url\" content=\"https:\/\/www.sterylis.com\/badania-i-publikacje\/\" \/>\n<meta property=\"og:site_name\" content=\"STERYLIS\" \/>\n<meta property=\"article:publisher\" content=\"https:\/\/www.facebook.com\/sterylis\" \/>\n<meta property=\"article:modified_time\" content=\"2021-03-08T07:56:37+00:00\" \/>\n<meta name=\"twitter:card\" content=\"summary_large_image\" \/>\n<meta name=\"twitter:label1\" content=\"Napsal(a)\">\n\t<meta name=\"twitter:data1\" content=\"admin\">\n\t<meta name=\"twitter:label2\" content=\"Odhadovan\u00e1 doba \u010dten\u00ed\">\n\t<meta name=\"twitter:data2\" content=\"2 minuty\">\n","_links":{"self":[{"href":"https:\/\/www.sterylis.com\/cz\/wp-json\/wp\/v2\/pages\/5138"}],"collection":[{"href":"https:\/\/www.sterylis.com\/cz\/wp-json\/wp\/v2\/pages"}],"about":[{"href":"https:\/\/www.sterylis.com\/cz\/wp-json\/wp\/v2\/types\/page"}],"author":[{"embeddable":true,"href":"https:\/\/www.sterylis.com\/cz\/wp-json\/wp\/v2\/users\/1"}],"replies":[{"embeddable":true,"href":"https:\/\/www.sterylis.com\/cz\/wp-json\/wp\/v2\/comments?post=5138"}],"version-history":[{"count":67,"href":"https:\/\/www.sterylis.com\/cz\/wp-json\/wp\/v2\/pages\/5138\/revisions"}],"predecessor-version":[{"id":6914,"href":"https:\/\/www.sterylis.com\/cz\/wp-json\/wp\/v2\/pages\/5138\/revisions\/6914"}],"wp:attachment":[{"href":"https:\/\/www.sterylis.com\/cz\/wp-json\/wp\/v2\/media?parent=5138"}],"curies":[{"name":"wp","href":"https:\/\/api.w.org\/{rel}","templated":true}]}}