{"id":5258,"date":"2020-07-08T06:58:29","date_gmt":"2020-07-08T06:58:29","guid":{"rendered":"https:\/\/www.sterylis.igloo.pl\/?page_id=5258"},"modified":"2021-12-01T13:33:15","modified_gmt":"2021-12-01T13:33:15","slug":"produkty","status":"publish","type":"page","link":"https:\/\/www.sterylis.com\/cz\/produkty\/","title":{"rendered":"Produkty"},"content":{"rendered":"<p>[vc_row][vc_column][vc_column_text]Inovativn\u00ed \u0159e\u0161en\u00ed pro dezinfekci m\u00edstnost\u00ed s p\u0159\u00eddavnou funkc\u00ed filtrace vzduchu, ve kter\u00fdch byl pou\u017eit zdroj UV-C s vlnovou d\u00e9lkou nej\u00fa\u010dinn\u011bj\u0161\u00ed v boji s mikroorganismy a v\u00fdkonn\u00e9 gener\u00e1tory oz\u00f3nu umo\u017e\u0148uj\u00edc\u00ed proveden\u00ed rychl\u00e9ho a efektivn\u00edho procesu dezinfekce dokonce i na \u0161patn\u011b dostupn\u00fdch m\u00edstech. Vyskytuj\u00ed se v n\u011bkolika verz\u00edch, kter\u00e9 se li\u0161\u00ed silou pou\u017eit\u00e9ho zdroje UV-C, v\u00fdkonnost\u00ed gener\u00e1toru oz\u00f3nu a v\u00fdkonnost\u00ed pr\u016ftoku vzduchu.[\/vc_column_text][\/vc_column][\/vc_row][vc_row css=&#8221;.vc_custom_1594383349362{padding-top: 80px !important;padding-bottom: 80px !important;}&#8221;][vc_column width=&#8221;1\/4&#8243;][vc_single_image image=&#8221;7410&#8243; img_size=&#8221;90&#215;90&#8243; alignment=&#8221;center&#8221; onclick=&#8221;custom_link&#8221; link=&#8221;\/cz\/produkty\/sterylis-light-air\/&#8221;][vc_column_text]<\/p>\n<h3><a href=\"\/cz\/produkty\/sterylis-light-air\/\">STERYLIS <span style=\"color: #1d71b8;\"><strong>LIGHT AIR<\/strong><\/span><\/a><\/h3>\n<p>Modely:<\/p>\n<ul>\n<li><a href=\"\/cz\/produkty\/sterylis-light-air\/sterylis-light-air-60\/\">LIGHT AIR 60<\/a><\/li>\n<li><a href=\"\/cz\/produkty\/sterylis-light-air\/sterylis-light-air-plus-60\/\">LIGHT AIR+ 60<\/a><\/li>\n<\/ul>\n<p>[\/vc_column_text][\/vc_column][vc_column width=&#8221;1\/4&#8243; css=&#8221;.vc_custom_1597659847012{padding-bottom: 50px !important;}&#8221;][vc_single_image image=&#8221;7104&#8243; img_size=&#8221;full&#8221; alignment=&#8221;center&#8221; onclick=&#8221;custom_link&#8221; link=&#8221;\/produkty\/sterylis-basic-2\/&#8221;][vc_column_text]<\/p>\n<h3><a href=\"https:\/\/www.sterylis.com\/cz\/produkty\/sterylis-basic\/\">STERYLIS <span style=\"color: #35dacc;\"><strong><span style=\"color: #82c9be;\">BASIC UV-C<\/span><\/strong><\/span><\/a><\/h3>\n<p>Modely:<\/p>\n<ul>\n<li><a href=\"https:\/\/www.sterylis.com\/cz\/produkty\/sterylis-basic\/sterylis-basic-100\/\">BASIC-100<\/a><\/li>\n<li><a href=\"https:\/\/www.sterylis.com\/cz\/produkty\/sterylis-basic\/sterylis-basic-150\/\">BASIC-150<\/a><\/li>\n<li><a href=\"https:\/\/www.sterylis.com\/cz\/produkty\/sterylis-basic\/sterylis-basic-300\/\">BASIC-300<\/a><\/li>\n<li><a href=\"https:\/\/www.sterylis.com\/cz\/produkty\/sterylis-basic\/sterylis-basic-400\/\">BASIC-400<\/a><\/li>\n<li><a href=\"https:\/\/www.sterylis.com\/cz\/produkty\/sterylis-basic\/sterylis-basic-800\/\">BASIC-800<\/a><\/li>\n<\/ul>\n<p>[\/vc_column_text][\/vc_column][vc_column width=&#8221;1\/4&#8243; css=&#8221;.vc_custom_1594390575613{padding-bottom: 60px !important;}&#8221;][vc_single_image image=&#8221;6788&#8243; img_size=&#8221;full&#8221; alignment=&#8221;center&#8221; onclick=&#8221;custom_link&#8221; link=&#8221;\/produkty\/sterylis-vs\/&#8221;][vc_column_text]<\/p>\n<h3><a href=\"\/produkty\/sterylis-vs\/\">STERYLIS <span style=\"color: #82c9be;\"><strong>VS<\/strong><\/span><\/a><\/h3>\n<p>Modely:<\/p>\n<ul>\n<li><a href=\"\/sterylis-vs\/sterylis-vs-450\/\">VS-100\/450<\/a><\/li>\n<li><a href=\"\/sterylis-vs\/sterylis-vs-600\/\">VS-150\/600<\/a><\/li>\n<li><a href=\"\/sterylis-vs\/sterylis-vs-900\/\">VS-300\/900<\/a><\/li>\n<li><a href=\"\/sterylis-vs\/sterylis-vs-1200\/\">VS-400\/1200<\/a><\/li>\n<li><a href=\"\/sterylis-vs\/sterylis-vs-1500\/\">VS-600\/1500<\/a><\/li>\n<\/ul>\n<p>[\/vc_column_text][\/vc_column][vc_column width=&#8221;1\/4&#8243; css=&#8221;.vc_custom_1594390563698{padding-bottom: 60px !important;}&#8221;][vc_single_image image=&#8221;6787&#8243; img_size=&#8221;full&#8221; alignment=&#8221;center&#8221; onclick=&#8221;custom_link&#8221; link=&#8221;\/produkty\/sterylis-ultra\/&#8221;][vc_column_text]<\/p>\n<h3><a href=\"\/produkty\/sterylis-ultra\/\">STERYLIS <span style=\"color: #82c9be;\"><strong>ULTRA<\/strong><\/span><\/a><\/h3>\n<p>Modely:<\/p>\n<ul>\n<li><a href=\"\/produkty\/sterylis-ultra\/sterylis-ultra-220\/\">ULTRA-200\/450<\/a><\/li>\n<li><a href=\"\/produkty\/sterylis-ultra\/sterylis-ultra-330\/\">ULTRA-300\/850<\/a><\/li>\n<li><a href=\"\/produkty\/sterylis-ultra\/sterylis-ultra-440\/\">ULTRA-700\/850<\/a><\/li>\n<li><a href=\"\/produkty\/sterylis-ultra\/sterylis-ultra-550\/\">ULTRA-900\/1000<\/a><\/li>\n<\/ul>\n<p>[\/vc_column_text][\/vc_column][\/vc_row]<\/p>","protected":false},"excerpt":{"rendered":"<p>[vc_row][vc_column][vc_column_text]Inovativn\u00ed \u0159e\u0161en\u00ed pro dezinfekci m\u00edstnost\u00ed s p\u0159\u00eddavnou funkc\u00ed filtrace vzduchu, ve kter\u00fdch byl pou\u017eit zdroj UV-C s vlnovou d\u00e9lkou nej\u00fa\u010dinn\u011bj\u0161\u00ed v boji s mikroorganismy a v\u00fdkonn\u00e9 gener\u00e1tory oz\u00f3nu umo\u017e\u0148uj\u00edc\u00ed proveden\u00ed rychl\u00e9ho a efektivn\u00edho procesu dezinfekce dokonce i na \u0161patn\u011b dostupn\u00fdch [&hellip;]<\/p>\n","protected":false},"author":1,"featured_media":0,"parent":0,"menu_order":0,"comment_status":"closed","ping_status":"closed","template":"","meta":[],"yoast_head":"\n<title>Produkty  - STERYLIS<\/title>\n<meta name=\"robots\" content=\"index, follow, max-snippet:-1, max-image-preview:large, max-video-preview:-1\" \/>\n<link rel=\"canonical\" href=\"https:\/\/www.sterylis.com\/produkty\/\" \/>\n<meta property=\"og:locale\" content=\"cs_CZ\" \/>\n<meta property=\"og:type\" content=\"article\" \/>\n<meta property=\"og:title\" content=\"[:pl]Produkty[:en]Products[:de]Produkte[:cz]Produkty [:ru]\u041f\u0440\u043e\u0434\u0443\u043a\u0442\u044b[:] - STERYLIS\" \/>\n<meta property=\"og:description\" content=\"[vc_row][vc_column][vc_column_text]Inovativn\u00ed \u0159e\u0161en\u00ed pro dezinfekci m\u00edstnost\u00ed s p\u0159\u00eddavnou funkc\u00ed filtrace vzduchu, ve kter\u00fdch byl pou\u017eit zdroj UV-C s vlnovou d\u00e9lkou nej\u00fa\u010dinn\u011bj\u0161\u00ed v boji s mikroorganismy a v\u00fdkonn\u00e9 gener\u00e1tory oz\u00f3nu umo\u017e\u0148uj\u00edc\u00ed proveden\u00ed rychl\u00e9ho a efektivn\u00edho procesu dezinfekce dokonce i na \u0161patn\u011b dostupn\u00fdch [&hellip;]\" \/>\n<meta property=\"og:url\" content=\"https:\/\/www.sterylis.com\/produkty\/\" \/>\n<meta property=\"og:site_name\" content=\"STERYLIS\" \/>\n<meta property=\"article:publisher\" content=\"https:\/\/www.facebook.com\/sterylis\" \/>\n<meta property=\"article:modified_time\" content=\"2021-12-01T13:33:15+00:00\" \/>\n<meta name=\"twitter:card\" content=\"summary_large_image\" \/>\n<meta name=\"twitter:label1\" content=\"Napsal(a)\">\n\t<meta name=\"twitter:data1\" content=\"admin\">\n\t<meta name=\"twitter:label2\" content=\"Odhadovan\u00e1 doba \u010dten\u00ed\">\n\t<meta name=\"twitter:data2\" content=\"7 minut\">\n","_links":{"self":[{"href":"https:\/\/www.sterylis.com\/cz\/wp-json\/wp\/v2\/pages\/5258"}],"collection":[{"href":"https:\/\/www.sterylis.com\/cz\/wp-json\/wp\/v2\/pages"}],"about":[{"href":"https:\/\/www.sterylis.com\/cz\/wp-json\/wp\/v2\/types\/page"}],"author":[{"embeddable":true,"href":"https:\/\/www.sterylis.com\/cz\/wp-json\/wp\/v2\/users\/1"}],"replies":[{"embeddable":true,"href":"https:\/\/www.sterylis.com\/cz\/wp-json\/wp\/v2\/comments?post=5258"}],"version-history":[{"count":262,"href":"https:\/\/www.sterylis.com\/cz\/wp-json\/wp\/v2\/pages\/5258\/revisions"}],"predecessor-version":[{"id":9071,"href":"https:\/\/www.sterylis.com\/cz\/wp-json\/wp\/v2\/pages\/5258\/revisions\/9071"}],"wp:attachment":[{"href":"https:\/\/www.sterylis.com\/cz\/wp-json\/wp\/v2\/media?parent=5258"}],"curies":[{"name":"wp","href":"https:\/\/api.w.org\/{rel}","templated":true}]}}