{"id":5260,"date":"2020-07-08T07:02:18","date_gmt":"2020-07-08T07:02:18","guid":{"rendered":"https:\/\/www.sterylis.igloo.pl\/?page_id=5260"},"modified":"2021-05-14T11:37:15","modified_gmt":"2021-05-14T11:37:15","slug":"sterylis-vs","status":"publish","type":"page","link":"https:\/\/www.sterylis.com\/cz\/produkty\/sterylis-vs\/","title":{"rendered":"Sterylis VS"},"content":{"rendered":"<p>[vc_row equal_height=&#8221;yes&#8221; content_placement=&#8221;bottom&#8221; disable_element=&#8221;yes&#8221;][vc_column width=&#8221;1\/3&#8243;][vc_single_image image=&#8221;5276&#8243; img_size=&#8221;medium&#8221; alignment=&#8221;center&#8221; onclick=&#8221;custom_link&#8221; link=&#8221;\/sterylis-vs\/sterylis-vs-450\/&#8221;][vc_column_text css=&#8221;.vc_custom_1594301468389{margin-top: -40px !important;padding-bottom: 80px !important;}&#8221;]<\/p>\n<h3 style=\"text-align: center;\"><a href=\"\/sterylis-vs\/sterylis-vs-450\/\">STERYLIS <span style=\"color: #35dacc;\"><strong>VS-100\/450<\/strong><\/span><\/a><\/h3>\n<p>[\/vc_column_text][\/vc_column][vc_column width=&#8221;1\/3&#8243;][vc_single_image image=&#8221;5328&#8243; img_size=&#8221;medium&#8221; alignment=&#8221;center&#8221; onclick=&#8221;custom_link&#8221; link=&#8221;\/sterylis-vs\/sterylis-vs-600\/&#8221;][vc_column_text css=&#8221;.vc_custom_1594301482031{margin-top: -40px !important;padding-bottom: 80px !important;}&#8221;]<\/p>\n<h3 style=\"text-align: center;\"><a href=\"\/sterylis-vs\/sterylis-vs-600\/\">STERYLIS <span style=\"color: #35dacc;\"><strong>VS-150\/600<\/strong><\/span><\/a><\/h3>\n<p>[\/vc_column_text][\/vc_column][vc_column width=&#8221;1\/3&#8243;][vc_single_image image=&#8221;5381&#8243; img_size=&#8221;medium&#8221; alignment=&#8221;center&#8221; onclick=&#8221;custom_link&#8221; link=&#8221;\/sterylis-vs\/sterylis-vs-900\/&#8221;][vc_column_text css=&#8221;.vc_custom_1594368842672{margin-top: -40px !important;padding-bottom: 80px !important;}&#8221;]<\/p>\n<h3 style=\"text-align: center;\">STERYLIS <span style=\"color: #35dacc;\"><strong>VS-300\/900<\/strong><\/span><\/h3>\n<p>[\/vc_column_text][\/vc_column][\/vc_row][vc_row equal_height=&#8221;yes&#8221; content_placement=&#8221;bottom&#8221; disable_element=&#8221;yes&#8221;][vc_column width=&#8221;1\/3&#8243;][vc_single_image image=&#8221;5381&#8243; img_size=&#8221;medium&#8221; alignment=&#8221;center&#8221; onclick=&#8221;custom_link&#8221; link=&#8221;\/sterylis-vs\/sterylis-vs-1200\/&#8221;][vc_column_text css=&#8221;.vc_custom_1603449734205{margin-top: -40px !important;padding-bottom: 80px !important;}&#8221;]<\/p>\n<h3 style=\"text-align: center;\">STERYLIS <span style=\"color: #35dacc;\"><strong>VS-400\/1200<\/strong><\/span><\/h3>\n<p>[\/vc_column_text][\/vc_column][vc_column width=&#8221;1\/3&#8243;][vc_single_image image=&#8221;6080&#8243; img_size=&#8221;medium&#8221; alignment=&#8221;center&#8221; onclick=&#8221;custom_link&#8221; link=&#8221;\/sterylis-vs\/sterylis-vs-1500\/&#8221;][vc_column_text css=&#8221;.vc_custom_1594368860350{margin-top: -40px !important;padding-bottom: 80px !important;}&#8221;]<\/p>\n<h3 style=\"text-align: center;\"><a href=\"\/sterylis-vs\/sterylis-vs-1500\/\">STERYLIS <span style=\"color: #35dacc;\"><strong>VS-600\/1500<\/strong><\/span><\/a><\/h3>\n<p>[\/vc_column_text][\/vc_column][vc_column width=&#8221;1\/3&#8243;][vc_single_image image=&#8221;6080&#8243; img_size=&#8221;medium&#8221; alignment=&#8221;center&#8221; onclick=&#8221;custom_link&#8221; link=&#8221;\/sterylis-vs\/sterylis-vs-1800\/&#8221;][vc_column_text css=&#8221;.vc_custom_1594368869530{margin-top: -40px !important;padding-bottom: 80px !important;}&#8221;]<\/p>\n<h3 style=\"text-align: center;\"><a href=\"\/sterylis-vs\/sterylis-vs-600\/\">STERYLIS <span style=\"color: #35dacc;\"><strong>VS-800\/1800<\/strong><\/span><\/a><\/h3>\n<p>[\/vc_column_text][\/vc_column][\/vc_row][vc_row][vc_column][vc_basic_grid post_type=&#8221;ids&#8221; item=&#8221;6619&#8243; grid_id=&#8221;vc_gid:1618210494155-76be31df-2ed8-9&#8243; include=&#8221;5275, 5327, 5420, 5425, 5431&#8243;][\/vc_column][\/vc_row]<\/p>","protected":false},"excerpt":{"rendered":"<p>[vc_row equal_height=&#8221;yes&#8221; content_placement=&#8221;bottom&#8221; disable_element=&#8221;yes&#8221;][vc_column width=&#8221;1\/3&#8243;][vc_single_image image=&#8221;5276&#8243; img_size=&#8221;medium&#8221; alignment=&#8221;center&#8221; onclick=&#8221;custom_link&#8221; link=&#8221;\/sterylis-vs\/sterylis-vs-450\/&#8221;][vc_column_text css=&#8221;.vc_custom_1594301468389{margin-top: -40px !important;padding-bottom: 80px !important;}&#8221;] STERYLIS VS-100\/450 [\/vc_column_text][\/vc_column][vc_column width=&#8221;1\/3&#8243;][vc_single_image image=&#8221;5328&#8243; img_size=&#8221;medium&#8221; alignment=&#8221;center&#8221; onclick=&#8221;custom_link&#8221; link=&#8221;\/sterylis-vs\/sterylis-vs-600\/&#8221;][vc_column_text css=&#8221;.vc_custom_1594301482031{margin-top: -40px !important;padding-bottom: 80px !important;}&#8221;] STERYLIS VS-150\/600 [\/vc_column_text][\/vc_column][vc_column width=&#8221;1\/3&#8243;][vc_single_image image=&#8221;5381&#8243; img_size=&#8221;medium&#8221; alignment=&#8221;center&#8221; onclick=&#8221;custom_link&#8221; link=&#8221;\/sterylis-vs\/sterylis-vs-900\/&#8221;][vc_column_text css=&#8221;.vc_custom_1594368842672{margin-top: -40px [&hellip;]<\/p>\n","protected":false},"author":1,"featured_media":0,"parent":5258,"menu_order":0,"comment_status":"closed","ping_status":"closed","template":"","meta":[],"yoast_head":"\n<title>Sterylis VS - STERYLIS<\/title>\n<meta name=\"robots\" content=\"index, follow, max-snippet:-1, max-image-preview:large, max-video-preview:-1\" \/>\n<link rel=\"canonical\" href=\"https:\/\/www.sterylis.com\/produkty\/sterylis-vs\/\" \/>\n<meta property=\"og:locale\" content=\"cs_CZ\" \/>\n<meta property=\"og:type\" content=\"article\" \/>\n<meta property=\"og:title\" content=\"Sterylis VS - STERYLIS\" \/>\n<meta property=\"og:description\" content=\"[vc_row equal_height=&#8221;yes&#8221; content_placement=&#8221;bottom&#8221; disable_element=&#8221;yes&#8221;][vc_column width=&#8221;1\/3&#8243;][vc_single_image image=&#8221;5276&#8243; img_size=&#8221;medium&#8221; alignment=&#8221;center&#8221; onclick=&#8221;custom_link&#8221; link=&#8221;\/sterylis-vs\/sterylis-vs-450\/&#8221;][vc_column_text css=&#8221;.vc_custom_1594301468389{margin-top: -40px !important;padding-bottom: 80px !important;}&#8221;] STERYLIS VS-100\/450 [\/vc_column_text][\/vc_column][vc_column width=&#8221;1\/3&#8243;][vc_single_image image=&#8221;5328&#8243; img_size=&#8221;medium&#8221; alignment=&#8221;center&#8221; onclick=&#8221;custom_link&#8221; link=&#8221;\/sterylis-vs\/sterylis-vs-600\/&#8221;][vc_column_text css=&#8221;.vc_custom_1594301482031{margin-top: -40px !important;padding-bottom: 80px !important;}&#8221;] STERYLIS VS-150\/600 [\/vc_column_text][\/vc_column][vc_column width=&#8221;1\/3&#8243;][vc_single_image image=&#8221;5381&#8243; img_size=&#8221;medium&#8221; alignment=&#8221;center&#8221; onclick=&#8221;custom_link&#8221; link=&#8221;\/sterylis-vs\/sterylis-vs-900\/&#8221;][vc_column_text css=&#8221;.vc_custom_1594368842672{margin-top: -40px [&hellip;]\" \/>\n<meta property=\"og:url\" content=\"https:\/\/www.sterylis.com\/produkty\/sterylis-vs\/\" \/>\n<meta property=\"og:site_name\" content=\"STERYLIS\" \/>\n<meta property=\"article:publisher\" content=\"https:\/\/www.facebook.com\/sterylis\" \/>\n<meta property=\"article:modified_time\" content=\"2021-05-14T11:37:15+00:00\" \/>\n<meta name=\"twitter:card\" content=\"summary_large_image\" \/>\n<meta name=\"twitter:label1\" content=\"Napsal(a)\">\n\t<meta name=\"twitter:data1\" content=\"admin\">\n\t<meta name=\"twitter:label2\" content=\"Odhadovan\u00e1 doba \u010dten\u00ed\">\n\t<meta name=\"twitter:data2\" content=\"2 minuty\">\n","_links":{"self":[{"href":"https:\/\/www.sterylis.com\/cz\/wp-json\/wp\/v2\/pages\/5260"}],"collection":[{"href":"https:\/\/www.sterylis.com\/cz\/wp-json\/wp\/v2\/pages"}],"about":[{"href":"https:\/\/www.sterylis.com\/cz\/wp-json\/wp\/v2\/types\/page"}],"author":[{"embeddable":true,"href":"https:\/\/www.sterylis.com\/cz\/wp-json\/wp\/v2\/users\/1"}],"replies":[{"embeddable":true,"href":"https:\/\/www.sterylis.com\/cz\/wp-json\/wp\/v2\/comments?post=5260"}],"version-history":[{"count":44,"href":"https:\/\/www.sterylis.com\/cz\/wp-json\/wp\/v2\/pages\/5260\/revisions"}],"predecessor-version":[{"id":8150,"href":"https:\/\/www.sterylis.com\/cz\/wp-json\/wp\/v2\/pages\/5260\/revisions\/8150"}],"up":[{"embeddable":true,"href":"https:\/\/www.sterylis.com\/cz\/wp-json\/wp\/v2\/pages\/5258"}],"wp:attachment":[{"href":"https:\/\/www.sterylis.com\/cz\/wp-json\/wp\/v2\/media?parent=5260"}],"curies":[{"name":"wp","href":"https:\/\/api.w.org\/{rel}","templated":true}]}}