{"id":5265,"date":"2020-07-08T07:01:47","date_gmt":"2020-07-08T07:01:47","guid":{"rendered":"https:\/\/www.sterylis.igloo.pl\/?page_id=5265"},"modified":"2021-05-13T10:32:09","modified_gmt":"2021-05-13T10:32:09","slug":"sterylis-ultra","status":"publish","type":"page","link":"https:\/\/www.sterylis.com\/cz\/produkty\/sterylis-ultra\/","title":{"rendered":"Sterylis Ultra"},"content":{"rendered":"<p>[vc_row][vc_column][vc_basic_grid post_type=&#8221;ids&#8221; item=&#8221;6619&#8243; grid_id=&#8221;vc_gid:1618210902206-0f9bd45d-6063-9&#8243; include=&#8221;5534, 5548, 5550&#8243;][\/vc_column][\/vc_row]<\/p>","protected":false},"excerpt":{"rendered":"<p>[vc_row][vc_column][vc_basic_grid post_type=&#8221;ids&#8221; item=&#8221;6619&#8243; grid_id=&#8221;vc_gid:1618210902206-0f9bd45d-6063-9&#8243; include=&#8221;5534, 5548, 5550&#8243;][\/vc_column][\/vc_row]<\/p>\n","protected":false},"author":1,"featured_media":0,"parent":5258,"menu_order":0,"comment_status":"closed","ping_status":"closed","template":"","meta":[],"yoast_head":"\n<title>Sterylis Ultra - STERYLIS<\/title>\n<meta name=\"robots\" content=\"index, follow, max-snippet:-1, max-image-preview:large, max-video-preview:-1\" \/>\n<link rel=\"canonical\" href=\"https:\/\/www.sterylis.com\/produkty\/sterylis-ultra\/\" \/>\n<meta property=\"og:locale\" content=\"cs_CZ\" \/>\n<meta property=\"og:type\" content=\"article\" \/>\n<meta property=\"og:title\" content=\"Sterylis Ultra - STERYLIS\" \/>\n<meta property=\"og:description\" content=\"[vc_row][vc_column][vc_basic_grid post_type=&#8221;ids&#8221; item=&#8221;6619&#8243; grid_id=&#8221;vc_gid:1618210902206-0f9bd45d-6063-9&#8243; include=&#8221;5534, 5548, 5550&#8243;][\/vc_column][\/vc_row]\" \/>\n<meta property=\"og:url\" content=\"https:\/\/www.sterylis.com\/produkty\/sterylis-ultra\/\" \/>\n<meta property=\"og:site_name\" content=\"STERYLIS\" \/>\n<meta property=\"article:publisher\" content=\"https:\/\/www.facebook.com\/sterylis\" \/>\n<meta property=\"article:modified_time\" content=\"2021-05-13T10:32:09+00:00\" \/>\n<meta name=\"twitter:card\" content=\"summary_large_image\" \/>\n<meta name=\"twitter:label1\" content=\"Napsal(a)\">\n\t<meta name=\"twitter:data1\" content=\"admin\">\n\t<meta name=\"twitter:label2\" content=\"Odhadovan\u00e1 doba \u010dten\u00ed\">\n\t<meta name=\"twitter:data2\" content=\"1 minuta\">\n","_links":{"self":[{"href":"https:\/\/www.sterylis.com\/cz\/wp-json\/wp\/v2\/pages\/5265"}],"collection":[{"href":"https:\/\/www.sterylis.com\/cz\/wp-json\/wp\/v2\/pages"}],"about":[{"href":"https:\/\/www.sterylis.com\/cz\/wp-json\/wp\/v2\/types\/page"}],"author":[{"embeddable":true,"href":"https:\/\/www.sterylis.com\/cz\/wp-json\/wp\/v2\/users\/1"}],"replies":[{"embeddable":true,"href":"https:\/\/www.sterylis.com\/cz\/wp-json\/wp\/v2\/comments?post=5265"}],"version-history":[{"count":19,"href":"https:\/\/www.sterylis.com\/cz\/wp-json\/wp\/v2\/pages\/5265\/revisions"}],"predecessor-version":[{"id":8108,"href":"https:\/\/www.sterylis.com\/cz\/wp-json\/wp\/v2\/pages\/5265\/revisions\/8108"}],"up":[{"embeddable":true,"href":"https:\/\/www.sterylis.com\/cz\/wp-json\/wp\/v2\/pages\/5258"}],"wp:attachment":[{"href":"https:\/\/www.sterylis.com\/cz\/wp-json\/wp\/v2\/media?parent=5265"}],"curies":[{"name":"wp","href":"https:\/\/api.w.org\/{rel}","templated":true}]}}