{"id":5269,"date":"2020-07-08T07:15:53","date_gmt":"2020-07-08T07:15:53","guid":{"rendered":"https:\/\/www.sterylis.igloo.pl\/?page_id=5269"},"modified":"2020-07-28T06:32:52","modified_gmt":"2020-07-28T06:32:52","slug":"tryby-pracy","status":"publish","type":"page","link":"https:\/\/www.sterylis.com\/cz\/produkty\/sterylis-vs\/tryby-pracy\/","title":{"rendered":"(Polski) Tryby pracy"},"content":{"rendered":"<p class=\"qtranxs-available-languages-message qtranxs-available-languages-message-cz\">Przepraszamy, ten wpis dost\u0119pny jest wy\u0142\u0105cznie w j\u0119zykach: <a href=\"https:\/\/www.sterylis.com\/pl\/wp-json\/wp\/v2\/pages\/5269\" class=\"qtranxs-available-language-link qtranxs-available-language-link-pl\" title=\"Polski\">Pol\u0161tina<\/a>, <a href=\"https:\/\/www.sterylis.com\/en\/wp-json\/wp\/v2\/pages\/5269\" class=\"qtranxs-available-language-link qtranxs-available-language-link-en\" title=\"English\">Angli\u010dtina (Usa)<\/a> and <a href=\"https:\/\/www.sterylis.com\/de\/wp-json\/wp\/v2\/pages\/5269\" class=\"qtranxs-available-language-link qtranxs-available-language-link-de\" title=\"Deutsch\">N\u011bm\u010dina<\/a>.<\/p>","protected":false},"excerpt":{"rendered":"<p>Przepraszamy, ten wpis dost\u0119pny jest wy\u0142\u0105cznie w j\u0119zykach: Pol\u0161tina, Angli\u010dtina (Usa) and N\u011bm\u010dina.<\/p>\n","protected":false},"author":1,"featured_media":0,"parent":5260,"menu_order":0,"comment_status":"closed","ping_status":"closed","template":"","meta":[],"yoast_head":"\n<title><\/title>\n<meta name=\"robots\" content=\"index, follow, max-snippet:-1, max-image-preview:large, max-video-preview:-1\" \/>\n<link rel=\"canonical\" href=\"https:\/\/www.sterylis.com\/produkty\/sterylis-vs\/tryby-pracy\/\" \/>\n<meta property=\"og:locale\" content=\"cs_CZ\" \/>\n<meta property=\"og:type\" content=\"article\" \/>\n<meta property=\"og:title\" content=\"[:pl]Tryby pracy[:en]Work modes[:de]Arbeitsmodi[:] - STERYLIS\" \/>\n<meta property=\"og:description\" content=\"Przepraszamy, ten wpis dost\u0119pny jest wy\u0142\u0105cznie w j\u0119zykach: Pol\u0161tina, Angli\u010dtina (Usa) and N\u011bm\u010dina.\" \/>\n<meta property=\"og:url\" content=\"https:\/\/www.sterylis.com\/produkty\/sterylis-vs\/tryby-pracy\/\" \/>\n<meta property=\"og:site_name\" content=\"STERYLIS\" \/>\n<meta property=\"article:publisher\" content=\"https:\/\/www.facebook.com\/sterylis\" \/>\n<meta property=\"article:modified_time\" content=\"2020-07-28T06:32:52+00:00\" \/>\n<meta name=\"twitter:card\" content=\"summary_large_image\" \/>\n<meta name=\"twitter:label1\" content=\"Napsal(a)\">\n\t<meta name=\"twitter:data1\" content=\"admin\">\n\t<meta name=\"twitter:label2\" content=\"Odhadovan\u00e1 doba \u010dten\u00ed\">\n\t<meta name=\"twitter:data2\" content=\"7 minut\">\n","_links":{"self":[{"href":"https:\/\/www.sterylis.com\/cz\/wp-json\/wp\/v2\/pages\/5269"}],"collection":[{"href":"https:\/\/www.sterylis.com\/cz\/wp-json\/wp\/v2\/pages"}],"about":[{"href":"https:\/\/www.sterylis.com\/cz\/wp-json\/wp\/v2\/types\/page"}],"author":[{"embeddable":true,"href":"https:\/\/www.sterylis.com\/cz\/wp-json\/wp\/v2\/users\/1"}],"replies":[{"embeddable":true,"href":"https:\/\/www.sterylis.com\/cz\/wp-json\/wp\/v2\/comments?post=5269"}],"version-history":[{"count":10,"href":"https:\/\/www.sterylis.com\/cz\/wp-json\/wp\/v2\/pages\/5269\/revisions"}],"predecessor-version":[{"id":5835,"href":"https:\/\/www.sterylis.com\/cz\/wp-json\/wp\/v2\/pages\/5269\/revisions\/5835"}],"up":[{"embeddable":true,"href":"https:\/\/www.sterylis.com\/cz\/wp-json\/wp\/v2\/pages\/5260"}],"wp:attachment":[{"href":"https:\/\/www.sterylis.com\/cz\/wp-json\/wp\/v2\/media?parent=5269"}],"curies":[{"name":"wp","href":"https:\/\/api.w.org\/{rel}","templated":true}]}}