{"id":5275,"date":"2020-07-08T08:38:04","date_gmt":"2020-07-08T08:38:04","guid":{"rendered":"https:\/\/www.sterylis.igloo.pl\/?page_id=5275"},"modified":"2022-03-10T09:21:17","modified_gmt":"2022-03-10T09:21:17","slug":"sterylis-vs-450","status":"publish","type":"page","link":"https:\/\/www.sterylis.com\/cz\/produkty\/sterylis-vs\/sterylis-vs-100-450\/","title":{"rendered":"Sterylis VS-100\/450"},"content":{"rendered":"<p>[vc_section][vc_row][vc_column width=&#8221;1\/2&#8243;][vc_row_inner][vc_column_inner width=&#8221;1\/2&#8243;][vc_column_text]<\/p>\n<h1>450 m<sup>3<\/sup><\/h1>\n<p>[\/vc_column_text][\/vc_column_inner][vc_column_inner width=&#8221;1\/2&#8243;][vc_column_text]Doporu\u010dovan\u00fd OBJEM<br \/>\nsterilizovan\u00e9 m\u00edstnosti<br \/>\n(pro dosa\u017een\u00ed 5 ppm O<sub>3<\/sub>)[\/vc_column_text][\/vc_column_inner][\/vc_row_inner][vc_row_inner css=&#8221;.vc_custom_1594197585429{padding-top: 60px !important;}&#8221;][vc_column_inner width=&#8221;1\/2&#8243;][vc_column_text]<\/p>\n<h2>PRACOVN\u00cd RE\u017dIM:<\/h2>\n<p>[\/vc_column_text][\/vc_column_inner][vc_column_inner width=&#8221;1\/2&#8243;][\/vc_column_inner][\/vc_row_inner][vc_row_inner][vc_column_inner width=&#8221;1\/2&#8243;][vc_column_text]<\/p>\n<h5><img loading=\"lazy\" class=\"wp-image-4854 alignleft\" role=\"img\" src=\"https:\/\/www.sterylis.com\/wp-content\/uploads\/2020\/04\/icona_02.svg\" alt=\"Sterylis VS-100\/450\" width=\"80\" height=\"66\" \/><br \/>\nFiltrace<\/h5>\n<p>[\/vc_column_text][\/vc_column_inner][vc_column_inner width=&#8221;1\/2&#8243;][vc_column_text]<\/p>\n<h5><img loading=\"lazy\" class=\"wp-image-4856 alignleft\" role=\"img\" src=\"https:\/\/www.sterylis.com\/wp-content\/uploads\/2020\/04\/icona_04.svg\" alt=\"Sterylis VS-100\/450\" width=\"80\" height=\"78\" \/><br \/>\nUV-C dezinfekce<\/h5>\n<p>[\/vc_column_text][\/vc_column_inner][\/vc_row_inner][vc_row_inner css=&#8221;.vc_custom_1594302952108{padding-bottom: 40px !important;}&#8221;][vc_column_inner width=&#8221;1\/2&#8243;][vc_column_text]<img loading=\"lazy\" class=\"wp-image-4777 alignleft\" role=\"img\" src=\"https:\/\/www.sterylis.com\/wp-content\/uploads\/2020\/04\/icosec_sterylizator_pomieszczen.svg\" alt=\"STERYLIZATOR POMIESZCZE\u0143 VS\" width=\"80\" height=\"80\" srcset=\"https:\/\/www.sterylis.com\/wp-content\/uploads\/\/2020\/04\/icosec_sterylizator_pomieszczen.svg 500w, https:\/\/www.sterylis.com\/wp-content\/uploads\/\/2020\/04\/icosec_sterylizator_pomieszczen.svg 100w, https:\/\/www.sterylis.com\/wp-content\/uploads\/\/2020\/04\/icosec_sterylizator_pomieszczen.svg 150w, https:\/\/www.sterylis.com\/wp-content\/uploads\/\/2020\/04\/icosec_sterylizator_pomieszczen.svg 300w, https:\/\/www.sterylis.com\/wp-content\/uploads\/\/2020\/04\/icosec_sterylizator_pomieszczen.svg 1024w, https:\/\/www.sterylis.com\/wp-content\/uploads\/\/2020\/04\/icosec_sterylizator_pomieszczen.svg 1536w, https:\/\/www.sterylis.com\/wp-content\/uploads\/\/2020\/04\/icosec_sterylizator_pomieszczen.svg 550w, https:\/\/www.sterylis.com\/wp-content\/uploads\/\/2020\/04\/icosec_sterylizator_pomieszczen.svg 1100w, https:\/\/www.sterylis.com\/wp-content\/uploads\/\/2020\/04\/icosec_sterylizator_pomieszczen.svg 42w\" sizes=\"(max-width: 80px) 100vw, 80px\" \/><\/p>\n<h5>Dezinfekce<br \/>\nUV-C \u2013 tich\u00fd re\u017eim<\/h5>\n<p>[\/vc_column_text][\/vc_column_inner][vc_column_inner width=&#8221;1\/2&#8243;][vc_column_text]<img loading=\"lazy\" class=\"wp-image-4778 alignleft\" role=\"img\" src=\"https:\/\/www.sterylis.com\/wp-content\/uploads\/2020\/04\/icosec_generator_ozonu.svg\" alt=\"GENERATOR OZONU\" width=\"80\" height=\"79\" srcset=\"https:\/\/www.sterylis.com\/wp-content\/uploads\/\/2020\/04\/icosec_generator_ozonu.svg 500w, https:\/\/www.sterylis.com\/wp-content\/uploads\/\/2020\/04\/icosec_generator_ozonu.svg 100w, https:\/\/www.sterylis.com\/wp-content\/uploads\/\/2020\/04\/icosec_generator_ozonu.svg 150w, https:\/\/www.sterylis.com\/wp-content\/uploads\/\/2020\/04\/icosec_generator_ozonu.svg 300w, https:\/\/www.sterylis.com\/wp-content\/uploads\/\/2020\/04\/icosec_generator_ozonu.svg 1024w, https:\/\/www.sterylis.com\/wp-content\/uploads\/\/2020\/04\/icosec_generator_ozonu.svg 1536w, https:\/\/www.sterylis.com\/wp-content\/uploads\/\/2020\/04\/icosec_generator_ozonu.svg 550w, https:\/\/www.sterylis.com\/wp-content\/uploads\/\/2020\/04\/icosec_generator_ozonu.svg 1100w, https:\/\/www.sterylis.com\/wp-content\/uploads\/\/2020\/04\/icosec_generator_ozonu.svg 42w\" sizes=\"(max-width: 80px) 100vw, 80px\" \/><\/p>\n<h5>Sterilizace<br \/>\nO<sub>3<\/sub> + UV-C (Auto)<\/h5>\n<p>[\/vc_column_text][\/vc_column_inner][\/vc_row_inner][vc_row_inner css=&#8221;.vc_custom_1594287895897{padding-top: 40px !important;}&#8221;][vc_column_inner width=&#8221;1\/2&#8243; css=&#8221;.vc_custom_1594302958378{padding-bottom: 30px !important;}&#8221; offset=&#8221;vc_col-xs-12&#8243;]<a itemprop=\"url\" href=\"\/files\/data_sheets\/karta%20katalogowa%20sterylis%20VS-100_450_CZ.pdf\" target=\"_blank\"  class=\"eltdf-btn eltdf-btn-medium eltdf-btn-solid eltdf-btn-icon\"  >\n    <span class=\"eltdf-btn-text\">Katalogov\u00e1 karta<\/span>\n    <i class=\"eltdf-icon-font-awesome fa fa-file \" ><\/i>    <\/a>[\/vc_column_inner][vc_column_inner width=&#8221;1\/2&#8243; css=&#8221;.vc_custom_1594302927724{padding-bottom: 30px !important;}&#8221;]<a itemprop=\"url\" href=\"\/files\/user_manuals\/Instrukcja%20obs\u0142ugi%20STERYLIS%20VS%20CZ.pdf\" target=\"_self\"  class=\"eltdf-btn eltdf-btn-medium eltdf-btn-solid eltdf-btn-icon\"  >\n    <span class=\"eltdf-btn-text\">N\u00e1vod k obsluze<\/span>\n    <i class=\"eltdf-icon-font-awesome fa fa-file-text \" ><\/i>    <\/a>[\/vc_column_inner][\/vc_row_inner][\/vc_column][vc_column width=&#8221;1\/2&#8243; css=&#8221;.vc_custom_1603791607674{padding-right: 120px !important;padding-left: 120px !important;}&#8221;]<div class=\"eltdf-single-image-holder   \">\n    <div class=\"eltdf-si-inner\" >\n                                    <img width=\"427\" height=\"741\" src=\"https:\/\/www.sterylis.com\/wp-content\/uploads\/2020\/10\/Sterylis_VS-450_cut_persp-1.png\" class=\"attachment-full size-full\" alt=\"Sterylis VS-100\/450\" loading=\"lazy\" srcset=\"https:\/\/www.sterylis.com\/wp-content\/uploads\/2020\/10\/Sterylis_VS-450_cut_persp-1.png 427w, https:\/\/www.sterylis.com\/wp-content\/uploads\/2020\/10\/Sterylis_VS-450_cut_persp-1-173x300.png 173w\" sizes=\"(max-width: 427px) 100vw, 427px\" title=\"Sterylis VS-100\/450\" \/>                        <\/div>\n<\/div>[\/vc_column][\/vc_row][vc_row][vc_column][vc_empty_space][vc_column_text css=&#8221;.vc_custom_1617020014901{padding-bottom: 30px !important;}&#8221;]<strong>STERYLIS VS<\/strong> je \u0159ada za\u0159\u00edzen\u00ed s gener\u00e1torem ozonu se zv\u00fd\u0161en\u00fdm v\u00fdkonem, kter\u00e1 nav\u00edc vyu\u017e\u00edv\u00e1 p\u0159i dezinfekci technologii UV-C i dvoustup\u0148ovou filtraci vzduchu.<\/p>\n<p>Funkce za\u0159\u00edzen\u00ed:<\/p>\n<ul>\n<li>Sterilizace m\u00edstnost\u00ed pomoc\u00ed gener\u00e1toru ozonus vy\u0161\u0161\u00ed \u00fa\u010dinnost\u00ed<\/li>\n<li>Deozonace<\/li>\n<li>Dezinfekce pomoc\u00ed technologie UV-C<\/li>\n<li>2stup\u0148ov\u00e1 filtrace vzduchu<\/li>\n<li>Automatick\u00e9 ovl\u00e1d\u00e1n\u00ed d\u00edky pokro\u010dil\u00e9mu ovlada\u010di vyroben\u00e9mu spole\u010dnost\u00ed MILOO-ELECTRONICS<\/li>\n<li>N\u00edzk\u00e1 hladina hluku<\/li>\n<li>Jednoduch\u00e9 pou\u017e\u00edv\u00e1n\u00ed<\/li>\n<li>Kompaktn\u00ed konstrukce<\/li>\n<li>Mobilita<\/li>\n<li>Mo\u017enost nastaven\u00ed, p\u0159izp\u016fsoben\u00ed individu\u00e1ln\u00edm po\u017eadavk\u016fm z\u00e1kazn\u00edka<\/li>\n<\/ul>\n<p>[\/vc_column_text]<div class=\"eltdf-single-image-holder   \">\n    <div class=\"eltdf-si-inner\" >\n                                    <img width=\"815\" height=\"518\" src=\"https:\/\/www.sterylis.com\/wp-content\/uploads\/2021\/01\/Sterylis_VS-100-450-rys_tech.png\" class=\"attachment-full size-full\" alt=\"Sterylis VS-100\/450\" loading=\"lazy\" srcset=\"https:\/\/www.sterylis.com\/wp-content\/uploads\/2021\/01\/Sterylis_VS-100-450-rys_tech.png 815w, https:\/\/www.sterylis.com\/wp-content\/uploads\/2021\/01\/Sterylis_VS-100-450-rys_tech-300x191.png 300w, https:\/\/www.sterylis.com\/wp-content\/uploads\/2021\/01\/Sterylis_VS-100-450-rys_tech-768x488.png 768w, https:\/\/www.sterylis.com\/wp-content\/uploads\/2021\/01\/Sterylis_VS-100-450-rys_tech-800x508.png 800w\" sizes=\"(max-width: 815px) 100vw, 815px\" title=\"Sterylis VS-100\/450\" \/>                        <\/div>\n<\/div>[vc_empty_space height=&#8221;80px&#8221;][\/vc_column][\/vc_row][\/vc_section]<\/p>","protected":false},"excerpt":{"rendered":"<p>[vc_section][vc_row][vc_column width=&#8221;1\/2&#8243;][vc_row_inner][vc_column_inner width=&#8221;1\/2&#8243;][vc_column_text] 450 m3 [\/vc_column_text][\/vc_column_inner][vc_column_inner width=&#8221;1\/2&#8243;][vc_column_text]Doporu\u010dovan\u00fd OBJEM sterilizovan\u00e9 m\u00edstnosti (pro dosa\u017een\u00ed 5 ppm O3)[\/vc_column_text][\/vc_column_inner][\/vc_row_inner][vc_row_inner css=&#8221;.vc_custom_1594197585429{padding-top: 60px !important;}&#8221;][vc_column_inner width=&#8221;1\/2&#8243;][vc_column_text] PRACOVN\u00cd RE\u017dIM: [\/vc_column_text][\/vc_column_inner][vc_column_inner width=&#8221;1\/2&#8243;][\/vc_column_inner][\/vc_row_inner][vc_row_inner][vc_column_inner width=&#8221;1\/2&#8243;][vc_column_text] Filtrace [\/vc_column_text][\/vc_column_inner][vc_column_inner width=&#8221;1\/2&#8243;][vc_column_text] UV-C dezinfekce [\/vc_column_text][\/vc_column_inner][\/vc_row_inner][vc_row_inner css=&#8221;.vc_custom_1594302952108{padding-bottom: 40px !important;}&#8221;][vc_column_inner width=&#8221;1\/2&#8243;][vc_column_text] Dezinfekce UV-C \u2013 tich\u00fd re\u017eim [\/vc_column_text][\/vc_column_inner][vc_column_inner [&hellip;]<\/p>\n","protected":false},"author":1,"featured_media":6597,"parent":5260,"menu_order":0,"comment_status":"closed","ping_status":"closed","template":"","meta":[],"yoast_head":"\n<title>Sterylis VS-100\/450 - STERYLIS<\/title>\n<meta name=\"robots\" content=\"index, follow, max-snippet:-1, max-image-preview:large, max-video-preview:-1\" \/>\n<link rel=\"canonical\" href=\"https:\/\/www.sterylis.com\/produkty\/sterylis-vs\/sterylis-vs-100-450\/\" \/>\n<meta property=\"og:locale\" content=\"cs_CZ\" \/>\n<meta property=\"og:type\" content=\"article\" \/>\n<meta property=\"og:title\" content=\"Sterylis VS-100\/450 - STERYLIS\" \/>\n<meta property=\"og:description\" content=\"[vc_section][vc_row][vc_column width=&#8221;1\/2&#8243;][vc_row_inner][vc_column_inner width=&#8221;1\/2&#8243;][vc_column_text] 450 m3 [\/vc_column_text][\/vc_column_inner][vc_column_inner width=&#8221;1\/2&#8243;][vc_column_text]Doporu\u010dovan\u00fd OBJEM sterilizovan\u00e9 m\u00edstnosti (pro dosa\u017een\u00ed 5 ppm O3)[\/vc_column_text][\/vc_column_inner][\/vc_row_inner][vc_row_inner css=&#8221;.vc_custom_1594197585429{padding-top: 60px !important;}&#8221;][vc_column_inner width=&#8221;1\/2&#8243;][vc_column_text] PRACOVN\u00cd RE\u017dIM: [\/vc_column_text][\/vc_column_inner][vc_column_inner width=&#8221;1\/2&#8243;][\/vc_column_inner][\/vc_row_inner][vc_row_inner][vc_column_inner width=&#8221;1\/2&#8243;][vc_column_text] Filtrace [\/vc_column_text][\/vc_column_inner][vc_column_inner width=&#8221;1\/2&#8243;][vc_column_text] UV-C dezinfekce [\/vc_column_text][\/vc_column_inner][\/vc_row_inner][vc_row_inner css=&#8221;.vc_custom_1594302952108{padding-bottom: 40px !important;}&#8221;][vc_column_inner width=&#8221;1\/2&#8243;][vc_column_text] Dezinfekce UV-C \u2013 tich\u00fd re\u017eim [\/vc_column_text][\/vc_column_inner][vc_column_inner [&hellip;]\" \/>\n<meta property=\"og:url\" content=\"https:\/\/www.sterylis.com\/produkty\/sterylis-vs\/sterylis-vs-100-450\/\" \/>\n<meta property=\"og:site_name\" content=\"STERYLIS\" \/>\n<meta property=\"article:publisher\" content=\"https:\/\/www.facebook.com\/sterylis\" \/>\n<meta property=\"article:modified_time\" content=\"2022-03-10T09:21:17+00:00\" \/>\n<meta property=\"og:image\" content=\"https:\/\/www.sterylis.com\/wp-content\/uploads\/2020\/10\/Sterylis_VS-450_cut_persp-1.png\" \/>\n\t<meta property=\"og:image:width\" content=\"427\" \/>\n\t<meta property=\"og:image:height\" content=\"741\" \/>\n<meta name=\"twitter:card\" content=\"summary_large_image\" \/>\n<meta name=\"twitter:label1\" content=\"Napsal(a)\">\n\t<meta name=\"twitter:data1\" content=\"admin\">\n\t<meta name=\"twitter:label2\" content=\"Odhadovan\u00e1 doba \u010dten\u00ed\">\n\t<meta name=\"twitter:data2\" content=\"8 minut\">\n","_links":{"self":[{"href":"https:\/\/www.sterylis.com\/cz\/wp-json\/wp\/v2\/pages\/5275"}],"collection":[{"href":"https:\/\/www.sterylis.com\/cz\/wp-json\/wp\/v2\/pages"}],"about":[{"href":"https:\/\/www.sterylis.com\/cz\/wp-json\/wp\/v2\/types\/page"}],"author":[{"embeddable":true,"href":"https:\/\/www.sterylis.com\/cz\/wp-json\/wp\/v2\/users\/1"}],"replies":[{"embeddable":true,"href":"https:\/\/www.sterylis.com\/cz\/wp-json\/wp\/v2\/comments?post=5275"}],"version-history":[{"count":94,"href":"https:\/\/www.sterylis.com\/cz\/wp-json\/wp\/v2\/pages\/5275\/revisions"}],"predecessor-version":[{"id":9157,"href":"https:\/\/www.sterylis.com\/cz\/wp-json\/wp\/v2\/pages\/5275\/revisions\/9157"}],"up":[{"embeddable":true,"href":"https:\/\/www.sterylis.com\/cz\/wp-json\/wp\/v2\/pages\/5260"}],"wp:featuredmedia":[{"embeddable":true,"href":"https:\/\/www.sterylis.com\/cz\/wp-json\/wp\/v2\/media\/6597"}],"wp:attachment":[{"href":"https:\/\/www.sterylis.com\/cz\/wp-json\/wp\/v2\/media?parent=5275"}],"curies":[{"name":"wp","href":"https:\/\/api.w.org\/{rel}","templated":true}]}}