{"id":5320,"date":"2020-07-09T10:18:09","date_gmt":"2020-07-09T10:18:09","guid":{"rendered":"https:\/\/www.sterylis.igloo.pl\/?page_id=5320"},"modified":"2021-03-08T07:54:38","modified_gmt":"2021-03-08T07:54:38","slug":"szkolenia","status":"publish","type":"page","link":"https:\/\/www.sterylis.com\/cz\/szkolenia\/","title":{"rendered":"\u0160kolen\u00ed"},"content":{"rendered":"<p>[vc_row css=&#8221;.vc_custom_1595836354293{padding-top: 30px !important;padding-bottom: 100px !important;}&#8221;][vc_column width=&#8221;1\/2&#8243;][vc_column_text css=&#8221;.vc_custom_1604408600850{padding-bottom: 60px !important;}&#8221;]V r\u00e1mci aktivit roz\u0161i\u0159uj\u00edc\u00edch znalosti o v\u00fdrobc\u00edch a slu\u017eb\u00e1ch nab\u00edzen\u00fdch firmou MILOO-ELECTRONICS Sp. z o. o. po\u0159\u00e1d\u00e1me pravideln\u00e1 \u0161kolen\u00ed pro na\u0161e z\u00e1kazn\u00edky.[\/vc_column_text]<a itemprop=\"url\" href=\"\/szkolenia\/szkolenia-tradycyjne\/\" target=\"_self\"  class=\"eltdf-btn eltdf-btn-medium eltdf-btn-solid\"  >\n    <span class=\"eltdf-btn-text\">\u0160kolen\u00ed<\/span>\n        <\/a>[\/vc_column][\/vc_row]<\/p>","protected":false},"excerpt":{"rendered":"<p>[vc_row css=&#8221;.vc_custom_1595836354293{padding-top: 30px !important;padding-bottom: 100px !important;}&#8221;][vc_column width=&#8221;1\/2&#8243;][vc_column_text css=&#8221;.vc_custom_1604408600850{padding-bottom: 60px !important;}&#8221;]V r\u00e1mci aktivit roz\u0161i\u0159uj\u00edc\u00edch znalosti o v\u00fdrobc\u00edch a slu\u017eb\u00e1ch nab\u00edzen\u00fdch firmou MILOO-ELECTRONICS Sp. z o. o. po\u0159\u00e1d\u00e1me pravideln\u00e1 \u0161kolen\u00ed pro na\u0161e z\u00e1kazn\u00edky.[\/vc_column_text][\/vc_column][\/vc_row]<\/p>\n","protected":false},"author":1,"featured_media":0,"parent":0,"menu_order":0,"comment_status":"closed","ping_status":"closed","template":"","meta":[],"yoast_head":"\n<title>\u0160kolen\u00ed - STERYLIS<\/title>\n<meta name=\"robots\" content=\"index, follow, max-snippet:-1, max-image-preview:large, max-video-preview:-1\" \/>\n<link rel=\"canonical\" href=\"https:\/\/www.sterylis.com\/szkolenia\/\" \/>\n<meta property=\"og:locale\" content=\"cs_CZ\" \/>\n<meta property=\"og:type\" content=\"article\" \/>\n<meta property=\"og:title\" content=\"[:pl]Szkolenia[:en]Szkolenia[:de]Szkolenia[:cz]\u0160kolen\u00ed[:] - STERYLIS\" \/>\n<meta property=\"og:description\" content=\"[vc_row css=&#8221;.vc_custom_1595836354293{padding-top: 30px !important;padding-bottom: 100px !important;}&#8221;][vc_column width=&#8221;1\/2&#8243;][vc_column_text css=&#8221;.vc_custom_1604408600850{padding-bottom: 60px !important;}&#8221;]V r\u00e1mci aktivit roz\u0161i\u0159uj\u00edc\u00edch znalosti o v\u00fdrobc\u00edch a slu\u017eb\u00e1ch nab\u00edzen\u00fdch firmou MILOO-ELECTRONICS Sp. z o. o. po\u0159\u00e1d\u00e1me pravideln\u00e1 \u0161kolen\u00ed pro na\u0161e z\u00e1kazn\u00edky.[\/vc_column_text][\/vc_column][\/vc_row]\" \/>\n<meta property=\"og:url\" content=\"https:\/\/www.sterylis.com\/szkolenia\/\" \/>\n<meta property=\"og:site_name\" content=\"STERYLIS\" \/>\n<meta property=\"article:publisher\" content=\"https:\/\/www.facebook.com\/sterylis\" \/>\n<meta property=\"article:modified_time\" content=\"2021-03-08T07:54:38+00:00\" \/>\n<meta name=\"twitter:card\" content=\"summary_large_image\" \/>\n<meta name=\"twitter:label1\" content=\"Napsal(a)\">\n\t<meta name=\"twitter:data1\" content=\"admin\">\n\t<meta name=\"twitter:label2\" content=\"Odhadovan\u00e1 doba \u010dten\u00ed\">\n\t<meta name=\"twitter:data2\" content=\"1 minuta\">\n","_links":{"self":[{"href":"https:\/\/www.sterylis.com\/cz\/wp-json\/wp\/v2\/pages\/5320"}],"collection":[{"href":"https:\/\/www.sterylis.com\/cz\/wp-json\/wp\/v2\/pages"}],"about":[{"href":"https:\/\/www.sterylis.com\/cz\/wp-json\/wp\/v2\/types\/page"}],"author":[{"embeddable":true,"href":"https:\/\/www.sterylis.com\/cz\/wp-json\/wp\/v2\/users\/1"}],"replies":[{"embeddable":true,"href":"https:\/\/www.sterylis.com\/cz\/wp-json\/wp\/v2\/comments?post=5320"}],"version-history":[{"count":8,"href":"https:\/\/www.sterylis.com\/cz\/wp-json\/wp\/v2\/pages\/5320\/revisions"}],"predecessor-version":[{"id":7708,"href":"https:\/\/www.sterylis.com\/cz\/wp-json\/wp\/v2\/pages\/5320\/revisions\/7708"}],"wp:attachment":[{"href":"https:\/\/www.sterylis.com\/cz\/wp-json\/wp\/v2\/media?parent=5320"}],"curies":[{"name":"wp","href":"https:\/\/api.w.org\/{rel}","templated":true}]}}