{"id":5322,"date":"2020-07-09T10:18:36","date_gmt":"2020-07-09T10:18:36","guid":{"rendered":"https:\/\/www.sterylis.igloo.pl\/?page_id=5322"},"modified":"2024-09-04T11:45:13","modified_gmt":"2024-09-04T11:45:13","slug":"szkolenia","status":"publish","type":"page","link":"https:\/\/www.sterylis.com\/cz\/szkolenia\/skoleni\/","title":{"rendered":"\u0160kolen\u00ed"},"content":{"rendered":"<p>[vc_row full_width=&#8221;stretch_row&#8221; css=&#8221;.vc_custom_1594361934103{margin-bottom: 0px !important;padding-bottom: 80px !important;}&#8221;][vc_column width=&#8221;1\/2&#8243;][vc_column_text]V r\u00e1mci aktivit roz\u0161i\u0159uj\u00edc\u00edch znalosti o v\u00fdrobc\u00edch a slu\u017eb\u00e1ch nab\u00edzen\u00fdch firmou MILOO-ELECTRONICS Sp. z o. o. po\u0159\u00e1d\u00e1me pravideln\u00e1 \u0161kolen\u00ed pro na\u0161e z\u00e1kazn\u00edky.<\/p>\n<p>Po mnoho let poskytuje odd\u011blen\u00ed \u0161kolen\u00ed \u0161irok\u00e9 spektrum slu\u017eeb, kdy\u017e vede \u0161kolen\u00ed jak tradi\u010dn\u00ed formou (prezentace, semin\u00e1\u0159e, workshopy nebo konference), tak online (webin\u00e1\u0159e, online kurzy).[\/vc_column_text][\/vc_column][vc_column width=&#8221;1\/2&#8243;][vc_column_text]V p\u0159\u00edpad\u011b z\u00e1jmu n\u00e1s, pros\u00edm, kontaktujte.<\/p>\n<p>Marian Derka \u2013 \u0158editel \u0161kolen\u00ed<\/p>\n<p>M. +420 770 142 890<\/p>\n<p>e-mail: <a href=\"mailto:bartkova.jitka@sterylis.cz\">bartkova.jitka@sterylis.cz<\/a><br \/>\n[\/vc_column_text][\/vc_column][\/vc_row]<\/p>","protected":false},"excerpt":{"rendered":"<p>[vc_row full_width=&#8221;stretch_row&#8221; css=&#8221;.vc_custom_1594361934103{margin-bottom: 0px !important;padding-bottom: 80px !important;}&#8221;][vc_column width=&#8221;1\/2&#8243;][vc_column_text]V r\u00e1mci aktivit roz\u0161i\u0159uj\u00edc\u00edch znalosti o v\u00fdrobc\u00edch a slu\u017eb\u00e1ch nab\u00edzen\u00fdch firmou MILOO-ELECTRONICS Sp. z o. o. po\u0159\u00e1d\u00e1me pravideln\u00e1 \u0161kolen\u00ed pro na\u0161e z\u00e1kazn\u00edky. Po mnoho let poskytuje odd\u011blen\u00ed \u0161kolen\u00ed \u0161irok\u00e9 spektrum slu\u017eeb, kdy\u017e vede [&hellip;]<\/p>\n","protected":false},"author":1,"featured_media":0,"parent":5320,"menu_order":0,"comment_status":"closed","ping_status":"closed","template":"","meta":[],"yoast_head":"\n<title>\u0160kolen\u00ed - STERYLIS<\/title>\n<meta name=\"robots\" content=\"index, follow, max-snippet:-1, max-image-preview:large, max-video-preview:-1\" \/>\n<link rel=\"canonical\" href=\"https:\/\/www.sterylis.com\/szkolenia\/szkolenia-2\/\" \/>\n<meta property=\"og:locale\" content=\"cs_CZ\" \/>\n<meta property=\"og:type\" content=\"article\" \/>\n<meta property=\"og:title\" content=\"[:pl]Szkolenia[:en]Szkolenia tradycyjne[:de]Szkolenia tradycyjne[:cz]\u0160kolen\u00ed[:] - STERYLIS\" \/>\n<meta property=\"og:description\" content=\"[vc_row full_width=&#8221;stretch_row&#8221; css=&#8221;.vc_custom_1594361934103{margin-bottom: 0px !important;padding-bottom: 80px !important;}&#8221;][vc_column width=&#8221;1\/2&#8243;][vc_column_text]V r\u00e1mci aktivit roz\u0161i\u0159uj\u00edc\u00edch znalosti o v\u00fdrobc\u00edch a slu\u017eb\u00e1ch nab\u00edzen\u00fdch firmou MILOO-ELECTRONICS Sp. z o. o. po\u0159\u00e1d\u00e1me pravideln\u00e1 \u0161kolen\u00ed pro na\u0161e z\u00e1kazn\u00edky. Po mnoho let poskytuje odd\u011blen\u00ed \u0161kolen\u00ed \u0161irok\u00e9 spektrum slu\u017eeb, kdy\u017e vede [&hellip;]\" \/>\n<meta property=\"og:url\" content=\"https:\/\/www.sterylis.com\/szkolenia\/szkolenia-2\/\" \/>\n<meta property=\"og:site_name\" content=\"STERYLIS\" \/>\n<meta property=\"article:publisher\" content=\"https:\/\/www.facebook.com\/sterylis\" \/>\n<meta property=\"article:modified_time\" content=\"2024-09-04T11:45:13+00:00\" \/>\n<meta property=\"og:image\" content=\"https:\/\/www.sterylis.com\/wp-content\/uploads\/2020\/07\/brand_prozon.png\" \/>\n<meta name=\"twitter:card\" content=\"summary_large_image\" \/>\n<meta name=\"twitter:label1\" content=\"Napsal(a)\">\n\t<meta name=\"twitter:data1\" content=\"admin\">\n\t<meta name=\"twitter:label2\" content=\"Odhadovan\u00e1 doba \u010dten\u00ed\">\n\t<meta name=\"twitter:data2\" content=\"1 minuta\">\n","_links":{"self":[{"href":"https:\/\/www.sterylis.com\/cz\/wp-json\/wp\/v2\/pages\/5322"}],"collection":[{"href":"https:\/\/www.sterylis.com\/cz\/wp-json\/wp\/v2\/pages"}],"about":[{"href":"https:\/\/www.sterylis.com\/cz\/wp-json\/wp\/v2\/types\/page"}],"author":[{"embeddable":true,"href":"https:\/\/www.sterylis.com\/cz\/wp-json\/wp\/v2\/users\/1"}],"replies":[{"embeddable":true,"href":"https:\/\/www.sterylis.com\/cz\/wp-json\/wp\/v2\/comments?post=5322"}],"version-history":[{"count":19,"href":"https:\/\/www.sterylis.com\/cz\/wp-json\/wp\/v2\/pages\/5322\/revisions"}],"predecessor-version":[{"id":9198,"href":"https:\/\/www.sterylis.com\/cz\/wp-json\/wp\/v2\/pages\/5322\/revisions\/9198"}],"up":[{"embeddable":true,"href":"https:\/\/www.sterylis.com\/cz\/wp-json\/wp\/v2\/pages\/5320"}],"wp:attachment":[{"href":"https:\/\/www.sterylis.com\/cz\/wp-json\/wp\/v2\/media?parent=5322"}],"curies":[{"name":"wp","href":"https:\/\/api.w.org\/{rel}","templated":true}]}}