{"id":5324,"date":"2020-07-09T10:21:57","date_gmt":"2020-07-09T10:21:57","guid":{"rendered":"https:\/\/www.sterylis.igloo.pl\/?page_id=5324"},"modified":"2021-12-16T14:40:23","modified_gmt":"2021-12-16T14:40:23","slug":"do-pobrania","status":"publish","type":"page","link":"https:\/\/www.sterylis.com\/cz\/ke-stazeni\/","title":{"rendered":"Ke sta\u017een\u00ed"},"content":{"rendered":"<p>[vc_row css=&#8221;.vc_custom_1600772603507{padding-bottom: 100px !important;}&#8221;][vc_column width=&#8221;1\/4&#8243;]<div class=\"eltdf-iwt clearfix  eltdf-iwt-icon-top eltdf-iwt-icon-medium eltdf-iwt-with-link\">\n\t<div class=\"eltdf-iwt-icon\">\n\t\t\t\t\t<a itemprop=\"url\" href=\"\/files\/declaration\/STERYLIS%20LIGHT%20AIR_DEKLARACJA_ZGODNO%C5%9ACI_UE_ENG.pdf\" target=\"_self\">\n\t\t\t\t\t\t\t\t\t<img src=\"https:\/\/www.sterylis.com\/wp-content\/uploads\/2020\/07\/i_dek_ico_0dekla.svg\" class=\"attachment-full size-full\" alt=\"Ke sta\u017een\u00ed\" loading=\"lazy\" height=\"200\" width=\"200\" title=\"Ke sta\u017een\u00ed\" \/>\t\t\t\t\t\t\t\t<\/a>\n\t\t\t<\/div>\n\t<div class=\"eltdf-iwt-content\" >\n\t\t\t\t\t<h3 class=\"eltdf-iwt-title\" >\n\t\t\t\t\t\t\t\t\t<a itemprop=\"url\" href=\"\/files\/declaration\/STERYLIS%20LIGHT%20AIR_DEKLARACJA_ZGODNO%C5%9ACI_UE_ENG.pdf\" target=\"_self\">\n\t\t\t\t\t\t\t\t<span class=\"eltdf-iwt-title-text\">Prohl\u00e1\u0161en\u00ed o shod\u011b STERYLIS LIGHT AIR<\/span>\n\t\t\t\t\t\t\t\t\t<\/a>\n\t\t\t\t\t\t\t<\/h3>\n\t\t\t\t\t<\/div>\n<\/div>[\/vc_column][vc_column width=&#8221;1\/4&#8243;]<div class=\"eltdf-iwt clearfix  eltdf-iwt-icon-top eltdf-iwt-icon-medium eltdf-iwt-with-link\">\n\t<div class=\"eltdf-iwt-icon\">\n\t\t\t\t\t<a itemprop=\"url\" href=\"\/files\/declaration\/deklaracja_zgodnosci_STERYLIS_PL.pdf\" target=\"_self\">\n\t\t\t\t\t\t\t\t\t<img src=\"https:\/\/www.sterylis.com\/wp-content\/uploads\/2020\/07\/i_dek_ico_0dekla.svg\" class=\"attachment-full size-full\" alt=\"Ke sta\u017een\u00ed\" loading=\"lazy\" height=\"200\" width=\"200\" title=\"Ke sta\u017een\u00ed\" \/>\t\t\t\t\t\t\t\t<\/a>\n\t\t\t<\/div>\n\t<div class=\"eltdf-iwt-content\" >\n\t\t\t\t\t<h3 class=\"eltdf-iwt-title\" >\n\t\t\t\t\t\t\t\t\t<a itemprop=\"url\" href=\"\/files\/declaration\/deklaracja_zgodnosci_STERYLIS_PL.pdf\" target=\"_self\">\n\t\t\t\t\t\t\t\t<span class=\"eltdf-iwt-title-text\">Prohl\u00e1\u0161en\u00ed o shod\u011b STERYLIS<\/span>\n\t\t\t\t\t\t\t\t\t<\/a>\n\t\t\t\t\t\t\t<\/h3>\n\t\t\t\t\t<\/div>\n<\/div>[\/vc_column][vc_column width=&#8221;1\/4&#8243;]<div class=\"eltdf-iwt clearfix  eltdf-iwt-icon-top eltdf-iwt-icon-medium eltdf-iwt-with-link\">\n\t<div class=\"eltdf-iwt-icon\">\n\t\t\t\t\t<a itemprop=\"url\" href=\"\/do-pobrania\/karty-katalogowe\/\" target=\"_self\">\n\t\t\t\t\t\t\t\t\t<img src=\"https:\/\/www.sterylis.com\/wp-content\/uploads\/2020\/07\/i__ico_02_karty.svg\" class=\"attachment-full size-full\" alt=\"Ke sta\u017een\u00ed\" loading=\"lazy\" height=\"200\" width=\"200\" title=\"Ke sta\u017een\u00ed\" \/>\t\t\t\t\t\t\t\t<\/a>\n\t\t\t<\/div>\n\t<div class=\"eltdf-iwt-content\" >\n\t\t\t\t\t<h3 class=\"eltdf-iwt-title\" >\n\t\t\t\t\t\t\t\t\t<a itemprop=\"url\" href=\"\/do-pobrania\/karty-katalogowe\/\" target=\"_self\">\n\t\t\t\t\t\t\t\t<span class=\"eltdf-iwt-title-text\">Katalogov\u00e9 karty<\/span>\n\t\t\t\t\t\t\t\t\t<\/a>\n\t\t\t\t\t\t\t<\/h3>\n\t\t\t\t\t<\/div>\n<\/div>[\/vc_column][vc_column width=&#8221;1\/4&#8243;]<div class=\"eltdf-iwt clearfix  eltdf-iwt-icon-top eltdf-iwt-icon-medium eltdf-iwt-with-link\">\n\t<div class=\"eltdf-iwt-icon\">\n\t\t\t\t\t<a itemprop=\"url\" href=\"\/do-pobrania\/instrukcje-obslugi\/\" target=\"_self\">\n\t\t\t\t\t\t\t\t\t<img src=\"https:\/\/www.sterylis.com\/wp-content\/uploads\/2020\/07\/i__ico_03_instr.svg\" class=\"attachment-full size-full\" alt=\"Ke sta\u017een\u00ed\" loading=\"lazy\" height=\"200\" width=\"200\" title=\"Ke sta\u017een\u00ed\" \/>\t\t\t\t\t\t\t\t<\/a>\n\t\t\t<\/div>\n\t<div class=\"eltdf-iwt-content\" >\n\t\t\t\t\t<h3 class=\"eltdf-iwt-title\" >\n\t\t\t\t\t\t\t\t\t<a itemprop=\"url\" href=\"\/do-pobrania\/instrukcje-obslugi\/\" target=\"_self\">\n\t\t\t\t\t\t\t\t<span class=\"eltdf-iwt-title-text\">N\u00e1vod k obsluze<\/span>\n\t\t\t\t\t\t\t\t\t<\/a>\n\t\t\t\t\t\t\t<\/h3>\n\t\t\t\t\t<\/div>\n<\/div>[\/vc_column][\/vc_row][vc_row css=&#8221;.vc_custom_1600772603507{padding-bottom: 100px !important;}&#8221;][vc_column width=&#8221;1\/3&#8243;]<div class=\"eltdf-iwt clearfix  eltdf-iwt-icon-top eltdf-iwt-icon-medium eltdf-iwt-with-link\">\n\t<div class=\"eltdf-iwt-icon\">\n\t\t\t\t\t<a itemprop=\"url\" href=\"\/files\/catalogs\/Katalog_Sterylis_CZ-12-04-2021-web.pdf\" target=\"_self\">\n\t\t\t\t\t\t\t\t\t<img src=\"https:\/\/www.sterylis.com\/wp-content\/uploads\/2020\/07\/i__ico_01_kat.svg\" class=\"attachment-full size-full\" alt=\"Ke sta\u017een\u00ed\" loading=\"lazy\" height=\"200\" width=\"200\" title=\"Ke sta\u017een\u00ed\" \/>\t\t\t\t\t\t\t\t<\/a>\n\t\t\t<\/div>\n\t<div class=\"eltdf-iwt-content\" >\n\t\t\t\t\t<h3 class=\"eltdf-iwt-title\" >\n\t\t\t\t\t\t\t\t\t<a itemprop=\"url\" href=\"\/files\/catalogs\/Katalog_Sterylis_CZ-12-04-2021-web.pdf\" target=\"_self\">\n\t\t\t\t\t\t\t\t<span class=\"eltdf-iwt-title-text\">Katalog Sterylis BASIC \/ VS \/ ULTRA<\/span>\n\t\t\t\t\t\t\t\t\t<\/a>\n\t\t\t\t\t\t\t<\/h3>\n\t\t\t\t\t<\/div>\n<\/div>[\/vc_column][vc_column width=&#8221;1\/3&#8243;]<div class=\"eltdf-iwt clearfix  eltdf-iwt-icon-top eltdf-iwt-icon-medium eltdf-iwt-with-link\">\n\t<div class=\"eltdf-iwt-icon\">\n\t\t\t\t\t<a itemprop=\"url\" href=\"\/files\/catalogs\/Sterylis_Light_Air_CZ-web.pdf\" target=\"_self\">\n\t\t\t\t\t\t\t\t\t<img src=\"https:\/\/www.sterylis.com\/wp-content\/uploads\/2020\/07\/i__ico_01_kat.svg\" class=\"attachment-full size-full\" alt=\"Ke sta\u017een\u00ed\" loading=\"lazy\" height=\"200\" width=\"200\" title=\"Ke sta\u017een\u00ed\" \/>\t\t\t\t\t\t\t\t<\/a>\n\t\t\t<\/div>\n\t<div class=\"eltdf-iwt-content\" >\n\t\t\t\t\t<h3 class=\"eltdf-iwt-title\" >\n\t\t\t\t\t\t\t\t\t<a itemprop=\"url\" href=\"\/files\/catalogs\/Sterylis_Light_Air_CZ-web.pdf\" target=\"_self\">\n\t\t\t\t\t\t\t\t<span class=\"eltdf-iwt-title-text\">Katalog Sterylis LIGHT AIR<\/span>\n\t\t\t\t\t\t\t\t\t<\/a>\n\t\t\t\t\t\t\t<\/h3>\n\t\t\t\t\t<\/div>\n<\/div>[\/vc_column][vc_column width=&#8221;1\/3&#8243;]<div class=\"eltdf-iwt clearfix  eltdf-iwt-icon-top eltdf-iwt-icon-medium eltdf-iwt-with-link\">\n\t<div class=\"eltdf-iwt-icon\">\n\t\t\t\t\t<a itemprop=\"url\" href=\"\/do-pobrania\/media\/\" target=\"_self\">\n\t\t\t\t\t\t\t\t\t<img src=\"https:\/\/www.sterylis.com\/wp-content\/uploads\/2020\/07\/i__ico_04_media.svg\" class=\"attachment-full size-full\" alt=\"Ke sta\u017een\u00ed\" loading=\"lazy\" height=\"200\" width=\"200\" title=\"Ke sta\u017een\u00ed\" \/>\t\t\t\t\t\t\t\t<\/a>\n\t\t\t<\/div>\n\t<div class=\"eltdf-iwt-content\" >\n\t\t\t\t\t<h3 class=\"eltdf-iwt-title\" >\n\t\t\t\t\t\t\t\t\t<a itemprop=\"url\" href=\"\/do-pobrania\/media\/\" target=\"_self\">\n\t\t\t\t\t\t\t\t<span class=\"eltdf-iwt-title-text\">M\u00e9dia<\/span>\n\t\t\t\t\t\t\t\t\t<\/a>\n\t\t\t\t\t\t\t<\/h3>\n\t\t\t\t\t<\/div>\n<\/div>[\/vc_column][\/vc_row][vc_row css=&#8221;.vc_custom_1600772603507{padding-bottom: 100px !important;}&#8221;][vc_column width=&#8221;1\/3&#8243;]<div class=\"eltdf-iwt clearfix  eltdf-iwt-icon-top eltdf-iwt-icon-medium eltdf-iwt-with-link\">\n\t<div class=\"eltdf-iwt-icon\">\n\t\t\t\t\t<a itemprop=\"url\" href=\"\/files\/OWG\/Og%C3%B3lne%20warunki%20gwarancji%20-%20STERYLIS_CZ.pdf\" target=\"_self\">\n\t\t\t\t\t\t\t\t\t<img src=\"https:\/\/www.sterylis.com\/wp-content\/uploads\/2020\/07\/i_dek_ico_0dekla.svg\" class=\"attachment-full size-full\" alt=\"Ke sta\u017een\u00ed\" loading=\"lazy\" height=\"200\" width=\"200\" title=\"Ke sta\u017een\u00ed\" \/>\t\t\t\t\t\t\t\t<\/a>\n\t\t\t<\/div>\n\t<div class=\"eltdf-iwt-content\" >\n\t\t\t\t\t<h3 class=\"eltdf-iwt-title\" >\n\t\t\t\t\t\t\t\t\t<a itemprop=\"url\" href=\"\/files\/OWG\/Og%C3%B3lne%20warunki%20gwarancji%20-%20STERYLIS_CZ.pdf\" target=\"_self\">\n\t\t\t\t\t\t\t\t<span class=\"eltdf-iwt-title-text\">V\u0160EOBECN\u00c9 Z\u00c1RU\u010cN\u00cd PODM\u00cdNKY<\/span>\n\t\t\t\t\t\t\t\t\t<\/a>\n\t\t\t\t\t\t\t<\/h3>\n\t\t\t\t\t<\/div>\n<\/div>[\/vc_column][vc_column width=&#8221;1\/3&#8243;]<div class=\"eltdf-iwt clearfix  eltdf-iwt-icon-top eltdf-iwt-icon-medium eltdf-iwt-with-link\">\n\t<div class=\"eltdf-iwt-icon\">\n\t\t\t\t\t<a itemprop=\"url\" href=\"\/files\/OWG\/Formularz%20zg%C5%82oszenia%20reklamacji_CZ.pdf\" target=\"_self\">\n\t\t\t\t\t\t\t\t\t<img src=\"https:\/\/www.sterylis.com\/wp-content\/uploads\/2020\/07\/i_dek_ico_0dekla.svg\" class=\"attachment-full size-full\" alt=\"Ke sta\u017een\u00ed\" loading=\"lazy\" height=\"200\" width=\"200\" title=\"Ke sta\u017een\u00ed\" \/>\t\t\t\t\t\t\t\t<\/a>\n\t\t\t<\/div>\n\t<div class=\"eltdf-iwt-content\" >\n\t\t\t\t\t<h3 class=\"eltdf-iwt-title\" >\n\t\t\t\t\t\t\t\t\t<a itemprop=\"url\" href=\"\/files\/OWG\/Formularz%20zg%C5%82oszenia%20reklamacji_CZ.pdf\" target=\"_self\">\n\t\t\t\t\t\t\t\t<span class=\"eltdf-iwt-title-text\">Formul\u00e1\u0159 hl\u00e1\u0161en\u00ed reklamace<\/span>\n\t\t\t\t\t\t\t\t\t<\/a>\n\t\t\t\t\t\t\t<\/h3>\n\t\t\t\t\t<\/div>\n<\/div>[\/vc_column][vc_column width=&#8221;1\/3&#8243;]<div class=\"eltdf-iwt clearfix  eltdf-iwt-icon-top eltdf-iwt-icon-medium eltdf-iwt-with-link\">\n\t<div class=\"eltdf-iwt-icon\">\n\t\t\t\t\t<a itemprop=\"url\" href=\"\/files\/Photometric\/STERYLIS%20LIGHT%20AIRPLUS%2060.zip\" target=\"_self\">\n\t\t\t\t\t\t\t\t\t<img src=\"https:\/\/www.sterylis.com\/wp-content\/uploads\/2020\/07\/i_dek_ico_0dekla.svg\" class=\"attachment-full size-full\" alt=\"Ke sta\u017een\u00ed\" loading=\"lazy\" height=\"200\" width=\"200\" title=\"Ke sta\u017een\u00ed\" \/>\t\t\t\t\t\t\t\t<\/a>\n\t\t\t<\/div>\n\t<div class=\"eltdf-iwt-content\" >\n\t\t\t\t\t<h3 class=\"eltdf-iwt-title\" >\n\t\t\t\t\t\t\t\t\t<a itemprop=\"url\" href=\"\/files\/Photometric\/STERYLIS%20LIGHT%20AIRPLUS%2060.zip\" target=\"_self\">\n\t\t\t\t\t\t\t\t<span class=\"eltdf-iwt-title-text\">Fotometrick\u00e9 soubory LIGHT AIR+ 60<\/span>\n\t\t\t\t\t\t\t\t\t<\/a>\n\t\t\t\t\t\t\t<\/h3>\n\t\t\t\t\t<\/div>\n<\/div>[\/vc_column][\/vc_row]<\/p>","protected":false},"excerpt":{"rendered":"<p>[vc_row css=&#8221;.vc_custom_1600772603507{padding-bottom: 100px !important;}&#8221;][vc_column width=&#8221;1\/4&#8243;][\/vc_column][vc_column width=&#8221;1\/4&#8243;][\/vc_column][vc_column width=&#8221;1\/4&#8243;][\/vc_column][vc_column width=&#8221;1\/4&#8243;][\/vc_column][\/vc_row][vc_row css=&#8221;.vc_custom_1600772603507{padding-bottom: 100px !important;}&#8221;][vc_column width=&#8221;1\/3&#8243;][\/vc_column][vc_column width=&#8221;1\/3&#8243;][\/vc_column][vc_column width=&#8221;1\/3&#8243;][\/vc_column][\/vc_row][vc_row css=&#8221;.vc_custom_1600772603507{padding-bottom: 100px !important;}&#8221;][vc_column width=&#8221;1\/3&#8243;][\/vc_column][vc_column width=&#8221;1\/3&#8243;][\/vc_column][vc_column width=&#8221;1\/3&#8243;][\/vc_column][\/vc_row]<\/p>\n","protected":false},"author":1,"featured_media":0,"parent":0,"menu_order":0,"comment_status":"closed","ping_status":"closed","template":"","meta":[],"yoast_head":"\n<title>Ke sta\u017een\u00ed - STERYLIS<\/title>\n<meta name=\"robots\" content=\"index, follow, max-snippet:-1, max-image-preview:large, max-video-preview:-1\" \/>\n<link rel=\"canonical\" href=\"https:\/\/www.sterylis.com\/do-pobrania\/\" \/>\n<meta property=\"og:locale\" content=\"cs_CZ\" \/>\n<meta property=\"og:type\" content=\"article\" \/>\n<meta property=\"og:title\" content=\"[:pl]Do pobrania[:en]Downloads[:de]Zum Download[:cz]Ke sta\u017een\u00ed[:ru]\u0421\u043a\u0430\u0447\u0430\u0442\u044c[:] - STERYLIS\" \/>\n<meta property=\"og:description\" content=\"[vc_row css=&#8221;.vc_custom_1600772603507{padding-bottom: 100px !important;}&#8221;][vc_column width=&#8221;1\/4&#8243;][\/vc_column][vc_column width=&#8221;1\/4&#8243;][\/vc_column][vc_column width=&#8221;1\/4&#8243;][\/vc_column][vc_column width=&#8221;1\/4&#8243;][\/vc_column][\/vc_row][vc_row css=&#8221;.vc_custom_1600772603507{padding-bottom: 100px !important;}&#8221;][vc_column width=&#8221;1\/3&#8243;][\/vc_column][vc_column width=&#8221;1\/3&#8243;][\/vc_column][vc_column width=&#8221;1\/3&#8243;][\/vc_column][\/vc_row][vc_row css=&#8221;.vc_custom_1600772603507{padding-bottom: 100px !important;}&#8221;][vc_column width=&#8221;1\/3&#8243;][\/vc_column][vc_column width=&#8221;1\/3&#8243;][\/vc_column][vc_column width=&#8221;1\/3&#8243;][\/vc_column][\/vc_row]\" \/>\n<meta property=\"og:url\" content=\"https:\/\/www.sterylis.com\/do-pobrania\/\" \/>\n<meta property=\"og:site_name\" content=\"STERYLIS\" \/>\n<meta property=\"article:publisher\" content=\"https:\/\/www.facebook.com\/sterylis\" \/>\n<meta property=\"article:modified_time\" content=\"2021-12-16T14:40:23+00:00\" \/>\n<meta name=\"twitter:card\" content=\"summary_large_image\" \/>\n<meta name=\"twitter:label1\" content=\"Napsal(a)\">\n\t<meta name=\"twitter:data1\" content=\"admin\">\n\t<meta name=\"twitter:label2\" content=\"Odhadovan\u00e1 doba \u010dten\u00ed\">\n\t<meta name=\"twitter:data2\" content=\"11 minut\">\n","_links":{"self":[{"href":"https:\/\/www.sterylis.com\/cz\/wp-json\/wp\/v2\/pages\/5324"}],"collection":[{"href":"https:\/\/www.sterylis.com\/cz\/wp-json\/wp\/v2\/pages"}],"about":[{"href":"https:\/\/www.sterylis.com\/cz\/wp-json\/wp\/v2\/types\/page"}],"author":[{"embeddable":true,"href":"https:\/\/www.sterylis.com\/cz\/wp-json\/wp\/v2\/users\/1"}],"replies":[{"embeddable":true,"href":"https:\/\/www.sterylis.com\/cz\/wp-json\/wp\/v2\/comments?post=5324"}],"version-history":[{"count":117,"href":"https:\/\/www.sterylis.com\/cz\/wp-json\/wp\/v2\/pages\/5324\/revisions"}],"predecessor-version":[{"id":9043,"href":"https:\/\/www.sterylis.com\/cz\/wp-json\/wp\/v2\/pages\/5324\/revisions\/9043"}],"wp:attachment":[{"href":"https:\/\/www.sterylis.com\/cz\/wp-json\/wp\/v2\/media?parent=5324"}],"curies":[{"name":"wp","href":"https:\/\/api.w.org\/{rel}","templated":true}]}}