{"id":5550,"date":"2020-07-10T13:39:06","date_gmt":"2020-07-10T13:39:06","guid":{"rendered":"https:\/\/www.sterylis.igloo.pl\/?page_id=5550"},"modified":"2022-01-28T06:15:26","modified_gmt":"2022-01-28T06:15:26","slug":"sterylis-ultra-440","status":"publish","type":"page","link":"https:\/\/www.sterylis.com\/cz\/produkty\/sterylis-ultra\/sterylis-ultra-700-850\/","title":{"rendered":"Sterylis ULTRA-700\/850"},"content":{"rendered":"<p>[vc_section][vc_row][vc_column width=&#8221;1\/2&#8243;][vc_row_inner][vc_column_inner width=&#8221;1\/2&#8243;][vc_column_text]<\/p>\n<h1>925 m<sup>3<\/sup><\/h1>\n<p>[\/vc_column_text][\/vc_column_inner][vc_column_inner width=&#8221;1\/2&#8243;][vc_column_text]Doporu\u010dovan\u00fd OBJEM<br \/>\nsterilizovan\u00e9 m\u00edstnosti[\/vc_column_text][\/vc_column_inner][\/vc_row_inner][vc_row_inner css=&#8221;.vc_custom_1594197585429{padding-top: 60px !important;}&#8221;][vc_column_inner width=&#8221;1\/2&#8243;][vc_column_text]<\/p>\n<h2>PRACOVN\u00cd RE\u017dIM:<\/h2>\n<p>[\/vc_column_text][\/vc_column_inner][vc_column_inner width=&#8221;1\/2&#8243;][\/vc_column_inner][\/vc_row_inner][vc_row_inner][vc_column_inner width=&#8221;1\/2&#8243;][vc_column_text]<\/p>\n<h5><img loading=\"lazy\" class=\"wp-image-4854 alignleft\" role=\"img\" src=\"https:\/\/www.sterylis.com\/wp-content\/uploads\/2020\/04\/icona_02.svg\" alt=\"Sterylis ULTRA-700\/850\" width=\"80\" height=\"66\" \/><br \/>\nFiltrace<\/h5>\n<p>[\/vc_column_text][\/vc_column_inner][vc_column_inner width=&#8221;1\/2&#8243;][vc_column_text]<\/p>\n<h5><img loading=\"lazy\" class=\"wp-image-4856 alignleft\" role=\"img\" src=\"https:\/\/www.sterylis.com\/wp-content\/uploads\/2020\/04\/icona_04.svg\" alt=\"Sterylis ULTRA-700\/850\" width=\"80\" height=\"78\" \/><br \/>\nUV-C dezinfekce<\/h5>\n<p>[\/vc_column_text][\/vc_column_inner][\/vc_row_inner][vc_row_inner][vc_column_inner width=&#8221;1\/2&#8243;][vc_column_text]<img loading=\"lazy\" class=\"wp-image-4777 alignleft\" role=\"img\" src=\"https:\/\/www.sterylis.com\/wp-content\/uploads\/2020\/04\/icosec_sterylizator_pomieszczen.svg\" alt=\"STERYLIZATOR POMIESZCZE\u0143 VS\" width=\"80\" height=\"80\" srcset=\"https:\/\/www.sterylis.com\/wp-content\/uploads\/\/2020\/04\/icosec_sterylizator_pomieszczen.svg 500w, https:\/\/www.sterylis.com\/wp-content\/uploads\/\/2020\/04\/icosec_sterylizator_pomieszczen.svg 100w, https:\/\/www.sterylis.com\/wp-content\/uploads\/\/2020\/04\/icosec_sterylizator_pomieszczen.svg 150w, https:\/\/www.sterylis.com\/wp-content\/uploads\/\/2020\/04\/icosec_sterylizator_pomieszczen.svg 300w, https:\/\/www.sterylis.com\/wp-content\/uploads\/\/2020\/04\/icosec_sterylizator_pomieszczen.svg 1024w, https:\/\/www.sterylis.com\/wp-content\/uploads\/\/2020\/04\/icosec_sterylizator_pomieszczen.svg 1536w, https:\/\/www.sterylis.com\/wp-content\/uploads\/\/2020\/04\/icosec_sterylizator_pomieszczen.svg 550w, https:\/\/www.sterylis.com\/wp-content\/uploads\/\/2020\/04\/icosec_sterylizator_pomieszczen.svg 1100w, https:\/\/www.sterylis.com\/wp-content\/uploads\/\/2020\/04\/icosec_sterylizator_pomieszczen.svg 42w\" sizes=\"(max-width: 80px) 100vw, 80px\" \/><\/p>\n<h5>Dezinfekce<br \/>\nUV-C \u2013 tich\u00fd re\u017eim<\/h5>\n<p>[\/vc_column_text][\/vc_column_inner][vc_column_inner width=&#8221;1\/2&#8243;][vc_column_text]<img loading=\"lazy\" class=\"wp-image-4778 alignleft\" role=\"img\" src=\"https:\/\/www.sterylis.com\/wp-content\/uploads\/2020\/04\/icosec_generator_ozonu.svg\" alt=\"GENERATOR OZONU\" width=\"80\" height=\"79\" srcset=\"https:\/\/www.sterylis.com\/wp-content\/uploads\/\/2020\/04\/icosec_generator_ozonu.svg 500w, https:\/\/www.sterylis.com\/wp-content\/uploads\/\/2020\/04\/icosec_generator_ozonu.svg 100w, https:\/\/www.sterylis.com\/wp-content\/uploads\/\/2020\/04\/icosec_generator_ozonu.svg 150w, https:\/\/www.sterylis.com\/wp-content\/uploads\/\/2020\/04\/icosec_generator_ozonu.svg 300w, https:\/\/www.sterylis.com\/wp-content\/uploads\/\/2020\/04\/icosec_generator_ozonu.svg 1024w, https:\/\/www.sterylis.com\/wp-content\/uploads\/\/2020\/04\/icosec_generator_ozonu.svg 1536w, https:\/\/www.sterylis.com\/wp-content\/uploads\/\/2020\/04\/icosec_generator_ozonu.svg 550w, https:\/\/www.sterylis.com\/wp-content\/uploads\/\/2020\/04\/icosec_generator_ozonu.svg 1100w, https:\/\/www.sterylis.com\/wp-content\/uploads\/\/2020\/04\/icosec_generator_ozonu.svg 42w\" sizes=\"(max-width: 80px) 100vw, 80px\" \/><\/p>\n<h5>Sterilizace<br \/>\nO<sub>3<\/sub> + UV-C (Auto)<\/h5>\n<p>[\/vc_column_text][\/vc_column_inner][\/vc_row_inner][vc_row_inner css=&#8221;.vc_custom_1594287895897{padding-top: 40px !important;}&#8221;][vc_column_inner width=&#8221;1\/2&#8243; css=&#8221;.vc_custom_1594363718484{padding-bottom: 30px !important;}&#8221;]<a itemprop=\"url\" href=\"\/files\/data_sheets\/karta%20katalogowa%20sterylis%20ULTRA-700_850_CZ.pdf\" target=\"_blank\"  class=\"eltdf-btn eltdf-btn-medium eltdf-btn-solid eltdf-btn-icon\"  >\n    <span class=\"eltdf-btn-text\">Katalogov\u00e1 karta<\/span>\n    <i class=\"eltdf-icon-font-awesome fa fa-file \" ><\/i>    <\/a>[\/vc_column_inner][vc_column_inner width=&#8221;1\/2&#8243; css=&#8221;.vc_custom_1594363725090{padding-bottom: 30px !important;}&#8221;]<a itemprop=\"url\" href=\"\/files\/user_manuals\/Instrukcja%20obs\u0142ugi%20STERYLIS%20ULTRA%20CZ.pdf\" target=\"_self\"  class=\"eltdf-btn eltdf-btn-medium eltdf-btn-solid eltdf-btn-icon\"  >\n    <span class=\"eltdf-btn-text\">N\u00e1vod k obsluze<\/span>\n    <i class=\"eltdf-icon-font-awesome fa fa-file-text \" ><\/i>    <\/a>[\/vc_column_inner][\/vc_row_inner][\/vc_column][vc_column width=&#8221;1\/2&#8243; css=&#8221;.vc_custom_1603799565914{padding-right: 120px !important;padding-left: 120px !important;}&#8221;]<div class=\"eltdf-single-image-holder   \">\n    <div class=\"eltdf-si-inner\" >\n                                    <img width=\"987\" height=\"1627\" src=\"https:\/\/www.sterylis.com\/wp-content\/uploads\/2020\/10\/Sterylis_VS-440_ULTRA_persp_black_mask.png\" class=\"attachment-full size-full\" alt=\"Sterylis ULTRA-200\/450\" loading=\"lazy\" srcset=\"https:\/\/www.sterylis.com\/wp-content\/uploads\/2020\/10\/Sterylis_VS-440_ULTRA_persp_black_mask.png 987w, https:\/\/www.sterylis.com\/wp-content\/uploads\/2020\/10\/Sterylis_VS-440_ULTRA_persp_black_mask-182x300.png 182w, https:\/\/www.sterylis.com\/wp-content\/uploads\/2020\/10\/Sterylis_VS-440_ULTRA_persp_black_mask-621x1024.png 621w, https:\/\/www.sterylis.com\/wp-content\/uploads\/2020\/10\/Sterylis_VS-440_ULTRA_persp_black_mask-768x1266.png 768w, https:\/\/www.sterylis.com\/wp-content\/uploads\/2020\/10\/Sterylis_VS-440_ULTRA_persp_black_mask-932x1536.png 932w, https:\/\/www.sterylis.com\/wp-content\/uploads\/2020\/10\/Sterylis_VS-440_ULTRA_persp_black_mask-800x1319.png 800w\" sizes=\"(max-width: 987px) 100vw, 987px\" title=\"Sterylis ULTRA-200\/450\" \/>                        <\/div>\n<\/div>[\/vc_column][\/vc_row][vc_row css=&#8221;.vc_custom_1594390736567{margin-top: -20px !important;}&#8221;][vc_column][vc_empty_space][vc_column_text css=&#8221;.vc_custom_1617018594668{padding-bottom: 30px !important;}&#8221;]<strong>STERYLIS ULTRA<\/strong> je \u0159ada za\u0159\u00edzen\u00ed s vy\u0161\u0161\u00ed intenzitou UV-C z\u00e1\u0159en\u00ed a gener\u00e1torem oz\u00f3nu, kter\u00fd umo\u017e\u0148uje proveden\u00ed sterilizace. Jako v ka\u017ed\u00e9 produktov\u00e9 \u0159ad\u011b je dopln\u011bn dvoustup\u0148ovou filtrac\u00ed vzduchu.<\/p>\n<p><span dir=\"ltr\">Funkce <\/span><span dir=\"ltr\">za\u0159\u00edzen\u00ed:<\/span><\/p>\n<ul>\n<li><span dir=\"ltr\">Dezinfekce pomoc\u00ed technologie UV-C s vy\u0161\u0161\u00edm v\u00fdkonem<\/span><\/li>\n<li><span dir=\"ltr\">Sterilizace m\u00edstnost\u00ed pomoc\u00ed gener\u00e1toru ozonu<\/span><\/li>\n<li><span dir=\"ltr\">Deozonace<\/span><\/li>\n<li><span dir=\"ltr\">2stup\u0148ov\u00e1 filtrace vzduchu<\/span><\/li>\n<li><span dir=\"ltr\">Automatick\u00e9 ovl\u00e1d\u00e1n\u00ed d\u00edky pokro\u010dil\u00e9mu ovlada\u010di <\/span><span dir=\"ltr\">vyroben\u00e9mu spole\u010dnost\u00ed MILOO-ELECTRONICS<\/span><\/li>\n<li><span dir=\"ltr\">N\u00edzk\u00e1 hladina hluku<\/span><\/li>\n<li><span dir=\"ltr\">Jednoduch\u00e9 pou\u017e\u00edv\u00e1n\u00ed<\/span><\/li>\n<li><span dir=\"ltr\">Kompaktn\u00ed konstrukce<\/span><\/li>\n<li><span dir=\"ltr\">Mobilita<\/span><\/li>\n<li><span dir=\"ltr\">Mo\u017enost nastaven\u00ed, p\u0159izp\u016fsoben\u00ed individu\u00e1ln\u00edm <\/span><span dir=\"ltr\">po\u017eadavk\u016fm z\u00e1kazn\u00edka<\/span><\/li>\n<\/ul>\n<p>[\/vc_column_text]<div class=\"eltdf-single-image-holder   \">\n    <div class=\"eltdf-si-inner\" >\n                                    <img width=\"815\" height=\"854\" src=\"https:\/\/www.sterylis.com\/wp-content\/uploads\/2021\/01\/Sterylis_ULTRA-700-850-rys_tech.png\" class=\"attachment-full size-full\" alt=\"Sterylis ULTRA-700\/850\" loading=\"lazy\" srcset=\"https:\/\/www.sterylis.com\/wp-content\/uploads\/2021\/01\/Sterylis_ULTRA-700-850-rys_tech.png 815w, https:\/\/www.sterylis.com\/wp-content\/uploads\/2021\/01\/Sterylis_ULTRA-700-850-rys_tech-286x300.png 286w, https:\/\/www.sterylis.com\/wp-content\/uploads\/2021\/01\/Sterylis_ULTRA-700-850-rys_tech-768x805.png 768w, https:\/\/www.sterylis.com\/wp-content\/uploads\/2021\/01\/Sterylis_ULTRA-700-850-rys_tech-800x838.png 800w\" sizes=\"(max-width: 815px) 100vw, 815px\" title=\"Sterylis ULTRA-700\/850\" \/>                        <\/div>\n<\/div>[vc_empty_space height=&#8221;80px&#8221;][\/vc_column][\/vc_row][\/vc_section]<\/p>","protected":false},"excerpt":{"rendered":"<p>[vc_section][vc_row][vc_column width=&#8221;1\/2&#8243;][vc_row_inner][vc_column_inner width=&#8221;1\/2&#8243;][vc_column_text] 925 m3 [\/vc_column_text][\/vc_column_inner][vc_column_inner width=&#8221;1\/2&#8243;][vc_column_text]Doporu\u010dovan\u00fd OBJEM sterilizovan\u00e9 m\u00edstnosti[\/vc_column_text][\/vc_column_inner][\/vc_row_inner][vc_row_inner css=&#8221;.vc_custom_1594197585429{padding-top: 60px !important;}&#8221;][vc_column_inner width=&#8221;1\/2&#8243;][vc_column_text] PRACOVN\u00cd RE\u017dIM: [\/vc_column_text][\/vc_column_inner][vc_column_inner width=&#8221;1\/2&#8243;][\/vc_column_inner][\/vc_row_inner][vc_row_inner][vc_column_inner width=&#8221;1\/2&#8243;][vc_column_text] Filtrace [\/vc_column_text][\/vc_column_inner][vc_column_inner width=&#8221;1\/2&#8243;][vc_column_text] UV-C dezinfekce [\/vc_column_text][\/vc_column_inner][\/vc_row_inner][vc_row_inner][vc_column_inner width=&#8221;1\/2&#8243;][vc_column_text] Dezinfekce UV-C \u2013 tich\u00fd re\u017eim [\/vc_column_text][\/vc_column_inner][vc_column_inner width=&#8221;1\/2&#8243;][vc_column_text] Sterilizace O3 + UV-C (Auto) [\/vc_column_text][\/vc_column_inner][\/vc_row_inner][vc_row_inner css=&#8221;.vc_custom_1594287895897{padding-top: [&hellip;]<\/p>\n","protected":false},"author":1,"featured_media":6627,"parent":5265,"menu_order":0,"comment_status":"closed","ping_status":"closed","template":"","meta":[],"yoast_head":"\n<title>Sterylis ULTRA-700\/850 - STERYLIS<\/title>\n<meta name=\"robots\" content=\"index, follow, max-snippet:-1, max-image-preview:large, max-video-preview:-1\" \/>\n<link rel=\"canonical\" href=\"https:\/\/www.sterylis.com\/produkty\/sterylis-ultra\/sterylis-ultra-700-850\/\" \/>\n<meta property=\"og:locale\" content=\"cs_CZ\" \/>\n<meta property=\"og:type\" content=\"article\" \/>\n<meta property=\"og:title\" content=\"Sterylis ULTRA-700\/850 - STERYLIS\" \/>\n<meta property=\"og:description\" content=\"[vc_section][vc_row][vc_column width=&#8221;1\/2&#8243;][vc_row_inner][vc_column_inner width=&#8221;1\/2&#8243;][vc_column_text] 925 m3 [\/vc_column_text][\/vc_column_inner][vc_column_inner width=&#8221;1\/2&#8243;][vc_column_text]Doporu\u010dovan\u00fd OBJEM sterilizovan\u00e9 m\u00edstnosti[\/vc_column_text][\/vc_column_inner][\/vc_row_inner][vc_row_inner css=&#8221;.vc_custom_1594197585429{padding-top: 60px !important;}&#8221;][vc_column_inner width=&#8221;1\/2&#8243;][vc_column_text] PRACOVN\u00cd RE\u017dIM: [\/vc_column_text][\/vc_column_inner][vc_column_inner width=&#8221;1\/2&#8243;][\/vc_column_inner][\/vc_row_inner][vc_row_inner][vc_column_inner width=&#8221;1\/2&#8243;][vc_column_text] Filtrace [\/vc_column_text][\/vc_column_inner][vc_column_inner width=&#8221;1\/2&#8243;][vc_column_text] UV-C dezinfekce [\/vc_column_text][\/vc_column_inner][\/vc_row_inner][vc_row_inner][vc_column_inner width=&#8221;1\/2&#8243;][vc_column_text] Dezinfekce UV-C \u2013 tich\u00fd re\u017eim [\/vc_column_text][\/vc_column_inner][vc_column_inner width=&#8221;1\/2&#8243;][vc_column_text] Sterilizace O3 + UV-C (Auto) [\/vc_column_text][\/vc_column_inner][\/vc_row_inner][vc_row_inner css=&#8221;.vc_custom_1594287895897{padding-top: [&hellip;]\" \/>\n<meta property=\"og:url\" content=\"https:\/\/www.sterylis.com\/produkty\/sterylis-ultra\/sterylis-ultra-700-850\/\" \/>\n<meta property=\"og:site_name\" content=\"STERYLIS\" \/>\n<meta property=\"article:publisher\" content=\"https:\/\/www.facebook.com\/sterylis\" \/>\n<meta property=\"article:modified_time\" content=\"2022-01-28T06:15:26+00:00\" \/>\n<meta property=\"og:image\" content=\"https:\/\/www.sterylis.com\/wp-content\/uploads\/2020\/10\/Sterylis_VS-440_ULTRA_persp_black_mask.png\" \/>\n\t<meta property=\"og:image:width\" content=\"987\" \/>\n\t<meta property=\"og:image:height\" content=\"1627\" \/>\n<meta name=\"twitter:card\" content=\"summary_large_image\" \/>\n<meta name=\"twitter:label1\" content=\"Napsal(a)\">\n\t<meta name=\"twitter:data1\" content=\"admin\">\n\t<meta name=\"twitter:label2\" content=\"Odhadovan\u00e1 doba \u010dten\u00ed\">\n\t<meta name=\"twitter:data2\" content=\"7 minut\">\n","_links":{"self":[{"href":"https:\/\/www.sterylis.com\/cz\/wp-json\/wp\/v2\/pages\/5550"}],"collection":[{"href":"https:\/\/www.sterylis.com\/cz\/wp-json\/wp\/v2\/pages"}],"about":[{"href":"https:\/\/www.sterylis.com\/cz\/wp-json\/wp\/v2\/types\/page"}],"author":[{"embeddable":true,"href":"https:\/\/www.sterylis.com\/cz\/wp-json\/wp\/v2\/users\/1"}],"replies":[{"embeddable":true,"href":"https:\/\/www.sterylis.com\/cz\/wp-json\/wp\/v2\/comments?post=5550"}],"version-history":[{"count":33,"href":"https:\/\/www.sterylis.com\/cz\/wp-json\/wp\/v2\/pages\/5550\/revisions"}],"predecessor-version":[{"id":9137,"href":"https:\/\/www.sterylis.com\/cz\/wp-json\/wp\/v2\/pages\/5550\/revisions\/9137"}],"up":[{"embeddable":true,"href":"https:\/\/www.sterylis.com\/cz\/wp-json\/wp\/v2\/pages\/5265"}],"wp:featuredmedia":[{"embeddable":true,"href":"https:\/\/www.sterylis.com\/cz\/wp-json\/wp\/v2\/media\/6627"}],"wp:attachment":[{"href":"https:\/\/www.sterylis.com\/cz\/wp-json\/wp\/v2\/media?parent=5550"}],"curies":[{"name":"wp","href":"https:\/\/api.w.org\/{rel}","templated":true}]}}