{"id":5620,"date":"2020-07-23T06:11:29","date_gmt":"2020-07-23T06:11:29","guid":{"rendered":"http:\/\/sterylis1.igloo.pl\/?page_id=5620"},"modified":"2025-01-17T15:50:03","modified_gmt":"2025-01-17T15:50:03","slug":"kontakt","status":"publish","type":"page","link":"https:\/\/www.sterylis.com\/cz\/kontakt\/","title":{"rendered":"Kontakt"},"content":{"rendered":"<p>[vc_row css=&#8221;.vc_custom_1595485527663{padding-bottom: 120px !important;}&#8221;][vc_column width=&#8221;1\/3&#8243;][vc_column_text]<b>MILOO-ELECTRONICS<\/b><br \/>\nMoskevsk\u00e1 659\/63<br \/>\n101 00 Praha<br \/>\nwww.sterylis.cz[\/vc_column_text][\/vc_column][vc_column width=&#8221;1\/3&#8243;][vc_column_text]<strong>Kancel\u00e1\u0159 p\u00e9\u010de o z\u00e1kazn\u00edky<\/strong><br \/>\nT. +420 770 142 890<\/p>\n<p>objednavky@sterylis.cz[\/vc_column_text][\/vc_column][vc_column width=&#8221;1\/3&#8243;][vc_column_text]<b>M\u00e9dia<\/b><br \/>\ntel. +48 601975530<\/p>\n<p>e-mail: <a href=\"mailto:miroslaw.obarski@sterylis.com\">media@sterylis.com<\/a>[\/vc_column_text][\/vc_column][\/vc_row][vc_row full_width=&#8221;stretch_row_content&#8221; disable_element=&#8221;yes&#8221; css=&#8221;.vc_custom_1604410335313{padding-top: 0px !important;padding-bottom: 100px !important;}&#8221;][vc_column width=&#8221;1\/2&#8243; offset=&#8221;vc_col-lg-offset-1\/5 vc_col-lg-4 vc_col-md-6 vc_col-xs-12&#8243;]<div class=\"eltdf-section-title-holder  eltdf-st-standard eltdf-st-title-left eltdf-st-normal-space \" >\n\t<div class=\"eltdf-st-inner\">\n\t\t\t\t\t<h2 class=\"eltdf-st-title\" >\n\t\t\t\tFORMULARZ KONTAKTOWY\t\t\t<\/h2>\n\t\t\t\t\t\t\t<h5 class=\"eltdf-st-text\" >\n\t\t\t\tSkontaktuj si\u0119 z nami\t\t\t<\/h5>\n\t\t\t<\/div>\n<\/div>[vc_empty_space height=&#8221;60px&#8221;]<div role=\"form\" class=\"wpcf7\" id=\"wpcf7-f12-o4\" lang=\"en-US\" dir=\"ltr\">\n<div class=\"screen-reader-response\"><p role=\"status\" aria-live=\"polite\" aria-atomic=\"true\"><\/p> <ul><\/ul><\/div>\n<form action=\"\/cz\/wp-json\/wp\/v2\/pages\/5620#wpcf7-f12-o4\" method=\"post\" class=\"wpcf7-form init cf7_custom_style_2\" novalidate=\"novalidate\" data-status=\"init\">\n<div style=\"display: none;\">\n<input type=\"hidden\" name=\"_wpcf7\" value=\"12\" \/>\n<input type=\"hidden\" name=\"_wpcf7_version\" value=\"5.3\" \/>\n<input type=\"hidden\" name=\"_wpcf7_locale\" value=\"en_US\" \/>\n<input type=\"hidden\" name=\"_wpcf7_unit_tag\" value=\"wpcf7-f12-o4\" \/>\n<input type=\"hidden\" name=\"_wpcf7_container_post\" value=\"0\" \/>\n<input type=\"hidden\" name=\"_wpcf7_posted_data_hash\" value=\"\" \/>\n<\/div>\n<div class=\"eltdf-cf-no-ajax-loader\">\n<p><span class=\"wpcf7-form-control-wrap your-name\"><input type=\"text\" name=\"your-name\" value=\"\" size=\"40\" class=\"wpcf7-form-control wpcf7-text wpcf7-validates-as-required\" aria-required=\"true\" aria-invalid=\"false\" placeholder=\"Firma (osoba kontaktowa)\" \/><\/span><\/p>\n<p><span class=\"wpcf7-form-control-wrap your-email\"><input type=\"email\" name=\"your-email\" value=\"\" size=\"40\" class=\"wpcf7-form-control wpcf7-text wpcf7-email wpcf7-validates-as-required wpcf7-validates-as-email\" aria-required=\"true\" aria-invalid=\"false\" placeholder=\"Adres e-mail\" \/><\/span><\/p>\n<p><span class=\"wpcf7-form-control-wrap your-phone\"><input type=\"tel\" name=\"your-phone\" value=\"\" size=\"40\" class=\"wpcf7-form-control wpcf7-text wpcf7-tel wpcf7-validates-as-required wpcf7-validates-as-tel\" aria-required=\"true\" aria-invalid=\"false\" placeholder=\"Telefon\" \/><\/span><\/p>\n<p><span class=\"wpcf7-form-control-wrap your-province\"><input type=\"text\" name=\"your-province\" value=\"\" size=\"40\" class=\"wpcf7-form-control wpcf7-text wpcf7-validates-as-required\" aria-required=\"true\" aria-invalid=\"false\" placeholder=\"Wojew\u00f3dztwo\" \/><\/span><\/p>\n<p><span class=\"wpcf7-form-control-wrap your-trade\"><input type=\"text\" name=\"your-trade\" value=\"\" size=\"40\" class=\"wpcf7-form-control wpcf7-text\" aria-invalid=\"false\" placeholder=\"Bran\u017ca\" \/><\/span><\/p>\n<p><span class=\"wpcf7-form-control-wrap your-message\"><textarea name=\"your-message\" cols=\"40\" rows=\"10\" class=\"wpcf7-form-control wpcf7-textarea wpcf7-validates-as-required\" aria-required=\"true\" aria-invalid=\"false\" placeholder=\"Wiadomo\u015b\u0107\"><\/textarea><\/span><\/p>\n<p><span class=\"wpcf7-form-control-wrap acceptance-442\"><span class=\"wpcf7-form-control wpcf7-acceptance\"><span class=\"wpcf7-list-item\"><label><input type=\"checkbox\" name=\"acceptance-442\" value=\"1\" aria-invalid=\"false\" \/><span class=\"wpcf7-list-item-label\"><div id=\"small\">Wyra\u017cam zgod\u0119 na przetwarzanie moich danych osobowych przez MILOO-ELECTRONICS Sp. z o.o. z siedzib\u0105 w Stary Wi\u015bnicz 289, 32-720 Nowy Wi\u015bnicz,  w zwi\u0105zku z wys\u0142aniem zapytania za po\u015brednictwem formularza. Zapozna\u0142em\/zapozna\u0142am si\u0119 z pouczeniem dotycz\u0105cym prawa dost\u0119pu do tre\u015bci moich danych i mo\u017cliwo\u015bci ich poprawiania. Dane wpisane w formularzu kontaktowym b\u0119d\u0105 przetwarzane w celu udzielenia odpowiedzi na przes\u0142ane zapytanie oraz w celach marketingowych zgodnie z regulaminem Polityki prywatno\u015bci. Administratorem danych osobowych jest MILOO-ELECTRONICS Sp. z o.o. z siedzib\u0105 w Stary Wi\u015bnicz 289, 32-720 Nowy Wi\u015bnicz.<\/div>\n<p><\/span><\/label><\/span><\/span><\/span><\/p>\n<p><input type=\"submit\" value=\"Wy\u015blij\" class=\"wpcf7-form-control wpcf7-submit\" \/><\/p><\/div>\n<div class=\"wpcf7-response-output\" aria-hidden=\"true\"><\/div><\/form><\/div>[\/vc_column][vc_column width=&#8221;1\/2&#8243; offset=&#8221;vc_col-lg-offset-0 vc_col-lg-4 vc_col-md-6 vc_col-xs-12&#8243; css=&#8221;.vc_custom_1595485248564{padding-top: 60px !important;}&#8221;][vc_empty_space height=&#8221;60px&#8221;][vc_column_text]<span style=\"color: #6e6e6e;\">1. Podane w niniejszym zg\u0142oszeniu dane os\u00f3b fizycznych, kt\u00f3re s\u0105 danymi osobowymi podlegaj\u0105 ochronie na podstawie przepis\u00f3w zawartych w Rozporz\u0105dzeniu Parlamentu Europejskiego i Rady (UE) 2016\/679 z dnia 27 kwietnia 2016 r. w sprawie ochrony os\u00f3b fizycznych w zwi\u0105zku z przetwarzaniem danych osobowych i w sprawie swobodnego przep\u0142ywu takich danych oraz uchylenia dyrektywy 95\/46\/WE (og\u00f3lne rozporz\u0105dzenie o ochronie danych; dalej jako: \u201eRODO\u201d). Administratorem Pa\u0144stwa danych osobowych jest MILOO-ELECTRONICS Sp. z o.o., Stary Wi\u015bnicz 289, 32-720 Nowy Wi\u015bnicz, NIP: 6792742423, REGON: 356556322, (zwany dalej MILOO-ELECTRONICS SP. Z O.O.).<\/span><\/p>\n<p><span style=\"color: #6e6e6e;\">2. Osoba fizyczna, kt\u00f3rej dane podlegaj\u0105 ww. ochronie dokonuj\u0105c niniejszego zg\u0142oszenia wyra\u017ca zgod\u0119 na przetwarzanie przez MILOO-ELECTRONICS podanych przez ni\u0105 danych osobowych w celu podejmowania przez MILOO-ELECTRONICS czynno\u015bci maj\u0105cych na celu realizacj\u0119 niniejszego zg\u0142oszenia. Podanie danych osobowych w ww. celu jest dobrowolne, przy czym konieczne do realizacji niniejszego zg\u0142oszenia. Dane osobowe b\u0119d\u0105 przetwarzane przez MILOO-ELECTRONICS jedynie w ww. celu.<\/span><\/p>\n<p><span style=\"color: #6e6e6e;\">MILOO-ELECTRONICS przetwarza dane osobowe zgodnie z ustaw\u0105 o ochronie danych osobowych oraz RODO. Szczeg\u00f3\u0142owe zasady przetwarzania danych osobowych znajduj\u0105 si\u0119 na stronie internetowej\u00a0<a style=\"color: #6e6e6e;\" href=\"https:\/\/www.sterylis.com\/rodo\">https:\/\/www.sterylis.com\/rodo<\/a><\/span>[\/vc_column_text][\/vc_column][\/vc_row][vc_row full_width=&#8221;stretch_row_content_no_spaces&#8221;][vc_column][vc_gmaps link=&#8221;#E-8_JTNDaWZyYW1lJTIwc3JjJTNEJTIyaHR0cHMlM0ElMkYlMkZ3d3cuZ29vZ2xlLmNvbSUyRm1hcHMlMkZlbWJlZCUzRnBiJTNEJTIxMW0xOCUyMTFtMTIlMjExbTMlMjExZDI1NjEuMTY1MzQyMzYwODg0NiUyMTJkMTQuNDYzMzYwODE1NzE3NDMlMjEzZDUwLjA2NDQ2NTA3OTQyMzk3NSUyMTJtMyUyMTFmMCUyMTJmMCUyMTNmMCUyMTNtMiUyMTFpMTAyNCUyMTJpNzY4JTIxNGYxMy4xJTIxM20zJTIxMW0yJTIxMXMweDQ3MGI5MzlkODQwMjg1ZmQlMjUzQTB4NjNmNmNiMjY3YTcwZTYxNCUyMTJzTW9za2V2c2slMjVDMyUyNUExJTI1MjA2NTklMjUyQyUyNTIwMTAxJTI1MjAwMCUyNTIwUHJhaGElMjUyMDEwLVZyJTI1QzUlMjVBMW92aWNlJTI1MkMlMjUyMEN6ZWNoeSUyMTVlMCUyMTNtMiUyMTFzcGwlMjEyc3BsJTIxNHYxNjA0NDkwNTgyMzM0JTIxNW0yJTIxMXNwbCUyMTJzcGwlMjIlMjB3aWR0aCUzRCUyMjYwMCUyMiUyMGhlaWdodCUzRCUyMjQ1MCUyMiUyMGZyYW1lYm9yZGVyJTNEJTIyMCUyMiUyMHN0eWxlJTNEJTIyYm9yZGVyJTNBMCUzQiUyMiUyMGFsbG93ZnVsbHNjcmVlbiUzRCUyMiUyMiUyMGFyaWEtaGlkZGVuJTNEJTIyZmFsc2UlMjIlMjB0YWJpbmRleCUzRCUyMjAlMjIlM0UlM0MlMkZpZnJhbWUlM0U=&#8221;][\/vc_column][\/vc_row]<\/p>","protected":false},"excerpt":{"rendered":"<p>[vc_row css=&#8221;.vc_custom_1595485527663{padding-bottom: 120px !important;}&#8221;][vc_column width=&#8221;1\/3&#8243;][vc_column_text]MILOO-ELECTRONICS Moskevsk\u00e1 659\/63 101 00 Praha www.sterylis.cz[\/vc_column_text][\/vc_column][vc_column width=&#8221;1\/3&#8243;][vc_column_text]Kancel\u00e1\u0159 p\u00e9\u010de o z\u00e1kazn\u00edky T. +420 770 142 890 objednavky@sterylis.cz[\/vc_column_text][\/vc_column][vc_column width=&#8221;1\/3&#8243;][vc_column_text]M\u00e9dia tel. +48 601975530 e-mail: media@sterylis.com[\/vc_column_text][\/vc_column][\/vc_row][vc_row full_width=&#8221;stretch_row_content&#8221; disable_element=&#8221;yes&#8221; css=&#8221;.vc_custom_1604410335313{padding-top: 0px !important;padding-bottom: 100px !important;}&#8221;][vc_column width=&#8221;1\/2&#8243; offset=&#8221;vc_col-lg-offset-1\/5 vc_col-lg-4 vc_col-md-6 vc_col-xs-12&#8243;][vc_empty_space height=&#8221;60px&#8221;][\/vc_column][vc_column [&hellip;]<\/p>\n","protected":false},"author":1,"featured_media":0,"parent":0,"menu_order":0,"comment_status":"closed","ping_status":"closed","template":"","meta":[],"yoast_head":"\n<title>Kontakt - STERYLIS<\/title>\n<meta name=\"robots\" content=\"index, follow, max-snippet:-1, max-image-preview:large, max-video-preview:-1\" \/>\n<link rel=\"canonical\" href=\"https:\/\/www.sterylis.com\/kontakt\/\" \/>\n<meta property=\"og:locale\" content=\"cs_CZ\" \/>\n<meta property=\"og:type\" content=\"article\" \/>\n<meta property=\"og:title\" content=\"[:pl]Kontakt[:en]Contact[:de]Kontakt[:cz]Kontakt[:ru]\u041a\u043e\u043d\u0442\u0430\u043a\u0442[:] - STERYLIS\" \/>\n<meta property=\"og:description\" content=\"[vc_row css=&#8221;.vc_custom_1595485527663{padding-bottom: 120px !important;}&#8221;][vc_column width=&#8221;1\/3&#8243;][vc_column_text]MILOO-ELECTRONICS Moskevsk\u00e1 659\/63 101 00 Praha www.sterylis.cz[\/vc_column_text][\/vc_column][vc_column width=&#8221;1\/3&#8243;][vc_column_text]Kancel\u00e1\u0159 p\u00e9\u010de o z\u00e1kazn\u00edky T. +420 770 142 890 objednavky@sterylis.cz[\/vc_column_text][\/vc_column][vc_column width=&#8221;1\/3&#8243;][vc_column_text]M\u00e9dia tel. +48 601975530 e-mail: media@sterylis.com[\/vc_column_text][\/vc_column][\/vc_row][vc_row full_width=&#8221;stretch_row_content&#8221; disable_element=&#8221;yes&#8221; css=&#8221;.vc_custom_1604410335313{padding-top: 0px !important;padding-bottom: 100px !important;}&#8221;][vc_column width=&#8221;1\/2&#8243; offset=&#8221;vc_col-lg-offset-1\/5 vc_col-lg-4 vc_col-md-6 vc_col-xs-12&#8243;][vc_empty_space height=&#8221;60px&#8221;][\/vc_column][vc_column [&hellip;]\" \/>\n<meta property=\"og:url\" content=\"https:\/\/www.sterylis.com\/kontakt\/\" \/>\n<meta property=\"og:site_name\" content=\"STERYLIS\" \/>\n<meta property=\"article:publisher\" content=\"https:\/\/www.facebook.com\/sterylis\" \/>\n<meta property=\"article:modified_time\" content=\"2025-01-17T15:50:03+00:00\" \/>\n<meta name=\"twitter:card\" content=\"summary_large_image\" \/>\n<meta name=\"twitter:label1\" content=\"Napsal(a)\">\n\t<meta name=\"twitter:data1\" content=\"admin\">\n\t<meta name=\"twitter:label2\" content=\"Odhadovan\u00e1 doba \u010dten\u00ed\">\n\t<meta name=\"twitter:data2\" content=\"6 minut\">\n","_links":{"self":[{"href":"https:\/\/www.sterylis.com\/cz\/wp-json\/wp\/v2\/pages\/5620"}],"collection":[{"href":"https:\/\/www.sterylis.com\/cz\/wp-json\/wp\/v2\/pages"}],"about":[{"href":"https:\/\/www.sterylis.com\/cz\/wp-json\/wp\/v2\/types\/page"}],"author":[{"embeddable":true,"href":"https:\/\/www.sterylis.com\/cz\/wp-json\/wp\/v2\/users\/1"}],"replies":[{"embeddable":true,"href":"https:\/\/www.sterylis.com\/cz\/wp-json\/wp\/v2\/comments?post=5620"}],"version-history":[{"count":66,"href":"https:\/\/www.sterylis.com\/cz\/wp-json\/wp\/v2\/pages\/5620\/revisions"}],"predecessor-version":[{"id":9200,"href":"https:\/\/www.sterylis.com\/cz\/wp-json\/wp\/v2\/pages\/5620\/revisions\/9200"}],"wp:attachment":[{"href":"https:\/\/www.sterylis.com\/cz\/wp-json\/wp\/v2\/media?parent=5620"}],"curies":[{"name":"wp","href":"https:\/\/api.w.org\/{rel}","templated":true}]}}