{"id":5743,"date":"2020-07-24T07:49:04","date_gmt":"2020-07-24T07:49:04","guid":{"rendered":"http:\/\/sterylis1.igloo.pl\/?page_id=5743"},"modified":"2020-10-12T08:13:39","modified_gmt":"2020-10-12T08:13:39","slug":"katalogi","status":"publish","type":"page","link":"https:\/\/www.sterylis.com\/cz\/ke-stazeni\/katalogi\/","title":{"rendered":"(Polski) Katalogi"},"content":{"rendered":"<p class=\"qtranxs-available-languages-message qtranxs-available-languages-message-cz\">Przepraszamy, ten wpis dost\u0119pny jest wy\u0142\u0105cznie w j\u0119zykach: <a href=\"https:\/\/www.sterylis.com\/pl\/wp-json\/wp\/v2\/pages\/5743\" class=\"qtranxs-available-language-link qtranxs-available-language-link-pl\" title=\"Polski\">Pol\u0161tina<\/a>, <a href=\"https:\/\/www.sterylis.com\/en\/wp-json\/wp\/v2\/pages\/5743\" class=\"qtranxs-available-language-link qtranxs-available-language-link-en\" title=\"English\">Angli\u010dtina (Usa)<\/a> and <a href=\"https:\/\/www.sterylis.com\/de\/wp-json\/wp\/v2\/pages\/5743\" class=\"qtranxs-available-language-link qtranxs-available-language-link-de\" title=\"Deutsch\">N\u011bm\u010dina<\/a>.<\/p>","protected":false},"excerpt":{"rendered":"<p>Przepraszamy, ten wpis dost\u0119pny jest wy\u0142\u0105cznie w j\u0119zykach: Pol\u0161tina, Angli\u010dtina (Usa) and N\u011bm\u010dina.<\/p>\n","protected":false},"author":1,"featured_media":0,"parent":5324,"menu_order":0,"comment_status":"closed","ping_status":"closed","template":"","meta":[],"yoast_head":"\n<title><\/title>\n<meta name=\"robots\" content=\"index, follow, max-snippet:-1, max-image-preview:large, max-video-preview:-1\" \/>\n<link rel=\"canonical\" href=\"https:\/\/www.sterylis.com\/en\/downloads\/catalogues\/\" \/>\n<meta property=\"og:locale\" content=\"cs_CZ\" \/>\n<meta property=\"og:type\" content=\"article\" \/>\n<meta property=\"og:title\" content=\"[:pl]Katalogi[:en]Catalogues[:de]Catalogues[:] - STERYLIS\" \/>\n<meta property=\"og:description\" content=\"Przepraszamy, ten wpis dost\u0119pny jest wy\u0142\u0105cznie w j\u0119zykach: Pol\u0161tina, Angli\u010dtina (Usa) and N\u011bm\u010dina.\" \/>\n<meta property=\"og:url\" content=\"https:\/\/www.sterylis.com\/en\/downloads\/catalogues\/\" \/>\n<meta property=\"og:site_name\" content=\"STERYLIS\" \/>\n<meta property=\"article:publisher\" content=\"https:\/\/www.facebook.com\/sterylis\" \/>\n<meta property=\"article:modified_time\" content=\"2020-10-12T08:13:39+00:00\" \/>\n<meta name=\"twitter:card\" content=\"summary_large_image\" \/>\n<meta name=\"twitter:label1\" content=\"Napsal(a)\">\n\t<meta name=\"twitter:data1\" content=\"admin\">\n\t<meta name=\"twitter:label2\" content=\"Odhadovan\u00e1 doba \u010dten\u00ed\">\n\t<meta name=\"twitter:data2\" content=\"2 minuty\">\n","_links":{"self":[{"href":"https:\/\/www.sterylis.com\/cz\/wp-json\/wp\/v2\/pages\/5743"}],"collection":[{"href":"https:\/\/www.sterylis.com\/cz\/wp-json\/wp\/v2\/pages"}],"about":[{"href":"https:\/\/www.sterylis.com\/cz\/wp-json\/wp\/v2\/types\/page"}],"author":[{"embeddable":true,"href":"https:\/\/www.sterylis.com\/cz\/wp-json\/wp\/v2\/users\/1"}],"replies":[{"embeddable":true,"href":"https:\/\/www.sterylis.com\/cz\/wp-json\/wp\/v2\/comments?post=5743"}],"version-history":[{"count":31,"href":"https:\/\/www.sterylis.com\/cz\/wp-json\/wp\/v2\/pages\/5743\/revisions"}],"predecessor-version":[{"id":6320,"href":"https:\/\/www.sterylis.com\/cz\/wp-json\/wp\/v2\/pages\/5743\/revisions\/6320"}],"up":[{"embeddable":true,"href":"https:\/\/www.sterylis.com\/cz\/wp-json\/wp\/v2\/pages\/5324"}],"wp:attachment":[{"href":"https:\/\/www.sterylis.com\/cz\/wp-json\/wp\/v2\/media?parent=5743"}],"curies":[{"name":"wp","href":"https:\/\/api.w.org\/{rel}","templated":true}]}}