{"id":5764,"date":"2020-07-24T08:43:09","date_gmt":"2020-07-24T08:43:09","guid":{"rendered":"http:\/\/sterylis1.igloo.pl\/?page_id=5764"},"modified":"2022-03-02T06:47:34","modified_gmt":"2022-03-02T06:47:34","slug":"instrukcje-obslugi","status":"publish","type":"page","link":"https:\/\/www.sterylis.com\/cz\/ke-stazeni\/navod-k-obsluze\/","title":{"rendered":"N\u00e1vod k obsluze"},"content":{"rendered":"<p>[vc_row css=&#8221;.vc_custom_1594383349362{padding-top: 80px !important;padding-bottom: 80px !important;}&#8221;][vc_column width=&#8221;1\/4&#8243; css=&#8221;.vc_custom_1603193203053{padding-bottom: 50px !important;}&#8221;][vc_single_image image=&#8221;6789&#8243; img_size=&#8221;full&#8221; alignment=&#8221;center&#8221; onclick=&#8221;custom_link&#8221; link=&#8221;\/files\/user_manuals\/Instrukcja%20obs%C5%82ugi%20BASIC%202.4%20CZ%20MILOO.pdf&#8221;][vc_column_text]<\/p>\n<h3><a href=\"\/files\/user_manuals\/Instrukcja%20obs%C5%82ugi%20BASIC%202.4%20CZ%20MILOO.pdf\">STERYLIS <span style=\"color: #35dacc;\"><strong>BASIC<\/strong><\/span><\/a><\/h3>\n<p>[\/vc_column_text][\/vc_column][vc_column width=&#8221;1\/4&#8243; css=&#8221;.vc_custom_1594390575613{padding-bottom: 60px !important;}&#8221;][vc_single_image image=&#8221;6788&#8243; img_size=&#8221;full&#8221; alignment=&#8221;center&#8221; onclick=&#8221;custom_link&#8221; link=&#8221;\/files\/user_manuals\/user manual STERYLIS VS EN.pdf&#8221;][vc_column_text]<\/p>\n<h3><a href=\"\/files\/user_manuals\/user manual STERYLIS VS EN.pdf\">STERYLIS <span style=\"color: #35dacc;\"><strong>VS<\/strong><\/span><\/a><\/h3>\n<p>[\/vc_column_text][\/vc_column][vc_column width=&#8221;1\/4&#8243; css=&#8221;.vc_custom_1594390563698{padding-bottom: 60px !important;}&#8221;][vc_single_image image=&#8221;6787&#8243; img_size=&#8221;full&#8221; alignment=&#8221;center&#8221; onclick=&#8221;custom_link&#8221; link=&#8221;\/files\/user_manuals\/Instrukcja obs\u0142ugi STERYLIS ULTRA CZ.pdf&#8221;][vc_column_text]<\/p>\n<h3><a href=\"\/files\/user_manuals\/Instrukcja obs\u0142ugi STERYLIS ULTRA CZ.pdf\">STERYLIS <span style=\"color: #35dacc;\"><strong>ULTRA<\/strong><\/span><\/a><\/h3>\n<p>[\/vc_column_text][\/vc_column][vc_column width=&#8221;1\/4&#8243;][vc_single_image image=&#8221;7410&#8243; img_size=&#8221;90&#215;90&#8243; alignment=&#8221;center&#8221; onclick=&#8221;custom_link&#8221;][vc_column_text]<\/p>\n<h3><a href=\"https:\/\/www.sterylis.com\/files\/user_manuals\/STERYLIS%20LIGHT%20AIR%20-%20instrukcja%20monta%C5%BCu.pdf\">STERYLIS <span style=\"color: #35dacc;\"><strong>LIGHT AIR<\/strong><\/span><\/a><\/h3>\n<h3><a href=\"https:\/\/www.sterylis.com\/files\/user_manuals\/STERYLIS%20LIGHT%20AIR%20NT%20-%20instrukcja%20monta%C5%BCu.pdf\">STERYLIS <span style=\"color: #35dacc;\"><strong>LIGHT AIR NT<\/strong><\/span><\/a><\/h3>\n<p>[\/vc_column_text][\/vc_column][\/vc_row]<\/p>","protected":false},"excerpt":{"rendered":"<p>[vc_row css=&#8221;.vc_custom_1594383349362{padding-top: 80px !important;padding-bottom: 80px !important;}&#8221;][vc_column width=&#8221;1\/4&#8243; css=&#8221;.vc_custom_1603193203053{padding-bottom: 50px !important;}&#8221;][vc_single_image image=&#8221;6789&#8243; img_size=&#8221;full&#8221; alignment=&#8221;center&#8221; onclick=&#8221;custom_link&#8221; link=&#8221;\/files\/user_manuals\/Instrukcja%20obs%C5%82ugi%20BASIC%202.4%20CZ%20MILOO.pdf&#8221;][vc_column_text] STERYLIS BASIC [\/vc_column_text][\/vc_column][vc_column width=&#8221;1\/4&#8243; css=&#8221;.vc_custom_1594390575613{padding-bottom: 60px !important;}&#8221;][vc_single_image image=&#8221;6788&#8243; img_size=&#8221;full&#8221; alignment=&#8221;center&#8221; onclick=&#8221;custom_link&#8221; link=&#8221;\/files\/user_manuals\/user manual STERYLIS VS EN.pdf&#8221;][vc_column_text] STERYLIS VS [\/vc_column_text][\/vc_column][vc_column width=&#8221;1\/4&#8243; css=&#8221;.vc_custom_1594390563698{padding-bottom: 60px !important;}&#8221;][vc_single_image image=&#8221;6787&#8243; img_size=&#8221;full&#8221; [&hellip;]<\/p>\n","protected":false},"author":1,"featured_media":0,"parent":5324,"menu_order":0,"comment_status":"closed","ping_status":"closed","template":"","meta":[],"yoast_head":"\n<title>N\u00e1vod k obsluze - STERYLIS<\/title>\n<meta name=\"robots\" content=\"index, follow, max-snippet:-1, max-image-preview:large, max-video-preview:-1\" \/>\n<link rel=\"canonical\" href=\"https:\/\/www.sterylis.com\/do-pobrania\/instrukcje-obslugi\/\" \/>\n<meta property=\"og:locale\" content=\"cs_CZ\" \/>\n<meta property=\"og:type\" content=\"article\" \/>\n<meta property=\"og:title\" content=\"[:pl]Instrukcje obs\u0142ugi[:en]Data sheets[:de]Bedienungsanleitung[:cz]N\u00e1vod k obsluze[:ru]\u0418\u043d\u0441\u0442\u0440\u0443\u043a\u0446\u0438\u044f[:] - STERYLIS\" \/>\n<meta property=\"og:description\" content=\"[vc_row css=&#8221;.vc_custom_1594383349362{padding-top: 80px !important;padding-bottom: 80px !important;}&#8221;][vc_column width=&#8221;1\/4&#8243; css=&#8221;.vc_custom_1603193203053{padding-bottom: 50px !important;}&#8221;][vc_single_image image=&#8221;6789&#8243; img_size=&#8221;full&#8221; alignment=&#8221;center&#8221; onclick=&#8221;custom_link&#8221; link=&#8221;\/files\/user_manuals\/Instrukcja%20obs%C5%82ugi%20BASIC%202.4%20CZ%20MILOO.pdf&#8221;][vc_column_text] STERYLIS BASIC [\/vc_column_text][\/vc_column][vc_column width=&#8221;1\/4&#8243; css=&#8221;.vc_custom_1594390575613{padding-bottom: 60px !important;}&#8221;][vc_single_image image=&#8221;6788&#8243; img_size=&#8221;full&#8221; alignment=&#8221;center&#8221; onclick=&#8221;custom_link&#8221; link=&#8221;\/files\/user_manuals\/user manual STERYLIS VS EN.pdf&#8221;][vc_column_text] STERYLIS VS [\/vc_column_text][\/vc_column][vc_column width=&#8221;1\/4&#8243; css=&#8221;.vc_custom_1594390563698{padding-bottom: 60px !important;}&#8221;][vc_single_image image=&#8221;6787&#8243; img_size=&#8221;full&#8221; [&hellip;]\" \/>\n<meta property=\"og:url\" content=\"https:\/\/www.sterylis.com\/do-pobrania\/instrukcje-obslugi\/\" \/>\n<meta property=\"og:site_name\" content=\"STERYLIS\" \/>\n<meta property=\"article:publisher\" content=\"https:\/\/www.facebook.com\/sterylis\" \/>\n<meta property=\"article:modified_time\" content=\"2022-03-02T06:47:34+00:00\" \/>\n<meta name=\"twitter:card\" content=\"summary_large_image\" \/>\n<meta name=\"twitter:label1\" content=\"Napsal(a)\">\n\t<meta name=\"twitter:data1\" content=\"admin\">\n\t<meta name=\"twitter:label2\" content=\"Odhadovan\u00e1 doba \u010dten\u00ed\">\n\t<meta name=\"twitter:data2\" content=\"4 minuty\">\n","_links":{"self":[{"href":"https:\/\/www.sterylis.com\/cz\/wp-json\/wp\/v2\/pages\/5764"}],"collection":[{"href":"https:\/\/www.sterylis.com\/cz\/wp-json\/wp\/v2\/pages"}],"about":[{"href":"https:\/\/www.sterylis.com\/cz\/wp-json\/wp\/v2\/types\/page"}],"author":[{"embeddable":true,"href":"https:\/\/www.sterylis.com\/cz\/wp-json\/wp\/v2\/users\/1"}],"replies":[{"embeddable":true,"href":"https:\/\/www.sterylis.com\/cz\/wp-json\/wp\/v2\/comments?post=5764"}],"version-history":[{"count":63,"href":"https:\/\/www.sterylis.com\/cz\/wp-json\/wp\/v2\/pages\/5764\/revisions"}],"predecessor-version":[{"id":9152,"href":"https:\/\/www.sterylis.com\/cz\/wp-json\/wp\/v2\/pages\/5764\/revisions\/9152"}],"up":[{"embeddable":true,"href":"https:\/\/www.sterylis.com\/cz\/wp-json\/wp\/v2\/pages\/5324"}],"wp:attachment":[{"href":"https:\/\/www.sterylis.com\/cz\/wp-json\/wp\/v2\/media?parent=5764"}],"curies":[{"name":"wp","href":"https:\/\/api.w.org\/{rel}","templated":true}]}}