{"id":5800,"date":"2020-07-24T12:20:38","date_gmt":"2020-07-24T12:20:38","guid":{"rendered":"http:\/\/sterylis1.igloo.pl\/?page_id=5800"},"modified":"2020-11-03T13:45:11","modified_gmt":"2020-11-03T13:45:11","slug":"media","status":"publish","type":"page","link":"https:\/\/www.sterylis.com\/cz\/ke-stazeni\/media\/","title":{"rendered":"M\u00e9dia"},"content":{"rendered":"<p>[vc_row equal_height=&#8221;yes&#8221; content_placement=&#8221;bottom&#8221; css=&#8221;.vc_custom_1600772815903{padding-top: 30px !important;padding-bottom: 100px !important;}&#8221;][vc_column width=&#8221;1\/3&#8243;]<div class=\"eltdf-single-image-holder   \">\n    <div class=\"eltdf-si-inner\" >\n                                    <img width=\"3508\" height=\"2481\" src=\"https:\/\/www.sterylis.com\/wp-content\/uploads\/2020\/07\/sterylis_logo.png\" class=\"attachment-full size-full\" alt=\"M\u00e9dia\" loading=\"lazy\" srcset=\"https:\/\/www.sterylis.com\/wp-content\/uploads\/2020\/07\/sterylis_logo.png 3508w, https:\/\/www.sterylis.com\/wp-content\/uploads\/2020\/07\/sterylis_logo-800x566.png 800w, https:\/\/www.sterylis.com\/wp-content\/uploads\/2020\/07\/sterylis_logo-300x212.png 300w, https:\/\/www.sterylis.com\/wp-content\/uploads\/2020\/07\/sterylis_logo-1024x724.png 1024w, https:\/\/www.sterylis.com\/wp-content\/uploads\/2020\/07\/sterylis_logo-768x543.png 768w, https:\/\/www.sterylis.com\/wp-content\/uploads\/2020\/07\/sterylis_logo-1536x1086.png 1536w\" sizes=\"(max-width: 3508px) 100vw, 3508px\" title=\"M\u00e9dia\" \/>                        <\/div>\n<\/div>[vc_empty_space][vc_column_text]<\/p>\n<h2>Logo Sterylis<\/h2>\n<p>[\/vc_column_text][vc_empty_space]<a itemprop=\"url\" href=\"\/files\/media\/sterylis_logo_en.ai\" target=\"_blank\"  class=\"eltdf-btn eltdf-btn-medium eltdf-btn-solid\"  >\n    <span class=\"eltdf-btn-text\">St\u00e1hnout <\/span>\n        <\/a>[\/vc_column][vc_column width=&#8221;1\/3&#8243;]<div class=\"eltdf-single-image-holder   \">\n    <div class=\"eltdf-si-inner\" >\n                                    <img width=\"800\" height=\"545\" src=\"https:\/\/www.sterylis.com\/wp-content\/uploads\/2020\/07\/ksiega_znaku.jpg\" class=\"attachment-full size-full\" alt=\"M\u00e9dia\" loading=\"lazy\" srcset=\"https:\/\/www.sterylis.com\/wp-content\/uploads\/2020\/07\/ksiega_znaku.jpg 800w, https:\/\/www.sterylis.com\/wp-content\/uploads\/2020\/07\/ksiega_znaku-600x409.jpg 600w, https:\/\/www.sterylis.com\/wp-content\/uploads\/2020\/07\/ksiega_znaku-300x204.jpg 300w, https:\/\/www.sterylis.com\/wp-content\/uploads\/2020\/07\/ksiega_znaku-768x523.jpg 768w\" sizes=\"(max-width: 800px) 100vw, 800px\" title=\"M\u00e9dia\" \/>                        <\/div>\n<\/div>[vc_empty_space][vc_column_text]<\/p>\n<h2>Brand book<\/h2>\n<p>[\/vc_column_text][vc_empty_space]<a itemprop=\"url\" href=\"\/files\/media\/ksiega_znaku_sterylis.pdf\" target=\"_blank\"  class=\"eltdf-btn eltdf-btn-medium eltdf-btn-solid\"  >\n    <span class=\"eltdf-btn-text\">St\u00e1hnout <\/span>\n        <\/a>[\/vc_column][vc_column width=&#8221;1\/3&#8243;]<div class=\"eltdf-single-image-holder   \">\n    <div class=\"eltdf-si-inner\" >\n                                    <img width=\"1906\" height=\"1035\" src=\"https:\/\/www.sterylis.com\/wp-content\/uploads\/2020\/09\/film.jpg\" class=\"attachment-full size-full\" alt=\"M\u00e9dia\" loading=\"lazy\" srcset=\"https:\/\/www.sterylis.com\/wp-content\/uploads\/2020\/09\/film.jpg 1906w, https:\/\/www.sterylis.com\/wp-content\/uploads\/2020\/09\/film-800x434.jpg 800w, https:\/\/www.sterylis.com\/wp-content\/uploads\/2020\/09\/film-300x163.jpg 300w, https:\/\/www.sterylis.com\/wp-content\/uploads\/2020\/09\/film-1024x556.jpg 1024w, https:\/\/www.sterylis.com\/wp-content\/uploads\/2020\/09\/film-768x417.jpg 768w, https:\/\/www.sterylis.com\/wp-content\/uploads\/2020\/09\/film-1536x834.jpg 1536w\" sizes=\"(max-width: 1906px) 100vw, 1906px\" title=\"M\u00e9dia\" \/>                        <\/div>\n<\/div>[vc_empty_space][vc_column_text]<\/p>\n<h2>Video<\/h2>\n<p>[\/vc_column_text][vc_empty_space]<a itemprop=\"url\" href=\"\/files\/media\/PL%20Sterylizator%20powietrza%20firmy%20Miloo%204K.mp4\" target=\"_blank\"  class=\"eltdf-btn eltdf-btn-medium eltdf-btn-solid\"  >\n    <span class=\"eltdf-btn-text\">St\u00e1hnout <\/span>\n        <\/a>[\/vc_column][\/vc_row]<\/p>","protected":false},"excerpt":{"rendered":"<p>[vc_row equal_height=&#8221;yes&#8221; content_placement=&#8221;bottom&#8221; css=&#8221;.vc_custom_1600772815903{padding-top: 30px !important;padding-bottom: 100px !important;}&#8221;][vc_column width=&#8221;1\/3&#8243;][vc_empty_space][vc_column_text] Logo Sterylis [\/vc_column_text][vc_empty_space][\/vc_column][vc_column width=&#8221;1\/3&#8243;][vc_empty_space][vc_column_text] Brand book [\/vc_column_text][vc_empty_space][\/vc_column][vc_column width=&#8221;1\/3&#8243;][vc_empty_space][vc_column_text] Video [\/vc_column_text][vc_empty_space][\/vc_column][\/vc_row]<\/p>\n","protected":false},"author":1,"featured_media":0,"parent":5324,"menu_order":0,"comment_status":"closed","ping_status":"closed","template":"","meta":[],"yoast_head":"\n<title>M\u00e9dia - STERYLIS<\/title>\n<meta name=\"robots\" content=\"index, follow, max-snippet:-1, max-image-preview:large, max-video-preview:-1\" \/>\n<link rel=\"canonical\" href=\"https:\/\/www.sterylis.com\/do-pobrania\/media\/\" \/>\n<meta property=\"og:locale\" content=\"cs_CZ\" \/>\n<meta property=\"og:type\" content=\"article\" \/>\n<meta property=\"og:title\" content=\"[:pl]Media[:en]Media[:de]Medien[:cz]M\u00e9dia[:] - STERYLIS\" \/>\n<meta property=\"og:description\" content=\"[vc_row equal_height=&#8221;yes&#8221; content_placement=&#8221;bottom&#8221; css=&#8221;.vc_custom_1600772815903{padding-top: 30px !important;padding-bottom: 100px !important;}&#8221;][vc_column width=&#8221;1\/3&#8243;][vc_empty_space][vc_column_text] Logo Sterylis [\/vc_column_text][vc_empty_space][\/vc_column][vc_column width=&#8221;1\/3&#8243;][vc_empty_space][vc_column_text] Brand book [\/vc_column_text][vc_empty_space][\/vc_column][vc_column width=&#8221;1\/3&#8243;][vc_empty_space][vc_column_text] Video [\/vc_column_text][vc_empty_space][\/vc_column][\/vc_row]\" \/>\n<meta property=\"og:url\" content=\"https:\/\/www.sterylis.com\/do-pobrania\/media\/\" \/>\n<meta property=\"og:site_name\" content=\"STERYLIS\" \/>\n<meta property=\"article:publisher\" content=\"https:\/\/www.facebook.com\/sterylis\" \/>\n<meta property=\"article:modified_time\" content=\"2020-11-03T13:45:11+00:00\" \/>\n<meta name=\"twitter:card\" content=\"summary_large_image\" \/>\n<meta name=\"twitter:label1\" content=\"Napsal(a)\">\n\t<meta name=\"twitter:data1\" content=\"admin\">\n\t<meta name=\"twitter:label2\" content=\"Odhadovan\u00e1 doba \u010dten\u00ed\">\n\t<meta name=\"twitter:data2\" content=\"3 minuty\">\n","_links":{"self":[{"href":"https:\/\/www.sterylis.com\/cz\/wp-json\/wp\/v2\/pages\/5800"}],"collection":[{"href":"https:\/\/www.sterylis.com\/cz\/wp-json\/wp\/v2\/pages"}],"about":[{"href":"https:\/\/www.sterylis.com\/cz\/wp-json\/wp\/v2\/types\/page"}],"author":[{"embeddable":true,"href":"https:\/\/www.sterylis.com\/cz\/wp-json\/wp\/v2\/users\/1"}],"replies":[{"embeddable":true,"href":"https:\/\/www.sterylis.com\/cz\/wp-json\/wp\/v2\/comments?post=5800"}],"version-history":[{"count":8,"href":"https:\/\/www.sterylis.com\/cz\/wp-json\/wp\/v2\/pages\/5800\/revisions"}],"predecessor-version":[{"id":8860,"href":"https:\/\/www.sterylis.com\/cz\/wp-json\/wp\/v2\/pages\/5800\/revisions\/8860"}],"up":[{"embeddable":true,"href":"https:\/\/www.sterylis.com\/cz\/wp-json\/wp\/v2\/pages\/5324"}],"wp:attachment":[{"href":"https:\/\/www.sterylis.com\/cz\/wp-json\/wp\/v2\/media?parent=5800"}],"curies":[{"name":"wp","href":"https:\/\/api.w.org\/{rel}","templated":true}]}}