{"id":6085,"date":"2020-09-21T10:34:12","date_gmt":"2020-09-21T10:34:12","guid":{"rendered":"http:\/\/www.sterylis.igloo.pl\/?page_id=6085"},"modified":"2021-09-02T08:44:31","modified_gmt":"2021-09-02T08:44:31","slug":"stacje-benzynowe","status":"publish","type":"page","link":"https:\/\/www.sterylis.com\/cz\/produkty\/cerpaci-stanice\/","title":{"rendered":"\u010cerpac\u00ed stanice"},"content":{"rendered":"<p><\/p>\n<p>[vc_row][vc_column][vc_basic_grid post_type=&#8221;ids&#8221; item=&#8221;6619&#8243; grid_id=&#8221;vc_gid:1622097294714-4a59f303-0e05-2&#8243; include=&#8221;7399, 7432, 7435, 7438, 7971, 7976, 7968, 7974&#8243;][\/vc_column][\/vc_row][vc_row][vc_column][vc_basic_grid post_type=&#8221;ids&#8221; item=&#8221;6619&#8243; grid_id=&#8221;vc_gid:1622097294716-aea8c0ca-0b1c-6&#8243; include=&#8221;5534, 5548, 5550, 5553&#8243;][\/vc_column][\/vc_row]<\/p>\n<p><\/p>","protected":false},"excerpt":{"rendered":"<p>[vc_row][vc_column][vc_basic_grid post_type=&#8221;ids&#8221; item=&#8221;6619&#8243; grid_id=&#8221;vc_gid:1622097294714-4a59f303-0e05-2&#8243; include=&#8221;7399, 7432, 7435, 7438, 7971, 7976, 7968, 7974&#8243;][\/vc_column][\/vc_row][vc_row][vc_column][vc_basic_grid post_type=&#8221;ids&#8221; item=&#8221;6619&#8243; grid_id=&#8221;vc_gid:1622097294716-aea8c0ca-0b1c-6&#8243; include=&#8221;5534, 5548, 5550, 5553&#8243;][\/vc_column][\/vc_row]<\/p>\n","protected":false},"author":1,"featured_media":0,"parent":5258,"menu_order":0,"comment_status":"closed","ping_status":"closed","template":"","meta":[],"yoast_head":"\n<title>\u010cerpac\u00ed stanice - STERYLIS<\/title>\n<meta name=\"robots\" content=\"index, follow, max-snippet:-1, max-image-preview:large, max-video-preview:-1\" \/>\n<link rel=\"canonical\" href=\"https:\/\/www.sterylis.com\/produkty\/stacje-benzynowe\/\" \/>\n<meta property=\"og:locale\" content=\"cs_CZ\" \/>\n<meta property=\"og:type\" content=\"article\" \/>\n<meta property=\"og:title\" content=\"[:pl]Stacje benzynowe[:en]Petrol stations[:de]Tankstellen[:cz]\u010cerpac\u00ed stanice[:ru]\u0417\u0430\u043f\u0440\u0430\u0432\u043e\u0447\u043d\u044b\u0435 \u0441\u0442\u0430\u043d\u0446\u0438\u0438[:CS]\u010cerpac\u00ed stanice[:] - STERYLIS\" \/>\n<meta property=\"og:description\" content=\"[vc_row][vc_column][vc_basic_grid post_type=&#8221;ids&#8221; item=&#8221;6619&#8243; grid_id=&#8221;vc_gid:1622097294714-4a59f303-0e05-2&#8243; include=&#8221;7399, 7432, 7435, 7438, 7971, 7976, 7968, 7974&#8243;][\/vc_column][\/vc_row][vc_row][vc_column][vc_basic_grid post_type=&#8221;ids&#8221; item=&#8221;6619&#8243; grid_id=&#8221;vc_gid:1622097294716-aea8c0ca-0b1c-6&#8243; include=&#8221;5534, 5548, 5550, 5553&#8243;][\/vc_column][\/vc_row]\" \/>\n<meta property=\"og:url\" content=\"https:\/\/www.sterylis.com\/produkty\/stacje-benzynowe\/\" \/>\n<meta property=\"og:site_name\" content=\"STERYLIS\" \/>\n<meta property=\"article:publisher\" content=\"https:\/\/www.facebook.com\/sterylis\" \/>\n<meta property=\"article:modified_time\" content=\"2021-09-02T08:44:31+00:00\" \/>\n<meta name=\"twitter:card\" content=\"summary_large_image\" \/>\n<meta name=\"twitter:label1\" content=\"Napsal(a)\">\n\t<meta name=\"twitter:data1\" content=\"admin\">\n\t<meta name=\"twitter:label2\" content=\"Odhadovan\u00e1 doba \u010dten\u00ed\">\n\t<meta name=\"twitter:data2\" content=\"1 minuta\">\n","_links":{"self":[{"href":"https:\/\/www.sterylis.com\/cz\/wp-json\/wp\/v2\/pages\/6085"}],"collection":[{"href":"https:\/\/www.sterylis.com\/cz\/wp-json\/wp\/v2\/pages"}],"about":[{"href":"https:\/\/www.sterylis.com\/cz\/wp-json\/wp\/v2\/types\/page"}],"author":[{"embeddable":true,"href":"https:\/\/www.sterylis.com\/cz\/wp-json\/wp\/v2\/users\/1"}],"replies":[{"embeddable":true,"href":"https:\/\/www.sterylis.com\/cz\/wp-json\/wp\/v2\/comments?post=6085"}],"version-history":[{"count":23,"href":"https:\/\/www.sterylis.com\/cz\/wp-json\/wp\/v2\/pages\/6085\/revisions"}],"predecessor-version":[{"id":8736,"href":"https:\/\/www.sterylis.com\/cz\/wp-json\/wp\/v2\/pages\/6085\/revisions\/8736"}],"up":[{"embeddable":true,"href":"https:\/\/www.sterylis.com\/cz\/wp-json\/wp\/v2\/pages\/5258"}],"wp:attachment":[{"href":"https:\/\/www.sterylis.com\/cz\/wp-json\/wp\/v2\/media?parent=6085"}],"curies":[{"name":"wp","href":"https:\/\/api.w.org\/{rel}","templated":true}]}}