{"id":6234,"date":"2020-09-28T13:45:52","date_gmt":"2020-09-28T13:45:52","guid":{"rendered":"https:\/\/www.sterylis.com\/?page_id=6234"},"modified":"2020-09-28T13:45:52","modified_gmt":"2020-09-28T13:45:52","slug":"rodo","status":"publish","type":"page","link":"https:\/\/www.sterylis.com\/cz\/rodo\/","title":{"rendered":"RODO"},"content":{"rendered":"<p><strong>INFORMACJA PRZEDSI\u0118BIORCY<\/strong><br \/>\n<strong>MILOO-ELECTRONICS SP. Z O.O.<\/strong><br \/>\nul. Stary Wi\u015bnicz, 32-720 Nowy Wi\u015bnicz,<br \/>\nnumer NIP:6792742423, numer REGON: 356556322<\/p>\n<p>prowadz\u0105cego dzia\u0142alno\u015b\u0107 gospodarcz\u0105 pod firm\u0105 MILOO-ELECTRONICS<br \/>\n<strong>dotycz\u0105ca Pa\u0144stwa danych osobowych<\/strong><\/p>\n<p>realizuj\u0105ca wymogi rozporz\u0105dzenia Parlamentu Europejskiego i Rady (UE) 2016\/679 z dnia 27 kwietnia 2016 r. w sprawie ochrony os\u00f3b fizycznych w zwi\u0105zku z przetwarzaniem danych osobowych i w sprawie swobodnego przep\u0142ywu takich danych oraz uchylenia dyrektywy 95\/46\/WE (og\u00f3lne rozporz\u0105dzenie o ochronie danych; dalej jako: \u201eRODO\u201d)<\/p>\n<ol>\n<li>Administratorem Pa\u0144stwa danych osobowych jest MILOO-ELECTRONICS SP. Z O.O., Stary Wi\u015bnicz 289, 32-720 Nowy Wi\u015bnicz, numer NIP:6792742423, numer REGON: 356556322, (zwany dalej Administratorem).<\/li>\n<li>Dane kontaktowe:<br \/>\na. Administratora: adres e-mail\u00a0<a href=\"mailto:biuro@emiloo.pl\">biuro@emiloo.pl<\/a><br \/>\nb. Inspektora Ochrony Danych: adres e-mail\u00a0<a href=\"mailto:iod@emiloo.pl\">iod@emiloo.pl<\/a><\/li>\n<li>W zale\u017cno\u015bci od udzielonych przez Pa\u0144stwa zg\u00f3d i istniej\u0105cych obowi\u0105zk\u00f3w prawnych, Pa\u0144stwa dane mog\u0105 by\u0107 przetwarzane przez Administratora na podstawie art. 6 ust. 1 lit. a, b) c) i f) RODO w celu:<br \/>\na) Zawarcia i wykonania przez Administratora zawartej z Pa\u0144stwem umowy (w wypadku jej zawarcia)- podstaw\u0105 prawn\u0105 przetwarzania jest d\u0105\u017cenie do zawarcia i wykonania zawartej umowy,<br \/>\nb) Marketingu bezpo\u015bredniego us\u0142ug administratora, w czasie trwania umowy, a tak\u017ce po jej zako\u0144czeniu, w celu przedstawienia oferty us\u0142ug Administratora i ich warunk\u00f3w \u2013 podstaw\u0105 prawn\u0105 przetwarzania jest prawnie uzasadniony interes administratora lub Pa\u0144stwa zgoda,<br \/>\nc) Wype\u0142nienia ci\u0105\u017c\u0105cych na administratorze obowi\u0105zk\u00f3w prawnych \u2013 podstaw\u0105 prawn\u0105 przetwarzania jest przepis prawa,<br \/>\nd) Dochodzenia i rozpatrywania roszcze\u0144 zwi\u0105zanych z zawart\u0105 z Pa\u0144stwem umow\u0105 (w wypadku jej zawarcia) \u2013 podstaw\u0105 prawn\u0105 przetwarzania jest uzasadniony interes administratora lub przepis prawa (kodeks cywilny lub inna w\u0142a\u015bciwa ustawa),<\/li>\n<li>Administrator nie dokonuje zautomatyzowanego przetwarzania danych osobowych, w szczeg\u00f3lno\u015bci nie dokonuje ich profilowania.<\/li>\n<li>Podanie przez Pa\u0144stwa danych jest:<br \/>\na) dobrowolne ale niezb\u0119dne w celu zawarcia i wykonania umowy zakupu lub sprzeda\u017cy (w wypadku woli jej zawarcia),<br \/>\nb) ca\u0142kowicie dobrowolne w zakresie ich przetwarzania w celu marketingowym.<\/li>\n<li>Przys\u0142uguje Pa\u0144stwu tak\u017ce prawo zg\u0142oszenia sprzeciwu wobec przetwarzania danych<br \/>\nw celu marketingowym.<\/li>\n<li>Pa\u0144stwa dane s\u0105 przetwarzane przez administratora dla poszczeg\u00f3lnych cel\u00f3w odpowiednio z up\u0142ywem terminu:<br \/>\na) wymaganego przepisem prawa,<br \/>\nb) istnienia prawnie uzasadnionego interesu administratora,<br \/>\nc) przedawnienia wszelkich roszcze\u0144 z tytu\u0142u zawartej umowy,<br \/>\nd) obowi\u0105zywania udzielonej przez Pa\u0144stwa zgody.<\/li>\n<li>Administrator mo\u017ce udost\u0119pnia\u0107 Pa\u0144stwa dane osobowe wy\u0142\u0105cznie:<br \/>\na) Podmiotom upowa\u017cnionym na podstawie przepis\u00f3w prawa,<br \/>\nb) Podmiotom upowa\u017cnionym przez administratora wy\u0142\u0105cznie w interesie administratora i na jego rzecz na podstawie zawartej umowy i w granicach tam okre\u015blonych, w szczeg\u00f3lno\u015bci zewn\u0119trznym dostawcom us\u0142ug,<br \/>\nc) Innym podmiotom na podstawie wyra\u017anie udzielonej przez Pa\u0144stwa zgody.<\/li>\n<li>Pa\u0144stwa dane osobowe nie b\u0119d\u0105 przekazywane przez Administratora do pa\u0144stw trzecich lub podmiot\u00f3w posiadaj\u0105cych siedzib\u0119 na terenie pa\u0144stw obcych.<\/li>\n<li>Przys\u0142uguje Pa\u0144stwu prawo dost\u0119pu do danych, poprawiania danych lub ich przenoszenia, a tak\u017ce wyra\u017cenia sprzeciwu wobec przetwarzania danych w celach marketingowych, \u017c\u0105dania usuni\u0119cia danych lub ograniczenia ich przetwarzania. Maj\u0105 Pa\u0144stwo tak\u017ce prawo wycofania zgody w ka\u017cdym czasie. Wycofanie zgody nie ma wp\u0142ywu na przetwarzanie oparte na tej zgodzie przed dniem jej wycofania.<\/li>\n<li>W razie jakichkolwiek w\u0105tpliwo\u015bci dotycz\u0105cych przetwarzania Pa\u0144stwa danych osobowych przez Administratora danych mog\u0105 Pa\u0144stwo skontaktowa\u0107 si\u0119 z Inspektorem Ochrony Danych poprzez podany adres e-mail.<\/li>\n<li>Przys\u0142uguje Pa\u0144stwu r\u00f3wnie\u017c prawo wniesienia skargi do organu nadzorczego tj. Prezesa Urz\u0119du Ochrony Danych Osobowych.<\/li>\n<\/ol>\n","protected":false},"excerpt":{"rendered":"<p>INFORMACJA PRZEDSI\u0118BIORCY MILOO-ELECTRONICS SP. Z O.O. ul. Stary Wi\u015bnicz, 32-720 Nowy Wi\u015bnicz, numer NIP:6792742423, numer REGON: 356556322 prowadz\u0105cego dzia\u0142alno\u015b\u0107 gospodarcz\u0105 pod firm\u0105 MILOO-ELECTRONICS dotycz\u0105ca Pa\u0144stwa danych osobowych realizuj\u0105ca wymogi rozporz\u0105dzenia Parlamentu Europejskiego i Rady (UE) 2016\/679 z dnia 27 kwietnia [&hellip;]<\/p>\n","protected":false},"author":1,"featured_media":0,"parent":0,"menu_order":0,"comment_status":"closed","ping_status":"closed","template":"","meta":[],"yoast_head":"\n<title>RODO - STERYLIS<\/title>\n<meta name=\"robots\" content=\"index, follow, max-snippet:-1, max-image-preview:large, max-video-preview:-1\" \/>\n<link rel=\"canonical\" href=\"https:\/\/www.sterylis.com\/cz\/rodo\/\" \/>\n<meta property=\"og:locale\" content=\"cs_CZ\" \/>\n<meta property=\"og:type\" content=\"article\" \/>\n<meta property=\"og:title\" content=\"RODO - STERYLIS\" \/>\n<meta property=\"og:description\" content=\"INFORMACJA PRZEDSI\u0118BIORCY MILOO-ELECTRONICS SP. Z O.O. ul. Stary Wi\u015bnicz, 32-720 Nowy Wi\u015bnicz, numer NIP:6792742423, numer REGON: 356556322 prowadz\u0105cego dzia\u0142alno\u015b\u0107 gospodarcz\u0105 pod firm\u0105 MILOO-ELECTRONICS dotycz\u0105ca Pa\u0144stwa danych osobowych realizuj\u0105ca wymogi rozporz\u0105dzenia Parlamentu Europejskiego i Rady (UE) 2016\/679 z dnia 27 kwietnia [&hellip;]\" \/>\n<meta property=\"og:url\" content=\"https:\/\/www.sterylis.com\/cz\/rodo\/\" \/>\n<meta property=\"og:site_name\" content=\"STERYLIS\" \/>\n<meta property=\"article:publisher\" content=\"https:\/\/www.facebook.com\/sterylis\" \/>\n<meta name=\"twitter:card\" content=\"summary_large_image\" \/>\n<meta name=\"twitter:label1\" content=\"Napsal(a)\">\n\t<meta name=\"twitter:data1\" content=\"admin\">\n\t<meta name=\"twitter:label2\" content=\"Odhadovan\u00e1 doba \u010dten\u00ed\">\n\t<meta name=\"twitter:data2\" content=\"2 minuty\">\n","_links":{"self":[{"href":"https:\/\/www.sterylis.com\/cz\/wp-json\/wp\/v2\/pages\/6234"}],"collection":[{"href":"https:\/\/www.sterylis.com\/cz\/wp-json\/wp\/v2\/pages"}],"about":[{"href":"https:\/\/www.sterylis.com\/cz\/wp-json\/wp\/v2\/types\/page"}],"author":[{"embeddable":true,"href":"https:\/\/www.sterylis.com\/cz\/wp-json\/wp\/v2\/users\/1"}],"replies":[{"embeddable":true,"href":"https:\/\/www.sterylis.com\/cz\/wp-json\/wp\/v2\/comments?post=6234"}],"version-history":[{"count":1,"href":"https:\/\/www.sterylis.com\/cz\/wp-json\/wp\/v2\/pages\/6234\/revisions"}],"predecessor-version":[{"id":6235,"href":"https:\/\/www.sterylis.com\/cz\/wp-json\/wp\/v2\/pages\/6234\/revisions\/6235"}],"wp:attachment":[{"href":"https:\/\/www.sterylis.com\/cz\/wp-json\/wp\/v2\/media?parent=6234"}],"curies":[{"name":"wp","href":"https:\/\/api.w.org\/{rel}","templated":true}]}}