{"id":6259,"date":"2020-09-30T07:53:45","date_gmt":"2020-09-30T07:53:45","guid":{"rendered":"https:\/\/www.sterylis.com\/?page_id=6259"},"modified":"2024-01-23T11:28:54","modified_gmt":"2024-01-23T11:28:54","slug":"dla-mediow","status":"publish","type":"page","link":"https:\/\/www.sterylis.com\/cz\/ke-stazeni\/polski-dla-mediow\/","title":{"rendered":"(Polski) Dla medi\u00f3w"},"content":{"rendered":"<p class=\"qtranxs-available-languages-message qtranxs-available-languages-message-cz\">Przepraszamy, ten wpis dost\u0119pny jest wy\u0142\u0105cznie w j\u0119zykach: <a href=\"https:\/\/www.sterylis.com\/pl\/wp-json\/wp\/v2\/pages\/6259\" class=\"qtranxs-available-language-link qtranxs-available-language-link-pl\" title=\"Polski\">Pol\u0161tina<\/a>.<\/p>","protected":false},"excerpt":{"rendered":"<p>Przepraszamy, ten wpis dost\u0119pny jest wy\u0142\u0105cznie w j\u0119zykach: Pol\u0161tina.<\/p>\n","protected":false},"author":1,"featured_media":0,"parent":5324,"menu_order":0,"comment_status":"closed","ping_status":"closed","template":"","meta":[],"yoast_head":"\n<title><\/title>\n<meta name=\"robots\" content=\"index, follow, max-snippet:-1, max-image-preview:large, max-video-preview:-1\" \/>\n<link rel=\"canonical\" href=\"https:\/\/www.sterylis.com\/do-pobrania\/dla-mediow\/\" \/>\n<meta property=\"og:locale\" content=\"cs_CZ\" \/>\n<meta property=\"og:type\" content=\"article\" \/>\n<meta property=\"og:title\" content=\"[:pl]Dla medi\u00f3w[:ru]\u0414\u043b\u044f \u0421\u041c\u0418[:] - STERYLIS\" \/>\n<meta property=\"og:description\" content=\"Przepraszamy, ten wpis dost\u0119pny jest wy\u0142\u0105cznie w j\u0119zykach: Pol\u0161tina.\" \/>\n<meta property=\"og:url\" content=\"https:\/\/www.sterylis.com\/do-pobrania\/dla-mediow\/\" \/>\n<meta property=\"og:site_name\" content=\"STERYLIS\" \/>\n<meta property=\"article:publisher\" content=\"https:\/\/www.facebook.com\/sterylis\" \/>\n<meta property=\"article:modified_time\" content=\"2024-01-23T11:28:54+00:00\" \/>\n<meta name=\"twitter:card\" content=\"summary_large_image\" \/>\n<meta name=\"twitter:label1\" content=\"Napsal(a)\">\n\t<meta name=\"twitter:data1\" content=\"admin\">\n\t<meta name=\"twitter:label2\" content=\"Odhadovan\u00e1 doba \u010dten\u00ed\">\n\t<meta name=\"twitter:data2\" content=\"0 minut\">\n","_links":{"self":[{"href":"https:\/\/www.sterylis.com\/cz\/wp-json\/wp\/v2\/pages\/6259"}],"collection":[{"href":"https:\/\/www.sterylis.com\/cz\/wp-json\/wp\/v2\/pages"}],"about":[{"href":"https:\/\/www.sterylis.com\/cz\/wp-json\/wp\/v2\/types\/page"}],"author":[{"embeddable":true,"href":"https:\/\/www.sterylis.com\/cz\/wp-json\/wp\/v2\/users\/1"}],"replies":[{"embeddable":true,"href":"https:\/\/www.sterylis.com\/cz\/wp-json\/wp\/v2\/comments?post=6259"}],"version-history":[{"count":8,"href":"https:\/\/www.sterylis.com\/cz\/wp-json\/wp\/v2\/pages\/6259\/revisions"}],"predecessor-version":[{"id":9192,"href":"https:\/\/www.sterylis.com\/cz\/wp-json\/wp\/v2\/pages\/6259\/revisions\/9192"}],"up":[{"embeddable":true,"href":"https:\/\/www.sterylis.com\/cz\/wp-json\/wp\/v2\/pages\/5324"}],"wp:attachment":[{"href":"https:\/\/www.sterylis.com\/cz\/wp-json\/wp\/v2\/media?parent=6259"}],"curies":[{"name":"wp","href":"https:\/\/api.w.org\/{rel}","templated":true}]}}