{"id":6837,"date":"2020-11-02T15:47:05","date_gmt":"2020-11-02T15:47:05","guid":{"rendered":"https:\/\/www.sterylis.com\/?page_id=6837"},"modified":"2021-05-12T13:39:46","modified_gmt":"2021-05-12T13:39:46","slug":"profesjonalne-sterylizatory-pomieszczen-slidery","status":"publish","type":"page","link":"https:\/\/www.sterylis.com\/cz\/polski-profesjonalne-sterylizatory-pomieszczen-slidery\/","title":{"rendered":"(Polski) Profesjonalne sterylizatory pomieszcze\u0144 &#8211; Slidery"},"content":{"rendered":"<p class=\"qtranxs-available-languages-message qtranxs-available-languages-message-cz\">Przepraszamy, ten wpis dost\u0119pny jest wy\u0142\u0105cznie w j\u0119zykach: <a href=\"https:\/\/www.sterylis.com\/pl\/wp-json\/wp\/v2\/pages\/6837\" class=\"qtranxs-available-language-link qtranxs-available-language-link-pl\" title=\"Polski\">Pol\u0161tina<\/a>, <a href=\"https:\/\/www.sterylis.com\/en\/wp-json\/wp\/v2\/pages\/6837\" class=\"qtranxs-available-language-link qtranxs-available-language-link-en\" title=\"English\">Angli\u010dtina (Usa)<\/a>, <a href=\"https:\/\/www.sterylis.com\/de\/wp-json\/wp\/v2\/pages\/6837\" class=\"qtranxs-available-language-link qtranxs-available-language-link-de\" title=\"Deutsch\">N\u011bm\u010dina<\/a> and <a href=\"https:\/\/www.sterylis.com\/ru\/wp-json\/wp\/v2\/pages\/6837\" class=\"qtranxs-available-language-link qtranxs-available-language-link-ru\" title=\"\u0420\u0443\u0441\u0441\u043a\u0438\u0439\">Ru\u0161tina<\/a>.<\/p>","protected":false},"excerpt":{"rendered":"<p>Przepraszamy, ten wpis dost\u0119pny jest wy\u0142\u0105cznie w j\u0119zykach: Pol\u0161tina, Angli\u010dtina (Usa), N\u011bm\u010dina and Ru\u0161tina.<\/p>\n","protected":false},"author":1,"featured_media":6147,"parent":0,"menu_order":0,"comment_status":"closed","ping_status":"closed","template":"","meta":[],"yoast_head":"\n<title><\/title>\n<meta name=\"robots\" content=\"index, follow, max-snippet:-1, max-image-preview:large, max-video-preview:-1\" \/>\n<link rel=\"canonical\" href=\"https:\/\/www.sterylis.com\/profesjonalne-sterylizatory-pomieszczen-2-2\/\" \/>\n<meta property=\"og:locale\" content=\"cs_CZ\" \/>\n<meta property=\"og:type\" content=\"article\" \/>\n<meta property=\"og:title\" content=\"Profesjonalne sterylizatory pomieszcze\u0144\" \/>\n<meta property=\"og:description\" content=\"Innowacyjne urz\u0105dzenia do dezynfekcji pomieszcze\u0144 z dodatkow\u0105 funkcj\u0105 filtracji powietrza, w kt\u00f3rych zastosowano \u017ar\u00f3d\u0142a UV-C o d\u0142ugo\u015bci fali najbardziej skutecznej w walce z drobnoustrojami oraz wydajne generatory ozonu umo\u017cliwiaj\u0105ce przeprowadzenie szybkiego i skutecznego procesu dezynfekcji nawet trudno dost\u0119pnych miejsc. Wyst\u0119puj\u0105 w kilku wersjach r\u00f3\u017cni\u0105cych si\u0119 mocami zastosowanego \u017ar\u00f3d\u0142a UV-C, wydajno\u015bci\u0105 generatora ozonu oraz wydajno\u015bci\u0105 przep\u0142ywu powietrza.\" \/>\n<meta property=\"og:url\" content=\"https:\/\/www.sterylis.com\/profesjonalne-sterylizatory-pomieszczen-2-2\/\" \/>\n<meta property=\"og:site_name\" content=\"STERYLIS\" \/>\n<meta property=\"article:publisher\" content=\"https:\/\/www.facebook.com\/sterylis\" \/>\n<meta property=\"article:modified_time\" content=\"2021-05-12T13:39:46+00:00\" \/>\n<meta property=\"og:image\" content=\"https:\/\/www.sterylis.com\/wp-content\/uploads\/2020\/09\/sterylisy.jpg\" \/>\n\t<meta property=\"og:image:width\" content=\"2500\" \/>\n\t<meta property=\"og:image:height\" content=\"1134\" \/>\n<meta name=\"twitter:card\" content=\"summary_large_image\" \/>\n<meta name=\"twitter:label1\" content=\"Napsal(a)\">\n\t<meta name=\"twitter:data1\" content=\"admin\">\n\t<meta name=\"twitter:label2\" content=\"Odhadovan\u00e1 doba \u010dten\u00ed\">\n\t<meta name=\"twitter:data2\" content=\"12 minut\">\n","_links":{"self":[{"href":"https:\/\/www.sterylis.com\/cz\/wp-json\/wp\/v2\/pages\/6837"}],"collection":[{"href":"https:\/\/www.sterylis.com\/cz\/wp-json\/wp\/v2\/pages"}],"about":[{"href":"https:\/\/www.sterylis.com\/cz\/wp-json\/wp\/v2\/types\/page"}],"author":[{"embeddable":true,"href":"https:\/\/www.sterylis.com\/cz\/wp-json\/wp\/v2\/users\/1"}],"replies":[{"embeddable":true,"href":"https:\/\/www.sterylis.com\/cz\/wp-json\/wp\/v2\/comments?post=6837"}],"version-history":[{"count":9,"href":"https:\/\/www.sterylis.com\/cz\/wp-json\/wp\/v2\/pages\/6837\/revisions"}],"predecessor-version":[{"id":8861,"href":"https:\/\/www.sterylis.com\/cz\/wp-json\/wp\/v2\/pages\/6837\/revisions\/8861"}],"wp:featuredmedia":[{"embeddable":true,"href":"https:\/\/www.sterylis.com\/cz\/wp-json\/wp\/v2\/media\/6147"}],"wp:attachment":[{"href":"https:\/\/www.sterylis.com\/cz\/wp-json\/wp\/v2\/media?parent=6837"}],"curies":[{"name":"wp","href":"https:\/\/api.w.org\/{rel}","templated":true}]}}