{"id":8548,"date":"2021-08-04T12:51:18","date_gmt":"2021-08-04T12:51:18","guid":{"rendered":"https:\/\/www.sterylis.com\/?page_id=8548"},"modified":"2022-02-28T09:23:19","modified_gmt":"2022-02-28T09:23:19","slug":"streylis-pure-air-100","status":"publish","type":"page","link":"https:\/\/www.sterylis.com\/cz\/produkty\/polski-sterylis-pure-air\/sterylis-pure-air-100\/","title":{"rendered":"(Polski) Sterylis PURE AIR-100"},"content":{"rendered":"<p class=\"qtranxs-available-languages-message qtranxs-available-languages-message-cz\">Przepraszamy, ten wpis dost\u0119pny jest wy\u0142\u0105cznie w j\u0119zykach: <a href=\"https:\/\/www.sterylis.com\/pl\/wp-json\/wp\/v2\/pages\/8548\" class=\"qtranxs-available-language-link qtranxs-available-language-link-pl\" title=\"Polski\">Pol\u0161tina<\/a>, <a href=\"https:\/\/www.sterylis.com\/en\/wp-json\/wp\/v2\/pages\/8548\" class=\"qtranxs-available-language-link qtranxs-available-language-link-en\" title=\"English\">Angli\u010dtina (Usa)<\/a> and <a href=\"https:\/\/www.sterylis.com\/de\/wp-json\/wp\/v2\/pages\/8548\" class=\"qtranxs-available-language-link qtranxs-available-language-link-de\" title=\"Deutsch\">N\u011bm\u010dina<\/a>.<\/p>","protected":false},"excerpt":{"rendered":"<p>Przepraszamy, ten wpis dost\u0119pny jest wy\u0142\u0105cznie w j\u0119zykach: Pol\u0161tina, Angli\u010dtina (Usa) and N\u011bm\u010dina.<\/p>\n","protected":false},"author":4,"featured_media":8580,"parent":8545,"menu_order":0,"comment_status":"closed","ping_status":"closed","template":"","meta":[],"yoast_head":"\n<title><\/title>\n<meta name=\"robots\" content=\"index, follow, max-snippet:-1, max-image-preview:large, max-video-preview:-1\" \/>\n<link rel=\"canonical\" href=\"https:\/\/www.sterylis.com\/produkty\/sterylis-pure-air\/sterylis-pure-air-100\/\" \/>\n<meta property=\"og:locale\" content=\"cs_CZ\" \/>\n<meta property=\"og:type\" content=\"article\" \/>\n<meta property=\"og:title\" content=\"[:pl]Sterylis PURE AIR-100 [:en]Sterylis PURE AIR-100 [:de]Sterylis PURE AIR-100 [:] - STERYLIS\" \/>\n<meta property=\"og:description\" content=\"Przepraszamy, ten wpis dost\u0119pny jest wy\u0142\u0105cznie w j\u0119zykach: Pol\u0161tina, Angli\u010dtina (Usa) and N\u011bm\u010dina.\" \/>\n<meta property=\"og:url\" content=\"https:\/\/www.sterylis.com\/produkty\/sterylis-pure-air\/sterylis-pure-air-100\/\" \/>\n<meta property=\"og:site_name\" content=\"STERYLIS\" \/>\n<meta property=\"article:publisher\" content=\"https:\/\/www.facebook.com\/sterylis\" \/>\n<meta property=\"article:modified_time\" content=\"2022-02-28T09:23:19+00:00\" \/>\n<meta property=\"og:image\" content=\"https:\/\/www.sterylis.com\/wp-content\/uploads\/2021\/08\/sterylis_pure_antracytwhite2-bez-tla-e1628153223761.png\" \/>\n\t<meta property=\"og:image:width\" content=\"250\" \/>\n\t<meta property=\"og:image:height\" content=\"273\" \/>\n<meta name=\"twitter:card\" content=\"summary_large_image\" \/>\n<meta name=\"twitter:label1\" content=\"Napsal(a)\">\n\t<meta name=\"twitter:data1\" content=\"Jadwiga\">\n\t<meta name=\"twitter:label2\" content=\"Odhadovan\u00e1 doba \u010dten\u00ed\">\n\t<meta name=\"twitter:data2\" content=\"6 minut\">\n","_links":{"self":[{"href":"https:\/\/www.sterylis.com\/cz\/wp-json\/wp\/v2\/pages\/8548"}],"collection":[{"href":"https:\/\/www.sterylis.com\/cz\/wp-json\/wp\/v2\/pages"}],"about":[{"href":"https:\/\/www.sterylis.com\/cz\/wp-json\/wp\/v2\/types\/page"}],"author":[{"embeddable":true,"href":"https:\/\/www.sterylis.com\/cz\/wp-json\/wp\/v2\/users\/4"}],"replies":[{"embeddable":true,"href":"https:\/\/www.sterylis.com\/cz\/wp-json\/wp\/v2\/comments?post=8548"}],"version-history":[{"count":89,"href":"https:\/\/www.sterylis.com\/cz\/wp-json\/wp\/v2\/pages\/8548\/revisions"}],"predecessor-version":[{"id":9147,"href":"https:\/\/www.sterylis.com\/cz\/wp-json\/wp\/v2\/pages\/8548\/revisions\/9147"}],"up":[{"embeddable":true,"href":"https:\/\/www.sterylis.com\/cz\/wp-json\/wp\/v2\/pages\/8545"}],"wp:featuredmedia":[{"embeddable":true,"href":"https:\/\/www.sterylis.com\/cz\/wp-json\/wp\/v2\/media\/8580"}],"wp:attachment":[{"href":"https:\/\/www.sterylis.com\/cz\/wp-json\/wp\/v2\/media?parent=8548"}],"curies":[{"name":"wp","href":"https:\/\/api.w.org\/{rel}","templated":true}]}}