{"id":8434,"date":"2021-06-28T07:26:56","date_gmt":"2021-06-28T07:26:56","guid":{"rendered":"https:\/\/www.sterylis.com\/?post_type=product&#038;p=8434"},"modified":"2021-06-28T07:27:00","modified_gmt":"2021-06-28T07:27:00","slug":"sterylis-pure","status":"publish","type":"product","link":"https:\/\/www.sterylis.com\/cz\/produkt\/polski-sterylis-pure\/","title":{"rendered":"(Polski) Sterylis PURE"},"content":{"rendered":"<p class=\"qtranxs-available-languages-message qtranxs-available-languages-message-cz\">Przepraszamy, ten wpis dost\u0119pny jest wy\u0142\u0105cznie w j\u0119zykach: <a href=\"https:\/\/www.sterylis.com\/pl\/wp-json\/wp\/v2\/product\/8434\" class=\"qtranxs-available-language-link qtranxs-available-language-link-pl\" title=\"Polski\">Pol\u0161tina<\/a>.<\/p>","protected":false},"excerpt":{"rendered":"<p>Przepraszamy, ten wpis dost\u0119pny jest wy\u0142\u0105cznie w j\u0119zykach: Pol\u0161tina.<\/p>\n","protected":false},"featured_media":8431,"template":"","meta":[],"yoast_head":"\n<title><\/title>\n<meta name=\"robots\" content=\"index, follow, max-snippet:-1, max-image-preview:large, max-video-preview:-1\" \/>\n<link rel=\"canonical\" href=\"https:\/\/www.sterylis.com\/produkt\/sterylis-pure\/\" \/>\n<meta property=\"og:locale\" content=\"cs_CZ\" \/>\n<meta property=\"og:type\" content=\"article\" \/>\n<meta property=\"og:title\" content=\"[:pl]Sterylis PURE[:] - STERYLIS\" \/>\n<meta property=\"og:description\" content=\"Przepraszamy, ten wpis dost\u0119pny jest wy\u0142\u0105cznie w j\u0119zykach: Pol\u0161tina.\" \/>\n<meta property=\"og:url\" content=\"https:\/\/www.sterylis.com\/produkt\/sterylis-pure\/\" \/>\n<meta property=\"og:site_name\" content=\"STERYLIS\" \/>\n<meta property=\"article:publisher\" content=\"https:\/\/www.facebook.com\/sterylis\" \/>\n<meta property=\"article:modified_time\" content=\"2021-06-28T07:27:00+00:00\" \/>\n<meta property=\"og:image\" content=\"https:\/\/www.sterylis.com\/wp-content\/uploads\/2021\/06\/pure.png\" \/>\n\t<meta property=\"og:image:width\" content=\"1226\" \/>\n\t<meta property=\"og:image:height\" content=\"913\" \/>\n<meta name=\"twitter:card\" content=\"summary_large_image\" \/>\n<meta name=\"twitter:label1\" content=\"Napsal(a)\">\n\t<meta name=\"twitter:data1\" content=\"Jadwiga\">\n\t<meta name=\"twitter:label2\" content=\"Odhadovan\u00e1 doba \u010dten\u00ed\">\n\t<meta name=\"twitter:data2\" content=\"0 minut\">\n","_links":{"self":[{"href":"https:\/\/www.sterylis.com\/cz\/wp-json\/wp\/v2\/product\/8434"}],"collection":[{"href":"https:\/\/www.sterylis.com\/cz\/wp-json\/wp\/v2\/product"}],"about":[{"href":"https:\/\/www.sterylis.com\/cz\/wp-json\/wp\/v2\/types\/product"}],"wp:featuredmedia":[{"embeddable":true,"href":"https:\/\/www.sterylis.com\/cz\/wp-json\/wp\/v2\/media\/8431"}],"wp:attachment":[{"href":"https:\/\/www.sterylis.com\/cz\/wp-json\/wp\/v2\/media?parent=8434"}],"curies":[{"name":"wp","href":"https:\/\/api.w.org\/{rel}","templated":true}]}}