{"id":5101,"date":"2020-05-27T09:45:09","date_gmt":"2020-05-27T09:45:09","guid":{"rendered":"https:\/\/www.sterylis.igloo.pl\/?page_id=5101"},"modified":"2020-11-06T08:39:27","modified_gmt":"2020-11-06T08:39:27","slug":"finansowanie","status":"publish","type":"page","link":"https:\/\/www.sterylis.com\/de\/finansowanie\/","title":{"rendered":"FINANSOWANIE"},"content":{"rendered":"<p>Jeste\u015b zainteresowany leasingiem profesjonalnych urz\u0105dze\u0144 do sterylizacji STERYLIS? Mamy dla Ciebie bardzo dogodne warunki wsp\u00f3\u0142pracy.<\/p>\r\n\r\n\r\n\r\n<p>Doradca EFL zaproponuje Ci finansowanie dopasowane do Twoich potrzeb.<\/p>\r\n\r\n\r\n\r\n<ul><li>minimum formalno\u015bci<\/li><li>wp\u0142ata w\u0142asna ju\u017c od 1%<\/li><\/ul>\r\n\r\n\r\n\r\n<p>Skontaktuj si\u0119 z Joann\u0105 Komor, Autoryzowanym Przedstawicielem EFL.<\/p>\r\n\r\n\r\n\r\n<p><strong>Dane kontaktowe:<\/strong><\/p>\r\n\r\n\r\n\r\n<p>E-mail: <a href=\"mailto:joanna.komor@poczta.efl.com.pl\">joanna.komor@poczta.efl.com.pl<\/a><\/p>\r\n\r\n\r\n\r\n<p>Tel. +48 691&nbsp;480 972<\/p>\r\n\r\n\r\n\r\n<p>EFL Finance S.A.<\/p>\r\n\r\n\r\n\r\n<p>ul. Kamie\u0144skiego 51, 30-644 Krak\u00f3w<br><br><br><\/p>\r\n\r\n\r\n\r\n<figure class=\"wp-block-image size-large is-resized\"><img loading=\"lazy\" src=\"https:\/\/www.sterylis.igloo.pl\/wp-content\/uploads\/2020\/05\/logotyppodstawowy.png\" alt=\"[:pl]Finansowanie[:en]FINANSOWANIE[:de]FINANSOWANIE[:cz]Financov\u00e1n\u00ed[:]\" class=\"wp-image-5106\" width=\"400\" height=\"50\" srcset=\"https:\/\/www.sterylis.com\/wp-content\/uploads\/2020\/05\/logotyppodstawowy.png 400w, https:\/\/www.sterylis.com\/wp-content\/uploads\/2020\/05\/logotyppodstawowy-300x38.png 300w\" sizes=\"(max-width: 400px) 100vw, 400px\" \/><\/figure>\r\n\r\n\r\n\r\n<p><\/p>\r\n\r\n\r\n\r\n<p><br><br><br><br><br><\/p>\r\n\r\n\r\n\r\n<p>     <\/p>","protected":false},"excerpt":{"rendered":"<p>Jeste\u015b zainteresowany leasingiem profesjonalnych urz\u0105dze\u0144 do sterylizacji STERYLIS? Mamy dla Ciebie bardzo dogodne warunki wsp\u00f3\u0142pracy. Doradca EFL zaproponuje Ci finansowanie dopasowane do Twoich potrzeb. minimum formalno\u015bciwp\u0142ata w\u0142asna ju\u017c od 1% Skontaktuj si\u0119 z Joann\u0105 Komor, Autoryzowanym Przedstawicielem EFL. Dane kontaktowe: [&hellip;]<\/p>\n","protected":false},"author":1,"featured_media":0,"parent":0,"menu_order":0,"comment_status":"closed","ping_status":"closed","template":"","meta":[],"yoast_head":"\n<title>FINANSOWANIE - STERYLIS<\/title>\n<meta name=\"robots\" content=\"index, follow, max-snippet:-1, max-image-preview:large, max-video-preview:-1\" \/>\n<link rel=\"canonical\" href=\"https:\/\/www.sterylis.com\/finansowanie\/\" \/>\n<meta property=\"og:locale\" content=\"de_DE\" \/>\n<meta property=\"og:type\" content=\"article\" \/>\n<meta property=\"og:title\" content=\"[:pl]Finansowanie[:en]FINANSOWANIE[:de]FINANSOWANIE[:cz]Financov\u00e1n\u00ed[:] - STERYLIS\" \/>\n<meta property=\"og:description\" content=\"Jeste\u015b zainteresowany leasingiem profesjonalnych urz\u0105dze\u0144 do sterylizacji STERYLIS? Mamy dla Ciebie bardzo dogodne warunki wsp\u00f3\u0142pracy. Doradca EFL zaproponuje Ci finansowanie dopasowane do Twoich potrzeb. minimum formalno\u015bciwp\u0142ata w\u0142asna ju\u017c od 1% Skontaktuj si\u0119 z Joann\u0105 Komor, Autoryzowanym Przedstawicielem EFL. Dane kontaktowe: [&hellip;]\" \/>\n<meta property=\"og:url\" content=\"https:\/\/www.sterylis.com\/finansowanie\/\" \/>\n<meta property=\"og:site_name\" content=\"STERYLIS\" \/>\n<meta property=\"article:publisher\" content=\"https:\/\/www.facebook.com\/sterylis\" \/>\n<meta property=\"article:modified_time\" content=\"2020-11-06T08:39:27+00:00\" \/>\n<meta property=\"og:image\" content=\"https:\/\/www.sterylis.igloo.pl\/wp-content\/uploads\/2020\/05\/logotyppodstawowy.png\" \/>\n<meta name=\"twitter:card\" content=\"summary_large_image\" \/>\n<meta name=\"twitter:label1\" content=\"Written by\">\n\t<meta name=\"twitter:data1\" content=\"admin\">\n\t<meta name=\"twitter:label2\" content=\"Est. reading time\">\n\t<meta name=\"twitter:data2\" content=\"1\u00a0Minute\">\n","_links":{"self":[{"href":"https:\/\/www.sterylis.com\/de\/wp-json\/wp\/v2\/pages\/5101"}],"collection":[{"href":"https:\/\/www.sterylis.com\/de\/wp-json\/wp\/v2\/pages"}],"about":[{"href":"https:\/\/www.sterylis.com\/de\/wp-json\/wp\/v2\/types\/page"}],"author":[{"embeddable":true,"href":"https:\/\/www.sterylis.com\/de\/wp-json\/wp\/v2\/users\/1"}],"replies":[{"embeddable":true,"href":"https:\/\/www.sterylis.com\/de\/wp-json\/wp\/v2\/comments?post=5101"}],"version-history":[{"count":18,"href":"https:\/\/www.sterylis.com\/de\/wp-json\/wp\/v2\/pages\/5101\/revisions"}],"predecessor-version":[{"id":6971,"href":"https:\/\/www.sterylis.com\/de\/wp-json\/wp\/v2\/pages\/5101\/revisions\/6971"}],"wp:attachment":[{"href":"https:\/\/www.sterylis.com\/de\/wp-json\/wp\/v2\/media?parent=5101"}],"curies":[{"name":"wp","href":"https:\/\/api.w.org\/{rel}","templated":true}]}}