{"id":5138,"date":"2020-06-04T11:30:00","date_gmt":"2020-06-04T11:30:00","guid":{"rendered":"https:\/\/www.sterylis.igloo.pl\/?page_id=5138"},"modified":"2021-03-08T07:56:37","modified_gmt":"2021-03-08T07:56:37","slug":"badania-i-publikacje","status":"publish","type":"page","link":"https:\/\/www.sterylis.com\/de\/forschung-und-publikationen\/","title":{"rendered":"Forschung und Publikationen"},"content":{"rendered":"<p>[vc_row css=&#8221;.vc_custom_1595567900946{padding-top: 30px !important;padding-bottom: 100px !important;}&#8221;][vc_column width=&#8221;1\/2&#8243;][vc_column_text]<\/p>\n<h2>Forschung<\/h2>\n<p>[\/vc_column_text][vc_empty_space][vc_column_text]<strong><a href=\"http:\/\/sterylis1.igloo.pl\/badania-i-publikacje\/badania\/\" target=\"_blank\" rel=\"noopener noreferrer\">Bericht \u00fcber die Wirksamkeit der Luft- und Fl\u00e4chendesinfektion mit Sterylis-Raumsterilisator, Ozonmethode und UV-C-Bestrahlungsmethode<\/a><\/strong><\/p>\n<p>Krak\u00f3w, 2020-06-08<br \/>\nKierownik Katedry Mikrobiologii UJ CM<br \/>\n<em>Prof. dr hab. n. med. Ma\u0142gorzata Bulanda<\/em>[\/vc_column_text][\/vc_column][vc_column width=&#8221;1\/2&#8243;][vc_column_text][\/vc_column_text][\/vc_column][\/vc_row]<\/p>","protected":false},"excerpt":{"rendered":"<p>[vc_row css=&#8221;.vc_custom_1595567900946{padding-top: 30px !important;padding-bottom: 100px !important;}&#8221;][vc_column width=&#8221;1\/2&#8243;][vc_column_text] Forschung [\/vc_column_text][vc_empty_space][vc_column_text]Bericht \u00fcber die Wirksamkeit der Luft- und Fl\u00e4chendesinfektion mit Sterylis-Raumsterilisator, Ozonmethode und UV-C-Bestrahlungsmethode Krak\u00f3w, 2020-06-08 Kierownik Katedry Mikrobiologii UJ CM Prof. dr hab. n. med. Ma\u0142gorzata Bulanda[\/vc_column_text][\/vc_column][vc_column width=&#8221;1\/2&#8243;][vc_column_text][\/vc_column_text][\/vc_column][\/vc_row]<\/p>\n","protected":false},"author":1,"featured_media":0,"parent":0,"menu_order":0,"comment_status":"closed","ping_status":"closed","template":"","meta":[],"yoast_head":"\n<title>Forschung und Publikationen - STERYLIS<\/title>\n<meta name=\"robots\" content=\"index, follow, max-snippet:-1, max-image-preview:large, max-video-preview:-1\" \/>\n<link rel=\"canonical\" href=\"https:\/\/www.sterylis.com\/badania-i-publikacje\/\" \/>\n<meta property=\"og:locale\" content=\"de_DE\" \/>\n<meta property=\"og:type\" content=\"article\" \/>\n<meta property=\"og:title\" content=\"[:pl]Badania i publikacje[:en]Research and publications[:de]Forschung und Publikationen[:cz]Zkou\u0161ky[:] - STERYLIS\" \/>\n<meta property=\"og:description\" content=\"[vc_row css=&#8221;.vc_custom_1595567900946{padding-top: 30px !important;padding-bottom: 100px !important;}&#8221;][vc_column width=&#8221;1\/2&#8243;][vc_column_text] Forschung [\/vc_column_text][vc_empty_space][vc_column_text]Bericht \u00fcber die Wirksamkeit der Luft- und Fl\u00e4chendesinfektion mit Sterylis-Raumsterilisator, Ozonmethode und UV-C-Bestrahlungsmethode Krak\u00f3w, 2020-06-08 Kierownik Katedry Mikrobiologii UJ CM Prof. dr hab. n. med. Ma\u0142gorzata Bulanda[\/vc_column_text][\/vc_column][vc_column width=&#8221;1\/2&#8243;][vc_column_text][\/vc_column_text][\/vc_column][\/vc_row]\" \/>\n<meta property=\"og:url\" content=\"https:\/\/www.sterylis.com\/badania-i-publikacje\/\" \/>\n<meta property=\"og:site_name\" content=\"STERYLIS\" \/>\n<meta property=\"article:publisher\" content=\"https:\/\/www.facebook.com\/sterylis\" \/>\n<meta property=\"article:modified_time\" content=\"2021-03-08T07:56:37+00:00\" \/>\n<meta name=\"twitter:card\" content=\"summary_large_image\" \/>\n<meta name=\"twitter:label1\" content=\"Written by\">\n\t<meta name=\"twitter:data1\" content=\"admin\">\n\t<meta name=\"twitter:label2\" content=\"Est. reading time\">\n\t<meta name=\"twitter:data2\" content=\"2\u00a0Minuten\">\n","_links":{"self":[{"href":"https:\/\/www.sterylis.com\/de\/wp-json\/wp\/v2\/pages\/5138"}],"collection":[{"href":"https:\/\/www.sterylis.com\/de\/wp-json\/wp\/v2\/pages"}],"about":[{"href":"https:\/\/www.sterylis.com\/de\/wp-json\/wp\/v2\/types\/page"}],"author":[{"embeddable":true,"href":"https:\/\/www.sterylis.com\/de\/wp-json\/wp\/v2\/users\/1"}],"replies":[{"embeddable":true,"href":"https:\/\/www.sterylis.com\/de\/wp-json\/wp\/v2\/comments?post=5138"}],"version-history":[{"count":67,"href":"https:\/\/www.sterylis.com\/de\/wp-json\/wp\/v2\/pages\/5138\/revisions"}],"predecessor-version":[{"id":6914,"href":"https:\/\/www.sterylis.com\/de\/wp-json\/wp\/v2\/pages\/5138\/revisions\/6914"}],"wp:attachment":[{"href":"https:\/\/www.sterylis.com\/de\/wp-json\/wp\/v2\/media?parent=5138"}],"curies":[{"name":"wp","href":"https:\/\/api.w.org\/{rel}","templated":true}]}}