{"id":5258,"date":"2020-07-08T06:58:29","date_gmt":"2020-07-08T06:58:29","guid":{"rendered":"https:\/\/www.sterylis.igloo.pl\/?page_id=5258"},"modified":"2021-12-01T13:33:15","modified_gmt":"2021-12-01T13:33:15","slug":"produkty","status":"publish","type":"page","link":"https:\/\/www.sterylis.com\/de\/produkte\/","title":{"rendered":"Produkte"},"content":{"rendered":"<p>[vc_row][vc_column][vc_column_text]Innovative <strong>Desinfektions- und Sterilisationsger\u00e4te mit Luftfiltrationsfunktion<\/strong>, die mit hochleistungsf\u00e4higen bakteriziden und viruziden UV-C-Lampen sowie einem sehr effizienten Ozongenerator funktionieren. Dies macht sie zu \u00e4u\u00dferst modernen und vielseitigen Ger\u00e4ten. Die\u00a0Ger\u00e4te sind in verschiedenen Versionen erh\u00e4ltlich, die sich hinsichtlich der Leistung der verwendeten UV-C-Quelle und des Ozongenerators sowie der St\u00e4rke des Luftstroms voneinander unterscheiden.[\/vc_column_text][\/vc_column][\/vc_row][vc_row css=&#8221;.vc_custom_1594383364752{padding-top: 80px !important;padding-bottom: 80px !important;}&#8221;][vc_column width=&#8221;1\/5&#8243;][vc_single_image image=&#8221;8679&#8243; img_size=&#8221;full&#8221; alignment=&#8221;right&#8221; onclick=&#8221;custom_link&#8221; link=&#8221;https:\/\/www.sterylis.com\/de\/produkte\/polski-sterylis-pure-air\/&#8221;][vc_column_text]<\/p>\n<h3><a href=\"https:\/\/www.sterylis.com\/de\/produkte\/polski-sterylis-pure-air\/\">STERYLIS <\/a><a href=\"https:\/\/www.sterylis.com\/produkty\/sterylis-pure-air\/\"><span style=\"color: #383e42;\"><strong>PURE AIR<\/strong><\/span><\/a><\/h3>\n<p>Modele:<\/p>\n<ul>\n<li><a href=\"https:\/\/www.sterylis.com\/de\/produkte\/polski-sterylis-pure-air\/\">PURE AIR &#8211; 100<\/a><\/li>\n<\/ul>\n<p>[\/vc_column_text][\/vc_column][vc_column width=&#8221;1\/5&#8243;][vc_single_image image=&#8221;7410&#8243; img_size=&#8221;69&#215;69&#8243; alignment=&#8221;center&#8221; onclick=&#8221;custom_link&#8221; link=&#8221;\/produkty\/sterylis-light-air\/&#8221;][vc_column_text]<\/p>\n<h3><a href=\"\/de\/produkte\/sterylis-light-air\/\">STERYLIS <span style=\"color: #1d71b8;\"><strong>LIGHT AIR<\/strong><\/span><\/a><\/h3>\n<p>Modelle:<\/p>\n<ul>\n<li><a href=\"\/de\/produkte\/sterylis-light-air\/sterylis-light-air-60\/\">LIGHT AIR 60<\/a><\/li>\n<li><a href=\"\/de\/produkte\/sterylis-light-air\/sterylis-light-air-plus-60\/\">LIGHT AIR+ 60<\/a><\/li>\n<li><a href=\"https:\/\/www.sterylis.com\/de\/produkte\/sterylis-light-air\/sterylis-light-air-60-nt\/\">LIGHT AIR 60 NT<\/a><\/li>\n<li><a href=\"https:\/\/www.sterylis.com\/de\/produkte\/sterylis-light-air\/sterylis-light-air-plus-60-nt\/\">LIGHT AIR+ 60 NT<\/a><\/li>\n<\/ul>\n<p>[\/vc_column_text][\/vc_column][vc_column width=&#8221;1\/5&#8243; css=&#8221;.vc_custom_1597659863240{padding-bottom: 60px !important;}&#8221;][vc_single_image image=&#8221;7104&#8243; img_size=&#8221;full&#8221; alignment=&#8221;center&#8221; onclick=&#8221;custom_link&#8221; link=&#8221;https:\/\/www.sterylis.com\/en\/products\/sterylis-basic\/&#8221;][vc_column_text]<\/p>\n<h3><a href=\"\/produkte\/sterylis-basic\/\">STERYLIS <span style=\"color: #35dacc;\"><strong>BASIC<\/strong><\/span><\/a><\/h3>\n<p>Modelle:<\/p>\n<ul>\n<li><a href=\"https:\/\/www.sterylis.com\/de\/produkte\/sterylis-basic\/sterylis-basic-100\/\">BASIC-100<\/a><\/li>\n<li><a href=\"https:\/\/www.sterylis.com\/de\/produkte\/sterylis-basic\/sterylis-basic-150\/\">BASIC-150<\/a><\/li>\n<li><a href=\"https:\/\/www.sterylis.com\/de\/produkte\/sterylis-basic\/sterylis-basic-300\/\">BASIC-300<\/a><\/li>\n<li><a href=\"https:\/\/www.sterylis.com\/de\/produkte\/sterylis-basic\/sterylis-basic-400\/\">BASIC-400<\/a><\/li>\n<li><a href=\"https:\/\/www.sterylis.com\/de\/produkte\/sterylis-basic\/sterylis-basic-800\/\">BASIC-800<\/a><\/li>\n<\/ul>\n<p>[\/vc_column_text][\/vc_column][vc_column width=&#8221;1\/5&#8243; css=&#8221;.vc_custom_1594390620637{padding-bottom: 60px !important;}&#8221;][vc_single_image image=&#8221;6788&#8243; img_size=&#8221;full&#8221; alignment=&#8221;center&#8221; onclick=&#8221;custom_link&#8221; link=&#8221;\/produkty\/sterylis-vs\/&#8221;][vc_column_text]<\/p>\n<h3><a href=\"https:\/\/www.sterylis.com\/produkty\/sterylis-vs\/\">STERYLIS <span style=\"color: #35dacc;\"><strong>VS<\/strong><\/span><\/a><\/h3>\n<p>Modelle:<\/p>\n<ul>\n<li><a href=\"\/produkty\/sterylis-vs\/sterylis-vs-450\/\">VS-100\/450<\/a><\/li>\n<li><a href=\"\/produkty\/sterylis-vs\/sterylis-vs-600\/\">VS-150\/600<\/a><\/li>\n<li><a href=\"\/produkty\/sterylis-vs\/sterylis-vs-900\/\">VS-300\/900<\/a><\/li>\n<li><a href=\"\/produkty\/sterylis-vs\/sterylis-vs-1200\/\">VS-400\/1200<\/a><\/li>\n<li><a href=\"\/produkty\/sterylis-vs\/sterylis-vs-1500\/\">VS-600\/1500<\/a><\/li>\n<\/ul>\n<p>[\/vc_column_text][\/vc_column][vc_column width=&#8221;1\/5&#8243;][vc_single_image image=&#8221;8871&#8243; img_size=&#8221;69&#215;69&#8243; alignment=&#8221;center&#8221; onclick=&#8221;custom_link&#8221; link=&#8221;https:\/\/www.sterylis.com\/de\/produkte\/polski-sterylis-duct-air\/sterylis-duct-air-2\/&#8221;][vc_column_text]<\/p>\n<h3><a href=\"https:\/\/www.sterylis.com\/de\/produkte\/polski-sterylis-duct-air\/sterylis-duct-air-2\/\">STERYLIS <span style=\"color: #6ccaff;\"><strong>DUCT AIR<\/strong><\/span><\/a><\/h3>\n<p>[\/vc_column_text][\/vc_column][\/vc_row][vc_row disable_element=&#8221;yes&#8221; css=&#8221;.vc_custom_1638189330848{padding-top: 80px !important;padding-bottom: 80px !important;}&#8221;][vc_column width=&#8221;1\/6&#8243;][vc_single_image image=&#8221;8679&#8243; img_size=&#8221;69&#215;69&#8243; alignment=&#8221;right&#8221; onclick=&#8221;custom_link&#8221; link=&#8221;https:\/\/www.sterylis.com\/de\/produkte\/polski-sterylis-pure-air\/&#8221;][vc_column_text]<\/p>\n<h3><a href=\"https:\/\/www.sterylis.com\/de\/produkte\/polski-sterylis-pure-air\/\">STERYLIS <\/a><a href=\"https:\/\/www.sterylis.com\/produkty\/sterylis-pure-air\/\"><span style=\"color: #383e42;\"><strong>PURE AIR<\/strong><\/span><\/a><\/h3>\n<p>Modele:<\/p>\n<ul>\n<li><a href=\"https:\/\/www.sterylis.com\/de\/produkte\/polski-sterylis-pure-air\/\">PURE AIR &#8211; 100<\/a><\/li>\n<\/ul>\n<p>[\/vc_column_text][\/vc_column][vc_column width=&#8221;1\/6&#8243;][vc_single_image image=&#8221;7410&#8243; img_size=&#8221;69&#215;69&#8243; alignment=&#8221;center&#8221; onclick=&#8221;custom_link&#8221; link=&#8221;\/produkty\/sterylis-light-air\/&#8221;][vc_column_text]<\/p>\n<h3><a href=\"\/de\/produkte\/sterylis-light-air\/\">STERYLIS <span style=\"color: #1d71b8;\"><strong>LIGHT AIR<\/strong><\/span><\/a><\/h3>\n<p>Modelle:<\/p>\n<ul>\n<li><a href=\"\/de\/produkte\/sterylis-light-air\/sterylis-light-air-60\/\">LIGHT AIR 60<\/a><\/li>\n<li><a href=\"\/de\/produkte\/sterylis-light-air\/sterylis-light-air-plus-60\/\">LIGHT AIR+ 60<\/a><\/li>\n<li><a href=\"https:\/\/www.sterylis.com\/de\/produkte\/sterylis-light-air\/sterylis-light-air-60-nt\/\">LIGHT AIR 60 NT<\/a><\/li>\n<li><a href=\"https:\/\/www.sterylis.com\/de\/produkte\/sterylis-light-air\/sterylis-light-air-plus-60-nt\/\">LIGHT AIR+ 60 NT<\/a><\/li>\n<\/ul>\n<p>[\/vc_column_text][\/vc_column][vc_column width=&#8221;1\/6&#8243; css=&#8221;.vc_custom_1597659863240{padding-bottom: 60px !important;}&#8221;][vc_single_image image=&#8221;7104&#8243; img_size=&#8221;69&#215;69&#8243; alignment=&#8221;center&#8221; onclick=&#8221;custom_link&#8221; link=&#8221;https:\/\/www.sterylis.com\/en\/products\/sterylis-basic\/&#8221;][vc_column_text]<\/p>\n<h3><a href=\"\/produkte\/sterylis-basic\/\">STERYLIS <span style=\"color: #35dacc;\"><strong>BASIC<\/strong><\/span><\/a><\/h3>\n<p>Modelle:<\/p>\n<ul>\n<li><a href=\"https:\/\/www.sterylis.com\/de\/produkte\/sterylis-basic\/sterylis-basic-100\/\">BASIC-100<\/a><\/li>\n<li><a href=\"https:\/\/www.sterylis.com\/de\/produkte\/sterylis-basic\/sterylis-basic-150\/\">BASIC-150<\/a><\/li>\n<li><a href=\"https:\/\/www.sterylis.com\/de\/produkte\/sterylis-basic\/sterylis-basic-300\/\">BASIC-300<\/a><\/li>\n<li><a href=\"https:\/\/www.sterylis.com\/de\/produkte\/sterylis-basic\/sterylis-basic-400\/\">BASIC-400<\/a><\/li>\n<li><a href=\"https:\/\/www.sterylis.com\/de\/produkte\/sterylis-basic\/sterylis-basic-800\/\">BASIC-800<\/a><\/li>\n<\/ul>\n<p>[\/vc_column_text][\/vc_column][vc_column width=&#8221;1\/6&#8243; css=&#8221;.vc_custom_1594390620637{padding-bottom: 60px !important;}&#8221;][vc_single_image image=&#8221;6788&#8243; img_size=&#8221;69&#215;69&#8243; alignment=&#8221;center&#8221; onclick=&#8221;custom_link&#8221; link=&#8221;\/produkty\/sterylis-vs\/&#8221;][vc_column_text]<\/p>\n<h3><a href=\"https:\/\/www.sterylis.com\/produkty\/sterylis-vs\/\">STERYLIS <span style=\"color: #35dacc;\"><strong>VS<\/strong><\/span><\/a><\/h3>\n<p>Modelle:<\/p>\n<ul>\n<li><a href=\"\/produkty\/sterylis-vs\/sterylis-vs-450\/\">VS-100\/450<\/a><\/li>\n<li><a href=\"\/produkty\/sterylis-vs\/sterylis-vs-600\/\">VS-150\/600<\/a><\/li>\n<li><a href=\"\/produkty\/sterylis-vs\/sterylis-vs-900\/\">VS-300\/900<\/a><\/li>\n<li><a href=\"\/produkty\/sterylis-vs\/sterylis-vs-1200\/\">VS-400\/1200<\/a><\/li>\n<li><a href=\"\/produkty\/sterylis-vs\/sterylis-vs-1500\/\">VS-600\/1500<\/a><\/li>\n<\/ul>\n<p>[\/vc_column_text][\/vc_column][vc_column width=&#8221;1\/6&#8243; css=&#8221;.vc_custom_1594390625952{padding-bottom: 60px !important;}&#8221;][vc_single_image image=&#8221;6787&#8243; img_size=&#8221;69&#215;69&#8243; alignment=&#8221;center&#8221; onclick=&#8221;custom_link&#8221; link=&#8221;\/produkty\/sterylis-ultra\/&#8221;][vc_column_text]<\/p>\n<h3><a href=\"https:\/\/www.sterylis.com\/de\/produkte\/sterylis-ultra\/\">STERYLIS <span style=\"color: #35dacc;\"><strong>ULTRA<\/strong><\/span><\/a><\/h3>\n<p>Modelle:<\/p>\n<ul>\n<li><a href=\"\/produkty\/sterylis-ultra\/sterylis-ultra-220\/\">ULTRA-200\/450<\/a><\/li>\n<li><a href=\"\/produkty\/sterylis-ultra\/sterylis-ultra-330\/\">ULTRA-300\/850<\/a><\/li>\n<li><a href=\"\/produkty\/sterylis-ultra\/sterylis-ultra-440\/\">ULTRA-700\/850<\/a><\/li>\n<li><a href=\"\/produkty\/sterylis-ultra\/sterylis-ultra-550\/\">ULTRA-900\/1000<\/a><\/li>\n<\/ul>\n<p>[\/vc_column_text][\/vc_column][vc_column width=&#8221;1\/6&#8243;][vc_single_image image=&#8221;8871&#8243; img_size=&#8221;69&#215;69&#8243; alignment=&#8221;center&#8221; onclick=&#8221;custom_link&#8221; link=&#8221;https:\/\/www.sterylis.com\/de\/produkte\/polski-sterylis-duct-air\/sterylis-duct-air-2\/&#8221;][vc_column_text]<\/p>\n<h3><a href=\"https:\/\/www.sterylis.com\/de\/produkte\/polski-sterylis-duct-air\/sterylis-duct-air-2\/\">STERYLIS <span style=\"color: #6ccaff;\"><strong>DUCT AIR<\/strong><\/span><\/a><\/h3>\n<p>[\/vc_column_text][\/vc_column][\/vc_row]<\/p>","protected":false},"excerpt":{"rendered":"<p>[vc_row][vc_column][vc_column_text]Innovative Desinfektions- und Sterilisationsger\u00e4te mit Luftfiltrationsfunktion, die mit hochleistungsf\u00e4higen bakteriziden und viruziden UV-C-Lampen sowie einem sehr effizienten Ozongenerator funktionieren. Dies macht sie zu \u00e4u\u00dferst modernen und vielseitigen Ger\u00e4ten. Die\u00a0Ger\u00e4te sind in verschiedenen Versionen erh\u00e4ltlich, die sich hinsichtlich der Leistung der [&hellip;]<\/p>\n","protected":false},"author":1,"featured_media":0,"parent":0,"menu_order":0,"comment_status":"closed","ping_status":"closed","template":"","meta":[],"yoast_head":"\n<title>Produkte - STERYLIS<\/title>\n<meta name=\"robots\" content=\"index, follow, max-snippet:-1, max-image-preview:large, max-video-preview:-1\" \/>\n<link rel=\"canonical\" href=\"https:\/\/www.sterylis.com\/produkty\/\" \/>\n<meta property=\"og:locale\" content=\"de_DE\" \/>\n<meta property=\"og:type\" content=\"article\" \/>\n<meta property=\"og:title\" content=\"[:pl]Produkty[:en]Products[:de]Produkte[:cz]Produkty [:ru]\u041f\u0440\u043e\u0434\u0443\u043a\u0442\u044b[:] - STERYLIS\" \/>\n<meta property=\"og:description\" content=\"[vc_row][vc_column][vc_column_text]Innovative Desinfektions- und Sterilisationsger\u00e4te mit Luftfiltrationsfunktion, die mit hochleistungsf\u00e4higen bakteriziden und viruziden UV-C-Lampen sowie einem sehr effizienten Ozongenerator funktionieren. Dies macht sie zu \u00e4u\u00dferst modernen und vielseitigen Ger\u00e4ten. Die\u00a0Ger\u00e4te sind in verschiedenen Versionen erh\u00e4ltlich, die sich hinsichtlich der Leistung der [&hellip;]\" \/>\n<meta property=\"og:url\" content=\"https:\/\/www.sterylis.com\/produkty\/\" \/>\n<meta property=\"og:site_name\" content=\"STERYLIS\" \/>\n<meta property=\"article:publisher\" content=\"https:\/\/www.facebook.com\/sterylis\" \/>\n<meta property=\"article:modified_time\" content=\"2021-12-01T13:33:15+00:00\" \/>\n<meta name=\"twitter:card\" content=\"summary_large_image\" \/>\n<meta name=\"twitter:label1\" content=\"Written by\">\n\t<meta name=\"twitter:data1\" content=\"admin\">\n\t<meta name=\"twitter:label2\" content=\"Est. reading time\">\n\t<meta name=\"twitter:data2\" content=\"7\u00a0Minuten\">\n","_links":{"self":[{"href":"https:\/\/www.sterylis.com\/de\/wp-json\/wp\/v2\/pages\/5258"}],"collection":[{"href":"https:\/\/www.sterylis.com\/de\/wp-json\/wp\/v2\/pages"}],"about":[{"href":"https:\/\/www.sterylis.com\/de\/wp-json\/wp\/v2\/types\/page"}],"author":[{"embeddable":true,"href":"https:\/\/www.sterylis.com\/de\/wp-json\/wp\/v2\/users\/1"}],"replies":[{"embeddable":true,"href":"https:\/\/www.sterylis.com\/de\/wp-json\/wp\/v2\/comments?post=5258"}],"version-history":[{"count":262,"href":"https:\/\/www.sterylis.com\/de\/wp-json\/wp\/v2\/pages\/5258\/revisions"}],"predecessor-version":[{"id":9071,"href":"https:\/\/www.sterylis.com\/de\/wp-json\/wp\/v2\/pages\/5258\/revisions\/9071"}],"wp:attachment":[{"href":"https:\/\/www.sterylis.com\/de\/wp-json\/wp\/v2\/media?parent=5258"}],"curies":[{"name":"wp","href":"https:\/\/api.w.org\/{rel}","templated":true}]}}