{"id":5327,"date":"2020-07-09T10:26:59","date_gmt":"2020-07-09T10:26:59","guid":{"rendered":"https:\/\/www.sterylis.igloo.pl\/?page_id=5327"},"modified":"2022-03-10T09:18:22","modified_gmt":"2022-03-10T09:18:22","slug":"sterylis-vs-600","status":"publish","type":"page","link":"https:\/\/www.sterylis.com\/de\/produkte\/sterylis-vs\/sterylis-vs-150-600\/","title":{"rendered":"Sterylis VS-150\/600"},"content":{"rendered":"<p>[vc_section][vc_row][vc_column width=&#8221;1\/2&#8243;][vc_row_inner][vc_column_inner width=&#8221;1\/2&#8243;][vc_column_text]<\/p>\n<h1>600 m<sup>3<\/sup><\/h1>\n<p>[\/vc_column_text][\/vc_column_inner][vc_column_inner width=&#8221;1\/2&#8243;][vc_column_text]Empfohlenes <strong>VOLUMEN<\/strong><br \/>\ndes sterilisierten Raums<br \/>\n(um 5 ppm O<sub>3<\/sub>zu erreichen)[\/vc_column_text][\/vc_column_inner][\/vc_row_inner][vc_row_inner css=&#8221;.vc_custom_1594197585429{padding-top: 60px !important;}&#8221;][vc_column_inner width=&#8221;1\/2&#8243;][vc_column_text]<\/p>\n<h2>BETRIEBSMODUS:<\/h2>\n<p>[\/vc_column_text][\/vc_column_inner][vc_column_inner width=&#8221;1\/2&#8243;][\/vc_column_inner][\/vc_row_inner][vc_row_inner][vc_column_inner width=&#8221;1\/2&#8243;][vc_column_text]<\/p>\n<h5><img loading=\"lazy\" class=\"wp-image-4854 alignleft\" role=\"img\" src=\"https:\/\/www.sterylis.igloo.pl\/wp-content\/uploads\/2020\/04\/icona_02.svg\" alt=\"Sterylis VS-150\/600\" width=\"80\" height=\"66\" \/><br \/>\nFiltration<\/h5>\n<p>[\/vc_column_text][\/vc_column_inner][vc_column_inner width=&#8221;1\/2&#8243;][vc_column_text]<\/p>\n<h5><img loading=\"lazy\" class=\"wp-image-4856 alignleft\" role=\"img\" src=\"https:\/\/www.sterylis.igloo.pl\/wp-content\/uploads\/2020\/04\/icona_04.svg\" alt=\"Sterylis VS-150\/600\" width=\"80\" height=\"78\" \/><br \/>\nUV-C<br \/>\n&#8211; Desinfektion<\/h5>\n<p>[\/vc_column_text][\/vc_column_inner][\/vc_row_inner][vc_row_inner][vc_column_inner width=&#8221;1\/2&#8243;][vc_column_text]<img loading=\"lazy\" class=\"wp-image-4777 alignleft\" role=\"img\" src=\"https:\/\/www.sterylis.igloo.pl\/wp-content\/uploads\/2020\/04\/icosec_sterylizator_pomieszczen.svg\" alt=\"STERYLIZATOR POMIESZCZE\u0143 VS\" width=\"80\" height=\"80\" srcset=\"https:\/\/www.sterylis.com\/wp-content\/uploads\/\/2020\/04\/icosec_sterylizator_pomieszczen.svg 500w, https:\/\/www.sterylis.com\/wp-content\/uploads\/\/2020\/04\/icosec_sterylizator_pomieszczen.svg 100w, https:\/\/www.sterylis.com\/wp-content\/uploads\/\/2020\/04\/icosec_sterylizator_pomieszczen.svg 150w, https:\/\/www.sterylis.com\/wp-content\/uploads\/\/2020\/04\/icosec_sterylizator_pomieszczen.svg 300w, https:\/\/www.sterylis.com\/wp-content\/uploads\/\/2020\/04\/icosec_sterylizator_pomieszczen.svg 1024w, https:\/\/www.sterylis.com\/wp-content\/uploads\/\/2020\/04\/icosec_sterylizator_pomieszczen.svg 1536w, https:\/\/www.sterylis.com\/wp-content\/uploads\/\/2020\/04\/icosec_sterylizator_pomieszczen.svg 550w, https:\/\/www.sterylis.com\/wp-content\/uploads\/\/2020\/04\/icosec_sterylizator_pomieszczen.svg 1100w, https:\/\/www.sterylis.com\/wp-content\/uploads\/\/2020\/04\/icosec_sterylizator_pomieszczen.svg 42w\" sizes=\"(max-width: 80px) 100vw, 80px\" \/><\/p>\n<h5>UV-C- Desinfektion<br \/>\n&#8211; leiser Betrieb<\/h5>\n<p>[\/vc_column_text][\/vc_column_inner][vc_column_inner width=&#8221;1\/2&#8243;][vc_column_text]<img loading=\"lazy\" class=\"wp-image-4778 alignleft\" role=\"img\" src=\"https:\/\/www.sterylis.igloo.pl\/wp-content\/uploads\/2020\/04\/icosec_generator_ozonu.svg\" alt=\"GENERATOR OZONU\" width=\"80\" height=\"79\" srcset=\"https:\/\/www.sterylis.com\/wp-content\/uploads\/\/2020\/04\/icosec_generator_ozonu.svg 500w, https:\/\/www.sterylis.com\/wp-content\/uploads\/\/2020\/04\/icosec_generator_ozonu.svg 100w, https:\/\/www.sterylis.com\/wp-content\/uploads\/\/2020\/04\/icosec_generator_ozonu.svg 150w, https:\/\/www.sterylis.com\/wp-content\/uploads\/\/2020\/04\/icosec_generator_ozonu.svg 300w, https:\/\/www.sterylis.com\/wp-content\/uploads\/\/2020\/04\/icosec_generator_ozonu.svg 1024w, https:\/\/www.sterylis.com\/wp-content\/uploads\/\/2020\/04\/icosec_generator_ozonu.svg 1536w, https:\/\/www.sterylis.com\/wp-content\/uploads\/\/2020\/04\/icosec_generator_ozonu.svg 550w, https:\/\/www.sterylis.com\/wp-content\/uploads\/\/2020\/04\/icosec_generator_ozonu.svg 1100w, https:\/\/www.sterylis.com\/wp-content\/uploads\/\/2020\/04\/icosec_generator_ozonu.svg 42w\" sizes=\"(max-width: 80px) 100vw, 80px\" \/><\/p>\n<h5>Sterilisation<br \/>\nO<sub>3<\/sub> + UV-C (Auto)<\/h5>\n<p>[\/vc_column_text][\/vc_column_inner][\/vc_row_inner][vc_row_inner css=&#8221;.vc_custom_1594288740024{padding-top: 40px !important;}&#8221;][vc_column_inner width=&#8221;1\/2&#8243; css=&#8221;.vc_custom_1594363702508{padding-bottom: 30px !important;}&#8221;]<a itemprop=\"url\" href=\"\/files\/data_sheets\/karta%20katalogowa%20sterylis%20VS-150_600_DE.pdf\" target=\"_self\"  class=\"eltdf-btn eltdf-btn-medium eltdf-btn-solid eltdf-btn-icon\"  >\n    <span class=\"eltdf-btn-text\">Katalogdatei<\/span>\n    <i class=\"eltdf-icon-font-awesome fa fa-file \" ><\/i>    <\/a>[\/vc_column_inner][vc_column_inner width=&#8221;1\/2&#8243; css=&#8221;.vc_custom_1594363706990{padding-bottom: 30px !important;}&#8221;]<a itemprop=\"url\" href=\"\/files\/user_manuals\/Benutzerhandbuch%20STERYLIS%20VS%20DE.pdf\" target=\"_self\"  class=\"eltdf-btn eltdf-btn-medium eltdf-btn-solid eltdf-btn-icon\"  >\n    <span class=\"eltdf-btn-text\">Bedienungsanleitung<\/span>\n    <i class=\"eltdf-icon-font-awesome fa fa-file-text \" ><\/i>    <\/a>[\/vc_column_inner][\/vc_row_inner][\/vc_column][vc_column width=&#8221;1\/2&#8243;]<div class=\"eltdf-single-image-holder   \">\n    <div class=\"eltdf-si-inner\" >\n                                    <img width=\"427\" height=\"1032\" src=\"https:\/\/www.sterylis.com\/wp-content\/uploads\/2020\/10\/Sterylis_VS-600_cut_persp.png\" class=\"attachment-full size-full\" alt=\"Sterylis VS-150\/600\" loading=\"lazy\" srcset=\"https:\/\/www.sterylis.com\/wp-content\/uploads\/2020\/10\/Sterylis_VS-600_cut_persp.png 427w, https:\/\/www.sterylis.com\/wp-content\/uploads\/2020\/10\/Sterylis_VS-600_cut_persp-124x300.png 124w, https:\/\/www.sterylis.com\/wp-content\/uploads\/2020\/10\/Sterylis_VS-600_cut_persp-424x1024.png 424w\" sizes=\"(max-width: 427px) 100vw, 427px\" title=\"Sterylis VS-150\/600\" \/>                        <\/div>\n<\/div>[\/vc_column][\/vc_row][vc_row css=&#8221;.vc_custom_1594364592802{margin-top: -80px !important;}&#8221;][vc_column][vc_empty_space][vc_column_text css=&#8221;.vc_custom_1617019730074{padding-bottom: 30px !important;}&#8221;]<strong>STERYLIS VS<\/strong> ist eine Reihe von Ger\u00e4ten mit Ozongenerator mit erh\u00f6hter Leistung und zus\u00e4tzlich mit UV-C-Technologie im Desinfektionsprozess und zweistufigen Luftfiltration.<\/p>\n<p>Eigenschaften des Ger\u00e4ts:<\/p>\n<ul>\n<li>Sterilisation von R\u00e4umen mit einem Ozongeneratormit erh\u00f6hter Effizienz<\/li>\n<li>Deozonation<\/li>\n<li>Desinfektion mittels UV-C-Technologie<\/li>\n<li>2-stufige Luftfiltration<\/li>\n<li>Automatische Steuerung dank dem fortschrittlichen Controller von MILOO-ELECTRONIC<\/li>\n<li>Niedriger L\u00e4rmpegel<\/li>\n<li>Benutzerfreundlichkeit<\/li>\n<li>Kompakte Bauweise<\/li>\n<li>Mobilit\u00e4t<\/li>\n<li>M\u00f6glichkeit der Personalisierung, Anpassung an individuelle Kundenanforderungen<\/li>\n<\/ul>\n<p>[\/vc_column_text]<div class=\"eltdf-single-image-holder   \">\n    <div class=\"eltdf-si-inner\" >\n                                    <img width=\"815\" height=\"656\" src=\"https:\/\/www.sterylis.com\/wp-content\/uploads\/2021\/01\/Sterylis_VS-150-600-rys_tech.png\" class=\"attachment-full size-full\" alt=\"Sterylis VS-150\/600\" loading=\"lazy\" srcset=\"https:\/\/www.sterylis.com\/wp-content\/uploads\/2021\/01\/Sterylis_VS-150-600-rys_tech.png 815w, https:\/\/www.sterylis.com\/wp-content\/uploads\/2021\/01\/Sterylis_VS-150-600-rys_tech-300x241.png 300w, https:\/\/www.sterylis.com\/wp-content\/uploads\/2021\/01\/Sterylis_VS-150-600-rys_tech-768x618.png 768w, https:\/\/www.sterylis.com\/wp-content\/uploads\/2021\/01\/Sterylis_VS-150-600-rys_tech-800x644.png 800w\" sizes=\"(max-width: 815px) 100vw, 815px\" title=\"Sterylis VS-150\/600\" \/>                        <\/div>\n<\/div>[vc_empty_space height=&#8221;80px&#8221;][\/vc_column][\/vc_row][\/vc_section]<\/p>","protected":false},"excerpt":{"rendered":"<p>[vc_section][vc_row][vc_column width=&#8221;1\/2&#8243;][vc_row_inner][vc_column_inner width=&#8221;1\/2&#8243;][vc_column_text] 600 m3 [\/vc_column_text][\/vc_column_inner][vc_column_inner width=&#8221;1\/2&#8243;][vc_column_text]Empfohlenes VOLUMEN des sterilisierten Raums (um 5 ppm O3zu erreichen)[\/vc_column_text][\/vc_column_inner][\/vc_row_inner][vc_row_inner css=&#8221;.vc_custom_1594197585429{padding-top: 60px !important;}&#8221;][vc_column_inner width=&#8221;1\/2&#8243;][vc_column_text] BETRIEBSMODUS: [\/vc_column_text][\/vc_column_inner][vc_column_inner width=&#8221;1\/2&#8243;][\/vc_column_inner][\/vc_row_inner][vc_row_inner][vc_column_inner width=&#8221;1\/2&#8243;][vc_column_text] Filtration [\/vc_column_text][\/vc_column_inner][vc_column_inner width=&#8221;1\/2&#8243;][vc_column_text] UV-C &#8211; Desinfektion [\/vc_column_text][\/vc_column_inner][\/vc_row_inner][vc_row_inner][vc_column_inner width=&#8221;1\/2&#8243;][vc_column_text] UV-C- Desinfektion &#8211; leiser Betrieb [\/vc_column_text][\/vc_column_inner][vc_column_inner width=&#8221;1\/2&#8243;][vc_column_text] Sterilisation [&hellip;]<\/p>\n","protected":false},"author":1,"featured_media":6604,"parent":5260,"menu_order":0,"comment_status":"closed","ping_status":"closed","template":"","meta":[],"yoast_head":"\n<title>Sterylis VS-150\/600 - STERYLIS<\/title>\n<meta name=\"robots\" content=\"index, follow, max-snippet:-1, max-image-preview:large, max-video-preview:-1\" \/>\n<link rel=\"canonical\" href=\"https:\/\/www.sterylis.com\/produkty\/sterylis-vs\/sterylis-vs-150-600\/\" \/>\n<meta property=\"og:locale\" content=\"de_DE\" \/>\n<meta property=\"og:type\" content=\"article\" \/>\n<meta property=\"og:title\" content=\"Sterylis VS-150\/600 - STERYLIS\" \/>\n<meta property=\"og:description\" content=\"[vc_section][vc_row][vc_column width=&#8221;1\/2&#8243;][vc_row_inner][vc_column_inner width=&#8221;1\/2&#8243;][vc_column_text] 600 m3 [\/vc_column_text][\/vc_column_inner][vc_column_inner width=&#8221;1\/2&#8243;][vc_column_text]Empfohlenes VOLUMEN des sterilisierten Raums (um 5 ppm O3zu erreichen)[\/vc_column_text][\/vc_column_inner][\/vc_row_inner][vc_row_inner css=&#8221;.vc_custom_1594197585429{padding-top: 60px !important;}&#8221;][vc_column_inner width=&#8221;1\/2&#8243;][vc_column_text] BETRIEBSMODUS: [\/vc_column_text][\/vc_column_inner][vc_column_inner width=&#8221;1\/2&#8243;][\/vc_column_inner][\/vc_row_inner][vc_row_inner][vc_column_inner width=&#8221;1\/2&#8243;][vc_column_text] Filtration [\/vc_column_text][\/vc_column_inner][vc_column_inner width=&#8221;1\/2&#8243;][vc_column_text] UV-C &#8211; Desinfektion [\/vc_column_text][\/vc_column_inner][\/vc_row_inner][vc_row_inner][vc_column_inner width=&#8221;1\/2&#8243;][vc_column_text] UV-C- Desinfektion &#8211; leiser Betrieb [\/vc_column_text][\/vc_column_inner][vc_column_inner width=&#8221;1\/2&#8243;][vc_column_text] Sterilisation [&hellip;]\" \/>\n<meta property=\"og:url\" content=\"https:\/\/www.sterylis.com\/produkty\/sterylis-vs\/sterylis-vs-150-600\/\" \/>\n<meta property=\"og:site_name\" content=\"STERYLIS\" \/>\n<meta property=\"article:publisher\" content=\"https:\/\/www.facebook.com\/sterylis\" \/>\n<meta property=\"article:modified_time\" content=\"2022-03-10T09:18:22+00:00\" \/>\n<meta property=\"og:image\" content=\"https:\/\/www.sterylis.com\/wp-content\/uploads\/2020\/10\/Sterylis_VS-600_cut_persp.png\" \/>\n\t<meta property=\"og:image:width\" content=\"427\" \/>\n\t<meta property=\"og:image:height\" content=\"1032\" \/>\n<meta name=\"twitter:card\" content=\"summary_large_image\" \/>\n<meta name=\"twitter:label1\" content=\"Written by\">\n\t<meta name=\"twitter:data1\" content=\"admin\">\n\t<meta name=\"twitter:label2\" content=\"Est. reading time\">\n\t<meta name=\"twitter:data2\" content=\"8\u00a0Minuten\">\n","_links":{"self":[{"href":"https:\/\/www.sterylis.com\/de\/wp-json\/wp\/v2\/pages\/5327"}],"collection":[{"href":"https:\/\/www.sterylis.com\/de\/wp-json\/wp\/v2\/pages"}],"about":[{"href":"https:\/\/www.sterylis.com\/de\/wp-json\/wp\/v2\/types\/page"}],"author":[{"embeddable":true,"href":"https:\/\/www.sterylis.com\/de\/wp-json\/wp\/v2\/users\/1"}],"replies":[{"embeddable":true,"href":"https:\/\/www.sterylis.com\/de\/wp-json\/wp\/v2\/comments?post=5327"}],"version-history":[{"count":44,"href":"https:\/\/www.sterylis.com\/de\/wp-json\/wp\/v2\/pages\/5327\/revisions"}],"predecessor-version":[{"id":9156,"href":"https:\/\/www.sterylis.com\/de\/wp-json\/wp\/v2\/pages\/5327\/revisions\/9156"}],"up":[{"embeddable":true,"href":"https:\/\/www.sterylis.com\/de\/wp-json\/wp\/v2\/pages\/5260"}],"wp:featuredmedia":[{"embeddable":true,"href":"https:\/\/www.sterylis.com\/de\/wp-json\/wp\/v2\/media\/6604"}],"wp:attachment":[{"href":"https:\/\/www.sterylis.com\/de\/wp-json\/wp\/v2\/media?parent=5327"}],"curies":[{"name":"wp","href":"https:\/\/api.w.org\/{rel}","templated":true}]}}