{"id":5652,"date":"2020-07-23T08:47:51","date_gmt":"2020-07-23T08:47:51","guid":{"rendered":"http:\/\/sterylis1.igloo.pl\/?page_id=5652"},"modified":"2020-09-22T07:00:47","modified_gmt":"2020-09-22T07:00:47","slug":"zastosowanie","status":"publish","type":"page","link":"https:\/\/www.sterylis.com\/de\/anwendungbereiche\/","title":{"rendered":"Anwendungbereiche"},"content":{"rendered":"<p>[vc_row css=&#8221;.vc_custom_1595500002274{padding-top: 60px !important;}&#8221;][vc_column width=&#8221;1\/2&#8243;][vc_column_text]<\/p>\n<div class=\"eltdf-btc-holder eltdf-btc-7877 eltdf-btc-type-text eltdf-btc-bg-position-left eltdf-btc-bg-line-yes eltdf-btc-appear-fx-yes eltdf-btc-bg-line-left eltdf-appeared\" data-item-class=\"eltdf-btc-7877\" data-font-size-1366=\"200px\" data-font-size-1280=\"180px\" data-font-size-1024=\"180px\" data-font-size-768=\"180px\" data-font-size-680=\"150px\" data-offset-top-1366=\"-71%\" data-offset-left-1366=\"-10%\" data-offset-top-1280=\"-68%\" data-offset-left-1280=\"-6%\" data-offset-top-1024=\"-55%\" data-offset-left-1024=\"-18%\" data-offset-top-768=\"-65%\" data-offset-left-768=\"-15%\" data-offset-top-680=\"-56%\" data-offset-left-680=\"23%\">\n<div class=\"eltdf-btc-holder-inner\">\n<div class=\"eltdf-btc-content\">\n<h1 class=\"eltdf-btc-title\">ANWENDUNGBEREICHE<\/h1>\n<p class=\"eltdf-btc-text\">Die STERYLIS VS-Ger\u00e4te sind f\u00fcr alle Arten von R\u00e4umen und verschiedene Raumgr\u00f6\u00dfen geeignet. Durch ihre Leistung und Kapazit\u00e4t k\u00f6nnen sie sowohl tags\u00fcber als auch nachts benutzt werden (Nachtmodus &#8211; leise). Die Vorteile sind zahlreich: Sicherheit, bequeme und einfache Bedienung \/ Service und problemloser Betrieb.<\/p>\n<\/div>\n<\/div>\n<\/div>\n<p>[\/vc_column_text][\/vc_column][vc_column width=&#8221;1\/2&#8243;]<div class=\"eltdf-single-image-holder   \">\n    <div class=\"eltdf-si-inner\" >\n                                    <img src=\"https:\/\/www.sterylis.com\/wp-content\/uploads\/2020\/04\/sterylizator_zastosowanie_w_pomieszczeniach_de.svg\" class=\"attachment-full size-full\" alt=\"Professionelle raumsterilisatoren\" loading=\"lazy\" height=\"350\" width=\"491.9\" title=\"Professionelle raumsterilisatoren\" \/>                        <\/div>\n<\/div>[\/vc_column][\/vc_row][vc_row css=&#8221;.vc_custom_1595500010115{padding-top: 100px !important;padding-bottom: 100px !important;}&#8221;][vc_column][vc_video link=&#8221;https:\/\/youtu.be\/8pW_LluXbO8&#8243;][\/vc_column][\/vc_row]<\/p>","protected":false},"excerpt":{"rendered":"<p>[vc_row css=&#8221;.vc_custom_1595500002274{padding-top: 60px !important;}&#8221;][vc_column width=&#8221;1\/2&#8243;][vc_column_text] ANWENDUNGBEREICHE Die STERYLIS VS-Ger\u00e4te sind f\u00fcr alle Arten von R\u00e4umen und verschiedene Raumgr\u00f6\u00dfen geeignet. Durch ihre Leistung und Kapazit\u00e4t k\u00f6nnen sie sowohl tags\u00fcber als auch nachts benutzt werden (Nachtmodus &#8211; leise). Die Vorteile sind zahlreich: [&hellip;]<\/p>\n","protected":false},"author":1,"featured_media":0,"parent":0,"menu_order":0,"comment_status":"closed","ping_status":"closed","template":"","meta":[],"yoast_head":"\n<title>Anwendungbereiche - STERYLIS<\/title>\n<meta name=\"robots\" content=\"index, follow, max-snippet:-1, max-image-preview:large, max-video-preview:-1\" \/>\n<link rel=\"canonical\" href=\"https:\/\/www.sterylis.com\/de\/anwendungbereiche\/\" \/>\n<meta property=\"og:locale\" content=\"de_DE\" \/>\n<meta property=\"og:type\" content=\"article\" \/>\n<meta property=\"og:title\" content=\"[:pl]Zastosowanie[:en]Appliance[:de]Anwendungbereiche[:] - STERYLIS\" \/>\n<meta property=\"og:description\" content=\"[vc_row css=&#8221;.vc_custom_1595500002274{padding-top: 60px !important;}&#8221;][vc_column width=&#8221;1\/2&#8243;][vc_column_text] ANWENDUNGBEREICHE Die STERYLIS VS-Ger\u00e4te sind f\u00fcr alle Arten von R\u00e4umen und verschiedene Raumgr\u00f6\u00dfen geeignet. Durch ihre Leistung und Kapazit\u00e4t k\u00f6nnen sie sowohl tags\u00fcber als auch nachts benutzt werden (Nachtmodus &#8211; leise). Die Vorteile sind zahlreich: [&hellip;]\" \/>\n<meta property=\"og:url\" content=\"https:\/\/www.sterylis.com\/de\/anwendungbereiche\/\" \/>\n<meta property=\"og:site_name\" content=\"STERYLIS\" \/>\n<meta property=\"article:publisher\" content=\"https:\/\/www.facebook.com\/sterylis\" \/>\n<meta property=\"article:modified_time\" content=\"2020-09-22T07:00:47+00:00\" \/>\n<meta name=\"twitter:card\" content=\"summary_large_image\" \/>\n<meta name=\"twitter:label1\" content=\"Written by\">\n\t<meta name=\"twitter:data1\" content=\"admin\">\n\t<meta name=\"twitter:label2\" content=\"Est. reading time\">\n\t<meta name=\"twitter:data2\" content=\"1\u00a0Minute\">\n","_links":{"self":[{"href":"https:\/\/www.sterylis.com\/de\/wp-json\/wp\/v2\/pages\/5652"}],"collection":[{"href":"https:\/\/www.sterylis.com\/de\/wp-json\/wp\/v2\/pages"}],"about":[{"href":"https:\/\/www.sterylis.com\/de\/wp-json\/wp\/v2\/types\/page"}],"author":[{"embeddable":true,"href":"https:\/\/www.sterylis.com\/de\/wp-json\/wp\/v2\/users\/1"}],"replies":[{"embeddable":true,"href":"https:\/\/www.sterylis.com\/de\/wp-json\/wp\/v2\/comments?post=5652"}],"version-history":[{"count":21,"href":"https:\/\/www.sterylis.com\/de\/wp-json\/wp\/v2\/pages\/5652\/revisions"}],"predecessor-version":[{"id":8522,"href":"https:\/\/www.sterylis.com\/de\/wp-json\/wp\/v2\/pages\/5652\/revisions\/8522"}],"wp:attachment":[{"href":"https:\/\/www.sterylis.com\/de\/wp-json\/wp\/v2\/media?parent=5652"}],"curies":[{"name":"wp","href":"https:\/\/api.w.org\/{rel}","templated":true}]}}