{"id":5683,"date":"2020-07-23T10:47:34","date_gmt":"2020-07-23T10:47:34","guid":{"rendered":"http:\/\/sterylis1.igloo.pl\/?page_id=5683"},"modified":"2020-07-28T06:33:17","modified_gmt":"2020-07-28T06:33:17","slug":"tryby-pracy","status":"publish","type":"page","link":"https:\/\/www.sterylis.com\/de\/produkte\/sterylis-ultra\/arbeitsmodi-2\/","title":{"rendered":"Arbeitsmodi"},"content":{"rendered":"<p>[vc_row css=&#8221;.vc_custom_1586975291951{padding-top: 100px !important;padding-bottom: 40px !important;}&#8221; el_id=&#8221;tryby&#8221;][vc_column offset=&#8221;vc_col-lg-6 vc_col-md-6 vc_col-xs-12&#8243;][vc_column_text]<\/p>\n<h1 class=\"eltdf-btc-title\">4 BETRIEBSMODI<\/h1>\n<p class=\"eltdf-btc-text\">Sterilisierung mit Ozon- und UV-C-Strahlung und Partikelfiltration in einem Ger\u00e4t.<\/p>\n<p>[\/vc_column_text][\/vc_column][vc_column offset=&#8221;vc_col-lg-6 vc_col-md-6 vc_col-xs-12&#8243;]<div class=\"eltdf-single-image-holder   \">\n    <div class=\"eltdf-si-inner\" >\n                                    <img src=\"https:\/\/www.sterylis.com\/wp-content\/uploads\/2020\/04\/sterylizator_pomieszczen_z_ozonowaniem.svg\" class=\"attachment-full size-full\" alt=\"Professionelle raumsterilisatoren\" loading=\"lazy\" height=\"103.65\" width=\"358.33\" title=\"Professionelle raumsterilisatoren\" \/>                        <\/div>\n<\/div>[\/vc_column][\/vc_row][vc_row row_content_width=&#8221;grid&#8221; css=&#8221;.vc_custom_1586865862956{padding-bottom: 100px !important;}&#8221;][vc_column width=&#8221;1\/4&#8243; offset=&#8221;vc_col-lg-3 vc_col-md-3 vc_col-xs-12&#8243;]<div class=\"eltdf-single-image-holder   \">\n    <div class=\"eltdf-si-inner\" >\n                                    <img src=\"https:\/\/www.sterylis.com\/wp-content\/uploads\/2020\/04\/icosec_sterylizator_pomieszczen.svg\" class=\"attachment-full size-full\" alt=\"STERYLIZATOR POMIESZCZE\u0143 VS\" loading=\"lazy\" height=\"42.17\" width=\"42.17\" title=\"Professionelle raumsterilisatoren\" \/>                        <\/div>\n<\/div>[vc_column_text]<\/p>\n<h4>VS-RAUMSTERILISATOREN<\/h4>\n<p>[\/vc_column_text][vc_column_text]Innovative Desinfektions- und Sterilisationsger\u00e4te mit Luftfiltrationsfunktion, die mit hochleistungsf\u00e4higen bakteriziden und viruziden UV-C-Lampen sowie einem sehr effizienten Ozongenerator funktionieren. Dies macht sie zu \u00e4u\u00dferst modernen und vielseitigen Ger\u00e4ten. Die\u00a0Ger\u00e4te sind in verschiedenen Versionen erh\u00e4ltlich, die sich hinsichtlich der Leistung der verwendeten UV-C-Quelle und des Ozongenerators sowie der St\u00e4rke des Luftstroms voneinander unterscheiden. Die Reihe umfasst folgende Modelle: VS-450, VS-600, VS-900, VS-1200, VS-1500 und VS-1800.[\/vc_column_text][\/vc_column][vc_column width=&#8221;1\/4&#8243; offset=&#8221;vc_col-lg-3 vc_col-md-3 vc_col-xs-12&#8243;]<div class=\"eltdf-single-image-holder   \">\n    <div class=\"eltdf-si-inner\" >\n                                    <img src=\"https:\/\/www.sterylis.com\/wp-content\/uploads\/2020\/04\/icosec_generator_ozonu.svg\" class=\"attachment-full size-full\" alt=\"GENERATOR OZONU\" loading=\"lazy\" height=\"41.54\" width=\"42.17\" title=\"Professionelle raumsterilisatoren\" \/>                        <\/div>\n<\/div>[vc_column_text]<\/p>\n<h4>OZONERZEUGER<\/h4>\n<p>[\/vc_column_text][vc_column_text]Im Sterilisationsmodus hat das erzeugte Ozon\u00a0(O<sub>3<\/sub>) als sehr starkes Oxidationsmittel fungizide, bakterizide und viruzide Wirkung. Ozon neutralisiert zudem Ger\u00fcche aller Art. Aufgrund der hohen Leistung der im Ger\u00e4t verwendeten Ozonerzeuger ist die Desinfektionsmethode mit STERYLIS-Sterilisatoren sehr schnell und effektiv. Die vollst\u00e4ndige Raumsterilisation dauert im Normalfall ca. 4 Stunden, und der gesamte Prozess wird von einem Controller \u00fcberwacht, der die im Raum erzeugte Ozonkonzentration in Echtzeit misst. Die intelligente Steuerung des Ozonisierungsprozesses gew\u00e4hrleistet nicht nur die h\u00f6chste Sterilisationseffizienz, sondern auch die Sicherheit des gesamten Prozesses. Das\u00a0Erreichen einer sicheren Ozonkonzentration ist dank der Vernichtungsfunktion nach dem Sterilisationsprozess m\u00f6glich. Dank der Gasform des erzeugten Ozons wird nicht nur die Luft im Raum vollst\u00e4ndig sterilisiert, sondern auch alle Gegenst\u00e4nde, die das Ozon w\u00e4hrend des Desinfektionsprozesses erreicht.[\/vc_column_text][\/vc_column][vc_column width=&#8221;1\/4&#8243;]<div class=\"eltdf-single-image-holder   \">\n    <div class=\"eltdf-si-inner\" >\n                                    <img src=\"https:\/\/www.sterylis.com\/wp-content\/uploads\/2020\/04\/icosec_promieniowanie_uv_c.svg\" class=\"attachment-full size-full\" alt=\"PROMIENIOWANIE UV-C\" loading=\"lazy\" height=\"49.83\" width=\"50.91\" title=\"Professionelle raumsterilisatoren\" \/>                        <\/div>\n<\/div>[vc_column_text]<\/p>\n<h4>DOSIERUNG DER UV-C-STRAHLUNG<\/h4>\n<p>[\/vc_column_text][vc_column_text]Die zwischen den Filtern montierte Hochleistungsbatterie der UV-C-Lampen emittiert starke UV-C-Strahlen im Sterilisationskanal mit entsprechend angepassten Wellenl\u00e4ngen \u03bb von 253.7 nm aus. Dadurch werden Bakterien, Viren, Schimmelpilze, Pilze und andere Mikroorganismen in der durch das Ger\u00e4t str\u00f6menden Luft irreversibel zerst\u00f6rt. Dank des speziellen geschlossenen Desinfektionskanals dringen die emittierten hochenergetischen UV-C-Strahlen nicht aus dem Inneren des Ger\u00e4ts ins Freie, sodass der Sterilisator in diesem Betriebsmodus auch in R\u00e4umen, in denen sich Personen aufhalten, sicher betrieben werden kann.[\/vc_column_text][\/vc_column][vc_column width=&#8221;1\/4&#8243;]<div class=\"eltdf-single-image-holder   \">\n    <div class=\"eltdf-si-inner\" >\n                                    <img src=\"https:\/\/www.sterylis.com\/wp-content\/uploads\/2020\/04\/icosec_podwojna_filtracja.svg\" class=\"attachment-full size-full\" alt=\"PODW\u00d3JNA FILTRACJA\" loading=\"lazy\" height=\"42.17\" width=\"50.91\" title=\"Professionelle raumsterilisatoren\" \/>                        <\/div>\n<\/div>[vc_column_text]<\/p>\n<h4>DOPPELTE FILTRATION<\/h4>\n<p>[\/vc_column_text][vc_column_text]STERYLIS-Sterilisatoren verf\u00fcgen \u00fcber eine 2-stufige Luftfiltration (Vorfilter und Ausblasfilter). Hochwertige Filtermedien mit elektrostatischen Eigenschaften k\u00f6nnen sogar mikroskopisch kleine Schmutzpartikel zur\u00fcckhalten. Durch die Verwendung eines antibakteriellen Systems, das auf der geruchlosen, ungiftigen und f\u00fcr das menschliche Auge unsichtbaren Beschichtung des Filtermediums basiert, k\u00f6nnen sch\u00e4dliche Allergene und Bakterien aus der Luft entfernt werden. Diese Technologie macht die STERYLIS-Sterilisatoren neben der Desinfektions- und Sterilisationsfunktion auch bei der Feinstaubentfernung \u00e4u\u00dferst effektiv.[\/vc_column_text][\/vc_column][\/vc_row]<\/p>","protected":false},"excerpt":{"rendered":"<p>[vc_row css=&#8221;.vc_custom_1586975291951{padding-top: 100px !important;padding-bottom: 40px !important;}&#8221; el_id=&#8221;tryby&#8221;][vc_column offset=&#8221;vc_col-lg-6 vc_col-md-6 vc_col-xs-12&#8243;][vc_column_text] 4 BETRIEBSMODI Sterilisierung mit Ozon- und UV-C-Strahlung und Partikelfiltration in einem Ger\u00e4t. [\/vc_column_text][\/vc_column][vc_column offset=&#8221;vc_col-lg-6 vc_col-md-6 vc_col-xs-12&#8243;][\/vc_column][\/vc_row][vc_row row_content_width=&#8221;grid&#8221; css=&#8221;.vc_custom_1586865862956{padding-bottom: 100px !important;}&#8221;][vc_column width=&#8221;1\/4&#8243; offset=&#8221;vc_col-lg-3 vc_col-md-3 vc_col-xs-12&#8243;][vc_column_text] VS-RAUMSTERILISATOREN [\/vc_column_text][vc_column_text]Innovative Desinfektions- und Sterilisationsger\u00e4te mit [&hellip;]<\/p>\n","protected":false},"author":1,"featured_media":0,"parent":5265,"menu_order":0,"comment_status":"closed","ping_status":"closed","template":"","meta":[],"yoast_head":"\n<title>Arbeitsmodi - STERYLIS<\/title>\n<meta name=\"robots\" content=\"index, follow, max-snippet:-1, max-image-preview:large, max-video-preview:-1\" \/>\n<link rel=\"canonical\" href=\"https:\/\/www.sterylis.com\/en\/products\/sterylis-ultra\/work-modes-2\/\" \/>\n<meta property=\"og:locale\" content=\"de_DE\" \/>\n<meta property=\"og:type\" content=\"article\" \/>\n<meta property=\"og:title\" content=\"[:pl]Tryby pracy[:en]Work modes[:de]Arbeitsmodi[:] - STERYLIS\" \/>\n<meta property=\"og:description\" content=\"[vc_row css=&#8221;.vc_custom_1586975291951{padding-top: 100px !important;padding-bottom: 40px !important;}&#8221; el_id=&#8221;tryby&#8221;][vc_column offset=&#8221;vc_col-lg-6 vc_col-md-6 vc_col-xs-12&#8243;][vc_column_text] 4 BETRIEBSMODI Sterilisierung mit Ozon- und UV-C-Strahlung und Partikelfiltration in einem Ger\u00e4t. [\/vc_column_text][\/vc_column][vc_column offset=&#8221;vc_col-lg-6 vc_col-md-6 vc_col-xs-12&#8243;][\/vc_column][\/vc_row][vc_row row_content_width=&#8221;grid&#8221; css=&#8221;.vc_custom_1586865862956{padding-bottom: 100px !important;}&#8221;][vc_column width=&#8221;1\/4&#8243; offset=&#8221;vc_col-lg-3 vc_col-md-3 vc_col-xs-12&#8243;][vc_column_text] VS-RAUMSTERILISATOREN [\/vc_column_text][vc_column_text]Innovative Desinfektions- und Sterilisationsger\u00e4te mit [&hellip;]\" \/>\n<meta property=\"og:url\" content=\"https:\/\/www.sterylis.com\/en\/products\/sterylis-ultra\/work-modes-2\/\" \/>\n<meta property=\"og:site_name\" content=\"STERYLIS\" \/>\n<meta property=\"article:publisher\" content=\"https:\/\/www.facebook.com\/sterylis\" \/>\n<meta property=\"article:modified_time\" content=\"2020-07-28T06:33:17+00:00\" \/>\n<meta name=\"twitter:card\" content=\"summary_large_image\" \/>\n<meta name=\"twitter:label1\" content=\"Written by\">\n\t<meta name=\"twitter:data1\" content=\"admin\">\n\t<meta name=\"twitter:label2\" content=\"Est. reading time\">\n\t<meta name=\"twitter:data2\" content=\"7\u00a0Minuten\">\n","_links":{"self":[{"href":"https:\/\/www.sterylis.com\/de\/wp-json\/wp\/v2\/pages\/5683"}],"collection":[{"href":"https:\/\/www.sterylis.com\/de\/wp-json\/wp\/v2\/pages"}],"about":[{"href":"https:\/\/www.sterylis.com\/de\/wp-json\/wp\/v2\/types\/page"}],"author":[{"embeddable":true,"href":"https:\/\/www.sterylis.com\/de\/wp-json\/wp\/v2\/users\/1"}],"replies":[{"embeddable":true,"href":"https:\/\/www.sterylis.com\/de\/wp-json\/wp\/v2\/comments?post=5683"}],"version-history":[{"count":3,"href":"https:\/\/www.sterylis.com\/de\/wp-json\/wp\/v2\/pages\/5683\/revisions"}],"predecessor-version":[{"id":5836,"href":"https:\/\/www.sterylis.com\/de\/wp-json\/wp\/v2\/pages\/5683\/revisions\/5836"}],"up":[{"embeddable":true,"href":"https:\/\/www.sterylis.com\/de\/wp-json\/wp\/v2\/pages\/5265"}],"wp:attachment":[{"href":"https:\/\/www.sterylis.com\/de\/wp-json\/wp\/v2\/media?parent=5683"}],"curies":[{"name":"wp","href":"https:\/\/api.w.org\/{rel}","templated":true}]}}