{"id":7432,"date":"2021-02-03T09:10:08","date_gmt":"2021-02-03T09:10:08","guid":{"rendered":"https:\/\/www.sterylis.com\/?page_id=7432"},"modified":"2021-09-08T12:01:40","modified_gmt":"2021-09-08T12:01:40","slug":"sterylis-light-air-60","status":"publish","type":"page","link":"https:\/\/www.sterylis.com\/de\/produkte\/sterylis-light-air\/sterylis-light-air-plus-60\/","title":{"rendered":"Sterylis LIGHT AIR+ 60"},"content":{"rendered":"<p>[vc_section][vc_row][vc_column width=&#8221;1\/2&#8243;][vc_row_inner][vc_column_inner width=&#8221;1\/2&#8243; offset=&#8221;vc_col-xs-6&#8243;][vc_column_text]<\/p>\n<h2>60 m<sup>3 <\/sup>| 20 m<sup>2<\/sup><\/h2>\n<p>[\/vc_column_text][\/vc_column_inner][vc_column_inner width=&#8221;1\/2&#8243; offset=&#8221;vc_col-xs-6&#8243;][vc_column_text]<strong>EMPFOHLENE KUBATUR | RAUMFL\u00c4CHE: <\/strong><\/p>\n<p>bei Verwendung von 1 Ger\u00e4t[\/vc_column_text][\/vc_column_inner][\/vc_row_inner][vc_row_inner css=&#8221;.vc_custom_1594197585429{padding-top: 60px !important;}&#8221;][vc_column_inner][vc_column_text]STERYLIS LIGHT AIR + 60 ist ein 2-in-1-Ger\u00e4t, das die Funktion der Luftdesinfektion (UV-C-Technologie) und der Beleuchtung von R\u00e4umen mit LED-Lichtquellen kombiniert. Es desinfiziert die Luft in R\u00e4umen, in denen sich Menschen befinden.\u00a0 Es ist f\u00fcr den Einbau in Kassettendecken vorgesehen auch unter Putz (entspricht der Gr\u00f6\u00dfe einer Standard-Deckenkassette mit einer Gesamtfl\u00e4che von 60 x 60 cm).[\/vc_column_text][\/vc_column_inner][\/vc_row_inner][vc_row_inner css=&#8221;.vc_custom_1594197585429{padding-top: 60px !important;}&#8221;][vc_column_inner width=&#8221;1\/2&#8243;][vc_column_text]<\/p>\n<h2>Betriebsart:<\/h2>\n<p>[\/vc_column_text][\/vc_column_inner][vc_column_inner width=&#8221;1\/2&#8243;][\/vc_column_inner][\/vc_row_inner][vc_row_inner][vc_column_inner width=&#8221;1\/2&#8243; offset=&#8221;vc_col-xs-6&#8243;][vc_column_text]<\/p>\n<h5><img loading=\"lazy\" class=\"wp-image-4856 alignleft\" role=\"img\" src=\"https:\/\/www.sterylis.com\/wp-content\/uploads\/2020\/04\/icona_04.svg\" alt=\"Sterylis LIGHT AIR+ 60\" width=\"80\" height=\"78\" \/><\/h5>\n<h6><\/h6>\n<h6><\/h6>\n<h6><strong>DESINFEKTION UV-C<\/strong><\/h6>\n<p>[\/vc_column_text][\/vc_column_inner][vc_column_inner width=&#8221;1\/2&#8243;][vc_column_text]<\/p>\n<h6><img loading=\"lazy\" class=\"alignnone wp-image-7452\" role=\"img\" src=\"https:\/\/www.sterylis.com\/wp-content\/uploads\/2021\/02\/led.svg\" alt=\"Sterylis LIGHT AIR+ 60\" width=\"100\" height=\"43\" \/><br \/>\nBELEUCHTUNG LED<\/h6>\n<p>[\/vc_column_text][\/vc_column_inner][\/vc_row_inner][vc_row_inner css=&#8221;.vc_custom_1594287895897{padding-top: 40px !important;}&#8221;][vc_column_inner width=&#8221;1\/2&#8243; css=&#8221;.vc_custom_1604071053126{padding-bottom: 30px !important;}&#8221; offset=&#8221;vc_col-xs-12&#8243;]<a itemprop=\"url\" href=\"\/files\/data_sheets\/karta%20katalogowa%20sterylis%20LIGHT%20AIR%2B_60_DE.pdf\" target=\"_blank\"  class=\"eltdf-btn eltdf-btn-medium eltdf-btn-solid eltdf-btn-icon\"  >\n    <span class=\"eltdf-btn-text\">Datenblatt<\/span>\n    <i class=\"eltdf-icon-font-awesome fa fa-file \" ><\/i>    <\/a>[\/vc_column_inner][vc_column_inner width=&#8221;1\/2&#8243; css=&#8221;.vc_custom_1604071060524{padding-bottom: 30px !important;}&#8221; offset=&#8221;vc_col-xs-12&#8243;]<a itemprop=\"url\" href=\"\/files\/catalogs\/Sterylis_Light_Air_DE-web.pdf\" target=\"_self\"  class=\"eltdf-btn eltdf-btn-medium eltdf-btn-solid eltdf-btn-icon\"  >\n    <span class=\"eltdf-btn-text\">Katalog<\/span>\n    <i class=\"eltdf-icon-font-awesome fa fa-file-text \" ><\/i>    <\/a>[\/vc_column_inner][\/vc_row_inner][vc_column_text]<a href=\"https:\/\/www.sterylis.com\/wp-content\/uploads\/2021\/02\/PZH-atest-STERYLIS-LIGHT-AIR-1.pdf\"><img loading=\"lazy\" class=\"alignleft wp-image-7316\" role=\"img\" src=\"https:\/\/www.sterylis.com\/wp-content\/uploads\/2021\/01\/NIZP-ATEST.png\" alt=\"Atest PZH\" width=\"70\" height=\"76\" \/><\/a><\/p>\n<h6><a href=\"https:\/\/www.sterylis.com\/wp-content\/uploads\/2021\/05\/pzh-sterylis-light-air_light-air-nt.pdf\">PZH-Attest:<br \/>\nSterylis LIGHT AIR+ 60, nr. B-BK-60212-0221\/21 g\u00fcltig bis 2026-02-18<\/a><\/h6>\n<p>[\/vc_column_text][\/vc_column][vc_column width=&#8221;1\/2&#8243;]<div class=\"eltdf-single-image-holder   \">\n    <div class=\"eltdf-si-inner\" >\n                                    <img width=\"427\" height=\"451\" src=\"https:\/\/www.sterylis.com\/wp-content\/uploads\/2021\/02\/STERYLIS-LIGHT-AIRPLUS_60.png\" class=\"attachment-full size-full\" alt=\"Sterylis LIGHT AIR+ 60\" loading=\"lazy\" srcset=\"https:\/\/www.sterylis.com\/wp-content\/uploads\/2021\/02\/STERYLIS-LIGHT-AIRPLUS_60.png 427w, https:\/\/www.sterylis.com\/wp-content\/uploads\/2021\/02\/STERYLIS-LIGHT-AIRPLUS_60-284x300.png 284w\" sizes=\"(max-width: 427px) 100vw, 427px\" title=\"Sterylis LIGHT AIR+ 60\" \/>                        <\/div>\n<\/div>[\/vc_column][\/vc_row][vc_row css=&#8221;.vc_custom_1594364188659{margin-top: -80px !important;}&#8221;][vc_column][vc_row_inner css=&#8221;.vc_custom_1594197585429{padding-top: 60px !important;}&#8221;][vc_column_inner][vc_column_text]<strong>Eigenschaften<\/strong> des Ger\u00e4ts:<\/p>\n<ul>\n<li>moderne UV-C-Strahlungsquellen (253,7 nm) von LEDVANCE mit nachgewiesener Wirksamkeit<\/li>\n<li>Die Konstruktion des Rahmens ist f\u00fcr eine Einzeldosis &gt; 50 J \/ m2 optimiert (wissenschaftlich erwiesenerma\u00dfen wirksam bei der Zerst\u00f6rung des SARS-CoV-2- Virus )<\/li>\n<li>volle photobiologische Sicherheit hinsichtlich des UV-C-Einflusses &#8211; Risikogruppe RG0 im Sinne der Norm PN-EN 62471<\/li>\n<li>Lebensdauer von UV-C-Quellen auf dem Niveau von 10.800 Stunden<\/li>\n<li>Markenl\u00fcfter von h\u00f6chster Qualit\u00e4t mit niedrigem Ger\u00e4uschpegel und einer Lebensdauer von&gt; 50.000 Stunden<\/li>\n<li>Eingebaute intelligente Steuerung: \u00dcberwachung und Signalisierung von St\u00f6rungen (L\u00fcfter, UV-C-Quellen), Z\u00e4hlen der Betriebszeit von UV-C-Quellen und Signalisieren der Notwendigkeit eines Austauschs<\/li>\n<li>speziell f\u00fcr Standard-Kassettendecken: 60&#215;60 cm<\/li>\n<li>M\u00f6glichkeit Unterputzmontage durch Verwendung geeigneter PT-Montages\u00e4tze<\/li>\n<li>einzigartiges werkzeugloses Zugangssystem, das eine schnelle und bequeme Wartung des Rahmens ohne Demontage erm\u00f6glicht<\/li>\n<li>Metallgeh\u00e4use, pulverbeschichtet<\/li>\n<\/ul>\n<p>[\/vc_column_text][vc_empty_space][\/vc_column_inner][\/vc_row_inner]<div class=\"eltdf-single-image-holder   \">\n    <div class=\"eltdf-si-inner\" >\n                                    <img width=\"470\" height=\"470\" src=\"https:\/\/www.sterylis.com\/wp-content\/uploads\/2021\/03\/light-air-60-plus-rysunek2.png\" class=\"attachment-full size-full\" alt=\"Sterylis LIGHT AIR+ 60\" loading=\"lazy\" srcset=\"https:\/\/www.sterylis.com\/wp-content\/uploads\/2021\/03\/light-air-60-plus-rysunek2.png 470w, https:\/\/www.sterylis.com\/wp-content\/uploads\/2021\/03\/light-air-60-plus-rysunek2-300x300.png 300w, https:\/\/www.sterylis.com\/wp-content\/uploads\/2021\/03\/light-air-60-plus-rysunek2-150x150.png 150w, https:\/\/www.sterylis.com\/wp-content\/uploads\/2021\/03\/light-air-60-plus-rysunek2-100x100.png 100w\" sizes=\"(max-width: 470px) 100vw, 470px\" title=\"Sterylis LIGHT AIR+ 60\" \/>                        <\/div>\n<\/div>[vc_empty_space height=&#8221;80px&#8221;][\/vc_column][\/vc_row][\/vc_section]<\/p>","protected":false},"excerpt":{"rendered":"<p>[vc_section][vc_row][vc_column width=&#8221;1\/2&#8243;][vc_row_inner][vc_column_inner width=&#8221;1\/2&#8243; offset=&#8221;vc_col-xs-6&#8243;][vc_column_text] 60 m3 | 20 m2 [\/vc_column_text][\/vc_column_inner][vc_column_inner width=&#8221;1\/2&#8243; offset=&#8221;vc_col-xs-6&#8243;][vc_column_text]EMPFOHLENE KUBATUR | RAUMFL\u00c4CHE: bei Verwendung von 1 Ger\u00e4t[\/vc_column_text][\/vc_column_inner][\/vc_row_inner][vc_row_inner css=&#8221;.vc_custom_1594197585429{padding-top: 60px !important;}&#8221;][vc_column_inner][vc_column_text]STERYLIS LIGHT AIR + 60 ist ein 2-in-1-Ger\u00e4t, das die Funktion der Luftdesinfektion (UV-C-Technologie) und der Beleuchtung von [&hellip;]<\/p>\n","protected":false},"author":3,"featured_media":7639,"parent":7397,"menu_order":0,"comment_status":"closed","ping_status":"closed","template":"","meta":[],"yoast_head":"\n<title>Sterylis LIGHT AIR+ 60 - STERYLIS<\/title>\n<meta name=\"robots\" content=\"index, follow, max-snippet:-1, max-image-preview:large, max-video-preview:-1\" \/>\n<link rel=\"canonical\" href=\"https:\/\/www.sterylis.com\/produkty\/sterylis-light-air\/sterylis-light-air-plus-60\/\" \/>\n<meta property=\"og:locale\" content=\"de_DE\" \/>\n<meta property=\"og:type\" content=\"article\" \/>\n<meta property=\"og:title\" content=\"Sterylis LIGHT AIR+ 60 - STERYLIS\" \/>\n<meta property=\"og:description\" content=\"[vc_section][vc_row][vc_column width=&#8221;1\/2&#8243;][vc_row_inner][vc_column_inner width=&#8221;1\/2&#8243; offset=&#8221;vc_col-xs-6&#8243;][vc_column_text] 60 m3 | 20 m2 [\/vc_column_text][\/vc_column_inner][vc_column_inner width=&#8221;1\/2&#8243; offset=&#8221;vc_col-xs-6&#8243;][vc_column_text]EMPFOHLENE KUBATUR | RAUMFL\u00c4CHE: bei Verwendung von 1 Ger\u00e4t[\/vc_column_text][\/vc_column_inner][\/vc_row_inner][vc_row_inner css=&#8221;.vc_custom_1594197585429{padding-top: 60px !important;}&#8221;][vc_column_inner][vc_column_text]STERYLIS LIGHT AIR + 60 ist ein 2-in-1-Ger\u00e4t, das die Funktion der Luftdesinfektion (UV-C-Technologie) und der Beleuchtung von [&hellip;]\" \/>\n<meta property=\"og:url\" content=\"https:\/\/www.sterylis.com\/produkty\/sterylis-light-air\/sterylis-light-air-plus-60\/\" \/>\n<meta property=\"og:site_name\" content=\"STERYLIS\" \/>\n<meta property=\"article:publisher\" content=\"https:\/\/www.facebook.com\/sterylis\" \/>\n<meta property=\"article:modified_time\" content=\"2021-09-08T12:01:40+00:00\" \/>\n<meta property=\"og:image\" content=\"https:\/\/www.sterylis.com\/wp-content\/uploads\/2021\/02\/STERYLIS-LIGHT-AIRPLUS_60.png\" \/>\n\t<meta property=\"og:image:width\" content=\"427\" \/>\n\t<meta property=\"og:image:height\" content=\"451\" \/>\n<meta name=\"twitter:card\" content=\"summary_large_image\" \/>\n<meta name=\"twitter:label1\" content=\"Written by\">\n\t<meta name=\"twitter:data1\" content=\"admin\">\n\t<meta name=\"twitter:label2\" content=\"Est. reading time\">\n\t<meta name=\"twitter:data2\" content=\"11\u00a0Minuten\">\n","_links":{"self":[{"href":"https:\/\/www.sterylis.com\/de\/wp-json\/wp\/v2\/pages\/7432"}],"collection":[{"href":"https:\/\/www.sterylis.com\/de\/wp-json\/wp\/v2\/pages"}],"about":[{"href":"https:\/\/www.sterylis.com\/de\/wp-json\/wp\/v2\/types\/page"}],"author":[{"embeddable":true,"href":"https:\/\/www.sterylis.com\/de\/wp-json\/wp\/v2\/users\/3"}],"replies":[{"embeddable":true,"href":"https:\/\/www.sterylis.com\/de\/wp-json\/wp\/v2\/comments?post=7432"}],"version-history":[{"count":100,"href":"https:\/\/www.sterylis.com\/de\/wp-json\/wp\/v2\/pages\/7432\/revisions"}],"predecessor-version":[{"id":8774,"href":"https:\/\/www.sterylis.com\/de\/wp-json\/wp\/v2\/pages\/7432\/revisions\/8774"}],"up":[{"embeddable":true,"href":"https:\/\/www.sterylis.com\/de\/wp-json\/wp\/v2\/pages\/7397"}],"wp:featuredmedia":[{"embeddable":true,"href":"https:\/\/www.sterylis.com\/de\/wp-json\/wp\/v2\/media\/7639"}],"wp:attachment":[{"href":"https:\/\/www.sterylis.com\/de\/wp-json\/wp\/v2\/media?parent=7432"}],"curies":[{"name":"wp","href":"https:\/\/api.w.org\/{rel}","templated":true}]}}