{"id":7974,"date":"2021-04-21T07:44:42","date_gmt":"2021-04-21T07:44:42","guid":{"rendered":"https:\/\/www.sterylis.com\/?page_id=7974"},"modified":"2021-05-25T11:31:47","modified_gmt":"2021-05-25T11:31:47","slug":"sterylis-light-air-120-nt-2","status":"publish","type":"page","link":"https:\/\/www.sterylis.com\/de\/produkte\/sterylis-light-air\/sterylis-light-air-plus-120-nt\/","title":{"rendered":"Sterylis LIGHT AIR+ 120 NT"},"content":{"rendered":"<p>[vc_section][vc_row][vc_column width=&#8221;1\/2&#8243;][vc_row_inner][vc_column_inner width=&#8221;1\/2&#8243; offset=&#8221;vc_col-xs-6&#8243;][vc_column_text]<\/p>\n<h2>bis 120 m<sup>3 <\/sup>| 40 m<sup>2<\/sup><\/h2>\n<p>[\/vc_column_text][\/vc_column_inner][vc_column_inner width=&#8221;1\/2&#8243; offset=&#8221;vc_col-xs-6&#8243;][vc_column_text]<strong>EMPFOHLENE KUBATUR | RAUMFL\u00c4CHE: <\/strong><\/p>\n<p>bei Verwendung von 1 Ger\u00e4t[\/vc_column_text][\/vc_column_inner][\/vc_row_inner][vc_row_inner css=&#8221;.vc_custom_1594197585429{padding-top: 60px !important;}&#8221;][vc_column_inner][vc_column_text]<span dir=\"ltr\">STERYLIS LIGHT AIR + 120 NT ist ein 2-in-1-<\/span><span dir=\"ltr\">Ger\u00e4t, das die Funktion der Luftdesinfektion (UV-C-<\/span><span dir=\"ltr\">Technologie) und der Beleuchtung von R\u00e4umen mit <\/span><span dir=\"ltr\">LED-Lichtquellen kombiniert. Es desinfiziert die Luft in <\/span><span dir=\"ltr\">R\u00e4umen, in denen sich Menschen befinden. Es ist f\u00fcr <\/span><span dir=\"ltr\">die Aufputzmontage vorgesehen.<\/span>[\/vc_column_text][\/vc_column_inner][\/vc_row_inner][vc_row_inner css=&#8221;.vc_custom_1594197585429{padding-top: 60px !important;}&#8221;][vc_column_inner width=&#8221;1\/2&#8243;][vc_column_text]<\/p>\n<h2>Betriebsart:<\/h2>\n<p>[\/vc_column_text][\/vc_column_inner][vc_column_inner width=&#8221;1\/2&#8243;][\/vc_column_inner][\/vc_row_inner][vc_row_inner][vc_column_inner width=&#8221;1\/2&#8243; offset=&#8221;vc_col-xs-6&#8243;][vc_column_text]<\/p>\n<h6><img loading=\"lazy\" class=\"wp-image-4856 alignleft\" role=\"img\" src=\"https:\/\/www.sterylis.com\/wp-content\/uploads\/2020\/04\/icona_04.svg\" alt=\"Sterylis LIGHT AIR+ 120 NT\" width=\"80\" height=\"78\" \/><br \/>\n<strong>DESINFEKTION\u00a0<\/strong><strong>UV-C<\/strong><\/h6>\n<p>[\/vc_column_text][\/vc_column_inner][vc_column_inner width=&#8221;1\/2&#8243;][vc_column_text]<\/p>\n<h5><img loading=\"lazy\" class=\"alignnone wp-image-7452\" role=\"img\" src=\"https:\/\/www.sterylis.com\/wp-content\/uploads\/2021\/02\/led.svg\" alt=\"Sterylis LIGHT AIR+ 120 NT\" width=\"100\" height=\"43\" \/><\/h5>\n<p>LED-BELEUCHTUNG[\/vc_column_text][\/vc_column_inner][\/vc_row_inner][vc_row_inner css=&#8221;.vc_custom_1594287895897{padding-top: 40px !important;}&#8221;][vc_column_inner width=&#8221;1\/2&#8243; css=&#8221;.vc_custom_1604071053126{padding-bottom: 30px !important;}&#8221; offset=&#8221;vc_col-xs-12&#8243;]<a itemprop=\"url\" href=\"\/files\/data_sheets\/karta%20katalogowa%20Sterylis%20LIGHT%20AIR%2B%20120_NT_DE.pdf\" target=\"_blank\"  class=\"eltdf-btn eltdf-btn-medium eltdf-btn-solid eltdf-btn-icon\"  >\n    <span class=\"eltdf-btn-text\">Datenblatt<\/span>\n    <i class=\"eltdf-icon-font-awesome fa fa-file \" ><\/i>    <\/a>[\/vc_column_inner][vc_column_inner width=&#8221;1\/2&#8243; css=&#8221;.vc_custom_1604071060524{padding-bottom: 30px !important;}&#8221; offset=&#8221;vc_col-xs-12&#8243;]<a itemprop=\"url\" href=\"\/files\/catalogs\/Sterylis_Light_Air_DE-web.pdf\" target=\"_self\"  class=\"eltdf-btn eltdf-btn-medium eltdf-btn-solid eltdf-btn-icon\"  >\n    <span class=\"eltdf-btn-text\">Katalog<\/span>\n    <i class=\"eltdf-icon-font-awesome fa fa-file-text \" ><\/i>    <\/a>[\/vc_column_inner][\/vc_row_inner][vc_column_text]<a href=\"https:\/\/www.sterylis.com\/wp-content\/uploads\/2021\/02\/PZH-atest-STERYLIS-LIGHT-AIR-1.pdf\"><img loading=\"lazy\" class=\"alignleft wp-image-7316\" role=\"img\" src=\"https:\/\/www.sterylis.com\/wp-content\/uploads\/2021\/01\/NIZP-ATEST.png\" alt=\"Atest PZH\" width=\"70\" height=\"76\" \/><\/a><\/p>\n<h6><a href=\"https:\/\/www.sterylis.com\/wp-content\/uploads\/2021\/05\/pzh-sterylis-light-air_light-air-nt.pdf\">PZH-Attest:<br \/>\nSterylis LIGHT AIR+ 120 NT, nr. B-BK-60212-0221\/21 g\u00fcltig bis 2026-02-18<\/a><\/h6>\n<p>[\/vc_column_text][\/vc_column][vc_column width=&#8221;1\/2&#8243;]<div class=\"eltdf-single-image-holder   \">\n    <div class=\"eltdf-si-inner\" >\n                                    <img width=\"427\" height=\"451\" src=\"https:\/\/www.sterylis.com\/wp-content\/uploads\/2021\/04\/STERYLIS-LIGHT-AIR-120-PLUS-NT.png\" class=\"attachment-full size-full\" alt=\"Sterylis LIGHT AIR+ 120 NT\" loading=\"lazy\" srcset=\"https:\/\/www.sterylis.com\/wp-content\/uploads\/2021\/04\/STERYLIS-LIGHT-AIR-120-PLUS-NT.png 427w, https:\/\/www.sterylis.com\/wp-content\/uploads\/2021\/04\/STERYLIS-LIGHT-AIR-120-PLUS-NT-284x300.png 284w\" sizes=\"(max-width: 427px) 100vw, 427px\" title=\"Sterylis LIGHT AIR+ 120 NT\" \/>                        <\/div>\n<\/div>[\/vc_column][\/vc_row][vc_row css=&#8221;.vc_custom_1594364188659{margin-top: -80px !important;}&#8221;][vc_column][vc_row_inner css=&#8221;.vc_custom_1594197585429{padding-top: 60px !important;}&#8221;][vc_column_inner][vc_column_text]<strong>Eigenschaften<\/strong> des Ger\u00e4ts:<\/p>\n<ul>\n<li>moderne UV-C-Strahlungsquellen (253,7 nm) von LEDVANCE mit nachgewiesener Wirksamkeit<\/li>\n<li>Die Konstruktion des Rahmens ist f\u00fcr eine Einzeldosis &gt; 50 J \/ m2 optimiert (wissenschaftlich erwiesenerma\u00dfen wirksam bei der Zerst\u00f6rung des SARS-CoV-2- Virus )<\/li>\n<li>volle photobiologische Sicherheit hinsichtlich des UV-C-Einflusses &#8211; Risikogruppe RG0 im Sinne der Norm PN-EN 62471<\/li>\n<li>Lebensdauer von UV-C-Quellen auf dem Niveau von 10.800 Stunden<\/li>\n<li>Markenl\u00fcfter von h\u00f6chster Qualit\u00e4t mit niedrigem Ger\u00e4uschpegel und einer Lebensdauer von&gt; 50.000 Stunden<\/li>\n<li>Eingebaute intelligente Steuerung: \u00dcberwachung und Signalisierung von St\u00f6rungen (L\u00fcfter, UV-C-Quellen), Z\u00e4hlen der Betriebszeit von UV-C-Quellen und Signalisieren der Notwendigkeit eines Austauschs<\/li>\n<li>Metallgeh\u00e4use, pulverbeschichtet<\/li>\n<\/ul>\n<p>[\/vc_column_text][vc_empty_space][\/vc_column_inner][\/vc_row_inner]<div class=\"eltdf-single-image-holder   \">\n    <div class=\"eltdf-si-inner\" >\n                                    <img width=\"470\" height=\"470\" src=\"https:\/\/www.sterylis.com\/wp-content\/uploads\/2021\/04\/STERYLIS-LIGHT-AIR-120-PLUS-NT-rys.png\" class=\"attachment-full size-full\" alt=\"Sterylis LIGHT AIR+ 120 NT\" loading=\"lazy\" srcset=\"https:\/\/www.sterylis.com\/wp-content\/uploads\/2021\/04\/STERYLIS-LIGHT-AIR-120-PLUS-NT-rys.png 470w, https:\/\/www.sterylis.com\/wp-content\/uploads\/2021\/04\/STERYLIS-LIGHT-AIR-120-PLUS-NT-rys-300x300.png 300w, https:\/\/www.sterylis.com\/wp-content\/uploads\/2021\/04\/STERYLIS-LIGHT-AIR-120-PLUS-NT-rys-150x150.png 150w, https:\/\/www.sterylis.com\/wp-content\/uploads\/2021\/04\/STERYLIS-LIGHT-AIR-120-PLUS-NT-rys-100x100.png 100w\" sizes=\"(max-width: 470px) 100vw, 470px\" title=\"Sterylis LIGHT AIR+ 120 NT\" \/>                        <\/div>\n<\/div>[vc_empty_space height=&#8221;80px&#8221;][\/vc_column][\/vc_row][\/vc_section]<\/p>","protected":false},"excerpt":{"rendered":"<p>[vc_section][vc_row][vc_column width=&#8221;1\/2&#8243;][vc_row_inner][vc_column_inner width=&#8221;1\/2&#8243; offset=&#8221;vc_col-xs-6&#8243;][vc_column_text] bis 120 m3 | 40 m2 [\/vc_column_text][\/vc_column_inner][vc_column_inner width=&#8221;1\/2&#8243; offset=&#8221;vc_col-xs-6&#8243;][vc_column_text]EMPFOHLENE KUBATUR | RAUMFL\u00c4CHE: bei Verwendung von 1 Ger\u00e4t[\/vc_column_text][\/vc_column_inner][\/vc_row_inner][vc_row_inner css=&#8221;.vc_custom_1594197585429{padding-top: 60px !important;}&#8221;][vc_column_inner][vc_column_text]STERYLIS LIGHT AIR + 120 NT ist ein 2-in-1-Ger\u00e4t, das die Funktion der Luftdesinfektion (UV-C-Technologie) und der [&hellip;]<\/p>\n","protected":false},"author":3,"featured_media":7958,"parent":7397,"menu_order":0,"comment_status":"closed","ping_status":"closed","template":"","meta":[],"yoast_head":"\n<title>Sterylis LIGHT AIR+ 120 NT - STERYLIS<\/title>\n<meta name=\"robots\" content=\"index, follow, max-snippet:-1, max-image-preview:large, max-video-preview:-1\" \/>\n<link rel=\"canonical\" href=\"https:\/\/www.sterylis.com\/produkty\/sterylis-light-air\/sterylis-light-air-plus-120-nt\/\" \/>\n<meta property=\"og:locale\" content=\"de_DE\" \/>\n<meta property=\"og:type\" content=\"article\" \/>\n<meta property=\"og:title\" content=\"Sterylis LIGHT AIR+ 120 NT - STERYLIS\" \/>\n<meta property=\"og:description\" content=\"[vc_section][vc_row][vc_column width=&#8221;1\/2&#8243;][vc_row_inner][vc_column_inner width=&#8221;1\/2&#8243; offset=&#8221;vc_col-xs-6&#8243;][vc_column_text] bis 120 m3 | 40 m2 [\/vc_column_text][\/vc_column_inner][vc_column_inner width=&#8221;1\/2&#8243; offset=&#8221;vc_col-xs-6&#8243;][vc_column_text]EMPFOHLENE KUBATUR | RAUMFL\u00c4CHE: bei Verwendung von 1 Ger\u00e4t[\/vc_column_text][\/vc_column_inner][\/vc_row_inner][vc_row_inner css=&#8221;.vc_custom_1594197585429{padding-top: 60px !important;}&#8221;][vc_column_inner][vc_column_text]STERYLIS LIGHT AIR + 120 NT ist ein 2-in-1-Ger\u00e4t, das die Funktion der Luftdesinfektion (UV-C-Technologie) und der [&hellip;]\" \/>\n<meta property=\"og:url\" content=\"https:\/\/www.sterylis.com\/produkty\/sterylis-light-air\/sterylis-light-air-plus-120-nt\/\" \/>\n<meta property=\"og:site_name\" content=\"STERYLIS\" \/>\n<meta property=\"article:publisher\" content=\"https:\/\/www.facebook.com\/sterylis\" \/>\n<meta property=\"article:modified_time\" content=\"2021-05-25T11:31:47+00:00\" \/>\n<meta property=\"og:image\" content=\"https:\/\/www.sterylis.com\/wp-content\/uploads\/2021\/04\/STERYLIS-LIGHT-AIR-120-PLUS-NT.png\" \/>\n\t<meta property=\"og:image:width\" content=\"427\" \/>\n\t<meta property=\"og:image:height\" content=\"451\" \/>\n<meta name=\"twitter:card\" content=\"summary_large_image\" \/>\n<meta name=\"twitter:label1\" content=\"Written by\">\n\t<meta name=\"twitter:data1\" content=\"admin\">\n\t<meta name=\"twitter:label2\" content=\"Est. reading time\">\n\t<meta name=\"twitter:data2\" content=\"9\u00a0Minuten\">\n","_links":{"self":[{"href":"https:\/\/www.sterylis.com\/de\/wp-json\/wp\/v2\/pages\/7974"}],"collection":[{"href":"https:\/\/www.sterylis.com\/de\/wp-json\/wp\/v2\/pages"}],"about":[{"href":"https:\/\/www.sterylis.com\/de\/wp-json\/wp\/v2\/types\/page"}],"author":[{"embeddable":true,"href":"https:\/\/www.sterylis.com\/de\/wp-json\/wp\/v2\/users\/3"}],"replies":[{"embeddable":true,"href":"https:\/\/www.sterylis.com\/de\/wp-json\/wp\/v2\/comments?post=7974"}],"version-history":[{"count":14,"href":"https:\/\/www.sterylis.com\/de\/wp-json\/wp\/v2\/pages\/7974\/revisions"}],"predecessor-version":[{"id":8362,"href":"https:\/\/www.sterylis.com\/de\/wp-json\/wp\/v2\/pages\/7974\/revisions\/8362"}],"up":[{"embeddable":true,"href":"https:\/\/www.sterylis.com\/de\/wp-json\/wp\/v2\/pages\/7397"}],"wp:featuredmedia":[{"embeddable":true,"href":"https:\/\/www.sterylis.com\/de\/wp-json\/wp\/v2\/media\/7958"}],"wp:attachment":[{"href":"https:\/\/www.sterylis.com\/de\/wp-json\/wp\/v2\/media?parent=7974"}],"curies":[{"name":"wp","href":"https:\/\/api.w.org\/{rel}","templated":true}]}}