{"id":8876,"date":"2021-11-08T11:13:00","date_gmt":"2021-11-08T11:13:00","guid":{"rendered":"https:\/\/www.sterylis.com\/?page_id=8876"},"modified":"2021-11-29T12:46:13","modified_gmt":"2021-11-29T12:46:13","slug":"sterylis-duct-air-2","status":"publish","type":"page","link":"https:\/\/www.sterylis.com\/de\/produkte\/sterylis-duct-air-2\/","title":{"rendered":"Sterylis DUCT AIR"},"content":{"rendered":"<p>[vc_section][vc_row][vc_column width=&#8221;2\/3&#8243;][vc_row_inner css=&#8221;.vc_custom_1594197585429{padding-top: 60px !important;}&#8221;][vc_column_inner][vc_column_text]<\/p>\n<p style=\"text-align: left;\"><strong>STERYLIS DUCT AIR<\/strong> ist ein Luftreinigungsger\u00e4t, das f\u00fcr den Einsatz in L\u00fcftungskan\u00e4len, in der N\u00e4he von Verdampfern von Klimaanlagen und in Filterabschnitten von L\u00fcftungsanlagen bestimmt ist. Das Desinfektionsverfahren nutzt die <strong>UV-C-Technologie<\/strong>, die alle Krankheitserreger abt\u00f6tet, das L\u00fcftungssystem sauber h\u00e4lt und die Lufthygiene verbessert.<\/p>\n<p>[\/vc_column_text][\/vc_column_inner][\/vc_row_inner][vc_row_inner][vc_column_inner offset=&#8221;vc_col-xs-6&#8243;][vc_column_text]<\/p>\n<p style=\"text-align: left;\">Das Ger\u00e4t ist f\u00fcr den 24-h-Betrieb ausgelegt<\/p>\n<p>[\/vc_column_text][\/vc_column_inner][\/vc_row_inner][vc_row_inner css=&#8221;.vc_custom_1594197585429{padding-top: 60px !important;}&#8221;][vc_column_inner width=&#8221;1\/2&#8243;][vc_column_text]<\/p>\n<h2>BETRIEBSMODUS:<\/h2>\n<p>[\/vc_column_text][\/vc_column_inner][vc_column_inner width=&#8221;1\/2&#8243;][\/vc_column_inner][\/vc_row_inner][vc_row_inner][vc_column_inner width=&#8221;1\/2&#8243; offset=&#8221;vc_col-xs-6&#8243;][vc_column_text]<\/p>\n<h5><img loading=\"lazy\" class=\"wp-image-4856 alignleft\" role=\"img\" src=\"https:\/\/www.sterylis.com\/wp-content\/uploads\/2020\/04\/icona_04.svg\" alt=\"[:pl]Sterylis DUCT AIR[:en]Sterylis DUCT AIR[:de]Sterylis DUCT AIR[:]\" width=\"80\" height=\"78\" \/>DESINFEKTION UV-C<\/h5>\n<p>[\/vc_column_text][\/vc_column_inner][vc_column_inner width=&#8221;1\/2&#8243;][\/vc_column_inner][\/vc_row_inner][vc_row_inner gap=&#8221;10&#8243; css=&#8221;.vc_custom_1636713374409{padding-top: 15px !important;}&#8221;][vc_column_inner width=&#8221;1\/3&#8243;]<a itemprop=\"url\" href=\"\/files\/data_sheets\/karta%20katalogowa%20sterylis%20DUCT%20AIR_DE.pdf\" target=\"_blank\"  class=\"eltdf-btn eltdf-btn-medium eltdf-btn-solid\"  >\n    <span class=\"eltdf-btn-text\">Datenblatt<\/span>\n        <\/a>[\/vc_column_inner][vc_column_inner width=&#8221;1\/3&#8243;]<a itemprop=\"url\" href=\"\/files\/user_manuals\/STERYLIS_DUCT_AIR_instrukcja_monta%C5%BCu.pdf\" target=\"_self\"  class=\"eltdf-btn eltdf-btn-medium eltdf-btn-solid\"  >\n    <span class=\"eltdf-btn-text\">Bedienungsanleitung<\/span>\n        <\/a>[\/vc_column_inner][vc_column_inner width=&#8221;1\/3&#8243;]<a itemprop=\"url\" href=\"\/files\/catalogs\/Ulotka_DUCT-AIR_DE.pdf\" target=\"_self\"  class=\"eltdf-btn eltdf-btn-medium eltdf-btn-solid\"  >\n    <span class=\"eltdf-btn-text\">Katalog<\/span>\n        <\/a>[\/vc_column_inner][\/vc_row_inner][vc_row_inner disable_element=&#8221;yes&#8221; css=&#8221;.vc_custom_1636370044715{padding-top: 15px !important;}&#8221;][vc_column_inner width=&#8221;1\/2&#8243;]<a itemprop=\"url\" href=\"https:\/\/store.sterylis.com\/\" target=\"_self\" style=\"color: #ffffff;background-color: #dd3333\" class=\"eltdf-btn eltdf-btn-medium eltdf-btn-solid\"  >\n    <span class=\"eltdf-btn-text\">TU KUPISZ ONLINE<\/span>\n        <\/a>[\/vc_column_inner][vc_column_inner width=&#8221;1\/2&#8243;][\/vc_column_inner][\/vc_row_inner][\/vc_column][vc_column width=&#8221;1\/3&#8243;][vc_empty_space]<div class=\"eltdf-single-image-holder   \">\n    <div class=\"eltdf-si-inner\" >\n                                    <img width=\"300\" height=\"424\" src=\"https:\/\/www.sterylis.com\/wp-content\/uploads\/2021\/11\/duct-air-produkt_przod.png\" class=\"attachment-full size-full\" alt=\"Sterylis DUCT AIR\" loading=\"lazy\" srcset=\"https:\/\/www.sterylis.com\/wp-content\/uploads\/2021\/11\/duct-air-produkt_przod.png 300w, https:\/\/www.sterylis.com\/wp-content\/uploads\/2021\/11\/duct-air-produkt_przod-177x250.png 177w, https:\/\/www.sterylis.com\/wp-content\/uploads\/2021\/11\/duct-air-produkt_przod-106x150.png 106w\" sizes=\"(max-width: 300px) 100vw, 300px\" title=\"Sterylis DUCT AIR\" \/>                        <\/div>\n<\/div>[\/vc_column][\/vc_row][vc_row css=&#8221;.vc_custom_1594364188659{margin-top: -80px !important;}&#8221;][vc_column][vc_row_inner css=&#8221;.vc_custom_1594197585429{padding-top: 60px !important;}&#8221;][vc_column_inner][vc_column_text]<strong>Eigenschaften<\/strong> des Ger\u00e4ts:<\/p>\n<ul>\n<li><strong>Reinigt die Luft wirksam<\/strong> von Krankheitserregern, Viren (einschlie\u00dflich SARS-COV-2, Influenzaviren, RSV, Rhinoviren, Adenoviren, Rotaviren), Bakterien, Pilzen, Schimmelpilzen, Flechten usw.<\/li>\n<li>Verhindert die \u00dcbertragung von Viren zwischen verschiedenen R\u00e4umen<\/li>\n<li><strong>Schnelle Installation<\/strong> an bestehenden L\u00fcftungs- bzw. Klimaanlagen<\/li>\n<li>Beseitigt alle Ger\u00fcche in der Luft<\/li>\n<li><strong>Mehr als ein Jahr Dauerbetrieb der UV-C-Lichtquellen<\/strong> (Betriebsstundenz\u00e4hler)<\/li>\n<li style=\"list-style-type: none;\"><\/li>\n<\/ul>\n<p><strong style=\"text-align: justify;\">Gebrauchen:<\/strong><\/p>\n<p>Sterylis DUCT AIR ist eine Technologie, die sich f\u00fcr alle Arten von L\u00fcftungskan\u00e4len und -systemen in R\u00e4umen eignet.[\/vc_column_text][vc_empty_space][vc_empty_space][\/vc_column_inner][\/vc_row_inner][\/vc_column][\/vc_row][\/vc_section][vc_row][vc_column][\/vc_column][\/vc_row]<\/p>","protected":false},"excerpt":{"rendered":"<p>[vc_section][vc_row][vc_column width=&#8221;2\/3&#8243;][vc_row_inner css=&#8221;.vc_custom_1594197585429{padding-top: 60px !important;}&#8221;][vc_column_inner][vc_column_text] STERYLIS DUCT AIR ist ein Luftreinigungsger\u00e4t, das f\u00fcr den Einsatz in L\u00fcftungskan\u00e4len, in der N\u00e4he von Verdampfern von Klimaanlagen und in Filterabschnitten von L\u00fcftungsanlagen bestimmt ist. Das Desinfektionsverfahren nutzt die UV-C-Technologie, die alle Krankheitserreger abt\u00f6tet, [&hellip;]<\/p>\n","protected":false},"author":4,"featured_media":8871,"parent":5258,"menu_order":0,"comment_status":"closed","ping_status":"closed","template":"","meta":[],"yoast_head":"\n<title>Sterylis DUCT AIR - STERYLIS<\/title>\n<meta name=\"robots\" content=\"index, follow, max-snippet:-1, max-image-preview:large, max-video-preview:-1\" \/>\n<link rel=\"canonical\" href=\"https:\/\/www.sterylis.com\/produkty\/sterylis-duct-air-2\/\" \/>\n<meta property=\"og:locale\" content=\"de_DE\" \/>\n<meta property=\"og:type\" content=\"article\" \/>\n<meta property=\"og:title\" content=\"[:pl]Sterylis DUCT AIR[:en]Sterylis DUCT AIR[:de]Sterylis DUCT AIR[:] - STERYLIS\" \/>\n<meta property=\"og:description\" content=\"[vc_section][vc_row][vc_column width=&#8221;2\/3&#8243;][vc_row_inner css=&#8221;.vc_custom_1594197585429{padding-top: 60px !important;}&#8221;][vc_column_inner][vc_column_text] STERYLIS DUCT AIR ist ein Luftreinigungsger\u00e4t, das f\u00fcr den Einsatz in L\u00fcftungskan\u00e4len, in der N\u00e4he von Verdampfern von Klimaanlagen und in Filterabschnitten von L\u00fcftungsanlagen bestimmt ist. Das Desinfektionsverfahren nutzt die UV-C-Technologie, die alle Krankheitserreger abt\u00f6tet, [&hellip;]\" \/>\n<meta property=\"og:url\" content=\"https:\/\/www.sterylis.com\/produkty\/sterylis-duct-air-2\/\" \/>\n<meta property=\"og:site_name\" content=\"STERYLIS\" \/>\n<meta property=\"article:publisher\" content=\"https:\/\/www.facebook.com\/sterylis\" \/>\n<meta property=\"article:modified_time\" content=\"2021-11-29T12:46:13+00:00\" \/>\n<meta property=\"og:image\" content=\"https:\/\/www.sterylis.com\/wp-content\/uploads\/2021\/11\/duct-air-produkt_przod.png\" \/>\n\t<meta property=\"og:image:width\" content=\"300\" \/>\n\t<meta property=\"og:image:height\" content=\"424\" \/>\n<meta name=\"twitter:card\" content=\"summary_large_image\" \/>\n<meta name=\"twitter:label1\" content=\"Written by\">\n\t<meta name=\"twitter:data1\" content=\"Jadwiga\">\n\t<meta name=\"twitter:label2\" content=\"Est. reading time\">\n\t<meta name=\"twitter:data2\" content=\"6\u00a0Minuten\">\n","_links":{"self":[{"href":"https:\/\/www.sterylis.com\/de\/wp-json\/wp\/v2\/pages\/8876"}],"collection":[{"href":"https:\/\/www.sterylis.com\/de\/wp-json\/wp\/v2\/pages"}],"about":[{"href":"https:\/\/www.sterylis.com\/de\/wp-json\/wp\/v2\/types\/page"}],"author":[{"embeddable":true,"href":"https:\/\/www.sterylis.com\/de\/wp-json\/wp\/v2\/users\/4"}],"replies":[{"embeddable":true,"href":"https:\/\/www.sterylis.com\/de\/wp-json\/wp\/v2\/comments?post=8876"}],"version-history":[{"count":31,"href":"https:\/\/www.sterylis.com\/de\/wp-json\/wp\/v2\/pages\/8876\/revisions"}],"predecessor-version":[{"id":9020,"href":"https:\/\/www.sterylis.com\/de\/wp-json\/wp\/v2\/pages\/8876\/revisions\/9020"}],"up":[{"embeddable":true,"href":"https:\/\/www.sterylis.com\/de\/wp-json\/wp\/v2\/pages\/5258"}],"wp:featuredmedia":[{"embeddable":true,"href":"https:\/\/www.sterylis.com\/de\/wp-json\/wp\/v2\/media\/8871"}],"wp:attachment":[{"href":"https:\/\/www.sterylis.com\/de\/wp-json\/wp\/v2\/media?parent=8876"}],"curies":[{"name":"wp","href":"https:\/\/api.w.org\/{rel}","templated":true}]}}