{"id":6012,"date":"2020-09-14T10:13:49","date_gmt":"2020-09-14T10:13:49","guid":{"rendered":"http:\/\/www.sterylis.igloo.pl\/?page_id=6012"},"modified":"2021-12-28T07:41:25","modified_gmt":"2021-12-28T07:41:25","slug":"profesjonalne-sterylizatory-pomieszczen-slide","status":"publish","type":"page","link":"https:\/\/www.sterylis.com\/en\/","title":{"rendered":"Professional room sterilizers"},"content":{"rendered":"<p>[vc_row el_id=&#8221;start&#8221;][vc_column][rev_slider_vc alias=&#8221;Nowe-EN_DE_CZ_RU&#8221; enable_paspartu=&#8221;no&#8221;][\/vc_column][\/vc_row][vc_row disable_element=&#8221;yes&#8221; row_content_width=&#8221;grid&#8221; simple_background_color=&#8221;#77c4af&#8221; css=&#8221;.vc_custom_1627650835254{padding-top: 30px !important;padding-bottom: 30px !important;}&#8221;][vc_column]<div class=\"eltdf-call-to-action-holder  eltdf-normal-layout eltdf-content-in-grid eltdf-three-quarters-columns\">\n\t<div class=\"eltdf-cta-inner eltdf-grid\">\n\t\t<div class=\"eltdf-cta-text-holder\">\n\t\t\t<div class=\"eltdf-cta-text\"><span style=\"font-size: 38px; font-weight: 600; color: #fff;\">PLACES OF USE<\/span><\/div>\n\t\t<\/div>\n\t\t<div class=\"eltdf-cta-button-holder\" >\n\t\t\t<div class=\"eltdf-cta-button\"><a itemprop=\"url\" href=\"\/kontakt\" target=\"_self\" style=\"padding: 9px 50px 11px 50px\" class=\"eltdf-btn eltdf-btn-medium eltdf-btn-outline eltdf-btn-custom-hover-bg eltdf-btn-custom-border-hover eltdf-btn-custom-hover-color\" data-hover-color=\"#ffffff\" data-hover-bg-color=\"#121a1d\" data-hover-border-color=\"#ffffff\" >    <span class=\"eltdf-btn-text\">Contact us<\/span>        <\/a><\/div>\n\t\t<\/div>\n\t<\/div>\n<\/div>[\/vc_column][\/vc_row][vc_row disable_element=&#8221;yes&#8221; row_content_width=&#8221;grid&#8221; css=&#8221;.vc_custom_1600687223216{padding-top: 80px !important;padding-bottom: 80px !important;}&#8221;][vc_column width=&#8221;1\/2&#8243;][vc_custom_heading text=&#8221;Miejsca&#8221; font_container=&#8221;tag:h2|font_size:52|text_align:left|color:%23000000|line_height:0.7&#8243; google_fonts=&#8221;font_family:Raleway%3A100%2C200%2C300%2Cregular%2C500%2C600%2C700%2C800%2C900|font_style:200%20light%20regular%3A200%3Anormal&#8221;][vc_custom_heading text=&#8221;zastosowania&#8221; font_container=&#8221;tag:h2|font_size:52|text_align:left|color:%23000000|line_height:0.7&#8243; google_fonts=&#8221;font_family:Raleway%3A100%2C200%2C300%2Cregular%2C500%2C600%2C700%2C800%2C900|font_style:900%20bold%20regular%3A900%3Anormal&#8221;][\/vc_column][vc_column width=&#8221;1\/2&#8243;][vc_column_text]Urz\u0105dzenia STERYLIS s\u0105 przystosowane do ka\u017cdego typu pomieszcze\u0144 i dostosowane do r\u00f3\u017cnych ich kubatur. Ich moc i wydajno\u015b\u0107 pozwala na dostosowanie do dzia\u0142ania zar\u00f3wno w dzie\u0144 jak i w nocy (tryb nocny \u2013 cichy). Cechuj\u0105 si\u0119 wieloma atutami, takimi jak bezpiecze\u0144stwo, wygodna eksploatacja \/ serwis \/ i prosta obs\u0142uga.[\/vc_column_text][\/vc_column][\/vc_row][vc_row row_content_width=&#8221;grid&#8221; css=&#8221;.vc_custom_1600760761448{padding-top: 50px !important;}&#8221;][vc_column width=&#8221;1\/4&#8243;]<div class=\"eltdf-single-image-holder   eltdf-image-behavior-custom-link\">\n    <div class=\"eltdf-si-inner\" >\n        \t            <a itemprop=\"url\" href=\"\/produkty\/szpitale-i-gabinety-lekarskie\/\" target=\"_self\">\n                                    <img width=\"262\" height=\"228\" src=\"https:\/\/www.sterylis.com\/wp-content\/uploads\/2020\/09\/szpitale.jpg\" class=\"attachment-full size-full\" alt=\"Professional room sterilizers\" loading=\"lazy\" title=\"Professional room sterilizers\" \/>                                <\/a>\n            <\/div>\n<\/div>[vc_raw_html]JTNDaDMlMjBzdHlsZSUzRCUyMmZvbnQtc2l6ZSUzQSUyMDE4cHglM0Jjb2xvciUzQSUyMCUyMzAwMDAwMCUzQnRleHQtYWxpZ24lM0ElMjBjZW50ZXIlM0Jmb250LWZhbWlseSUzQVJhbGV3YXklM0Jmb250LXdlaWdodCUzQTQwMCUzQmZvbnQtc3R5bGUlM0Fub3JtYWwlMjIlMjBjbGFzcyUzRCUyMnZjX2N1c3RvbV9oZWFkaW5nJTIyJTNFJTNDYSUyMGhyZWYlM0QlMjIlMkZwcm9kdWt0eSUyRnN6cGl0YWxlLWktZ2FiaW5ldHktbGVrYXJza2llJTJGJTIyJTNFJTBBSG9zcGl0YWxzJTIwYW5kJTIwZG9jdG9yJTI3cyUyMG9mZmljZXMlMjAlMjAlMjAlMjAlMjAlMjAlMjAlMjAlMjAlMjAlMjAlMjAlMjAlMjAlMjAlMjAlMjAlMjAlMjAlMjAlMjAlMjAlMjAlMEElM0MlMkZhJTNFJTNDJTJGaDMlM0U=[\/vc_raw_html][\/vc_column][vc_column width=&#8221;1\/4&#8243;]<div class=\"eltdf-single-image-holder   eltdf-image-behavior-custom-link\">\n    <div class=\"eltdf-si-inner\" >\n        \t            <a itemprop=\"url\" href=\"\/produkty\/przedszkola-szkoly-uczelnie\/\" target=\"_self\">\n                                    <img width=\"262\" height=\"228\" src=\"https:\/\/www.sterylis.com\/wp-content\/uploads\/2020\/09\/szkoly.jpg\" class=\"attachment-full size-full\" alt=\"Professional room sterilizers\" loading=\"lazy\" title=\"Professional room sterilizers\" \/>                                <\/a>\n            <\/div>\n<\/div>[vc_raw_html]JTNDaDMlMjBzdHlsZSUzRCUyMmZvbnQtc2l6ZSUzQSUyMDE4cHglM0Jjb2xvciUzQSUyMCUyMzAwMDAwMCUzQnRleHQtYWxpZ24lM0ElMjBjZW50ZXIlM0Jmb250LWZhbWlseSUzQVJhbGV3YXklM0Jmb250LXdlaWdodCUzQTQwMCUzQmZvbnQtc3R5bGUlM0Fub3JtYWwlMjIlMjBjbGFzcyUzRCUyMnZjX2N1c3RvbV9oZWFkaW5nJTIyJTNFJTNDYSUyMGhyZWYlM0QlMjIlMkZwcm9kdWt0eSUyRnByemVkc3prb2xhLXN6a29seS11Y3plbG5pZSUyRiUyMiUzRSUwQUtpbmRlcmdhcnRlbnMlMkMlMjBzY2hvb2xzJTJDJTIwdW5pdmVyc2l0aWVzJTBBJTNDJTJGYSUzRSUzQyUyRmgzJTNF[\/vc_raw_html][\/vc_column][vc_column width=&#8221;1\/4&#8243;]<div class=\"eltdf-single-image-holder   eltdf-image-behavior-custom-link\">\n    <div class=\"eltdf-si-inner\" >\n        \t            <a itemprop=\"url\" href=\"\/produkty\/budynki-uzytecznosci-publicznej\/\" target=\"_self\">\n                                    <img width=\"262\" height=\"228\" src=\"https:\/\/www.sterylis.com\/wp-content\/uploads\/2020\/09\/publiczne.jpg\" class=\"attachment-full size-full\" alt=\"Professional room sterilizers\" loading=\"lazy\" title=\"Professional room sterilizers\" \/>                                <\/a>\n            <\/div>\n<\/div>[vc_raw_html]JTNDaDMlMjBzdHlsZSUzRCUyMmZvbnQtc2l6ZSUzQSUyMDE4cHglM0Jjb2xvciUzQSUyMCUyMzAwMDAwMCUzQnRleHQtYWxpZ24lM0ElMjBjZW50ZXIlM0Jmb250LWZhbWlseSUzQVJhbGV3YXklM0Jmb250LXdlaWdodCUzQTQwMCUzQmZvbnQtc3R5bGUlM0Fub3JtYWwlMjIlMjBjbGFzcyUzRCUyMnZjX2N1c3RvbV9oZWFkaW5nJTIyJTNFJTNDYSUyMGhyZWYlM0QlMjIlMkZwcm9kdWt0eSUyRmJ1ZHlua2ktdXp5dGVjem5vc2NpLXB1YmxpY3puZWolMkYlMjIlM0UlMEFQdWJsaWMlMjBidWlsZGluZ3MlMEElM0MlMkZhJTNFJTNDJTJGaDMlM0U=[\/vc_raw_html][\/vc_column][vc_column width=&#8221;1\/4&#8243;]<div class=\"eltdf-single-image-holder   eltdf-image-behavior-custom-link\">\n    <div class=\"eltdf-si-inner\" >\n        \t            <a itemprop=\"url\" href=\"\/produkty\/restauracje-i-hotele\/\" target=\"_self\">\n                                    <img width=\"262\" height=\"228\" src=\"https:\/\/www.sterylis.com\/wp-content\/uploads\/2020\/09\/restauracje.jpg\" class=\"attachment-full size-full\" alt=\"Professional room sterilizers\" loading=\"lazy\" title=\"Professional room sterilizers\" \/>                                <\/a>\n            <\/div>\n<\/div>[vc_raw_html]JTNDaDMlMjBzdHlsZSUzRCUyMmZvbnQtc2l6ZSUzQSUyMDE4cHglM0Jjb2xvciUzQSUyMCUyMzAwMDAwMCUzQnRleHQtYWxpZ24lM0ElMjBjZW50ZXIlM0Jmb250LWZhbWlseSUzQVJhbGV3YXklM0Jmb250LXdlaWdodCUzQTQwMCUzQmZvbnQtc3R5bGUlM0Fub3JtYWwlMjIlMjBjbGFzcyUzRCUyMnZjX2N1c3RvbV9oZWFkaW5nJTIyJTNFJTNDYSUyMGhyZWYlM0QlMjIlMkZwcm9kdWt0eSUyRnJlc3RhdXJhY2plLWktaG90ZWxlJTJGJTIyJTNFJTBBUmVzdGF1cmFudHMlMjBhbmQlMjBob3RlbHMlMjAlMjAlMjAlMjAlMjAlMjAlMjAlMjAlMjAlMjAlMjAlMjAlMjAlMjAlMjAlMjAlMjAlMjAlMjAlMjAlMjAlMjAlMjAlMjAlMjAlMjAlMjAlMjAlMjAlMjAlMjAlMjAlMjAlMjAlMjAlMjAlMjAlMEElM0MlMkZhJTNFJTNDJTJGaDMlM0U=[\/vc_raw_html][\/vc_column][\/vc_row][vc_row row_content_width=&#8221;grid&#8221; css=&#8221;.vc_custom_1600760766649{padding-bottom: 80px !important;}&#8221;][vc_column width=&#8221;1\/4&#8243;]<div class=\"eltdf-single-image-holder   eltdf-image-behavior-custom-link\">\n    <div class=\"eltdf-si-inner\" >\n        \t            <a itemprop=\"url\" href=\"\/produkty\/sklepy-markety-super-i-hipermarkety\/\" target=\"_self\">\n                                    <img width=\"262\" height=\"228\" src=\"https:\/\/www.sterylis.com\/wp-content\/uploads\/2020\/09\/sklepy-1.jpg\" class=\"attachment-full size-full\" alt=\"Professional room sterilizers\" loading=\"lazy\" title=\"Professional room sterilizers\" \/>                                <\/a>\n            <\/div>\n<\/div>[vc_raw_html]JTNDaDMlMjBzdHlsZSUzRCUyMmZvbnQtc2l6ZSUzQSUyMDE4cHglM0Jjb2xvciUzQSUyMCUyMzAwMDAwMCUzQnRleHQtYWxpZ24lM0ElMjBjZW50ZXIlM0Jmb250LWZhbWlseSUzQVJhbGV3YXklM0Jmb250LXdlaWdodCUzQTQwMCUzQmZvbnQtc3R5bGUlM0Fub3JtYWwlMjIlMjBjbGFzcyUzRCUyMnZjX2N1c3RvbV9oZWFkaW5nJTIyJTNFJTNDYSUyMGhyZWYlM0QlMjIlMkZwcm9kdWt0eSUyRnNrbGVweS1tYXJrZXR5LXN1cGVyLWktaGlwZXJtYXJrZXR5JTJGJTIyJTNFJTBBU2hvcHMlMkMlMjBzdXBlcm1hcmtldHMlMkMlMjBzdXBlciUyMGFuZCUyMGh5cGVybWFya2V0cyUwQSUzQyUyRmElM0UlM0MlMkZoMyUzRQ==[\/vc_raw_html][\/vc_column][vc_column width=&#8221;1\/4&#8243;]<div class=\"eltdf-single-image-holder   eltdf-image-behavior-custom-link\">\n    <div class=\"eltdf-si-inner\" >\n        \t            <a itemprop=\"url\" href=\"\/produkty\/pomieszczenia-biurowe\/\" target=\"_self\">\n                                    <img width=\"262\" height=\"228\" src=\"https:\/\/www.sterylis.com\/wp-content\/uploads\/2020\/09\/Pomieszczenia_biurowe.jpg\" class=\"attachment-full size-full\" alt=\"Pomieszczenia biurowe\" loading=\"lazy\" title=\"Professional room sterilizers\" \/>                                <\/a>\n            <\/div>\n<\/div>[vc_raw_html]JTNDaDMlMjBzdHlsZSUzRCUyMmZvbnQtc2l6ZSUzQSUyMDE4cHglM0Jjb2xvciUzQSUyMCUyMzAwMDAwMCUzQnRleHQtYWxpZ24lM0ElMjBjZW50ZXIlM0Jmb250LWZhbWlseSUzQVJhbGV3YXklM0Jmb250LXdlaWdodCUzQTQwMCUzQmZvbnQtc3R5bGUlM0Fub3JtYWwlMjIlMjBjbGFzcyUzRCUyMnZjX2N1c3RvbV9oZWFkaW5nJTIyJTNFJTNDYSUyMGhyZWYlM0QlMjIlMkZwcm9kdWt0eSUyRnBvbWllc3pjemVuaWEtYml1cm93ZSUyRiUyMiUzRSUwQU9mZmljZXMlMEElM0MlMkZhJTNFJTNDJTJGaDMlM0U=[\/vc_raw_html][\/vc_column][vc_column width=&#8221;1\/4&#8243;]<div class=\"eltdf-single-image-holder   eltdf-image-behavior-custom-link\">\n    <div class=\"eltdf-si-inner\" >\n        \t            <a itemprop=\"url\" href=\"\/produkty\/pomieszczenia-biurowe-2\/\" target=\"_self\">\n                                    <img width=\"262\" height=\"228\" src=\"https:\/\/www.sterylis.com\/wp-content\/uploads\/2020\/09\/fabryki.jpg\" class=\"attachment-full size-full\" alt=\"Professional room sterilizers\" loading=\"lazy\" title=\"Professional room sterilizers\" \/>                                <\/a>\n            <\/div>\n<\/div>[vc_raw_html]JTNDaDMlMjBzdHlsZSUzRCUyMmZvbnQtc2l6ZSUzQSUyMDE4cHglM0Jjb2xvciUzQSUyMCUyMzAwMDAwMCUzQnRleHQtYWxpZ24lM0ElMjBjZW50ZXIlM0Jmb250LWZhbWlseSUzQVJhbGV3YXklM0Jmb250LXdlaWdodCUzQTQwMCUzQmZvbnQtc3R5bGUlM0Fub3JtYWwlMjIlMjBjbGFzcyUzRCUyMnZjX2N1c3RvbV9oZWFkaW5nJTIyJTNFJTNDYSUyMGhyZWYlM0QlMjIlMkZwcm9kdWt0eSUyRnBvbWllc3pjemVuaWEtYml1cm93ZS0yJTJGJTIyJTNFJTBBRmFjdG9yaWVzJTJDJTIwaW5kdXN0cmlhbCUyMGFyZWFzJTBBJTNDJTJGYSUzRSUzQyUyRmgzJTNF[\/vc_raw_html][\/vc_column][vc_column width=&#8221;1\/4&#8243;]<div class=\"eltdf-single-image-holder   eltdf-image-behavior-custom-link\">\n    <div class=\"eltdf-si-inner\" >\n        \t            <a itemprop=\"url\" href=\"\/produkty\/stacje-benzynowe\/\" target=\"_self\">\n                                    <img width=\"262\" height=\"228\" src=\"https:\/\/www.sterylis.com\/wp-content\/uploads\/2020\/09\/stacje_benzynowe.jpg\" class=\"attachment-full size-full\" alt=\"Professional room sterilizers\" loading=\"lazy\" title=\"Professional room sterilizers\" \/>                                <\/a>\n            <\/div>\n<\/div>[vc_raw_html]JTNDaDMlMjBzdHlsZSUzRCUyMmZvbnQtc2l6ZSUzQSUyMDE4cHglM0Jjb2xvciUzQSUyMCUyMzAwMDAwMCUzQnRleHQtYWxpZ24lM0ElMjBjZW50ZXIlM0Jmb250LWZhbWlseSUzQVJhbGV3YXklM0Jmb250LXdlaWdodCUzQTQwMCUzQmZvbnQtc3R5bGUlM0Fub3JtYWwlMjIlMjBjbGFzcyUzRCUyMnZjX2N1c3RvbV9oZWFkaW5nJTIyJTNFJTNDYSUyMGhyZWYlM0QlMjIlMkZwcm9kdWt0eSUyRnN0YWNqZS1iZW56eW5vd2UlMkYlMjIlM0UlMEFQZXRyb2wlMjBzdGF0aW9ucyUwQSUzQyUyRmElM0UlM0MlMkZoMyUzRQ==[\/vc_raw_html][\/vc_column][\/vc_row][vc_row disable_element=&#8221;yes&#8221; row_content_width=&#8221;grid&#8221; css=&#8221;.vc_custom_1600165205634{padding-top: 100px !important;padding-bottom: 80px !important;}&#8221;][vc_column width=&#8221;1\/4&#8243;][vc_single_image image=&#8221;5931&#8243; img_size=&#8221;full&#8221; alignment=&#8221;center&#8221; onclick=&#8221;custom_link&#8221; link=&#8221;\/produkty\/sterylis-gastro\/&#8221;][vc_column_text]<\/p>\n<h3>STERYLIS <span style=\"color: #35dacc;\"><strong>GASTRO<\/strong><\/span><\/h3>\n<p>Modele:<\/p>\n<ul>\n<li><a href=\"http:\/\/www.sterylis.igloo.pl\/produkty\/sterylis-gastro\/sterylis-gastro-220\/\">GASTRO-220<\/a><\/li>\n<li><a href=\"http:\/\/www.sterylis.igloo.pl\/produkty\/sterylis-gastro\/sterylis-gastro-330\/\">GASTRO-330<\/a><\/li>\n<li><a href=\"http:\/\/www.sterylis.igloo.pl\/produkty\/sterylis-gastro\/sterylis-gastro-440\/\">GASTRO-440<\/a><\/li>\n<li><a href=\"http:\/\/www.sterylis.igloo.pl\/produkty\/sterylis-gastro\/sterylis-gastro-550\/\">GASTRO-550<\/a><\/li>\n<\/ul>\n<p>[\/vc_column_text][\/vc_column][vc_column width=&#8221;1\/4&#8243; css=&#8221;.vc_custom_1594390563698{padding-bottom: 60px !important;}&#8221;][vc_single_image image=&#8221;5349&#8243; img_size=&#8221;full&#8221; alignment=&#8221;center&#8221; onclick=&#8221;custom_link&#8221; link=&#8221;\/produkty\/sterylis-ultra\/&#8221;][vc_column_text]<\/p>\n<h3>STERYLIS <span style=\"color: #35dacc;\"><strong>ULTRA<\/strong><\/span><\/h3>\n<p>Modele:<\/p>\n<ul>\n<li><a href=\"\/produkty\/sterylis-ultra\/sterylis-ultra-220\/\">ULTRA-220<\/a><\/li>\n<li><a href=\"\/produkty\/sterylis-ultra\/sterylis-ultra-330\/\">ULTRA-330<\/a><\/li>\n<li><a href=\"\/produkty\/sterylis-ultra\/sterylis-ultra-440\/\">ULTRA-440<\/a><\/li>\n<li><a href=\"\/produkty\/sterylis-ultra\/sterylis-ultra-550\/\">ULTRA-550<\/a><\/li>\n<\/ul>\n<p>[\/vc_column_text][\/vc_column][vc_column width=&#8221;1\/4&#8243; css=&#8221;.vc_custom_1594390575613{padding-bottom: 60px !important;}&#8221;][vc_single_image image=&#8221;5342&#8243; img_size=&#8221;full&#8221; alignment=&#8221;center&#8221; onclick=&#8221;custom_link&#8221; link=&#8221;\/produkty\/sterylis-vs\/&#8221;][vc_column_text]<\/p>\n<h3><a href=\"\/produkty\/sterylis-vs\/\">STERYLIS <span style=\"color: #35dacc;\"><strong>VS<\/strong><\/span><\/a><\/h3>\n<p>Modele:<\/p>\n<ul>\n<li><a href=\"\/produkty\/sterylis-vs\/sterylis-vs-450\/\">VS-450<\/a><\/li>\n<li><a href=\"\/produkty\/sterylis-vs\/sterylis-vs-600\/\">VS-600<\/a><\/li>\n<li><a href=\"\/produkty\/sterylis-vs\/sterylis-vs-900\/\">VS-900<\/a><\/li>\n<li><a href=\"\/produkty\/sterylis-vs\/sterylis-vs-1200\/\">VS-1200<\/a><\/li>\n<li><a href=\"\/produkty\/sterylis-vs\/sterylis-vs-1500\/\">VS-1500<\/a><\/li>\n<li><a href=\"\/produkty\/sterylis-vs\/sterylis-vs-1800\/\">VS-1800<\/a><\/li>\n<\/ul>\n<p>[\/vc_column_text][\/vc_column][vc_column width=&#8221;1\/4&#8243; css=&#8221;.vc_custom_1597656396936{padding-bottom: 50px !important;}&#8221;][vc_single_image image=&#8221;5351&#8243; img_size=&#8221;full&#8221; alignment=&#8221;center&#8221; onclick=&#8221;custom_link&#8221; link=&#8221;\/produkty\/sterylis-basic\/&#8221;][vc_column_text]<\/p>\n<h3><a href=\"\/produkty\/sterylis-basic\/\">STERYLIS <span style=\"color: #35dacc;\"><strong>BASIC<\/strong><\/span><\/a><\/h3>\n<p>Modele:<\/p>\n<ul>\n<li><a href=\"\/produkty\/sterylis-basic\/sterylis-basic-250\/\">BASIC-250<\/a><\/li>\n<li><a href=\"\/produkty\/sterylis-basic\/sterylis-basic-400\/\">BASIC-400<\/a><\/li>\n<li><a href=\"\/produkty\/sterylis-basic\/sterylis-basic-750\/\">BASIC-750<\/a><\/li>\n<li><a href=\"\/produkty\/sterylis-basic\/sterylis-basic-950\/\">BASIC-950<\/a><\/li>\n<li><a href=\"http:\/\/www.sterylis.igloo.pl\/produkty\/sterylis-basic\/sterylis-basic-1200\/\">BASIC-1200<\/a><\/li>\n<li><a href=\"\/produkty\/sterylis-basic\/sterylis-basic-2000\/\">BASIC-2000<\/a><\/li>\n<li><a href=\"\/produkty\/sterylis-basic\/sterylis-basic-2500\/\">BASIC-2500<\/a><\/li>\n<li><a href=\"\/produkty\/sterylis-basic\/sterylis-basic-3000\/\">BASIC-3000<\/a><\/li>\n<li><a href=\"\/produkty\/sterylis-basic\/sterylis-basic-3000-hs\/\">BASIC-3000 HS<\/a><\/li>\n<li><a href=\"\/produkty\/sterylis-basic\/sterylis-basic-3500-hs\/\">BASIC-3500 HS<\/a><\/li>\n<\/ul>\n<p>[\/vc_column_text][\/vc_column][\/vc_row]<\/p>","protected":false},"excerpt":{"rendered":"<p>[vc_row el_id=&#8221;start&#8221;][vc_column][rev_slider_vc alias=&#8221;Nowe-EN_DE_CZ_RU&#8221; enable_paspartu=&#8221;no&#8221;][\/vc_column][\/vc_row][vc_row disable_element=&#8221;yes&#8221; row_content_width=&#8221;grid&#8221; simple_background_color=&#8221;#77c4af&#8221; css=&#8221;.vc_custom_1627650835254{padding-top: 30px !important;padding-bottom: 30px !important;}&#8221;][vc_column][\/vc_column][\/vc_row][vc_row disable_element=&#8221;yes&#8221; row_content_width=&#8221;grid&#8221; css=&#8221;.vc_custom_1600687223216{padding-top: 80px !important;padding-bottom: 80px !important;}&#8221;][vc_column width=&#8221;1\/2&#8243;][vc_custom_heading text=&#8221;Miejsca&#8221; font_container=&#8221;tag:h2|font_size:52|text_align:left|color:%23000000|line_height:0.7&#8243; google_fonts=&#8221;font_family:Raleway%3A100%2C200%2C300%2Cregular%2C500%2C600%2C700%2C800%2C900|font_style:200%20light%20regular%3A200%3Anormal&#8221;][vc_custom_heading text=&#8221;zastosowania&#8221; font_container=&#8221;tag:h2|font_size:52|text_align:left|color:%23000000|line_height:0.7&#8243; google_fonts=&#8221;font_family:Raleway%3A100%2C200%2C300%2Cregular%2C500%2C600%2C700%2C800%2C900|font_style:900%20bold%20regular%3A900%3Anormal&#8221;][\/vc_column][vc_column width=&#8221;1\/2&#8243;][vc_column_text]Urz\u0105dzenia STERYLIS s\u0105 przystosowane do ka\u017cdego typu pomieszcze\u0144 i dostosowane do r\u00f3\u017cnych ich kubatur. [&hellip;]<\/p>\n","protected":false},"author":1,"featured_media":6147,"parent":0,"menu_order":0,"comment_status":"closed","ping_status":"closed","template":"full-width.php","meta":[],"yoast_head":"\n<title>Professional room sterilizers - STERYLIS<\/title>\n<meta name=\"robots\" content=\"index, follow, max-snippet:-1, max-image-preview:large, max-video-preview:-1\" \/>\n<link rel=\"canonical\" href=\"https:\/\/www.sterylis.com\/\" \/>\n<meta property=\"og:locale\" content=\"en_US\" \/>\n<meta property=\"og:type\" content=\"article\" \/>\n<meta property=\"og:title\" content=\"Profesjonalne sterylizatory pomieszcze\u0144\" \/>\n<meta property=\"og:description\" content=\"Innowacyjne urz\u0105dzenia do dezynfekcji pomieszcze\u0144 z dodatkow\u0105 funkcj\u0105 filtracji powietrza, w kt\u00f3rych zastosowano \u017ar\u00f3d\u0142a UV-C o d\u0142ugo\u015bci fali najbardziej skutecznej w walce z drobnoustrojami oraz wydajne generatory ozonu umo\u017cliwiaj\u0105ce przeprowadzenie szybkiego i skutecznego procesu dezynfekcji nawet trudno dost\u0119pnych miejsc. Wyst\u0119puj\u0105 w kilku wersjach r\u00f3\u017cni\u0105cych si\u0119 mocami zastosowanego \u017ar\u00f3d\u0142a UV-C, wydajno\u015bci\u0105 generatora ozonu oraz wydajno\u015bci\u0105 przep\u0142ywu powietrza.\" \/>\n<meta property=\"og:url\" content=\"https:\/\/www.sterylis.com\/\" \/>\n<meta property=\"og:site_name\" content=\"STERYLIS\" \/>\n<meta property=\"article:publisher\" content=\"https:\/\/www.facebook.com\/sterylis\" \/>\n<meta property=\"article:modified_time\" content=\"2021-12-28T07:41:25+00:00\" \/>\n<meta property=\"og:image\" content=\"https:\/\/www.sterylis.com\/wp-content\/uploads\/2020\/09\/sterylisy.jpg\" \/>\n\t<meta property=\"og:image:width\" content=\"2500\" \/>\n\t<meta property=\"og:image:height\" content=\"1134\" \/>\n<meta name=\"twitter:card\" content=\"summary_large_image\" \/>\n<meta name=\"twitter:label1\" content=\"Written by\">\n\t<meta name=\"twitter:data1\" content=\"admin\">\n\t<meta name=\"twitter:label2\" content=\"Est. reading time\">\n\t<meta name=\"twitter:data2\" content=\"23 minutes\">\n","_links":{"self":[{"href":"https:\/\/www.sterylis.com\/en\/wp-json\/wp\/v2\/pages\/6012"}],"collection":[{"href":"https:\/\/www.sterylis.com\/en\/wp-json\/wp\/v2\/pages"}],"about":[{"href":"https:\/\/www.sterylis.com\/en\/wp-json\/wp\/v2\/types\/page"}],"author":[{"embeddable":true,"href":"https:\/\/www.sterylis.com\/en\/wp-json\/wp\/v2\/users\/1"}],"replies":[{"embeddable":true,"href":"https:\/\/www.sterylis.com\/en\/wp-json\/wp\/v2\/comments?post=6012"}],"version-history":[{"count":89,"href":"https:\/\/www.sterylis.com\/en\/wp-json\/wp\/v2\/pages\/6012\/revisions"}],"predecessor-version":[{"id":9101,"href":"https:\/\/www.sterylis.com\/en\/wp-json\/wp\/v2\/pages\/6012\/revisions\/9101"}],"wp:featuredmedia":[{"embeddable":true,"href":"https:\/\/www.sterylis.com\/en\/wp-json\/wp\/v2\/media\/6147"}],"wp:attachment":[{"href":"https:\/\/www.sterylis.com\/en\/wp-json\/wp\/v2\/media?parent=6012"}],"curies":[{"name":"wp","href":"https:\/\/api.w.org\/{rel}","templated":true}]}}