{"id":6088,"date":"2020-09-21T10:37:25","date_gmt":"2020-09-21T10:37:25","guid":{"rendered":"http:\/\/www.sterylis.igloo.pl\/?page_id=6088"},"modified":"2021-09-02T07:43:06","modified_gmt":"2021-09-02T07:43:06","slug":"przedszkola-szkoly-uczelnie","status":"publish","type":"page","link":"https:\/\/www.sterylis.com\/en\/products\/polski-przedszkola-szkoly-uczelnie\/","title":{"rendered":"Kindergartens, schools, universities"},"content":{"rendered":"<p>[vc_row][vc_column][vc_basic_grid post_type=&#8221;ids&#8221; item=&#8221;6619&#8243; grid_id=&#8221;vc_gid:1630568503099-a064db16-1701-3&#8243; include=&#8221;7399, 7432, 7971, 7976&#8243;][\/vc_column][\/vc_row][vc_row][vc_column][vc_basic_grid post_type=&#8221;ids&#8221; item=&#8221;6619&#8243; grid_id=&#8221;vc_gid:1630568503100-3460010b-5c61-2&#8243; include=&#8221;5443, 5479, 5482, 5491, 5499&#8243;][\/vc_column][\/vc_row][vc_row][vc_column][vc_basic_grid post_type=&#8221;ids&#8221; item=&#8221;6619&#8243; grid_id=&#8221;vc_gid:1630568503102-627144b0-1c4c-10&#8243; include=&#8221;5534, 5548, 5550, 5553&#8243;][\/vc_column][\/vc_row]<\/p>","protected":false},"excerpt":{"rendered":"<p>[vc_row][vc_column][vc_basic_grid post_type=&#8221;ids&#8221; item=&#8221;6619&#8243; grid_id=&#8221;vc_gid:1630568503099-a064db16-1701-3&#8243; include=&#8221;7399, 7432, 7971, 7976&#8243;][\/vc_column][\/vc_row][vc_row][vc_column][vc_basic_grid post_type=&#8221;ids&#8221; item=&#8221;6619&#8243; grid_id=&#8221;vc_gid:1630568503100-3460010b-5c61-2&#8243; include=&#8221;5443, 5479, 5482, 5491, 5499&#8243;][\/vc_column][\/vc_row][vc_row][vc_column][vc_basic_grid post_type=&#8221;ids&#8221; item=&#8221;6619&#8243; grid_id=&#8221;vc_gid:1630568503102-627144b0-1c4c-10&#8243; include=&#8221;5534, 5548, 5550, 5553&#8243;][\/vc_column][\/vc_row]<\/p>\n","protected":false},"author":1,"featured_media":0,"parent":5258,"menu_order":0,"comment_status":"closed","ping_status":"closed","template":"","meta":[],"yoast_head":"\n<title>Kindergartens, schools, universities - STERYLIS<\/title>\n<meta name=\"robots\" content=\"index, follow, max-snippet:-1, max-image-preview:large, max-video-preview:-1\" \/>\n<link rel=\"canonical\" href=\"https:\/\/www.sterylis.com\/produkty\/przedszkola-szkoly-uczelnie\/\" \/>\n<meta property=\"og:locale\" content=\"en_US\" \/>\n<meta property=\"og:type\" content=\"article\" \/>\n<meta property=\"og:title\" content=\"[:pl]Przedszkola, szko\u0142y, uczelnie[:en]Kindergartens, schools, universities[:de]Kinderg\u00e4rten, Schulen, Universit\u00e4ten[:cz]\u0160kolky, \u0161koly, univerzity [:ru]\u0414\u0435\u0442\u0441\u043a\u0438\u0435 \u0441\u0430\u0434\u044b, \u0448\u043a\u043e\u043b\u044b, \u0443\u043d\u0438\u0432\u0435\u0440\u0441\u0438\u0442\u0435\u0442\u044b[:CS]\u0160kolky, \u0161koly, univerzity [:] - STERYLIS\" \/>\n<meta property=\"og:description\" content=\"[vc_row][vc_column][vc_basic_grid post_type=&#8221;ids&#8221; item=&#8221;6619&#8243; grid_id=&#8221;vc_gid:1630568503099-a064db16-1701-3&#8243; include=&#8221;7399, 7432, 7971, 7976&#8243;][\/vc_column][\/vc_row][vc_row][vc_column][vc_basic_grid post_type=&#8221;ids&#8221; item=&#8221;6619&#8243; grid_id=&#8221;vc_gid:1630568503100-3460010b-5c61-2&#8243; include=&#8221;5443, 5479, 5482, 5491, 5499&#8243;][\/vc_column][\/vc_row][vc_row][vc_column][vc_basic_grid post_type=&#8221;ids&#8221; item=&#8221;6619&#8243; grid_id=&#8221;vc_gid:1630568503102-627144b0-1c4c-10&#8243; include=&#8221;5534, 5548, 5550, 5553&#8243;][\/vc_column][\/vc_row]\" \/>\n<meta property=\"og:url\" content=\"https:\/\/www.sterylis.com\/produkty\/przedszkola-szkoly-uczelnie\/\" \/>\n<meta property=\"og:site_name\" content=\"STERYLIS\" \/>\n<meta property=\"article:publisher\" content=\"https:\/\/www.facebook.com\/sterylis\" \/>\n<meta property=\"article:modified_time\" content=\"2021-09-02T07:43:06+00:00\" \/>\n<meta name=\"twitter:card\" content=\"summary_large_image\" \/>\n<meta name=\"twitter:label1\" content=\"Written by\">\n\t<meta name=\"twitter:data1\" content=\"admin\">\n\t<meta name=\"twitter:label2\" content=\"Est. reading time\">\n\t<meta name=\"twitter:data2\" content=\"2 minutes\">\n","_links":{"self":[{"href":"https:\/\/www.sterylis.com\/en\/wp-json\/wp\/v2\/pages\/6088"}],"collection":[{"href":"https:\/\/www.sterylis.com\/en\/wp-json\/wp\/v2\/pages"}],"about":[{"href":"https:\/\/www.sterylis.com\/en\/wp-json\/wp\/v2\/types\/page"}],"author":[{"embeddable":true,"href":"https:\/\/www.sterylis.com\/en\/wp-json\/wp\/v2\/users\/1"}],"replies":[{"embeddable":true,"href":"https:\/\/www.sterylis.com\/en\/wp-json\/wp\/v2\/comments?post=6088"}],"version-history":[{"count":23,"href":"https:\/\/www.sterylis.com\/en\/wp-json\/wp\/v2\/pages\/6088\/revisions"}],"predecessor-version":[{"id":8733,"href":"https:\/\/www.sterylis.com\/en\/wp-json\/wp\/v2\/pages\/6088\/revisions\/8733"}],"up":[{"embeddable":true,"href":"https:\/\/www.sterylis.com\/en\/wp-json\/wp\/v2\/pages\/5258"}],"wp:attachment":[{"href":"https:\/\/www.sterylis.com\/en\/wp-json\/wp\/v2\/media?parent=6088"}],"curies":[{"name":"wp","href":"https:\/\/api.w.org\/{rel}","templated":true}]}}