{"id":6095,"date":"2020-09-21T11:33:03","date_gmt":"2020-09-21T11:33:03","guid":{"rendered":"http:\/\/www.sterylis.igloo.pl\/?page_id=6095"},"modified":"2021-09-02T07:31:39","modified_gmt":"2021-09-02T07:31:39","slug":"fabryki-powierzchnie-przemyslowe","status":"publish","type":"page","link":"https:\/\/www.sterylis.com\/en\/products\/polski-pomieszczenia-biurowe-2\/","title":{"rendered":"Factories, industrial areas"},"content":{"rendered":"<p>[vc_row][vc_column][vc_basic_grid post_type=&#8221;ids&#8221; item=&#8221;6619&#8243; grid_id=&#8221;vc_gid:1630567866549-5bb4003a-fda0-8&#8243; include=&#8221;7399, 7432, 7971, 7976&#8243;][\/vc_column][\/vc_row][vc_row][vc_column][vc_basic_grid post_type=&#8221;ids&#8221; item=&#8221;6619&#8243; grid_id=&#8221;vc_gid:1630567866550-97d9b61c-580b-1&#8243; include=&#8221;5275, 5327, 5420, 5425, 5431&#8243;][\/vc_column][\/vc_row][vc_row][vc_column][vc_basic_grid post_type=&#8221;ids&#8221; item=&#8221;6619&#8243; grid_id=&#8221;vc_gid:1630567866550-2ebc35df-f40d-1&#8243; include=&#8221;5534, 5548, 5550, 5553&#8243;][\/vc_column][\/vc_row]<\/p>","protected":false},"excerpt":{"rendered":"<p>[vc_row][vc_column][vc_basic_grid post_type=&#8221;ids&#8221; item=&#8221;6619&#8243; grid_id=&#8221;vc_gid:1630567866549-5bb4003a-fda0-8&#8243; include=&#8221;7399, 7432, 7971, 7976&#8243;][\/vc_column][\/vc_row][vc_row][vc_column][vc_basic_grid post_type=&#8221;ids&#8221; item=&#8221;6619&#8243; grid_id=&#8221;vc_gid:1630567866550-97d9b61c-580b-1&#8243; include=&#8221;5275, 5327, 5420, 5425, 5431&#8243;][\/vc_column][\/vc_row][vc_row][vc_column][vc_basic_grid post_type=&#8221;ids&#8221; item=&#8221;6619&#8243; grid_id=&#8221;vc_gid:1630567866550-2ebc35df-f40d-1&#8243; include=&#8221;5534, 5548, 5550, 5553&#8243;][\/vc_column][\/vc_row]<\/p>\n","protected":false},"author":1,"featured_media":0,"parent":5258,"menu_order":0,"comment_status":"closed","ping_status":"closed","template":"","meta":[],"yoast_head":"\n<title>Factories, industrial areas - STERYLIS<\/title>\n<meta name=\"robots\" content=\"index, follow, max-snippet:-1, max-image-preview:large, max-video-preview:-1\" \/>\n<link rel=\"canonical\" href=\"https:\/\/www.sterylis.com\/produkty\/fabryki-powierzchnie-przemyslowe\/\" \/>\n<meta property=\"og:locale\" content=\"en_US\" \/>\n<meta property=\"og:type\" content=\"article\" \/>\n<meta property=\"og:title\" content=\"[:pl]Fabryki, powierzchnie przemys\u0142owe[:en]Factories, industrial areas[:de]Fabriken, Industriefl\u00e4chen[:cz]Tov\u00e1rny, pr\u016fmyslov\u00e9 prostory [:ru]\u0424\u0430\u0431\u0440\u0438\u043a\u0438, \u043f\u0440\u043e\u043c\u044b\u0448\u043b\u0435\u043d\u043d\u044b\u0435 \u043f\u0440\u043e\u0438\u0437\u0432\u043e\u0434\u0441\u0442\u0432\u0430[:] - STERYLIS\" \/>\n<meta property=\"og:description\" content=\"[vc_row][vc_column][vc_basic_grid post_type=&#8221;ids&#8221; item=&#8221;6619&#8243; grid_id=&#8221;vc_gid:1630567866549-5bb4003a-fda0-8&#8243; include=&#8221;7399, 7432, 7971, 7976&#8243;][\/vc_column][\/vc_row][vc_row][vc_column][vc_basic_grid post_type=&#8221;ids&#8221; item=&#8221;6619&#8243; grid_id=&#8221;vc_gid:1630567866550-97d9b61c-580b-1&#8243; include=&#8221;5275, 5327, 5420, 5425, 5431&#8243;][\/vc_column][\/vc_row][vc_row][vc_column][vc_basic_grid post_type=&#8221;ids&#8221; item=&#8221;6619&#8243; grid_id=&#8221;vc_gid:1630567866550-2ebc35df-f40d-1&#8243; include=&#8221;5534, 5548, 5550, 5553&#8243;][\/vc_column][\/vc_row]\" \/>\n<meta property=\"og:url\" content=\"https:\/\/www.sterylis.com\/produkty\/fabryki-powierzchnie-przemyslowe\/\" \/>\n<meta property=\"og:site_name\" content=\"STERYLIS\" \/>\n<meta property=\"article:publisher\" content=\"https:\/\/www.facebook.com\/sterylis\" \/>\n<meta property=\"article:modified_time\" content=\"2021-09-02T07:31:39+00:00\" \/>\n<meta name=\"twitter:card\" content=\"summary_large_image\" \/>\n<meta name=\"twitter:label1\" content=\"Written by\">\n\t<meta name=\"twitter:data1\" content=\"admin\">\n\t<meta name=\"twitter:label2\" content=\"Est. reading time\">\n\t<meta name=\"twitter:data2\" content=\"2 minutes\">\n","_links":{"self":[{"href":"https:\/\/www.sterylis.com\/en\/wp-json\/wp\/v2\/pages\/6095"}],"collection":[{"href":"https:\/\/www.sterylis.com\/en\/wp-json\/wp\/v2\/pages"}],"about":[{"href":"https:\/\/www.sterylis.com\/en\/wp-json\/wp\/v2\/types\/page"}],"author":[{"embeddable":true,"href":"https:\/\/www.sterylis.com\/en\/wp-json\/wp\/v2\/users\/1"}],"replies":[{"embeddable":true,"href":"https:\/\/www.sterylis.com\/en\/wp-json\/wp\/v2\/comments?post=6095"}],"version-history":[{"count":19,"href":"https:\/\/www.sterylis.com\/en\/wp-json\/wp\/v2\/pages\/6095\/revisions"}],"predecessor-version":[{"id":8729,"href":"https:\/\/www.sterylis.com\/en\/wp-json\/wp\/v2\/pages\/6095\/revisions\/8729"}],"up":[{"embeddable":true,"href":"https:\/\/www.sterylis.com\/en\/wp-json\/wp\/v2\/pages\/5258"}],"wp:attachment":[{"href":"https:\/\/www.sterylis.com\/en\/wp-json\/wp\/v2\/media?parent=6095"}],"curies":[{"name":"wp","href":"https:\/\/api.w.org\/{rel}","templated":true}]}}