{"id":6120,"date":"2020-09-21T12:06:38","date_gmt":"2020-09-21T12:06:38","guid":{"rendered":"http:\/\/www.sterylis.igloo.pl\/?page_id=6120"},"modified":"2021-09-02T07:26:36","modified_gmt":"2021-09-02T07:26:36","slug":"budynki-uzytecznosci-publicznej","status":"publish","type":"page","link":"https:\/\/www.sterylis.com\/en\/products\/polski-budynki-uzytecznosci-publicznej\/","title":{"rendered":"Public buildings"},"content":{"rendered":"<p>[vc_row][vc_column][vc_basic_grid post_type=&#8221;ids&#8221; item=&#8221;6619&#8243; grid_id=&#8221;vc_gid:1630567535216-84f4ed91-4508-0&#8243; include=&#8221;7399, 7432, 7971, 7976&#8243;][\/vc_column][\/vc_row][vc_row][vc_column][vc_basic_grid post_type=&#8221;ids&#8221; item=&#8221;6619&#8243; grid_id=&#8221;vc_gid:1630567535217-3041b4f6-faf5-1&#8243; include=&#8221;5443, 5479, 5482, 5491, 5499&#8243;][\/vc_column][\/vc_row][vc_row][vc_column][vc_basic_grid post_type=&#8221;ids&#8221; item=&#8221;6619&#8243; grid_id=&#8221;vc_gid:1630567535218-2c89db10-01dd-9&#8243; include=&#8221;5534, 5548, 5550, 5553&#8243;][\/vc_column][\/vc_row]<\/p>","protected":false},"excerpt":{"rendered":"<p>[vc_row][vc_column][vc_basic_grid post_type=&#8221;ids&#8221; item=&#8221;6619&#8243; grid_id=&#8221;vc_gid:1630567535216-84f4ed91-4508-0&#8243; include=&#8221;7399, 7432, 7971, 7976&#8243;][\/vc_column][\/vc_row][vc_row][vc_column][vc_basic_grid post_type=&#8221;ids&#8221; item=&#8221;6619&#8243; grid_id=&#8221;vc_gid:1630567535217-3041b4f6-faf5-1&#8243; include=&#8221;5443, 5479, 5482, 5491, 5499&#8243;][\/vc_column][\/vc_row][vc_row][vc_column][vc_basic_grid post_type=&#8221;ids&#8221; item=&#8221;6619&#8243; grid_id=&#8221;vc_gid:1630567535218-2c89db10-01dd-9&#8243; include=&#8221;5534, 5548, 5550, 5553&#8243;][\/vc_column][\/vc_row]<\/p>\n","protected":false},"author":1,"featured_media":0,"parent":5258,"menu_order":0,"comment_status":"closed","ping_status":"closed","template":"","meta":[],"yoast_head":"\n<title>Public buildings - STERYLIS<\/title>\n<meta name=\"robots\" content=\"index, follow, max-snippet:-1, max-image-preview:large, max-video-preview:-1\" \/>\n<link rel=\"canonical\" href=\"https:\/\/www.sterylis.com\/produkty\/budynki-uzytecznosci-publicznej\/\" \/>\n<meta property=\"og:locale\" content=\"en_US\" \/>\n<meta property=\"og:type\" content=\"article\" \/>\n<meta property=\"og:title\" content=\"[:pl]Budynki u\u017cyteczno\u015bci publicznej[:en]Public buildings[:de]\u00d6ffentliche Geb\u00e4ude[:cz]Ve\u0159ejn\u00e9 budovy [:ru]\u041e\u0431\u0449\u0435\u0441\u0442\u0432\u0435\u043d\u043d\u044b\u0435 \u0437\u0434\u0430\u043d\u0438\u044f[:CS]Ve\u0159ejn\u00e9 budovy [:] - STERYLIS\" \/>\n<meta property=\"og:description\" content=\"[vc_row][vc_column][vc_basic_grid post_type=&#8221;ids&#8221; item=&#8221;6619&#8243; grid_id=&#8221;vc_gid:1630567535216-84f4ed91-4508-0&#8243; include=&#8221;7399, 7432, 7971, 7976&#8243;][\/vc_column][\/vc_row][vc_row][vc_column][vc_basic_grid post_type=&#8221;ids&#8221; item=&#8221;6619&#8243; grid_id=&#8221;vc_gid:1630567535217-3041b4f6-faf5-1&#8243; include=&#8221;5443, 5479, 5482, 5491, 5499&#8243;][\/vc_column][\/vc_row][vc_row][vc_column][vc_basic_grid post_type=&#8221;ids&#8221; item=&#8221;6619&#8243; grid_id=&#8221;vc_gid:1630567535218-2c89db10-01dd-9&#8243; include=&#8221;5534, 5548, 5550, 5553&#8243;][\/vc_column][\/vc_row]\" \/>\n<meta property=\"og:url\" content=\"https:\/\/www.sterylis.com\/produkty\/budynki-uzytecznosci-publicznej\/\" \/>\n<meta property=\"og:site_name\" content=\"STERYLIS\" \/>\n<meta property=\"article:publisher\" content=\"https:\/\/www.facebook.com\/sterylis\" \/>\n<meta property=\"article:modified_time\" content=\"2021-09-02T07:26:36+00:00\" \/>\n<meta name=\"twitter:card\" content=\"summary_large_image\" \/>\n<meta name=\"twitter:label1\" content=\"Written by\">\n\t<meta name=\"twitter:data1\" content=\"admin\">\n\t<meta name=\"twitter:label2\" content=\"Est. reading time\">\n\t<meta name=\"twitter:data2\" content=\"2 minutes\">\n","_links":{"self":[{"href":"https:\/\/www.sterylis.com\/en\/wp-json\/wp\/v2\/pages\/6120"}],"collection":[{"href":"https:\/\/www.sterylis.com\/en\/wp-json\/wp\/v2\/pages"}],"about":[{"href":"https:\/\/www.sterylis.com\/en\/wp-json\/wp\/v2\/types\/page"}],"author":[{"embeddable":true,"href":"https:\/\/www.sterylis.com\/en\/wp-json\/wp\/v2\/users\/1"}],"replies":[{"embeddable":true,"href":"https:\/\/www.sterylis.com\/en\/wp-json\/wp\/v2\/comments?post=6120"}],"version-history":[{"count":19,"href":"https:\/\/www.sterylis.com\/en\/wp-json\/wp\/v2\/pages\/6120\/revisions"}],"predecessor-version":[{"id":8728,"href":"https:\/\/www.sterylis.com\/en\/wp-json\/wp\/v2\/pages\/6120\/revisions\/8728"}],"up":[{"embeddable":true,"href":"https:\/\/www.sterylis.com\/en\/wp-json\/wp\/v2\/pages\/5258"}],"wp:attachment":[{"href":"https:\/\/www.sterylis.com\/en\/wp-json\/wp\/v2\/media?parent=6120"}],"curies":[{"name":"wp","href":"https:\/\/api.w.org\/{rel}","templated":true}]}}