{"id":7976,"date":"2021-04-21T07:50:58","date_gmt":"2021-04-21T07:50:58","guid":{"rendered":"https:\/\/www.sterylis.com\/?page_id=7976"},"modified":"2021-09-08T12:02:46","modified_gmt":"2021-09-08T12:02:46","slug":"sterylis-light-air-60-nt-2","status":"publish","type":"page","link":"https:\/\/www.sterylis.com\/en\/products\/sterylis-light-air\/sterylis-light-air-plus-60-nt\/","title":{"rendered":"Sterylis LIGHT AIR+ 60 NT"},"content":{"rendered":"<p>[vc_section][vc_row][vc_column width=&#8221;1\/2&#8243;][vc_row_inner][vc_column_inner width=&#8221;1\/2&#8243; offset=&#8221;vc_col-xs-6&#8243;][vc_column_text]<\/p>\n<h2>60 m<sup>3 <\/sup>| 20 m<sup>2<\/sup><\/h2>\n<p>[\/vc_column_text][\/vc_column_inner][vc_column_inner width=&#8221;1\/2&#8243; offset=&#8221;vc_col-xs-6&#8243;][vc_column_text]Zalecana kubatura | powierzchnia<br \/>\npomieszczenia dla dezynfekcji <strong>UV-C<br \/>\nprzy zastosowaniu 1 urz\u0105dzenia<br \/>\n<\/strong>[\/vc_column_text][\/vc_column_inner][\/vc_row_inner][vc_row_inner css=&#8221;.vc_custom_1594197585429{padding-top: 60px !important;}&#8221;][vc_column_inner][vc_column_text]<span dir=\"ltr\">STERYLIS LIGHT AIR+ 60 NT to urz\u0105dzenie 2 w 1 &#8211; \u0142\u0105cz\u0105ce funkcj\u0119 <\/span><span dir=\"ltr\">dezynfekcji powietrza (technologia UV-C) oraz o\u015bwietlania <\/span><span dir=\"ltr\">pomieszcze\u0144 za pomoc\u0105 \u017ar\u00f3de\u0142 \u015bwiat\u0142a LED. <\/span><span dir=\"ltr\">Dezynfekuje <\/span><span dir=\"ltr\">powietrze w pomieszczeniach, w kt\u00f3rych przebywaj\u0105 ludzie. <\/span><span dir=\"ltr\">Urz\u0105dzenie przeznaczone jest do monta\u017cu natynkowego.<\/span>[\/vc_column_text][\/vc_column_inner][\/vc_row_inner][vc_row_inner css=&#8221;.vc_custom_1594197585429{padding-top: 60px !important;}&#8221;][vc_column_inner width=&#8221;1\/2&#8243;][vc_column_text]<\/p>\n<h2>TRYBY PRACY:<\/h2>\n<p>[\/vc_column_text][\/vc_column_inner][vc_column_inner width=&#8221;1\/2&#8243;][\/vc_column_inner][\/vc_row_inner][vc_row_inner][vc_column_inner width=&#8221;1\/2&#8243; offset=&#8221;vc_col-xs-6&#8243;][vc_column_text]<\/p>\n<h5><img loading=\"lazy\" class=\"wp-image-4856 alignleft\" role=\"img\" src=\"https:\/\/www.sterylis.com\/wp-content\/uploads\/2020\/04\/icona_04.svg\" alt=\"Sterylis LIGHT AIR+ 60 NT\" width=\"80\" height=\"78\" \/><br \/>\nDezynfekcja UV-C<\/h5>\n<p>[\/vc_column_text][\/vc_column_inner][vc_column_inner width=&#8221;1\/2&#8243;][vc_column_text]<\/p>\n<h5><img loading=\"lazy\" class=\"alignnone wp-image-7452\" role=\"img\" src=\"https:\/\/www.sterylis.com\/wp-content\/uploads\/2021\/02\/led.svg\" alt=\"Sterylis LIGHT AIR+ 60 NT\" width=\"100\" height=\"43\" \/><br \/>\nO\u015bwietlenie LED<\/h5>\n<p>[\/vc_column_text][\/vc_column_inner][\/vc_row_inner][vc_row_inner css=&#8221;.vc_custom_1621503016496{padding-top: 15px !important;}&#8221;][vc_column_inner width=&#8221;1\/2&#8243; css=&#8221;.vc_custom_1621502965393{padding-bottom: 15px !important;}&#8221; offset=&#8221;vc_col-xs-12&#8243;]<a itemprop=\"url\" href=\"\/files\/data_sheets\/karta%20katalogowa%20Sterylis%20LIGHT%20AIR%2B%2060_NT_PL.pdf\" target=\"_blank\"  class=\"eltdf-btn eltdf-btn-medium eltdf-btn-solid eltdf-btn-icon\"  >\n    <span class=\"eltdf-btn-text\">Karta katalogowa<\/span>\n    <i class=\"eltdf-icon-font-awesome fa fa-file-text \" ><\/i>    <\/a>[\/vc_column_inner][vc_column_inner width=&#8221;1\/2&#8243; css=&#8221;.vc_custom_1621502956630{padding-bottom: 15px !important;}&#8221; offset=&#8221;vc_col-xs-12&#8243;]<a itemprop=\"url\" href=\"\/files\/catalogs\/Sterylis_Light_Air_PL-web.pdf\" target=\"_self\"  class=\"eltdf-btn eltdf-btn-medium eltdf-btn-solid eltdf-btn-icon\"  >\n    <span class=\"eltdf-btn-text\">Katalog produkt\u00f3w<\/span>\n    <i class=\"eltdf-icon-font-awesome fa fa-file-text \" ><\/i>    <\/a>[\/vc_column_inner][\/vc_row_inner][vc_row_inner css=&#8221;.vc_custom_1621503067255{padding-top: 15px !important;}&#8221;][vc_column_inner width=&#8221;1\/2&#8243;]<a itemprop=\"url\" href=\"https:\/\/www.sterylis.com\/wp-content\/uploads\/2021\/04\/Raport_STERYLIS_LIGHT_AIR-60_bezpieczenstwo-UC-V.pdf\" target=\"_self\"  class=\"eltdf-btn eltdf-btn-medium eltdf-btn-solid eltdf-btn-icon\"  >\n    <span class=\"eltdf-btn-text\">Raport UV-C<\/span>\n    <i class=\"eltdf-icon-font-awesome fa fa-file-text \" ><\/i>    <\/a>[\/vc_column_inner][vc_column_inner width=&#8221;1\/2&#8243;]<a itemprop=\"url\" href=\"https:\/\/www.sterylis.com\/files\/user_manuals\/STERYLIS%20LIGHT%20AIR%20NT%20-%20instrukcja%20monta%C5%BCu.pdf\" target=\"_self\"  class=\"eltdf-btn eltdf-btn-medium eltdf-btn-solid eltdf-btn-icon\"  >\n    <span class=\"eltdf-btn-text\">Instrukcja monta\u017cu<\/span>\n    <i class=\"eltdf-icon-font-awesome fa fa-file-text \" ><\/i>    <\/a>[\/vc_column_inner][\/vc_row_inner][vc_empty_space][vc_column_text]<a href=\"https:\/\/www.sterylis.com\/wp-content\/uploads\/2021\/02\/PZH-atest-STERYLIS-LIGHT-AIR-1.pdf\"><img loading=\"lazy\" class=\"wp-image-7316 alignleft\" role=\"img\" src=\"https:\/\/www.sterylis.com\/wp-content\/uploads\/2021\/01\/NIZP-ATEST.png\" alt=\"Atest PZH\" width=\"70\" height=\"76\" \/><\/a><\/p>\n<h6><a href=\"https:\/\/www.sterylis.com\/wp-content\/uploads\/2021\/05\/pzh-sterylis-light-air_light-air-nt.pdf\">Atest PZH:<\/a><br \/>\n<a href=\"https:\/\/www.sterylis.com\/wp-content\/uploads\/2021\/05\/pzh-sterylis-light-air_light-air-nt.pdf\">Sterylis LIGHT AIR+ 60 NT, nr B-BK-60212-0221\/21 obowi\u0105zuj\u0105cy do 18.02.2026<\/a><\/h6>\n<p>[\/vc_column_text][vc_row_inner][vc_column_inner][\/vc_column_inner][\/vc_row_inner][\/vc_column][vc_column width=&#8221;1\/2&#8243;]<div class=\"eltdf-single-image-holder   \">\n    <div class=\"eltdf-si-inner\" >\n                                    <img width=\"427\" height=\"451\" src=\"https:\/\/www.sterylis.com\/wp-content\/uploads\/2021\/04\/STERYLIS-LIGHT-AIR-PLUS-60-NT.png\" class=\"attachment-full size-full\" alt=\"Sterylis LIGHT AIR+ 60 NT\" loading=\"lazy\" srcset=\"https:\/\/www.sterylis.com\/wp-content\/uploads\/2021\/04\/STERYLIS-LIGHT-AIR-PLUS-60-NT.png 427w, https:\/\/www.sterylis.com\/wp-content\/uploads\/2021\/04\/STERYLIS-LIGHT-AIR-PLUS-60-NT-284x300.png 284w\" sizes=\"(max-width: 427px) 100vw, 427px\" title=\"Sterylis LIGHT AIR+ 60 NT\" \/>                        <\/div>\n<\/div>[\/vc_column][\/vc_row][vc_row disable_element=&#8221;yes&#8221;][vc_column width=&#8221;1\/4&#8243;]<a itemprop=\"url\" href=\"\/files\/data_sheets\/karta%20katalogowa%20Sterylis%20LIGHT%20AIR%2B%2060_NT_PL.pdf\" target=\"_self\"  class=\"eltdf-btn eltdf-btn-small eltdf-btn-solid eltdf-btn-icon\"  >\n    <span class=\"eltdf-btn-text\">Karta katalogowa<\/span>\n    <i class=\"eltdf-icon-font-awesome fa fa-file-text \" ><\/i>    <\/a>[\/vc_column][vc_column width=&#8221;1\/4&#8243;]<a itemprop=\"url\" href=\"\/files\/catalogs\/Sterylis_Light_Air_PL-web.pdf\" target=\"_self\"  class=\"eltdf-btn eltdf-btn-small eltdf-btn-solid eltdf-btn-icon\"  >\n    <span class=\"eltdf-btn-text\">Katalog produkt\u00f3w<\/span>\n    <i class=\"eltdf-icon-font-awesome fa fa-file-text \" ><\/i>    <\/a>[\/vc_column][vc_column width=&#8221;1\/4&#8243;]<a itemprop=\"url\" href=\"https:\/\/www.sterylis.com\/wp-content\/uploads\/2021\/04\/Raport_STERYLIS_LIGHT_AIR-60_bezpieczenstwo-UC-V.pdf\" target=\"_self\"  class=\"eltdf-btn eltdf-btn-small eltdf-btn-solid eltdf-btn-icon\"  >\n    <span class=\"eltdf-btn-text\">Raport UV-C<\/span>\n    <i class=\"eltdf-icon-font-awesome fa fa-file-text \" ><\/i>    <\/a>[\/vc_column][vc_column width=&#8221;1\/4&#8243;]<a itemprop=\"url\" href=\"https:\/\/www.sterylis.com\/wp-content\/uploads\/2021\/05\/sterylis-light-air-nt-instrukcja-montazu.pdf\" target=\"_self\"  class=\"eltdf-btn eltdf-btn-small eltdf-btn-solid eltdf-btn-icon\"  >\n    <span class=\"eltdf-btn-text\">Instrukcja monta\u017cu<\/span>\n    <i class=\"eltdf-icon-font-awesome fa fa-file-text \" ><\/i>    <\/a>[\/vc_column][\/vc_row][vc_row css=&#8221;.vc_custom_1594364188659{margin-top: -80px !important;}&#8221;][vc_column][vc_row_inner css=&#8221;.vc_custom_1594197585429{padding-top: 60px !important;}&#8221;][vc_column_inner][vc_column_text]Cechy urz\u0105dzenia:<\/p>\n<ul>\n<li>nowoczesne \u017ar\u00f3d\u0142a promieniowania UV-C (253,7 nm) produkcji LEDVANCE o potwierdzonej skuteczno\u015bci<\/li>\n<li>konstrukcja oprawy zoptymalizowana pod k\u0105tem dawki jednostkowej &gt; 50 J\/m2 (potwierdzona<br \/>\nnaukowo skuteczno\u015b\u0107 w niszczeniu wirusa SARS-CoV-2)<\/li>\n<li>pe\u0142ne bezpiecze\u0144stwo fotobiologiczne pod k\u0105tem up\u0142ywu UV-C \u2013 grupa ryzyka RG0 w sensie normy PN-EN 62471<\/li>\n<li>\u017cywotno\u015b\u0107 \u017ar\u00f3de\u0142 UV-C na poziomie 10 800 godzin<\/li>\n<li>najwy\u017cszej jako\u015bci markowe wentylatory o niskim poziomie ha\u0142asu i \u017cywotno\u015bci &gt; 50 000 godzin<\/li>\n<li>wbudowany inteligentny sterownik: monitoring oraz sygnalizacja awarii (wentylator, \u017ar\u00f3d\u0142a UV-C),<br \/>\nzliczanie czasu pracy \u017ar\u00f3de\u0142 UV-C oraz sygnalizacja konieczno\u015bci wymiany<\/li>\n<li>obudowa metalowa, malowana proszkowo.<\/li>\n<\/ul>\n<p>[\/vc_column_text][vc_empty_space][\/vc_column_inner][\/vc_row_inner]<div class=\"eltdf-single-image-holder   \">\n    <div class=\"eltdf-si-inner\" >\n                                    <img width=\"470\" height=\"470\" src=\"https:\/\/www.sterylis.com\/wp-content\/uploads\/2021\/04\/STERYLIS-LIGHT-AIR-PLUS-60-NT-rys.png\" class=\"attachment-full size-full\" alt=\"Sterylis LIGHT AIR+ 60 NT\" loading=\"lazy\" srcset=\"https:\/\/www.sterylis.com\/wp-content\/uploads\/2021\/04\/STERYLIS-LIGHT-AIR-PLUS-60-NT-rys.png 470w, https:\/\/www.sterylis.com\/wp-content\/uploads\/2021\/04\/STERYLIS-LIGHT-AIR-PLUS-60-NT-rys-300x300.png 300w, https:\/\/www.sterylis.com\/wp-content\/uploads\/2021\/04\/STERYLIS-LIGHT-AIR-PLUS-60-NT-rys-150x150.png 150w, https:\/\/www.sterylis.com\/wp-content\/uploads\/2021\/04\/STERYLIS-LIGHT-AIR-PLUS-60-NT-rys-100x100.png 100w\" sizes=\"(max-width: 470px) 100vw, 470px\" title=\"Sterylis LIGHT AIR+ 60 NT\" \/>                        <\/div>\n<\/div>[vc_empty_space height=&#8221;80px&#8221;][\/vc_column][\/vc_row][\/vc_section]<\/p>","protected":false},"excerpt":{"rendered":"<p>[vc_section][vc_row][vc_column width=&#8221;1\/2&#8243;][vc_row_inner][vc_column_inner width=&#8221;1\/2&#8243; offset=&#8221;vc_col-xs-6&#8243;][vc_column_text] 60 m3 | 20 m2 [\/vc_column_text][\/vc_column_inner][vc_column_inner width=&#8221;1\/2&#8243; offset=&#8221;vc_col-xs-6&#8243;][vc_column_text]Zalecana kubatura | powierzchnia pomieszczenia dla dezynfekcji UV-C przy zastosowaniu 1 urz\u0105dzenia [\/vc_column_text][\/vc_column_inner][\/vc_row_inner][vc_row_inner css=&#8221;.vc_custom_1594197585429{padding-top: 60px !important;}&#8221;][vc_column_inner][vc_column_text]STERYLIS LIGHT AIR+ 60 NT to urz\u0105dzenie 2 w 1 &#8211; \u0142\u0105cz\u0105ce funkcj\u0119 dezynfekcji [&hellip;]<\/p>\n","protected":false},"author":3,"featured_media":7960,"parent":7397,"menu_order":0,"comment_status":"closed","ping_status":"closed","template":"","meta":[],"yoast_head":"\n<title>Sterylis LIGHT AIR+ 60 NT - STERYLIS<\/title>\n<meta name=\"robots\" content=\"index, follow, max-snippet:-1, max-image-preview:large, max-video-preview:-1\" \/>\n<link rel=\"canonical\" href=\"https:\/\/www.sterylis.com\/produkty\/sterylis-light-air\/sterylis-light-air-plus-60-nt\/\" \/>\n<meta property=\"og:locale\" content=\"en_US\" \/>\n<meta property=\"og:type\" content=\"article\" \/>\n<meta property=\"og:title\" content=\"Sterylis LIGHT AIR+ 60 NT - STERYLIS\" \/>\n<meta property=\"og:description\" content=\"[vc_section][vc_row][vc_column width=&#8221;1\/2&#8243;][vc_row_inner][vc_column_inner width=&#8221;1\/2&#8243; offset=&#8221;vc_col-xs-6&#8243;][vc_column_text] 60 m3 | 20 m2 [\/vc_column_text][\/vc_column_inner][vc_column_inner width=&#8221;1\/2&#8243; offset=&#8221;vc_col-xs-6&#8243;][vc_column_text]Zalecana kubatura | powierzchnia pomieszczenia dla dezynfekcji UV-C przy zastosowaniu 1 urz\u0105dzenia [\/vc_column_text][\/vc_column_inner][\/vc_row_inner][vc_row_inner css=&#8221;.vc_custom_1594197585429{padding-top: 60px !important;}&#8221;][vc_column_inner][vc_column_text]STERYLIS LIGHT AIR+ 60 NT to urz\u0105dzenie 2 w 1 &#8211; \u0142\u0105cz\u0105ce funkcj\u0119 dezynfekcji [&hellip;]\" \/>\n<meta property=\"og:url\" content=\"https:\/\/www.sterylis.com\/produkty\/sterylis-light-air\/sterylis-light-air-plus-60-nt\/\" \/>\n<meta property=\"og:site_name\" content=\"STERYLIS\" \/>\n<meta property=\"article:publisher\" content=\"https:\/\/www.facebook.com\/sterylis\" \/>\n<meta property=\"article:modified_time\" content=\"2021-09-08T12:02:46+00:00\" \/>\n<meta property=\"og:image\" content=\"https:\/\/www.sterylis.com\/wp-content\/uploads\/2021\/04\/STERYLIS-LIGHT-AIR-PLUS-60-NT.png\" \/>\n\t<meta property=\"og:image:width\" content=\"427\" \/>\n\t<meta property=\"og:image:height\" content=\"451\" \/>\n<meta name=\"twitter:card\" content=\"summary_large_image\" \/>\n<meta name=\"twitter:label1\" content=\"Written by\">\n\t<meta name=\"twitter:data1\" content=\"admin\">\n\t<meta name=\"twitter:label2\" content=\"Est. reading time\">\n\t<meta name=\"twitter:data2\" content=\"11 minutes\">\n","_links":{"self":[{"href":"https:\/\/www.sterylis.com\/en\/wp-json\/wp\/v2\/pages\/7976"}],"collection":[{"href":"https:\/\/www.sterylis.com\/en\/wp-json\/wp\/v2\/pages"}],"about":[{"href":"https:\/\/www.sterylis.com\/en\/wp-json\/wp\/v2\/types\/page"}],"author":[{"embeddable":true,"href":"https:\/\/www.sterylis.com\/en\/wp-json\/wp\/v2\/users\/3"}],"replies":[{"embeddable":true,"href":"https:\/\/www.sterylis.com\/en\/wp-json\/wp\/v2\/comments?post=7976"}],"version-history":[{"count":25,"href":"https:\/\/www.sterylis.com\/en\/wp-json\/wp\/v2\/pages\/7976\/revisions"}],"predecessor-version":[{"id":8776,"href":"https:\/\/www.sterylis.com\/en\/wp-json\/wp\/v2\/pages\/7976\/revisions\/8776"}],"up":[{"embeddable":true,"href":"https:\/\/www.sterylis.com\/en\/wp-json\/wp\/v2\/pages\/7397"}],"wp:featuredmedia":[{"embeddable":true,"href":"https:\/\/www.sterylis.com\/en\/wp-json\/wp\/v2\/media\/7960"}],"wp:attachment":[{"href":"https:\/\/www.sterylis.com\/en\/wp-json\/wp\/v2\/media?parent=7976"}],"curies":[{"name":"wp","href":"https:\/\/api.w.org\/{rel}","templated":true}]}}