{"id":6110,"date":"2020-09-21T11:57:42","date_gmt":"2020-09-21T11:57:42","guid":{"rendered":"http:\/\/www.sterylis.igloo.pl\/?page_id=6110"},"modified":"2021-09-02T08:42:04","modified_gmt":"2021-09-02T08:42:04","slug":"sklepy-markety-super-i-hipermarkety","status":"publish","type":"page","link":"https:\/\/www.sterylis.com\/ru\/produkty\/polski-sklepy-markety-super-i-hipermarkety\/","title":{"rendered":"\u041c\u0430\u0433\u0430\u0437\u0438\u043d\u044b, \u0441\u0443\u043f\u0435\u0440 \u0438 \u0433\u0438\u043f\u0435\u0440\u043c\u0430\u0440\u043a\u0435\u0442\u044b"},"content":{"rendered":"<p>[vc_row][vc_column][vc_basic_grid post_type=&#8221;ids&#8221; item=&#8221;6619&#8243; grid_id=&#8221;vc_gid:1630572104909-3e144275-d94e-1&#8243; include=&#8221;7399, 7432, 7971, 7976&#8243;][\/vc_column][\/vc_row][vc_row][vc_column][vc_basic_grid post_type=&#8221;ids&#8221; item=&#8221;6619&#8243; grid_id=&#8221;vc_gid:1630572104912-46036bc5-78b1-3&#8243; include=&#8221;5443, 5479, 5482, 5491, 5499&#8243;][\/vc_column][\/vc_row][vc_row][vc_column][vc_basic_grid post_type=&#8221;ids&#8221; item=&#8221;6619&#8243; grid_id=&#8221;vc_gid:1630572104913-1f39efc8-1932-6&#8243; include=&#8221;5534, 5548, 5550, 5553&#8243;][\/vc_column][\/vc_row]<\/p>","protected":false},"excerpt":{"rendered":"<p>[vc_row][vc_column][vc_basic_grid post_type=&#8221;ids&#8221; item=&#8221;6619&#8243; grid_id=&#8221;vc_gid:1630572104909-3e144275-d94e-1&#8243; include=&#8221;7399, 7432, 7971, 7976&#8243;][\/vc_column][\/vc_row][vc_row][vc_column][vc_basic_grid post_type=&#8221;ids&#8221; item=&#8221;6619&#8243; grid_id=&#8221;vc_gid:1630572104912-46036bc5-78b1-3&#8243; include=&#8221;5443, 5479, 5482, 5491, 5499&#8243;][\/vc_column][\/vc_row][vc_row][vc_column][vc_basic_grid post_type=&#8221;ids&#8221; item=&#8221;6619&#8243; grid_id=&#8221;vc_gid:1630572104913-1f39efc8-1932-6&#8243; include=&#8221;5534, 5548, 5550, 5553&#8243;][\/vc_column][\/vc_row]<\/p>\n","protected":false},"author":1,"featured_media":0,"parent":5258,"menu_order":0,"comment_status":"closed","ping_status":"closed","template":"","meta":[],"yoast_head":"\n<title>\u041c\u0430\u0433\u0430\u0437\u0438\u043d\u044b, \u0441\u0443\u043f\u0435\u0440 \u0438 \u0433\u0438\u043f\u0435\u0440\u043c\u0430\u0440\u043a\u0435\u0442\u044b - STERYLIS<\/title>\n<meta name=\"robots\" content=\"index, follow, max-snippet:-1, max-image-preview:large, max-video-preview:-1\" \/>\n<link rel=\"canonical\" href=\"https:\/\/www.sterylis.com\/produkty\/sklepy-markety-super-i-hipermarkety\/\" \/>\n<meta property=\"og:locale\" content=\"ru_RU\" \/>\n<meta property=\"og:type\" content=\"article\" \/>\n<meta property=\"og:title\" content=\"[:pl]Sklepy, markety, super i hipermarkety[:en]Shops, supermarkets, super and hypermarkets[:de]Gesch\u00e4fte, M\u00e4rkte, Superm\u00e4rkte und Gro\u00dffl\u00e4chen-SB-M\u00e4rkte[:cz]Obchody, markety, super a hypermarkety [:ru]\u041c\u0430\u0433\u0430\u0437\u0438\u043d\u044b, \u0441\u0443\u043f\u0435\u0440 \u0438 \u0433\u0438\u043f\u0435\u0440\u043c\u0430\u0440\u043a\u0435\u0442\u044b[:CS]Obchody, markety, super a hypermarkety [:] - STERYLIS\" \/>\n<meta property=\"og:description\" content=\"[vc_row][vc_column][vc_basic_grid post_type=&#8221;ids&#8221; item=&#8221;6619&#8243; grid_id=&#8221;vc_gid:1630572104909-3e144275-d94e-1&#8243; include=&#8221;7399, 7432, 7971, 7976&#8243;][\/vc_column][\/vc_row][vc_row][vc_column][vc_basic_grid post_type=&#8221;ids&#8221; item=&#8221;6619&#8243; grid_id=&#8221;vc_gid:1630572104912-46036bc5-78b1-3&#8243; include=&#8221;5443, 5479, 5482, 5491, 5499&#8243;][\/vc_column][\/vc_row][vc_row][vc_column][vc_basic_grid post_type=&#8221;ids&#8221; item=&#8221;6619&#8243; grid_id=&#8221;vc_gid:1630572104913-1f39efc8-1932-6&#8243; include=&#8221;5534, 5548, 5550, 5553&#8243;][\/vc_column][\/vc_row]\" \/>\n<meta property=\"og:url\" content=\"https:\/\/www.sterylis.com\/produkty\/sklepy-markety-super-i-hipermarkety\/\" \/>\n<meta property=\"og:site_name\" content=\"STERYLIS\" \/>\n<meta property=\"article:publisher\" content=\"https:\/\/www.facebook.com\/sterylis\" \/>\n<meta property=\"article:modified_time\" content=\"2021-09-02T08:42:04+00:00\" \/>\n<meta name=\"twitter:card\" content=\"summary_large_image\" \/>\n<meta name=\"twitter:label1\" content=\"\u041d\u0430\u043f\u0438\u0441\u0430\u043d\u043e \u0430\u0432\u0442\u043e\u0440\u043e\u043c\">\n\t<meta name=\"twitter:data1\" content=\"admin\">\n\t<meta name=\"twitter:label2\" content=\"\u041f\u0440\u0438\u043c\u0435\u0440\u043d\u043e\u0435 \u0432\u0440\u0435\u043c\u044f \u0434\u043b\u044f \u0447\u0442\u0435\u043d\u0438\u044f\">\n\t<meta name=\"twitter:data2\" content=\"2 \u043c\u0438\u043d\u0443\u0442\u044b\">\n","_links":{"self":[{"href":"https:\/\/www.sterylis.com\/ru\/wp-json\/wp\/v2\/pages\/6110"}],"collection":[{"href":"https:\/\/www.sterylis.com\/ru\/wp-json\/wp\/v2\/pages"}],"about":[{"href":"https:\/\/www.sterylis.com\/ru\/wp-json\/wp\/v2\/types\/page"}],"author":[{"embeddable":true,"href":"https:\/\/www.sterylis.com\/ru\/wp-json\/wp\/v2\/users\/1"}],"replies":[{"embeddable":true,"href":"https:\/\/www.sterylis.com\/ru\/wp-json\/wp\/v2\/comments?post=6110"}],"version-history":[{"count":19,"href":"https:\/\/www.sterylis.com\/ru\/wp-json\/wp\/v2\/pages\/6110\/revisions"}],"predecessor-version":[{"id":8735,"href":"https:\/\/www.sterylis.com\/ru\/wp-json\/wp\/v2\/pages\/6110\/revisions\/8735"}],"up":[{"embeddable":true,"href":"https:\/\/www.sterylis.com\/ru\/wp-json\/wp\/v2\/pages\/5258"}],"wp:attachment":[{"href":"https:\/\/www.sterylis.com\/ru\/wp-json\/wp\/v2\/media?parent=6110"}],"curies":[{"name":"wp","href":"https:\/\/api.w.org\/{rel}","templated":true}]}}