{"id":6117,"date":"2020-09-21T12:05:44","date_gmt":"2020-09-21T12:05:44","guid":{"rendered":"http:\/\/www.sterylis.igloo.pl\/?page_id=6117"},"modified":"2021-09-02T07:34:50","modified_gmt":"2021-09-02T07:34:50","slug":"szpitale-i-gabinety-lekarskie","status":"publish","type":"page","link":"https:\/\/www.sterylis.com\/ru\/produkty\/polski-szpitale-i-gabinety-lekarskie\/","title":{"rendered":"\u0411\u043e\u043b\u044c\u043d\u0438\u0446\u044b \u0438 \u0432\u0440\u0430\u0447\u0435\u0431\u043d\u044b\u0435 \u043a\u0430\u0431\u0438\u043d\u0435\u0442\u044b"},"content":{"rendered":"<p>[vc_row][vc_column][vc_basic_grid post_type=&#8221;ids&#8221; item=&#8221;6619&#8243; grid_id=&#8221;vc_gid:1630568066412-3c626e58-8071-0&#8243; include=&#8221;7399, 7432, 7971, 7976&#8243;][\/vc_column][\/vc_row][vc_row][vc_column][vc_basic_grid post_type=&#8221;ids&#8221; item=&#8221;6619&#8243; grid_id=&#8221;vc_gid:1630568066414-019eabf6-a8a9-7&#8243; include=&#8221;5275, 5327, 5420, 5425, 5431&#8243;][\/vc_column][\/vc_row]<\/p>","protected":false},"excerpt":{"rendered":"<p>[vc_row][vc_column][vc_basic_grid post_type=&#8221;ids&#8221; item=&#8221;6619&#8243; grid_id=&#8221;vc_gid:1630568066412-3c626e58-8071-0&#8243; include=&#8221;7399, 7432, 7971, 7976&#8243;][\/vc_column][\/vc_row][vc_row][vc_column][vc_basic_grid post_type=&#8221;ids&#8221; item=&#8221;6619&#8243; grid_id=&#8221;vc_gid:1630568066414-019eabf6-a8a9-7&#8243; include=&#8221;5275, 5327, 5420, 5425, 5431&#8243;][\/vc_column][\/vc_row]<\/p>\n","protected":false},"author":1,"featured_media":0,"parent":5258,"menu_order":0,"comment_status":"closed","ping_status":"closed","template":"","meta":[],"yoast_head":"\n<title>\u0411\u043e\u043b\u044c\u043d\u0438\u0446\u044b \u0438 \u0432\u0440\u0430\u0447\u0435\u0431\u043d\u044b\u0435 \u043a\u0430\u0431\u0438\u043d\u0435\u0442\u044b - STERYLIS<\/title>\n<meta name=\"robots\" content=\"index, follow, max-snippet:-1, max-image-preview:large, max-video-preview:-1\" \/>\n<link rel=\"canonical\" href=\"https:\/\/www.sterylis.com\/produkty\/szpitale-i-gabinety-lekarskie\/\" \/>\n<meta property=\"og:locale\" content=\"ru_RU\" \/>\n<meta property=\"og:type\" content=\"article\" \/>\n<meta property=\"og:title\" content=\"[:pl]Szpitale i gabinety lekarskie[:en]Hospitals and doctor&#039;s offices[:de]Krankenh\u00e4user und Arztpraxen[:cz]Nemocnice a l\u00e9ka\u0159sk\u00e9 ordinace [:ru]\u0411\u043e\u043b\u044c\u043d\u0438\u0446\u044b \u0438 \u0432\u0440\u0430\u0447\u0435\u0431\u043d\u044b\u0435 \u043a\u0430\u0431\u0438\u043d\u0435\u0442\u044b[:CS]Nemocnice a l\u00e9ka\u0159sk\u00e9 ordinace [:] - STERYLIS\" \/>\n<meta property=\"og:description\" content=\"[vc_row][vc_column][vc_basic_grid post_type=&#8221;ids&#8221; item=&#8221;6619&#8243; grid_id=&#8221;vc_gid:1630568066412-3c626e58-8071-0&#8243; include=&#8221;7399, 7432, 7971, 7976&#8243;][\/vc_column][\/vc_row][vc_row][vc_column][vc_basic_grid post_type=&#8221;ids&#8221; item=&#8221;6619&#8243; grid_id=&#8221;vc_gid:1630568066414-019eabf6-a8a9-7&#8243; include=&#8221;5275, 5327, 5420, 5425, 5431&#8243;][\/vc_column][\/vc_row]\" \/>\n<meta property=\"og:url\" content=\"https:\/\/www.sterylis.com\/produkty\/szpitale-i-gabinety-lekarskie\/\" \/>\n<meta property=\"og:site_name\" content=\"STERYLIS\" \/>\n<meta property=\"article:publisher\" content=\"https:\/\/www.facebook.com\/sterylis\" \/>\n<meta property=\"article:modified_time\" content=\"2021-09-02T07:34:50+00:00\" \/>\n<meta name=\"twitter:card\" content=\"summary_large_image\" \/>\n<meta name=\"twitter:label1\" content=\"\u041d\u0430\u043f\u0438\u0441\u0430\u043d\u043e \u0430\u0432\u0442\u043e\u0440\u043e\u043c\">\n\t<meta name=\"twitter:data1\" content=\"admin\">\n\t<meta name=\"twitter:label2\" content=\"\u041f\u0440\u0438\u043c\u0435\u0440\u043d\u043e\u0435 \u0432\u0440\u0435\u043c\u044f \u0434\u043b\u044f \u0447\u0442\u0435\u043d\u0438\u044f\">\n\t<meta name=\"twitter:data2\" content=\"1 \u043c\u0438\u043d\u0443\u0442\u0430\">\n","_links":{"self":[{"href":"https:\/\/www.sterylis.com\/ru\/wp-json\/wp\/v2\/pages\/6117"}],"collection":[{"href":"https:\/\/www.sterylis.com\/ru\/wp-json\/wp\/v2\/pages"}],"about":[{"href":"https:\/\/www.sterylis.com\/ru\/wp-json\/wp\/v2\/types\/page"}],"author":[{"embeddable":true,"href":"https:\/\/www.sterylis.com\/ru\/wp-json\/wp\/v2\/users\/1"}],"replies":[{"embeddable":true,"href":"https:\/\/www.sterylis.com\/ru\/wp-json\/wp\/v2\/comments?post=6117"}],"version-history":[{"count":23,"href":"https:\/\/www.sterylis.com\/ru\/wp-json\/wp\/v2\/pages\/6117\/revisions"}],"predecessor-version":[{"id":8730,"href":"https:\/\/www.sterylis.com\/ru\/wp-json\/wp\/v2\/pages\/6117\/revisions\/8730"}],"up":[{"embeddable":true,"href":"https:\/\/www.sterylis.com\/ru\/wp-json\/wp\/v2\/pages\/5258"}],"wp:attachment":[{"href":"https:\/\/www.sterylis.com\/ru\/wp-json\/wp\/v2\/media?parent=6117"}],"curies":[{"name":"wp","href":"https:\/\/api.w.org\/{rel}","templated":true}]}}