{"id":6131,"date":"2020-09-21T12:30:23","date_gmt":"2020-09-21T12:30:23","guid":{"rendered":"http:\/\/www.sterylis.igloo.pl\/?page_id=6131"},"modified":"2021-05-17T12:11:07","modified_gmt":"2021-05-17T12:11:07","slug":"miejsca-zastosowania","status":"publish","type":"page","link":"https:\/\/www.sterylis.com\/ru\/polski-miejsca-zastosowania\/","title":{"rendered":"\u041c\u0435\u0441\u0442\u0430 \u0438\u0441\u043f\u043e\u043b\u044c\u0437\u043e\u0432\u0430\u043d\u0438\u044f"},"content":{"rendered":"<p>&nbsp;<\/p>\n<p>[vc_row row_content_width=&#8221;grid&#8221; css=&#8221;.vc_custom_1600760761448{padding-top: 50px !important;}&#8221;][vc_column width=&#8221;1\/4&#8243;]<div class=\"eltdf-single-image-holder   eltdf-image-behavior-custom-link\">\n    <div class=\"eltdf-si-inner\" >\n        \t            <a itemprop=\"url\" href=\"\/produkty\/szpitale-i-gabinety-lekarskie\/\" target=\"_self\">\n                                    <img width=\"262\" height=\"228\" src=\"https:\/\/www.sterylis.com\/wp-content\/uploads\/2020\/09\/szpitale.jpg\" class=\"attachment-full size-full\" alt=\"\u041f\u0440\u043e\u0444\u0435\u0441\u0441\u0438\u043e\u043d\u0430\u043b\u044c\u043d\u044b\u0435 \u0441\u0442\u0435\u0440\u0438\u043b\u0438\u0437\u0430\u0442\u043e\u0440\u044b \u043f\u043e\u043c\u0435\u0449\u0435\u043d\u0438\u0439\" loading=\"lazy\" title=\"\u041f\u0440\u043e\u0444\u0435\u0441\u0441\u0438\u043e\u043d\u0430\u043b\u044c\u043d\u044b\u0435 \u0441\u0442\u0435\u0440\u0438\u043b\u0438\u0437\u0430\u0442\u043e\u0440\u044b \u043f\u043e\u043c\u0435\u0449\u0435\u043d\u0438\u0439\" \/>                                <\/a>\n            <\/div>\n<\/div>[vc_raw_html]JTNDaDMlMjBzdHlsZSUzRCUyMmZvbnQtc2l6ZSUzQSUyMDE4cHglM0Jjb2xvciUzQSUyMCUyMzAwMDAwMCUzQnRleHQtYWxpZ24lM0ElMjBjZW50ZXIlM0Jmb250LWZhbWlseSUzQVJhbGV3YXklM0Jmb250LXdlaWdodCUzQTQwMCUzQmZvbnQtc3R5bGUlM0Fub3JtYWwlMjIlMjBjbGFzcyUzRCUyMnZjX2N1c3RvbV9oZWFkaW5nJTIyJTNFJTNDYSUyMGhyZWYlM0QlMjIlMkZwcm9kdWt0eSUyRnN6cGl0YWxlLWktZ2FiaW5ldHktbGVrYXJza2llJTJGJTIyJTNFJTBBJUQwJTkxJUQwJUJFJUQwJUJCJUQxJThDJUQwJUJEJUQwJUI4JUQxJTg2JUQxJThCJTIwJUQwJUI4JTIwJUQwJUIyJUQxJTgwJUQwJUIwJUQxJTg3JUQwJUI1JUQwJUIxJUQwJUJEJUQxJThCJUQwJUI1JTIwJUQwJUJBJUQwJUIwJUQwJUIxJUQwJUI4JUQwJUJEJUQwJUI1JUQxJTgyJUQxJThCJTIwJTIwJTIwJTIwJTIwJTIwJTIwJTIwJTIwJTIwJTIwJTIwJTIwJTIwJTIwJTIwJTIwJTIwJTIwJTIwJTIwJTIwJTIwJTBBJTNDJTJGYSUzRSUzQyUyRmgzJTNF[\/vc_raw_html][\/vc_column][vc_column width=&#8221;1\/4&#8243;]<div class=\"eltdf-single-image-holder   eltdf-image-behavior-custom-link\">\n    <div class=\"eltdf-si-inner\" >\n        \t            <a itemprop=\"url\" href=\"\/produkty\/przedszkola-szkoly-uczelnie\/\" target=\"_self\">\n                                    <img width=\"262\" height=\"228\" src=\"https:\/\/www.sterylis.com\/wp-content\/uploads\/2020\/09\/szkoly.jpg\" class=\"attachment-full size-full\" alt=\"\u041f\u0440\u043e\u0444\u0435\u0441\u0441\u0438\u043e\u043d\u0430\u043b\u044c\u043d\u044b\u0435 \u0441\u0442\u0435\u0440\u0438\u043b\u0438\u0437\u0430\u0442\u043e\u0440\u044b \u043f\u043e\u043c\u0435\u0449\u0435\u043d\u0438\u0439\" loading=\"lazy\" title=\"\u041f\u0440\u043e\u0444\u0435\u0441\u0441\u0438\u043e\u043d\u0430\u043b\u044c\u043d\u044b\u0435 \u0441\u0442\u0435\u0440\u0438\u043b\u0438\u0437\u0430\u0442\u043e\u0440\u044b \u043f\u043e\u043c\u0435\u0449\u0435\u043d\u0438\u0439\" \/>                                <\/a>\n            <\/div>\n<\/div>[vc_raw_html]JTNDaDMlMjBzdHlsZSUzRCUyMmZvbnQtc2l6ZSUzQSUyMDE4cHglM0Jjb2xvciUzQSUyMCUyMzAwMDAwMCUzQnRleHQtYWxpZ24lM0ElMjBjZW50ZXIlM0Jmb250LWZhbWlseSUzQVJhbGV3YXklM0Jmb250LXdlaWdodCUzQTQwMCUzQmZvbnQtc3R5bGUlM0Fub3JtYWwlMjIlMjBjbGFzcyUzRCUyMnZjX2N1c3RvbV9oZWFkaW5nJTIyJTNFJTNDYSUyMGhyZWYlM0QlMjIlMkZwcm9kdWt0eSUyRnByemVkc3prb2xhLXN6a29seS11Y3plbG5pZSUyRiUyMiUzRSUwQSVEMCU5NCVEMCVCNSVEMSU4MiVEMSU4MSVEMCVCQSVEMCVCOCVEMCVCNSUyMCVEMSU4MSVEMCVCMCVEMCVCNCVEMSU4QiUyQyUyMCVEMSU4OCVEMCVCQSVEMCVCRSVEMCVCQiVEMSU4QiUyQyUyMCVEMSU4MyVEMCVCRCVEMCVCOCVEMCVCMiVEMCVCNSVEMSU4MCVEMSU4MSVEMCVCOCVEMSU4MiVEMCVCNSVEMSU4MiVEMSU4QiUwQSUzQyUyRmElM0UlM0MlMkZoMyUzRQ==[\/vc_raw_html][\/vc_column][vc_column width=&#8221;1\/4&#8243;]<div class=\"eltdf-single-image-holder   eltdf-image-behavior-custom-link\">\n    <div class=\"eltdf-si-inner\" >\n        \t            <a itemprop=\"url\" href=\"\/produkty\/budynki-uzytecznosci-publicznej\/\" target=\"_self\">\n                                    <img width=\"262\" height=\"228\" src=\"https:\/\/www.sterylis.com\/wp-content\/uploads\/2020\/09\/publiczne.jpg\" class=\"attachment-full size-full\" alt=\"\u041f\u0440\u043e\u0444\u0435\u0441\u0441\u0438\u043e\u043d\u0430\u043b\u044c\u043d\u044b\u0435 \u0441\u0442\u0435\u0440\u0438\u043b\u0438\u0437\u0430\u0442\u043e\u0440\u044b \u043f\u043e\u043c\u0435\u0449\u0435\u043d\u0438\u0439\" loading=\"lazy\" title=\"\u041f\u0440\u043e\u0444\u0435\u0441\u0441\u0438\u043e\u043d\u0430\u043b\u044c\u043d\u044b\u0435 \u0441\u0442\u0435\u0440\u0438\u043b\u0438\u0437\u0430\u0442\u043e\u0440\u044b \u043f\u043e\u043c\u0435\u0449\u0435\u043d\u0438\u0439\" \/>                                <\/a>\n            <\/div>\n<\/div>[vc_raw_html]JTNDaDMlMjBzdHlsZSUzRCUyMmZvbnQtc2l6ZSUzQSUyMDE4cHglM0Jjb2xvciUzQSUyMCUyMzAwMDAwMCUzQnRleHQtYWxpZ24lM0ElMjBjZW50ZXIlM0Jmb250LWZhbWlseSUzQVJhbGV3YXklM0Jmb250LXdlaWdodCUzQTQwMCUzQmZvbnQtc3R5bGUlM0Fub3JtYWwlMjIlMjBjbGFzcyUzRCUyMnZjX2N1c3RvbV9oZWFkaW5nJTIyJTNFJTNDYSUyMGhyZWYlM0QlMjIlMkZwcm9kdWt0eSUyRmJ1ZHlua2ktdXp5dGVjem5vc2NpLXB1YmxpY3puZWolMkYlMjIlM0UlMEElRDAlOUUlRDAlQjElRDElODklRDAlQjUlRDElODElRDElODIlRDAlQjIlRDAlQjUlRDAlQkQlRDAlQkQlRDElOEIlRDAlQjUlMjAlRDAlQjclRDAlQjQlRDAlQjAlRDAlQkQlRDAlQjglRDElOEYlMEElM0MlMkZhJTNFJTNDJTJGaDMlM0U=[\/vc_raw_html][\/vc_column][vc_column width=&#8221;1\/4&#8243;]<div class=\"eltdf-single-image-holder   eltdf-image-behavior-custom-link\">\n    <div class=\"eltdf-si-inner\" >\n        \t            <a itemprop=\"url\" href=\"\/produkty\/restauracje-i-hotele\/\" target=\"_self\">\n                                    <img width=\"262\" height=\"228\" src=\"https:\/\/www.sterylis.com\/wp-content\/uploads\/2020\/09\/restauracje.jpg\" class=\"attachment-full size-full\" alt=\"\u041f\u0440\u043e\u0444\u0435\u0441\u0441\u0438\u043e\u043d\u0430\u043b\u044c\u043d\u044b\u0435 \u0441\u0442\u0435\u0440\u0438\u043b\u0438\u0437\u0430\u0442\u043e\u0440\u044b \u043f\u043e\u043c\u0435\u0449\u0435\u043d\u0438\u0439\" loading=\"lazy\" title=\"\u041f\u0440\u043e\u0444\u0435\u0441\u0441\u0438\u043e\u043d\u0430\u043b\u044c\u043d\u044b\u0435 \u0441\u0442\u0435\u0440\u0438\u043b\u0438\u0437\u0430\u0442\u043e\u0440\u044b \u043f\u043e\u043c\u0435\u0449\u0435\u043d\u0438\u0439\" \/>                                <\/a>\n            <\/div>\n<\/div>[vc_raw_html]JTNDaDMlMjBzdHlsZSUzRCUyMmZvbnQtc2l6ZSUzQSUyMDE4cHglM0Jjb2xvciUzQSUyMCUyMzAwMDAwMCUzQnRleHQtYWxpZ24lM0ElMjBjZW50ZXIlM0Jmb250LWZhbWlseSUzQVJhbGV3YXklM0Jmb250LXdlaWdodCUzQTQwMCUzQmZvbnQtc3R5bGUlM0Fub3JtYWwlMjIlMjBjbGFzcyUzRCUyMnZjX2N1c3RvbV9oZWFkaW5nJTIyJTNFJTNDYSUyMGhyZWYlM0QlMjIlMkZwcm9kdWt0eSUyRnJlc3RhdXJhY2plLWktaG90ZWxlJTJGJTIyJTNFJTBBJUQwJUEwJUQwJUI1JUQxJTgxJUQxJTgyJUQwJUJFJUQxJTgwJUQwJUIwJUQwJUJEJUQxJThCJTIwJUQwJUI4JTIwJUQwJUJFJUQxJTgyJUQwJUI1JUQwJUJCJUQwJUI4JTIwJTIwJTIwJTIwJTIwJTIwJTIwJTIwJTIwJTIwJTIwJTIwJTIwJTIwJTIwJTIwJTIwJTIwJTIwJTIwJTIwJTIwJTIwJTIwJTIwJTIwJTIwJTIwJTIwJTIwJTIwJTIwJTIwJTIwJTIwJTIwJTIwJTBBJTNDJTJGYSUzRSUzQyUyRmgzJTNF[\/vc_raw_html][\/vc_column][\/vc_row][vc_row row_content_width=&#8221;grid&#8221; css=&#8221;.vc_custom_1600760766649{padding-bottom: 80px !important;}&#8221;][vc_column width=&#8221;1\/4&#8243;]<div class=\"eltdf-single-image-holder   eltdf-image-behavior-custom-link\">\n    <div class=\"eltdf-si-inner\" >\n        \t            <a itemprop=\"url\" href=\"\/produkty\/sklepy-markety-super-i-hipermarkety\/\" target=\"_self\">\n                                    <img width=\"262\" height=\"228\" src=\"https:\/\/www.sterylis.com\/wp-content\/uploads\/2020\/09\/sklepy-1.jpg\" class=\"attachment-full size-full\" alt=\"\u041f\u0440\u043e\u0444\u0435\u0441\u0441\u0438\u043e\u043d\u0430\u043b\u044c\u043d\u044b\u0435 \u0441\u0442\u0435\u0440\u0438\u043b\u0438\u0437\u0430\u0442\u043e\u0440\u044b \u043f\u043e\u043c\u0435\u0449\u0435\u043d\u0438\u0439\" loading=\"lazy\" title=\"\u041f\u0440\u043e\u0444\u0435\u0441\u0441\u0438\u043e\u043d\u0430\u043b\u044c\u043d\u044b\u0435 \u0441\u0442\u0435\u0440\u0438\u043b\u0438\u0437\u0430\u0442\u043e\u0440\u044b \u043f\u043e\u043c\u0435\u0449\u0435\u043d\u0438\u0439\" \/>                                <\/a>\n            <\/div>\n<\/div>[vc_raw_html]JTNDaDMlMjBzdHlsZSUzRCUyMmZvbnQtc2l6ZSUzQSUyMDE4cHglM0Jjb2xvciUzQSUyMCUyMzAwMDAwMCUzQnRleHQtYWxpZ24lM0ElMjBjZW50ZXIlM0Jmb250LWZhbWlseSUzQVJhbGV3YXklM0Jmb250LXdlaWdodCUzQTQwMCUzQmZvbnQtc3R5bGUlM0Fub3JtYWwlMjIlMjBjbGFzcyUzRCUyMnZjX2N1c3RvbV9oZWFkaW5nJTIyJTNFJTNDYSUyMGhyZWYlM0QlMjIlMkZwcm9kdWt0eSUyRnNrbGVweS1tYXJrZXR5LXN1cGVyLWktaGlwZXJtYXJrZXR5JTJGJTIyJTNFJTBBJUQwJTlDJUQwJUIwJUQwJUIzJUQwJUIwJUQwJUI3JUQwJUI4JUQwJUJEJUQxJThCJTJDJTIwJUQxJTgxJUQxJTgzJUQwJUJGJUQwJUI1JUQxJTgwJTIwJUQwJUI4JTIwJUQwJUIzJUQwJUI4JUQwJUJGJUQwJUI1JUQxJTgwJUQwJUJDJUQwJUIwJUQxJTgwJUQwJUJBJUQwJUI1JUQxJTgyJUQxJThCJTBBJTNDJTJGYSUzRSUzQyUyRmgzJTNF[\/vc_raw_html][\/vc_column][vc_column width=&#8221;1\/4&#8243;]<div class=\"eltdf-single-image-holder   eltdf-image-behavior-custom-link\">\n    <div class=\"eltdf-si-inner\" >\n        \t            <a itemprop=\"url\" href=\"\/produkty\/pomieszczenia-biurowe\/\" target=\"_self\">\n                                    <img width=\"262\" height=\"228\" src=\"https:\/\/www.sterylis.com\/wp-content\/uploads\/2020\/09\/Pomieszczenia_biurowe.jpg\" class=\"attachment-full size-full\" alt=\"Pomieszczenia biurowe\" loading=\"lazy\" title=\"\u041f\u0440\u043e\u0444\u0435\u0441\u0441\u0438\u043e\u043d\u0430\u043b\u044c\u043d\u044b\u0435 \u0441\u0442\u0435\u0440\u0438\u043b\u0438\u0437\u0430\u0442\u043e\u0440\u044b \u043f\u043e\u043c\u0435\u0449\u0435\u043d\u0438\u0439\" \/>                                <\/a>\n            <\/div>\n<\/div>[vc_raw_html]JTNDaDMlMjBzdHlsZSUzRCUyMmZvbnQtc2l6ZSUzQSUyMDE4cHglM0Jjb2xvciUzQSUyMCUyMzAwMDAwMCUzQnRleHQtYWxpZ24lM0ElMjBjZW50ZXIlM0Jmb250LWZhbWlseSUzQVJhbGV3YXklM0Jmb250LXdlaWdodCUzQTQwMCUzQmZvbnQtc3R5bGUlM0Fub3JtYWwlMjIlMjBjbGFzcyUzRCUyMnZjX2N1c3RvbV9oZWFkaW5nJTIyJTNFJTNDYSUyMGhyZWYlM0QlMjIlMkZwcm9kdWt0eSUyRnBvbWllc3pjemVuaWEtYml1cm93ZSUyRiUyMiUzRSUwQSVEMCU5RSVEMSU4NCVEMCVCOCVEMSU4MSVEMCVCRCVEMSU4QiVEMCVCNSUyMCVEMCVCRiVEMCVCRSVEMCVCQyVEMCVCNSVEMSU4OSVEMCVCNSVEMCVCRCVEMCVCOCVEMSU4RiUwQSUzQyUyRmElM0UlM0MlMkZoMyUzRQ==[\/vc_raw_html][\/vc_column][vc_column width=&#8221;1\/4&#8243;]<div class=\"eltdf-single-image-holder   eltdf-image-behavior-custom-link\">\n    <div class=\"eltdf-si-inner\" >\n        \t            <a itemprop=\"url\" href=\"\/produkty\/pomieszczenia-biurowe-2\/\" target=\"_self\">\n                                    <img width=\"262\" height=\"228\" src=\"https:\/\/www.sterylis.com\/wp-content\/uploads\/2020\/09\/fabryki.jpg\" class=\"attachment-full size-full\" alt=\"\u041f\u0440\u043e\u0444\u0435\u0441\u0441\u0438\u043e\u043d\u0430\u043b\u044c\u043d\u044b\u0435 \u0441\u0442\u0435\u0440\u0438\u043b\u0438\u0437\u0430\u0442\u043e\u0440\u044b \u043f\u043e\u043c\u0435\u0449\u0435\u043d\u0438\u0439\" loading=\"lazy\" title=\"\u041f\u0440\u043e\u0444\u0435\u0441\u0441\u0438\u043e\u043d\u0430\u043b\u044c\u043d\u044b\u0435 \u0441\u0442\u0435\u0440\u0438\u043b\u0438\u0437\u0430\u0442\u043e\u0440\u044b \u043f\u043e\u043c\u0435\u0449\u0435\u043d\u0438\u0439\" \/>                                <\/a>\n            <\/div>\n<\/div>[vc_raw_html]JTNDaDMlMjBzdHlsZSUzRCUyMmZvbnQtc2l6ZSUzQSUyMDE4cHglM0Jjb2xvciUzQSUyMCUyMzAwMDAwMCUzQnRleHQtYWxpZ24lM0ElMjBjZW50ZXIlM0Jmb250LWZhbWlseSUzQVJhbGV3YXklM0Jmb250LXdlaWdodCUzQTQwMCUzQmZvbnQtc3R5bGUlM0Fub3JtYWwlMjIlMjBjbGFzcyUzRCUyMnZjX2N1c3RvbV9oZWFkaW5nJTIyJTNFJTNDYSUyMGhyZWYlM0QlMjIlMkZwcm9kdWt0eSUyRnBvbWllc3pjemVuaWEtYml1cm93ZS0yJTJGJTIyJTNFJTBBJUQwJUE0JUQwJUIwJUQwJUIxJUQxJTgwJUQwJUI4JUQwJUJBJUQwJUI4JTJDJTIwJUQwJUJGJUQxJTgwJUQwJUJFJUQwJUJDJUQxJThCJUQxJTg4JUQwJUJCJUQwJUI1JUQwJUJEJUQwJUJEJUQxJThCJUQwJUI1JTIwJUQwJUJGJUQxJTgwJUQwJUJFJUQwJUI4JUQwJUI3JUQwJUIyJUQwJUJFJUQwJUI0JUQxJTgxJUQxJTgyJUQwJUIyJUQwJUIwJTBBJTNDJTJGYSUzRSUzQyUyRmgzJTNF[\/vc_raw_html][\/vc_column][vc_column width=&#8221;1\/4&#8243;]<div class=\"eltdf-single-image-holder   eltdf-image-behavior-custom-link\">\n    <div class=\"eltdf-si-inner\" >\n        \t            <a itemprop=\"url\" href=\"\/produkty\/stacje-benzynowe\/\" target=\"_self\">\n                                    <img width=\"262\" height=\"228\" src=\"https:\/\/www.sterylis.com\/wp-content\/uploads\/2020\/09\/stacje_benzynowe.jpg\" class=\"attachment-full size-full\" alt=\"\u041f\u0440\u043e\u0444\u0435\u0441\u0441\u0438\u043e\u043d\u0430\u043b\u044c\u043d\u044b\u0435 \u0441\u0442\u0435\u0440\u0438\u043b\u0438\u0437\u0430\u0442\u043e\u0440\u044b \u043f\u043e\u043c\u0435\u0449\u0435\u043d\u0438\u0439\" loading=\"lazy\" title=\"\u041f\u0440\u043e\u0444\u0435\u0441\u0441\u0438\u043e\u043d\u0430\u043b\u044c\u043d\u044b\u0435 \u0441\u0442\u0435\u0440\u0438\u043b\u0438\u0437\u0430\u0442\u043e\u0440\u044b \u043f\u043e\u043c\u0435\u0449\u0435\u043d\u0438\u0439\" \/>                                <\/a>\n            <\/div>\n<\/div>[vc_raw_html]JTNDaDMlMjBzdHlsZSUzRCUyMmZvbnQtc2l6ZSUzQSUyMDE4cHglM0Jjb2xvciUzQSUyMCUyMzAwMDAwMCUzQnRleHQtYWxpZ24lM0ElMjBjZW50ZXIlM0Jmb250LWZhbWlseSUzQVJhbGV3YXklM0Jmb250LXdlaWdodCUzQTQwMCUzQmZvbnQtc3R5bGUlM0Fub3JtYWwlMjIlMjBjbGFzcyUzRCUyMnZjX2N1c3RvbV9oZWFkaW5nJTIyJTNFJTNDYSUyMGhyZWYlM0QlMjIlMkZwcm9kdWt0eSUyRnN0YWNqZS1iZW56eW5vd2UlMkYlMjIlM0UlMEElRDAlOTclRDAlQjAlRDAlQkYlRDElODAlRDAlQjAlRDAlQjIlRDAlQkUlRDElODclRDAlQkQlRDElOEIlRDAlQjUlMjAlRDElODElRDElODIlRDAlQjAlRDAlQkQlRDElODYlRDAlQjglRDAlQjglMEElM0MlMkZhJTNFJTNDJTJGaDMlM0U=[\/vc_raw_html][\/vc_column][\/vc_row]<\/p>","protected":false},"excerpt":{"rendered":"<p>&nbsp; [vc_row row_content_width=&#8221;grid&#8221; css=&#8221;.vc_custom_1600760761448{padding-top: 50px !important;}&#8221;][vc_column width=&#8221;1\/4&#8243;][vc_raw_html]JTNDaDMlMjBzdHlsZSUzRCUyMmZvbnQtc2l6ZSUzQSUyMDE4cHglM0Jjb2xvciUzQSUyMCUyMzAwMDAwMCUzQnRleHQtYWxpZ24lM0ElMjBjZW50ZXIlM0Jmb250LWZhbWlseSUzQVJhbGV3YXklM0Jmb250LXdlaWdodCUzQTQwMCUzQmZvbnQtc3R5bGUlM0Fub3JtYWwlMjIlMjBjbGFzcyUzRCUyMnZjX2N1c3RvbV9oZWFkaW5nJTIyJTNFJTNDYSUyMGhyZWYlM0QlMjIlMkZwcm9kdWt0eSUyRnN6cGl0YWxlLWktZ2FiaW5ldHktbGVrYXJza2llJTJGJTIyJTNFJTBBJUQwJTkxJUQwJUJFJUQwJUJCJUQxJThDJUQwJUJEJUQwJUI4JUQxJTg2JUQxJThCJTIwJUQwJUI4JTIwJUQwJUIyJUQxJTgwJUQwJUIwJUQxJTg3JUQwJUI1JUQwJUIxJUQwJUJEJUQxJThCJUQwJUI1JTIwJUQwJUJBJUQwJUIwJUQwJUIxJUQwJUI4JUQwJUJEJUQwJUI1JUQxJTgyJUQxJThCJTIwJTIwJTIwJTIwJTIwJTIwJTIwJTIwJTIwJTIwJTIwJTIwJTIwJTIwJTIwJTIwJTIwJTIwJTIwJTIwJTIwJTIwJTIwJTBBJTNDJTJGYSUzRSUzQyUyRmgzJTNF[\/vc_raw_html][\/vc_column][vc_column width=&#8221;1\/4&#8243;][vc_raw_html]JTNDaDMlMjBzdHlsZSUzRCUyMmZvbnQtc2l6ZSUzQSUyMDE4cHglM0Jjb2xvciUzQSUyMCUyMzAwMDAwMCUzQnRleHQtYWxpZ24lM0ElMjBjZW50ZXIlM0Jmb250LWZhbWlseSUzQVJhbGV3YXklM0Jmb250LXdlaWdodCUzQTQwMCUzQmZvbnQtc3R5bGUlM0Fub3JtYWwlMjIlMjBjbGFzcyUzRCUyMnZjX2N1c3RvbV9oZWFkaW5nJTIyJTNFJTNDYSUyMGhyZWYlM0QlMjIlMkZwcm9kdWt0eSUyRnByemVkc3prb2xhLXN6a29seS11Y3plbG5pZSUyRiUyMiUzRSUwQSVEMCU5NCVEMCVCNSVEMSU4MiVEMSU4MSVEMCVCQSVEMCVCOCVEMCVCNSUyMCVEMSU4MSVEMCVCMCVEMCVCNCVEMSU4QiUyQyUyMCVEMSU4OCVEMCVCQSVEMCVCRSVEMCVCQiVEMSU4QiUyQyUyMCVEMSU4MyVEMCVCRCVEMCVCOCVEMCVCMiVEMCVCNSVEMSU4MCVEMSU4MSVEMCVCOCVEMSU4MiVEMCVCNSVEMSU4MiVEMSU4QiUwQSUzQyUyRmElM0UlM0MlMkZoMyUzRQ==[\/vc_raw_html][\/vc_column][vc_column width=&#8221;1\/4&#8243;][vc_raw_html]JTNDaDMlMjBzdHlsZSUzRCUyMmZvbnQtc2l6ZSUzQSUyMDE4cHglM0Jjb2xvciUzQSUyMCUyMzAwMDAwMCUzQnRleHQtYWxpZ24lM0ElMjBjZW50ZXIlM0Jmb250LWZhbWlseSUzQVJhbGV3YXklM0Jmb250LXdlaWdodCUzQTQwMCUzQmZvbnQtc3R5bGUlM0Fub3JtYWwlMjIlMjBjbGFzcyUzRCUyMnZjX2N1c3RvbV9oZWFkaW5nJTIyJTNFJTNDYSUyMGhyZWYlM0QlMjIlMkZwcm9kdWt0eSUyRmJ1ZHlua2ktdXp5dGVjem5vc2NpLXB1YmxpY3puZWolMkYlMjIlM0UlMEElRDAlOUUlRDAlQjElRDElODklRDAlQjUlRDElODElRDElODIlRDAlQjIlRDAlQjUlRDAlQkQlRDAlQkQlRDElOEIlRDAlQjUlMjAlRDAlQjclRDAlQjQlRDAlQjAlRDAlQkQlRDAlQjglRDElOEYlMEElM0MlMkZhJTNFJTNDJTJGaDMlM0U=[\/vc_raw_html][\/vc_column][vc_column width=&#8221;1\/4&#8243;][vc_raw_html]JTNDaDMlMjBzdHlsZSUzRCUyMmZvbnQtc2l6ZSUzQSUyMDE4cHglM0Jjb2xvciUzQSUyMCUyMzAwMDAwMCUzQnRleHQtYWxpZ24lM0ElMjBjZW50ZXIlM0Jmb250LWZhbWlseSUzQVJhbGV3YXklM0Jmb250LXdlaWdodCUzQTQwMCUzQmZvbnQtc3R5bGUlM0Fub3JtYWwlMjIlMjBjbGFzcyUzRCUyMnZjX2N1c3RvbV9oZWFkaW5nJTIyJTNFJTNDYSUyMGhyZWYlM0QlMjIlMkZwcm9kdWt0eSUyRnJlc3RhdXJhY2plLWktaG90ZWxlJTJGJTIyJTNFJTBBJUQwJUEwJUQwJUI1JUQxJTgxJUQxJTgyJUQwJUJFJUQxJTgwJUQwJUIwJUQwJUJEJUQxJThCJTIwJUQwJUI4JTIwJUQwJUJFJUQxJTgyJUQwJUI1JUQwJUJCJUQwJUI4JTIwJTIwJTIwJTIwJTIwJTIwJTIwJTIwJTIwJTIwJTIwJTIwJTIwJTIwJTIwJTIwJTIwJTIwJTIwJTIwJTIwJTIwJTIwJTIwJTIwJTIwJTIwJTIwJTIwJTIwJTIwJTIwJTIwJTIwJTIwJTIwJTIwJTBBJTNDJTJGYSUzRSUzQyUyRmgzJTNF[\/vc_raw_html][\/vc_column][\/vc_row][vc_row row_content_width=&#8221;grid&#8221; css=&#8221;.vc_custom_1600760766649{padding-bottom: 80px !important;}&#8221;][vc_column width=&#8221;1\/4&#8243;][vc_raw_html]JTNDaDMlMjBzdHlsZSUzRCUyMmZvbnQtc2l6ZSUzQSUyMDE4cHglM0Jjb2xvciUzQSUyMCUyMzAwMDAwMCUzQnRleHQtYWxpZ24lM0ElMjBjZW50ZXIlM0Jmb250LWZhbWlseSUzQVJhbGV3YXklM0Jmb250LXdlaWdodCUzQTQwMCUzQmZvbnQtc3R5bGUlM0Fub3JtYWwlMjIlMjBjbGFzcyUzRCUyMnZjX2N1c3RvbV9oZWFkaW5nJTIyJTNFJTNDYSUyMGhyZWYlM0QlMjIlMkZwcm9kdWt0eSUyRnNrbGVweS1tYXJrZXR5LXN1cGVyLWktaGlwZXJtYXJrZXR5JTJGJTIyJTNFJTBBJUQwJTlDJUQwJUIwJUQwJUIzJUQwJUIwJUQwJUI3JUQwJUI4JUQwJUJEJUQxJThCJTJDJTIwJUQxJTgxJUQxJTgzJUQwJUJGJUQwJUI1JUQxJTgwJTIwJUQwJUI4JTIwJUQwJUIzJUQwJUI4JUQwJUJGJUQwJUI1JUQxJTgwJUQwJUJDJUQwJUIwJUQxJTgwJUQwJUJBJUQwJUI1JUQxJTgyJUQxJThCJTBBJTNDJTJGYSUzRSUzQyUyRmgzJTNF[\/vc_raw_html][\/vc_column][vc_column width=&#8221;1\/4&#8243;][vc_raw_html]JTNDaDMlMjBzdHlsZSUzRCUyMmZvbnQtc2l6ZSUzQSUyMDE4cHglM0Jjb2xvciUzQSUyMCUyMzAwMDAwMCUzQnRleHQtYWxpZ24lM0ElMjBjZW50ZXIlM0Jmb250LWZhbWlseSUzQVJhbGV3YXklM0Jmb250LXdlaWdodCUzQTQwMCUzQmZvbnQtc3R5bGUlM0Fub3JtYWwlMjIlMjBjbGFzcyUzRCUyMnZjX2N1c3RvbV9oZWFkaW5nJTIyJTNFJTNDYSUyMGhyZWYlM0QlMjIlMkZwcm9kdWt0eSUyRnBvbWllc3pjemVuaWEtYml1cm93ZSUyRiUyMiUzRSUwQSVEMCU5RSVEMSU4NCVEMCVCOCVEMSU4MSVEMCVCRCVEMSU4QiVEMCVCNSUyMCVEMCVCRiVEMCVCRSVEMCVCQyVEMCVCNSVEMSU4OSVEMCVCNSVEMCVCRCVEMCVCOCVEMSU4RiUwQSUzQyUyRmElM0UlM0MlMkZoMyUzRQ==[\/vc_raw_html][\/vc_column][vc_column width=&#8221;1\/4&#8243;][vc_raw_html]JTNDaDMlMjBzdHlsZSUzRCUyMmZvbnQtc2l6ZSUzQSUyMDE4cHglM0Jjb2xvciUzQSUyMCUyMzAwMDAwMCUzQnRleHQtYWxpZ24lM0ElMjBjZW50ZXIlM0Jmb250LWZhbWlseSUzQVJhbGV3YXklM0Jmb250LXdlaWdodCUzQTQwMCUzQmZvbnQtc3R5bGUlM0Fub3JtYWwlMjIlMjBjbGFzcyUzRCUyMnZjX2N1c3RvbV9oZWFkaW5nJTIyJTNFJTNDYSUyMGhyZWYlM0QlMjIlMkZwcm9kdWt0eSUyRnBvbWllc3pjemVuaWEtYml1cm93ZS0yJTJGJTIyJTNFJTBBJUQwJUE0JUQwJUIwJUQwJUIxJUQxJTgwJUQwJUI4JUQwJUJBJUQwJUI4JTJDJTIwJUQwJUJGJUQxJTgwJUQwJUJFJUQwJUJDJUQxJThCJUQxJTg4JUQwJUJCJUQwJUI1JUQwJUJEJUQwJUJEJUQxJThCJUQwJUI1JTIwJUQwJUJGJUQxJTgwJUQwJUJFJUQwJUI4JUQwJUI3JUQwJUIyJUQwJUJFJUQwJUI0JUQxJTgxJUQxJTgyJUQwJUIyJUQwJUIwJTBBJTNDJTJGYSUzRSUzQyUyRmgzJTNF[\/vc_raw_html][\/vc_column][vc_column width=&#8221;1\/4&#8243;][vc_raw_html]JTNDaDMlMjBzdHlsZSUzRCUyMmZvbnQtc2l6ZSUzQSUyMDE4cHglM0Jjb2xvciUzQSUyMCUyMzAwMDAwMCUzQnRleHQtYWxpZ24lM0ElMjBjZW50ZXIlM0Jmb250LWZhbWlseSUzQVJhbGV3YXklM0Jmb250LXdlaWdodCUzQTQwMCUzQmZvbnQtc3R5bGUlM0Fub3JtYWwlMjIlMjBjbGFzcyUzRCUyMnZjX2N1c3RvbV9oZWFkaW5nJTIyJTNFJTNDYSUyMGhyZWYlM0QlMjIlMkZwcm9kdWt0eSUyRnN0YWNqZS1iZW56eW5vd2UlMkYlMjIlM0UlMEElRDAlOTclRDAlQjAlRDAlQkYlRDElODAlRDAlQjAlRDAlQjIlRDAlQkUlRDElODclRDAlQkQlRDElOEIlRDAlQjUlMjAlRDElODElRDElODIlRDAlQjAlRDAlQkQlRDElODYlRDAlQjglRDAlQjglMEElM0MlMkZhJTNFJTNDJTJGaDMlM0U=[\/vc_raw_html][\/vc_column][\/vc_row]<\/p>\n","protected":false},"author":1,"featured_media":0,"parent":0,"menu_order":0,"comment_status":"closed","ping_status":"closed","template":"","meta":[],"yoast_head":"\n<title>\u041c\u0435\u0441\u0442\u0430 \u0438\u0441\u043f\u043e\u043b\u044c\u0437\u043e\u0432\u0430\u043d\u0438\u044f - STERYLIS<\/title>\n<meta name=\"robots\" content=\"index, follow, max-snippet:-1, max-image-preview:large, max-video-preview:-1\" \/>\n<link rel=\"canonical\" href=\"https:\/\/www.sterylis.com\/miejsca-zastosowania\/\" \/>\n<meta property=\"og:locale\" content=\"ru_RU\" \/>\n<meta property=\"og:type\" content=\"article\" \/>\n<meta property=\"og:title\" content=\"[:pl]Miejsca zastosowania[:en]Places of use[:de]Anwendungbereiche[:cz]M\u00cdSTO POU\u017dIT\u00cd[:ru]\u041c\u0435\u0441\u0442\u0430 \u0438\u0441\u043f\u043e\u043b\u044c\u0437\u043e\u0432\u0430\u043d\u0438\u044f[:] - STERYLIS\" \/>\n<meta property=\"og:description\" content=\"&nbsp; [vc_row row_content_width=&#8221;grid&#8221; css=&#8221;.vc_custom_1600760761448{padding-top: 50px !important;}&#8221;][vc_column width=&#8221;1\/4&#8243;][vc_raw_html]JTNDaDMlMjBzdHlsZSUzRCUyMmZvbnQtc2l6ZSUzQSUyMDE4cHglM0Jjb2xvciUzQSUyMCUyMzAwMDAwMCUzQnRleHQtYWxpZ24lM0ElMjBjZW50ZXIlM0Jmb250LWZhbWlseSUzQVJhbGV3YXklM0Jmb250LXdlaWdodCUzQTQwMCUzQmZvbnQtc3R5bGUlM0Fub3JtYWwlMjIlMjBjbGFzcyUzRCUyMnZjX2N1c3RvbV9oZWFkaW5nJTIyJTNFJTNDYSUyMGhyZWYlM0QlMjIlMkZwcm9kdWt0eSUyRnN6cGl0YWxlLWktZ2FiaW5ldHktbGVrYXJza2llJTJGJTIyJTNFJTBBJUQwJTkxJUQwJUJFJUQwJUJCJUQxJThDJUQwJUJEJUQwJUI4JUQxJTg2JUQxJThCJTIwJUQwJUI4JTIwJUQwJUIyJUQxJTgwJUQwJUIwJUQxJTg3JUQwJUI1JUQwJUIxJUQwJUJEJUQxJThCJUQwJUI1JTIwJUQwJUJBJUQwJUIwJUQwJUIxJUQwJUI4JUQwJUJEJUQwJUI1JUQxJTgyJUQxJThCJTIwJTIwJTIwJTIwJTIwJTIwJTIwJTIwJTIwJTIwJTIwJTIwJTIwJTIwJTIwJTIwJTIwJTIwJTIwJTIwJTIwJTIwJTIwJTBBJTNDJTJGYSUzRSUzQyUyRmgzJTNF[\/vc_raw_html][\/vc_column][vc_column width=&#8221;1\/4&#8243;][vc_raw_html]JTNDaDMlMjBzdHlsZSUzRCUyMmZvbnQtc2l6ZSUzQSUyMDE4cHglM0Jjb2xvciUzQSUyMCUyMzAwMDAwMCUzQnRleHQtYWxpZ24lM0ElMjBjZW50ZXIlM0Jmb250LWZhbWlseSUzQVJhbGV3YXklM0Jmb250LXdlaWdodCUzQTQwMCUzQmZvbnQtc3R5bGUlM0Fub3JtYWwlMjIlMjBjbGFzcyUzRCUyMnZjX2N1c3RvbV9oZWFkaW5nJTIyJTNFJTNDYSUyMGhyZWYlM0QlMjIlMkZwcm9kdWt0eSUyRnByemVkc3prb2xhLXN6a29seS11Y3plbG5pZSUyRiUyMiUzRSUwQSVEMCU5NCVEMCVCNSVEMSU4MiVEMSU4MSVEMCVCQSVEMCVCOCVEMCVCNSUyMCVEMSU4MSVEMCVCMCVEMCVCNCVEMSU4QiUyQyUyMCVEMSU4OCVEMCVCQSVEMCVCRSVEMCVCQiVEMSU4QiUyQyUyMCVEMSU4MyVEMCVCRCVEMCVCOCVEMCVCMiVEMCVCNSVEMSU4MCVEMSU4MSVEMCVCOCVEMSU4MiVEMCVCNSVEMSU4MiVEMSU4QiUwQSUzQyUyRmElM0UlM0MlMkZoMyUzRQ==[\/vc_raw_html][\/vc_column][vc_column width=&#8221;1\/4&#8243;][vc_raw_html]JTNDaDMlMjBzdHlsZSUzRCUyMmZvbnQtc2l6ZSUzQSUyMDE4cHglM0Jjb2xvciUzQSUyMCUyMzAwMDAwMCUzQnRleHQtYWxpZ24lM0ElMjBjZW50ZXIlM0Jmb250LWZhbWlseSUzQVJhbGV3YXklM0Jmb250LXdlaWdodCUzQTQwMCUzQmZvbnQtc3R5bGUlM0Fub3JtYWwlMjIlMjBjbGFzcyUzRCUyMnZjX2N1c3RvbV9oZWFkaW5nJTIyJTNFJTNDYSUyMGhyZWYlM0QlMjIlMkZwcm9kdWt0eSUyRmJ1ZHlua2ktdXp5dGVjem5vc2NpLXB1YmxpY3puZWolMkYlMjIlM0UlMEElRDAlOUUlRDAlQjElRDElODklRDAlQjUlRDElODElRDElODIlRDAlQjIlRDAlQjUlRDAlQkQlRDAlQkQlRDElOEIlRDAlQjUlMjAlRDAlQjclRDAlQjQlRDAlQjAlRDAlQkQlRDAlQjglRDElOEYlMEElM0MlMkZhJTNFJTNDJTJGaDMlM0U=[\/vc_raw_html][\/vc_column][vc_column width=&#8221;1\/4&#8243;][vc_raw_html]JTNDaDMlMjBzdHlsZSUzRCUyMmZvbnQtc2l6ZSUzQSUyMDE4cHglM0Jjb2xvciUzQSUyMCUyMzAwMDAwMCUzQnRleHQtYWxpZ24lM0ElMjBjZW50ZXIlM0Jmb250LWZhbWlseSUzQVJhbGV3YXklM0Jmb250LXdlaWdodCUzQTQwMCUzQmZvbnQtc3R5bGUlM0Fub3JtYWwlMjIlMjBjbGFzcyUzRCUyMnZjX2N1c3RvbV9oZWFkaW5nJTIyJTNFJTNDYSUyMGhyZWYlM0QlMjIlMkZwcm9kdWt0eSUyRnJlc3RhdXJhY2plLWktaG90ZWxlJTJGJTIyJTNFJTBBJUQwJUEwJUQwJUI1JUQxJTgxJUQxJTgyJUQwJUJFJUQxJTgwJUQwJUIwJUQwJUJEJUQxJThCJTIwJUQwJUI4JTIwJUQwJUJFJUQxJTgyJUQwJUI1JUQwJUJCJUQwJUI4JTIwJTIwJTIwJTIwJTIwJTIwJTIwJTIwJTIwJTIwJTIwJTIwJTIwJTIwJTIwJTIwJTIwJTIwJTIwJTIwJTIwJTIwJTIwJTIwJTIwJTIwJTIwJTIwJTIwJTIwJTIwJTIwJTIwJTIwJTIwJTIwJTIwJTBBJTNDJTJGYSUzRSUzQyUyRmgzJTNF[\/vc_raw_html][\/vc_column][\/vc_row][vc_row row_content_width=&#8221;grid&#8221; css=&#8221;.vc_custom_1600760766649{padding-bottom: 80px !important;}&#8221;][vc_column width=&#8221;1\/4&#8243;][vc_raw_html]JTNDaDMlMjBzdHlsZSUzRCUyMmZvbnQtc2l6ZSUzQSUyMDE4cHglM0Jjb2xvciUzQSUyMCUyMzAwMDAwMCUzQnRleHQtYWxpZ24lM0ElMjBjZW50ZXIlM0Jmb250LWZhbWlseSUzQVJhbGV3YXklM0Jmb250LXdlaWdodCUzQTQwMCUzQmZvbnQtc3R5bGUlM0Fub3JtYWwlMjIlMjBjbGFzcyUzRCUyMnZjX2N1c3RvbV9oZWFkaW5nJTIyJTNFJTNDYSUyMGhyZWYlM0QlMjIlMkZwcm9kdWt0eSUyRnNrbGVweS1tYXJrZXR5LXN1cGVyLWktaGlwZXJtYXJrZXR5JTJGJTIyJTNFJTBBJUQwJTlDJUQwJUIwJUQwJUIzJUQwJUIwJUQwJUI3JUQwJUI4JUQwJUJEJUQxJThCJTJDJTIwJUQxJTgxJUQxJTgzJUQwJUJGJUQwJUI1JUQxJTgwJTIwJUQwJUI4JTIwJUQwJUIzJUQwJUI4JUQwJUJGJUQwJUI1JUQxJTgwJUQwJUJDJUQwJUIwJUQxJTgwJUQwJUJBJUQwJUI1JUQxJTgyJUQxJThCJTBBJTNDJTJGYSUzRSUzQyUyRmgzJTNF[\/vc_raw_html][\/vc_column][vc_column width=&#8221;1\/4&#8243;][vc_raw_html]JTNDaDMlMjBzdHlsZSUzRCUyMmZvbnQtc2l6ZSUzQSUyMDE4cHglM0Jjb2xvciUzQSUyMCUyMzAwMDAwMCUzQnRleHQtYWxpZ24lM0ElMjBjZW50ZXIlM0Jmb250LWZhbWlseSUzQVJhbGV3YXklM0Jmb250LXdlaWdodCUzQTQwMCUzQmZvbnQtc3R5bGUlM0Fub3JtYWwlMjIlMjBjbGFzcyUzRCUyMnZjX2N1c3RvbV9oZWFkaW5nJTIyJTNFJTNDYSUyMGhyZWYlM0QlMjIlMkZwcm9kdWt0eSUyRnBvbWllc3pjemVuaWEtYml1cm93ZSUyRiUyMiUzRSUwQSVEMCU5RSVEMSU4NCVEMCVCOCVEMSU4MSVEMCVCRCVEMSU4QiVEMCVCNSUyMCVEMCVCRiVEMCVCRSVEMCVCQyVEMCVCNSVEMSU4OSVEMCVCNSVEMCVCRCVEMCVCOCVEMSU4RiUwQSUzQyUyRmElM0UlM0MlMkZoMyUzRQ==[\/vc_raw_html][\/vc_column][vc_column width=&#8221;1\/4&#8243;][vc_raw_html]JTNDaDMlMjBzdHlsZSUzRCUyMmZvbnQtc2l6ZSUzQSUyMDE4cHglM0Jjb2xvciUzQSUyMCUyMzAwMDAwMCUzQnRleHQtYWxpZ24lM0ElMjBjZW50ZXIlM0Jmb250LWZhbWlseSUzQVJhbGV3YXklM0Jmb250LXdlaWdodCUzQTQwMCUzQmZvbnQtc3R5bGUlM0Fub3JtYWwlMjIlMjBjbGFzcyUzRCUyMnZjX2N1c3RvbV9oZWFkaW5nJTIyJTNFJTNDYSUyMGhyZWYlM0QlMjIlMkZwcm9kdWt0eSUyRnBvbWllc3pjemVuaWEtYml1cm93ZS0yJTJGJTIyJTNFJTBBJUQwJUE0JUQwJUIwJUQwJUIxJUQxJTgwJUQwJUI4JUQwJUJBJUQwJUI4JTJDJTIwJUQwJUJGJUQxJTgwJUQwJUJFJUQwJUJDJUQxJThCJUQxJTg4JUQwJUJCJUQwJUI1JUQwJUJEJUQwJUJEJUQxJThCJUQwJUI1JTIwJUQwJUJGJUQxJTgwJUQwJUJFJUQwJUI4JUQwJUI3JUQwJUIyJUQwJUJFJUQwJUI0JUQxJTgxJUQxJTgyJUQwJUIyJUQwJUIwJTBBJTNDJTJGYSUzRSUzQyUyRmgzJTNF[\/vc_raw_html][\/vc_column][vc_column width=&#8221;1\/4&#8243;][vc_raw_html]JTNDaDMlMjBzdHlsZSUzRCUyMmZvbnQtc2l6ZSUzQSUyMDE4cHglM0Jjb2xvciUzQSUyMCUyMzAwMDAwMCUzQnRleHQtYWxpZ24lM0ElMjBjZW50ZXIlM0Jmb250LWZhbWlseSUzQVJhbGV3YXklM0Jmb250LXdlaWdodCUzQTQwMCUzQmZvbnQtc3R5bGUlM0Fub3JtYWwlMjIlMjBjbGFzcyUzRCUyMnZjX2N1c3RvbV9oZWFkaW5nJTIyJTNFJTNDYSUyMGhyZWYlM0QlMjIlMkZwcm9kdWt0eSUyRnN0YWNqZS1iZW56eW5vd2UlMkYlMjIlM0UlMEElRDAlOTclRDAlQjAlRDAlQkYlRDElODAlRDAlQjAlRDAlQjIlRDAlQkUlRDElODclRDAlQkQlRDElOEIlRDAlQjUlMjAlRDElODElRDElODIlRDAlQjAlRDAlQkQlRDElODYlRDAlQjglRDAlQjglMEElM0MlMkZhJTNFJTNDJTJGaDMlM0U=[\/vc_raw_html][\/vc_column][\/vc_row]\" \/>\n<meta property=\"og:url\" content=\"https:\/\/www.sterylis.com\/miejsca-zastosowania\/\" \/>\n<meta property=\"og:site_name\" content=\"STERYLIS\" \/>\n<meta property=\"article:publisher\" content=\"https:\/\/www.facebook.com\/sterylis\" \/>\n<meta property=\"article:modified_time\" content=\"2021-05-17T12:11:07+00:00\" \/>\n<meta name=\"twitter:card\" content=\"summary_large_image\" \/>\n<meta name=\"twitter:label1\" content=\"\u041d\u0430\u043f\u0438\u0441\u0430\u043d\u043e \u0430\u0432\u0442\u043e\u0440\u043e\u043c\">\n\t<meta name=\"twitter:data1\" content=\"admin\">\n\t<meta name=\"twitter:label2\" content=\"\u041f\u0440\u0438\u043c\u0435\u0440\u043d\u043e\u0435 \u0432\u0440\u0435\u043c\u044f \u0434\u043b\u044f \u0447\u0442\u0435\u043d\u0438\u044f\">\n\t<meta name=\"twitter:data2\" content=\"12 \u043c\u0438\u043d\u0443\u0442\">\n","_links":{"self":[{"href":"https:\/\/www.sterylis.com\/ru\/wp-json\/wp\/v2\/pages\/6131"}],"collection":[{"href":"https:\/\/www.sterylis.com\/ru\/wp-json\/wp\/v2\/pages"}],"about":[{"href":"https:\/\/www.sterylis.com\/ru\/wp-json\/wp\/v2\/types\/page"}],"author":[{"embeddable":true,"href":"https:\/\/www.sterylis.com\/ru\/wp-json\/wp\/v2\/users\/1"}],"replies":[{"embeddable":true,"href":"https:\/\/www.sterylis.com\/ru\/wp-json\/wp\/v2\/comments?post=6131"}],"version-history":[{"count":14,"href":"https:\/\/www.sterylis.com\/ru\/wp-json\/wp\/v2\/pages\/6131\/revisions"}],"predecessor-version":[{"id":8173,"href":"https:\/\/www.sterylis.com\/ru\/wp-json\/wp\/v2\/pages\/6131\/revisions\/8173"}],"wp:attachment":[{"href":"https:\/\/www.sterylis.com\/ru\/wp-json\/wp\/v2\/media?parent=6131"}],"curies":[{"name":"wp","href":"https:\/\/api.w.org\/{rel}","templated":true}]}}