{"id":7435,"date":"2021-02-03T09:13:19","date_gmt":"2021-02-03T09:13:19","guid":{"rendered":"https:\/\/www.sterylis.com\/?page_id=7435"},"modified":"2021-05-25T11:13:08","modified_gmt":"2021-05-25T11:13:08","slug":"sterylis-light-air-120","status":"publish","type":"page","link":"https:\/\/www.sterylis.com\/ru\/produkty\/sterylis-light-air\/sterylis-light-air-120\/","title":{"rendered":"Sterylis LIGHT AIR 120"},"content":{"rendered":"<p>[vc_section][vc_row][vc_column width=&#8221;2\/3&#8243;][vc_row_inner][vc_column_inner width=&#8221;1\/2&#8243; offset=&#8221;vc_col-xs-6&#8243;][vc_column_text]<\/p>\n<h2>120 m3 | 40 m2<\/h2>\n<p>[\/vc_column_text][\/vc_column_inner][vc_column_inner width=&#8221;1\/2&#8243; offset=&#8221;vc_col-xs-6&#8243;][vc_column_text]\u0420\u0435\u043a\u043e\u043c\u0435\u043d\u0434\u043e\u0432\u0430\u043d\u043d\u0430\u044f \u043a\u0443\u0431\u0430\u0442\u0443\u0440\u0430 \u043f\u043e\u043c\u0435\u0449\u0435\u043d\u0438\u0439 \u0434\u043b\u044f \u0434\u0435\u0437\u0438\u043d\u0444\u0435\u043a\u0446\u0438\u0438 UV-C \u043f\u0440\u0438 \u0438\u0441\u043f\u043e\u043b\u044c\u0437\u043e\u0432\u0430\u043d\u0438\u0438 \u043e\u0434\u043d\u043e\u0433\u043e \u0443\u0441\u0442\u0440\u043e\u0439\u0441\u0442\u0432\u0430 <strong>UV-C<\/strong><br \/>\n[\/vc_column_text][\/vc_column_inner][\/vc_row_inner][vc_row_inner css=&#8221;.vc_custom_1594197585429{padding-top: 60px !important;}&#8221;][vc_column_inner][vc_column_text]STERYLIS LIGHT AIR 120 \u044d\u0442\u043e \u0443\u0441\u0442\u0440\u043e\u0439\u0441\u0442\u0432\u043e \u043f\u0440\u0435\u0434\u043d\u0430\u0437\u043d\u0430\u0447\u0435\u043d\u043d\u043e\u0435 \u0434\u043b\u044f \u043e\u0431\u0435\u0437\u0437\u0430\u0440\u0430\u0436\u0438\u0432\u0430\u043d\u0438\u044f \u0432\u043e\u0437\u0434\u0443\u0445\u0430 \u0432 \u043f\u043e\u043c\u0435\u0449\u0435\u043d\u0438\u044f\u0445, \u0433\u0434\u0435 \u043d\u0430\u0445\u043e\u0434\u044f\u0442\u0441\u044f \u043b\u044e\u0434\u0438. \u0412 \u043f\u0440\u043e\u0446\u0435\u0441\u0441\u0435 \u0434\u0435\u0437\u0438\u043d\u0444\u0435\u043a\u0446\u0438\u0438 \u0438\u0441\u043f\u043e\u043b\u044c\u0437\u0443\u0435\u0442\u0441\u044f \u0442\u0435\u0445\u043d\u043e\u043b\u043e\u0433\u0438\u044f UV-C. \u0423\u0441\u0442\u0440\u043e\u0439\u0441\u0442\u0432\u043e \u043f\u0440\u0435\u0434\u043d\u0430\u0437\u043d\u0430\u0447\u0435\u043d\u043e \u0434\u043b\u044f \u0443\u0441\u0442\u0430\u043d\u043e\u0432\u043a\u0438 \u0432 \u043a\u0430\u0441\u0441\u0435\u0442\u043d\u044b\u0435 \u043f\u043e\u0442\u043e\u043b\u043a\u0438, \u0430 \u0442\u0430\u043a\u0436\u0435 \u0434\u043b\u044f \u0441\u043a\u0440\u044b\u0442\u043e\u0433\u043e \u043c\u043e\u043d\u0442\u0430\u0436\u0430 (\u0441\u043e\u043e\u0442\u0432\u0435\u0442\u0441\u0442\u0432\u0443\u0435\u0442 \u0440\u0430\u0437\u043c\u0435\u0440\u0443 \u0434\u0432\u0443\u0445 \u0441\u0442\u0430\u043d\u0434\u0430\u0440\u0442\u043d\u044b\u0445 \u043f\u043e\u0442\u043e\u043b\u043e\u0447\u043d\u044b\u0445 \u043a\u0430\u0441\u0441\u0435\u0442 \u043e\u0431\u0449\u0435\u0439 \u043f\u043b\u043e\u0449\u0430\u0434\u044c\u044e 120\u044560 \u0441\u043c).[\/vc_column_text][\/vc_column_inner][\/vc_row_inner][vc_row_inner css=&#8221;.vc_custom_1594197585429{padding-top: 60px !important;}&#8221;][vc_column_inner width=&#8221;1\/2&#8243;][vc_column_text]<\/p>\n<h2>\u0420\u0415\u0416\u0418\u041c\u042b \u0420\u0410\u0411\u041e\u0422\u042b:<\/h2>\n<p>[\/vc_column_text][\/vc_column_inner][vc_column_inner width=&#8221;1\/2&#8243;][\/vc_column_inner][\/vc_row_inner][vc_row_inner][vc_column_inner width=&#8221;1\/2&#8243; offset=&#8221;vc_col-xs-6&#8243;][vc_column_text]<\/p>\n<h5><img loading=\"lazy\" class=\"wp-image-4856 alignleft\" role=\"img\" src=\"https:\/\/www.sterylis.com\/wp-content\/uploads\/2020\/04\/icona_04.svg\" alt=\"Sterylis LIGHT AIR 120\" width=\"80\" height=\"78\" \/><br \/>\n\u0414\u0435\u0437\u0438\u043d\u0444\u0435\u043a\u0446\u0438\u044f UV-C<\/h5>\n<p>[\/vc_column_text][\/vc_column_inner][\/vc_row_inner][vc_row_inner css=&#8221;.vc_custom_1594287895897{padding-top: 40px !important;}&#8221;][vc_column_inner width=&#8221;1\/2&#8243; css=&#8221;.vc_custom_1621589865219{padding-bottom: 30px !important;}&#8221; offset=&#8221;vc_col-xs-12&#8243;]<a itemprop=\"url\" href=\"\/files\/data_sheets\/karta%20katalogowa%20sterylis%20LIGHT%20AIR_120_RU.pdf\" target=\"_blank\"  class=\"eltdf-btn eltdf-btn-medium eltdf-btn-solid eltdf-btn-icon\"  >\n    <span class=\"eltdf-btn-text\">\u0422\u0435\u0445\u043d\u0438\u0447\u0435\u0441\u043a\u0430\u044f \u0441\u043f\u0435\u0446\u0438\u0444\u0438\u043a\u0430\u0446\u0438\u044f<\/span>\n    <i class=\"eltdf-icon-font-awesome fa fa-file-text \" ><\/i>    <\/a>[\/vc_column_inner][vc_column_inner width=&#8221;1\/2&#8243; css=&#8221;.vc_custom_1621589891419{padding-bottom: 30px !important;}&#8221; offset=&#8221;vc_col-xs-12&#8243;]<a itemprop=\"url\" href=\"\/files\/catalogs\/Sterylis_Light_Air_RU-web.pdf\" target=\"_self\"  class=\"eltdf-btn eltdf-btn-medium eltdf-btn-solid eltdf-btn-icon\"  >\n    <span class=\"eltdf-btn-text\">\u041a\u0430\u0442\u0430\u043b\u043e\u0433 \u043f\u0440\u043e\u0434\u0443\u043a\u0442\u043e\u0432<\/span>\n    <i class=\"eltdf-icon-font-awesome fa fa-file-text \" ><\/i>    <\/a>[\/vc_column_inner][\/vc_row_inner][vc_column_text]<a href=\"https:\/\/www.sterylis.com\/wp-content\/uploads\/2021\/02\/PZH-atest-STERYLIS-LIGHT-AIR.pdf\"><img loading=\"lazy\" class=\"wp-image-7316 alignleft\" role=\"img\" src=\"https:\/\/www.sterylis.com\/wp-content\/uploads\/2021\/01\/NIZP-ATEST.png\" alt=\"\u0421\u0435\u0440\u0442\u0438\u0444\u0438\u043a\u0430\u0442 PZH\" width=\"70\" height=\"76\" \/><\/a><\/p>\n<h6><a href=\"https:\/\/www.sterylis.com\/wp-content\/uploads\/2021\/05\/pzh-sterylis-light-air_-light-air-nt.pdf\">\u0421\u0435\u0440\u0442\u0438\u0444\u0438\u043a\u0430\u0442 PZH:<\/a><br \/>\n<a href=\"https:\/\/www.sterylis.com\/wp-content\/uploads\/2021\/05\/pzh-sterylis-light-air_-light-air-nt.pdf\">Sterylis LIGHT AIR 120, nr B-BK-60212-0215\/21 \u0434\u0435\u0439\u0441\u0442\u0432\u0438\u0442\u0435\u043b\u0435\u043d \u0434\u043e 18.02.2026<\/a><\/h6>\n<p>[\/vc_column_text][\/vc_column][vc_column width=&#8221;1\/3&#8243;]<div class=\"eltdf-single-image-holder   \">\n    <div class=\"eltdf-si-inner\" >\n                                    <img width=\"427\" height=\"451\" src=\"https:\/\/www.sterylis.com\/wp-content\/uploads\/2021\/02\/STERYLIS-LIGHT-AIR_120.png\" class=\"attachment-full size-full\" alt=\"Sterylis LIGHT AIR 120\" loading=\"lazy\" srcset=\"https:\/\/www.sterylis.com\/wp-content\/uploads\/2021\/02\/STERYLIS-LIGHT-AIR_120.png 427w, https:\/\/www.sterylis.com\/wp-content\/uploads\/2021\/02\/STERYLIS-LIGHT-AIR_120-284x300.png 284w\" sizes=\"(max-width: 427px) 100vw, 427px\" title=\"Sterylis LIGHT AIR 120\" \/>                        <\/div>\n<\/div>[\/vc_column][\/vc_row][vc_row css=&#8221;.vc_custom_1594364188659{margin-top: -80px !important;}&#8221;][vc_column][vc_row_inner css=&#8221;.vc_custom_1594197585429{padding-top: 60px !important;}&#8221;][vc_column_inner][vc_column_text]\u041e\u0441\u043e\u0431\u0435\u043d\u043d\u043e\u0441\u0442\u0438 \u0443\u0441\u0442\u0440\u043e\u0439\u0441\u0442\u0432\u0430:<\/p>\n<ul>\n<li>\u0434\u043e\u043a\u0430\u0437\u0430\u043d\u043d\u0430\u044f \u044d\u0444\u0444\u0435\u043a\u0442\u0438\u0432\u043d\u043e\u0441\u0442\u044c \u0441\u043e\u0432\u0440\u0435\u043c\u0435\u043d\u043d\u044b\u0445 \u0438\u0441\u0442\u043e\u0447\u043d\u0438\u043a\u043e\u0432 UV-C \u0438\u0437\u043b\u0443\u0447\u0435\u043d\u0438\u044f (253,7 \u043d\u043c) \u043e\u0442 LEDVANCE<\/li>\n<li>\u043a\u043e\u043d\u0441\u0442\u0440\u0443\u043a\u0446\u0438\u044f \u0441\u0432\u0435\u0442\u0438\u043b\u044c\u043d\u0438\u043a\u0430 \u043e\u043f\u0442\u0438\u043c\u0438\u0437\u0438\u0440\u043e\u0432\u0430\u043d\u0430 \u0434\u043b\u044f \u0440\u0430\u0431\u043e\u0442\u044b \u0441 \u0435\u0434\u0438\u043d\u0438\u0447\u043d\u043e\u0439 \u0434\u043e\u0437\u043e\u0439 &gt; 50 \u0414\u0436\/\u043c2 (\u043d\u0430\u0443\u0447\u043d\u043e \u0434\u043e\u043a\u0430\u0437\u0430\u043d\u043d\u0430\u044f \u044d\u0444\u0444\u0435\u043a\u0442\u0438\u0432\u043d\u043e\u0441\u0442\u044c \u0432 \u0443\u043d\u0438\u0447\u0442\u043e\u0436\u0435\u043d\u0438\u0438 \u0432\u0438\u0440\u0443\u0441\u0430 SARS-CoV-2)<\/li>\n<li>\u043f\u043e\u043b\u043d\u0430\u044f \u0444\u043e\u0442\u043e\u0431\u0438\u043e\u043b\u043e\u0433\u0438\u0447\u0435\u0441\u043a\u0430\u044f \u0431\u0435\u0437\u043e\u043f\u0430\u0441\u043d\u043e\u0441\u0442\u044c \u0441 \u043f\u0435\u0440\u0441\u043f\u0435\u043a\u0442\u0438\u0432\u044b \u0443\u0442\u0435\u0447\u043a\u0438 UV-C &#8211; \u0433\u0440\u0443\u043f\u043f\u0430 \u0440\u0438\u0441\u043a\u0430 RG0 \u043f\u043e \u0441\u0442\u0430\u043d\u0434\u0430\u0440\u0442\u0443 PN-EN 62471<\/li>\n<li>\u0441\u0440\u043e\u043a \u0441\u043b\u0443\u0436\u0431\u044b \u0438\u0441\u0442\u043e\u0447\u043d\u0438\u043a\u043e\u0432 UV-C 10800 \u0447\u0430\u0441\u043e\u0432<\/li>\n<li>\u0432\u044b\u0441\u043e\u043a\u043e\u043a\u0430\u0447\u0435\u0441\u0442\u0432\u0435\u043d\u043d\u044b\u0435 \u0444\u0438\u0440\u043c\u0435\u043d\u043d\u044b\u0435 \u0432\u0435\u043d\u0442\u0438\u043b\u044f\u0442\u043e\u0440\u044b \u0441 \u043d\u0438\u0437\u043a\u0438\u043c \u0443\u0440\u043e\u0432\u043d\u0435\u043c \u0448\u0443\u043c\u0430 \u0438 \u0441\u0440\u043e\u043a\u043e\u043c \u0441\u043b\u0443\u0436\u0431\u044b&gt; 50 000 \u0447\u0430\u0441\u043e\u0432<\/li>\n<li>\u0432\u0441\u0442\u0440\u043e\u0435\u043d\u043d\u044b\u0439 \u0438\u043d\u0442\u0435\u043b\u043b\u0435\u043a\u0442\u0443\u0430\u043b\u044c\u043d\u044b\u0439 \u0440\u0435\u0433\u0443\u043b\u044f\u0442\u043e\u0440: \u043c\u043e\u043d\u0438\u0442\u043e\u0440\u0438\u043d\u0433 \u0438 \u0441\u0438\u0433\u043d\u0430\u043b\u0438\u0437\u0430\u0446\u0438\u044f \u043d\u0435\u0438\u0441\u043f\u0440\u0430\u0432\u043d\u043e\u0441\u0442\u0438 (\u0432\u0435\u043d\u0442\u0438\u043b\u044f\u0442\u043e\u0440, \u0438\u0441\u0442\u043e\u0447\u043d\u0438\u043a\u0438 UV-C), \u043f\u043e\u0434\u0441\u0447\u0435\u0442 \u0432\u0440\u0435\u043c\u0435\u043d\u0438 \u0440\u0430\u0431\u043e\u0442\u044b \u0438\u0441\u0442\u043e\u0447\u043d\u0438\u043a\u043e\u0432 UV-C \u0438 \u0441\u0438\u0433\u043d\u0430\u043b\u0438\u0437\u0430\u0446\u0438\u044f \u043e \u043d\u0435\u043e\u0431\u0445\u043e\u0434\u0438\u043c\u043e\u0441\u0442\u0438 \u0438\u0445 \u0437\u0430\u043c\u0435\u043d\u044b<\/li>\n<li>\u043f\u0440\u0435\u0434\u043d\u0430\u0437\u043d\u0430\u0447\u0435\u043d\u043e \u0434\u043b\u044f \u0441\u0442\u0430\u043d\u0434\u0430\u0440\u0442\u043d\u044b\u0445 \u043a\u0430\u0441\u0441\u0435\u0442\u043d\u044b\u0445 \u043f\u043e\u0442\u043e\u043b\u043a\u043e\u0432 120&#215;60 \u0441\u043c<\/li>\n<li>\u0432\u043e\u0437\u043c\u043e\u0436\u043d\u043e\u0441\u0442\u044c \u0441\u043a\u0440\u044b\u0442\u043e\u0433\u043e \u043c\u043e\u043d\u0442\u0430\u0436\u0430 \u043f\u0440\u0438 \u0438\u0441\u043f\u043e\u043b\u044c\u0437\u043e\u0432\u0430\u043d\u0438\u0438 \u0441\u043e\u043e\u0442\u0432\u0435\u0442\u0441\u0442\u0432\u0443\u044e\u0449\u0438\u0445 \u043c\u043e\u043d\u0442\u0430\u0436\u043d\u044b\u0445 \u043a\u043e\u043c\u043f\u043b\u0435\u043a\u0442\u043e\u0432<\/li>\n<li>\u0443\u043d\u0438\u043a\u0430\u043b\u044c\u043d\u0430\u044f \u0441\u0438\u0441\u0442\u0435\u043c\u0430 \u0431\u0435\u0437\u0438\u043d\u0441\u0442\u0440\u0443\u043c\u0435\u043d\u0442\u0430\u043b\u044c\u043d\u043e\u0433\u043e \u0434\u043e\u0441\u0442\u0443\u043f\u0430, \u043f\u043e\u0437\u0432\u043e\u043b\u044f\u044e\u0449\u0430\u044f \u0431\u044b\u0441\u0442\u0440\u043e \u0438 \u0443\u0434\u043e\u0431\u043d\u043e \u043e\u0431\u0441\u043b\u0443\u0436\u0438\u0432\u0430\u0442\u044c \u0441\u0432\u0435\u0442\u0438\u043b\u044c\u043d\u0438\u043a, \u0431\u0435\u0437 \u043d\u0435\u043e\u0431\u0445\u043e\u0434\u0438\u043c\u043e\u0441\u0442\u0438 \u0435\u0433\u043e \u0440\u0430\u0437\u0431\u0438\u0440\u0430\u0442\u044c<\/li>\n<li>\u043c\u0435\u0442\u0430\u043b\u043b\u0438\u0447\u0435\u0441\u043a\u0438\u0439 \u043a\u043e\u0440\u043f\u0443\u0441 \u0441 \u043f\u043e\u0440\u043e\u0448\u043a\u043e\u0432\u044b\u043c \u043f\u043e\u043a\u0440\u044b\u0442\u0438\u0435\u043c.<\/li>\n<\/ul>\n<p>[\/vc_column_text][vc_empty_space][\/vc_column_inner][\/vc_row_inner]<div class=\"eltdf-single-image-holder   \">\n    <div class=\"eltdf-si-inner\" >\n                                    <img width=\"470\" height=\"470\" src=\"https:\/\/www.sterylis.com\/wp-content\/uploads\/2021\/03\/light-air-120-rysunek3.png\" class=\"attachment-full size-full\" alt=\"Sterylis LIGHT AIR 120\" loading=\"lazy\" srcset=\"https:\/\/www.sterylis.com\/wp-content\/uploads\/2021\/03\/light-air-120-rysunek3.png 470w, https:\/\/www.sterylis.com\/wp-content\/uploads\/2021\/03\/light-air-120-rysunek3-300x300.png 300w, https:\/\/www.sterylis.com\/wp-content\/uploads\/2021\/03\/light-air-120-rysunek3-150x150.png 150w, https:\/\/www.sterylis.com\/wp-content\/uploads\/2021\/03\/light-air-120-rysunek3-100x100.png 100w\" sizes=\"(max-width: 470px) 100vw, 470px\" title=\"Sterylis LIGHT AIR 120\" \/>                        <\/div>\n<\/div>[vc_empty_space height=&#8221;80px&#8221;][\/vc_column][\/vc_row][\/vc_section]<\/p>","protected":false},"excerpt":{"rendered":"<p>[vc_section][vc_row][vc_column width=&#8221;2\/3&#8243;][vc_row_inner][vc_column_inner width=&#8221;1\/2&#8243; offset=&#8221;vc_col-xs-6&#8243;][vc_column_text] 120 m3 | 40 m2 [\/vc_column_text][\/vc_column_inner][vc_column_inner width=&#8221;1\/2&#8243; offset=&#8221;vc_col-xs-6&#8243;][vc_column_text]\u0420\u0435\u043a\u043e\u043c\u0435\u043d\u0434\u043e\u0432\u0430\u043d\u043d\u0430\u044f \u043a\u0443\u0431\u0430\u0442\u0443\u0440\u0430 \u043f\u043e\u043c\u0435\u0449\u0435\u043d\u0438\u0439 \u0434\u043b\u044f \u0434\u0435\u0437\u0438\u043d\u0444\u0435\u043a\u0446\u0438\u0438 UV-C \u043f\u0440\u0438 \u0438\u0441\u043f\u043e\u043b\u044c\u0437\u043e\u0432\u0430\u043d\u0438\u0438 \u043e\u0434\u043d\u043e\u0433\u043e \u0443\u0441\u0442\u0440\u043e\u0439\u0441\u0442\u0432\u0430 UV-C [\/vc_column_text][\/vc_column_inner][\/vc_row_inner][vc_row_inner css=&#8221;.vc_custom_1594197585429{padding-top: 60px !important;}&#8221;][vc_column_inner][vc_column_text]STERYLIS LIGHT AIR 120 \u044d\u0442\u043e \u0443\u0441\u0442\u0440\u043e\u0439\u0441\u0442\u0432\u043e \u043f\u0440\u0435\u0434\u043d\u0430\u0437\u043d\u0430\u0447\u0435\u043d\u043d\u043e\u0435 \u0434\u043b\u044f \u043e\u0431\u0435\u0437\u0437\u0430\u0440\u0430\u0436\u0438\u0432\u0430\u043d\u0438\u044f \u0432\u043e\u0437\u0434\u0443\u0445\u0430 \u0432 \u043f\u043e\u043c\u0435\u0449\u0435\u043d\u0438\u044f\u0445, \u0433\u0434\u0435 \u043d\u0430\u0445\u043e\u0434\u044f\u0442\u0441\u044f \u043b\u044e\u0434\u0438. [&hellip;]<\/p>\n","protected":false},"author":3,"featured_media":7637,"parent":7397,"menu_order":0,"comment_status":"closed","ping_status":"closed","template":"","meta":[],"yoast_head":"\n<title>Sterylis LIGHT AIR 120 - STERYLIS<\/title>\n<meta name=\"description\" content=\"STERYLIS LIGHT AIR 120 to urz\u0105dzenie do dezynfekcji powietrza w pomieszczeniach, w kt\u00f3rychprzebywaj\u0105 ludzie. W procesie dezynfekcji wykorzystuje technologi\u0119 UV-C. Jest przeznaczone domonta\u017cu w sufitach kasetonowych zar\u00f3wno podtynkowo jak i natynkowo (odpowiada rozmiarowi dw\u00f3chstandardowych kaseton\u00f3w sufitowych o \u0142\u0105cznej powierzchni 120x60 cm).\" \/>\n<meta name=\"robots\" content=\"index, follow, max-snippet:-1, max-image-preview:large, max-video-preview:-1\" \/>\n<link rel=\"canonical\" href=\"https:\/\/www.sterylis.com\/produkty\/sterylis-light-air\/sterylis-light-air-120\/\" \/>\n<meta property=\"og:locale\" content=\"ru_RU\" \/>\n<meta property=\"og:type\" content=\"article\" \/>\n<meta property=\"og:title\" content=\"Sterylis LIGHT AIR 120 - STERYLIS\" \/>\n<meta property=\"og:description\" content=\"STERYLIS LIGHT AIR 120 to urz\u0105dzenie do dezynfekcji powietrza w pomieszczeniach, w kt\u00f3rychprzebywaj\u0105 ludzie. W procesie dezynfekcji wykorzystuje technologi\u0119 UV-C. Jest przeznaczone domonta\u017cu w sufitach kasetonowych zar\u00f3wno podtynkowo jak i natynkowo (odpowiada rozmiarowi dw\u00f3chstandardowych kaseton\u00f3w sufitowych o \u0142\u0105cznej powierzchni 120x60 cm).\" \/>\n<meta property=\"og:url\" content=\"https:\/\/www.sterylis.com\/produkty\/sterylis-light-air\/sterylis-light-air-120\/\" \/>\n<meta property=\"og:site_name\" content=\"STERYLIS\" \/>\n<meta property=\"article:publisher\" content=\"https:\/\/www.facebook.com\/sterylis\" \/>\n<meta property=\"article:modified_time\" content=\"2021-05-25T11:13:08+00:00\" \/>\n<meta property=\"og:image\" content=\"https:\/\/www.sterylis.com\/wp-content\/uploads\/2021\/02\/STERYLIS-LIGHT-AIR_120.png\" \/>\n\t<meta property=\"og:image:width\" content=\"427\" \/>\n\t<meta property=\"og:image:height\" content=\"451\" \/>\n<meta name=\"twitter:card\" content=\"summary_large_image\" \/>\n<meta name=\"twitter:label1\" content=\"\u041d\u0430\u043f\u0438\u0441\u0430\u043d\u043e \u0430\u0432\u0442\u043e\u0440\u043e\u043c\">\n\t<meta name=\"twitter:data1\" content=\"admin\">\n\t<meta name=\"twitter:label2\" content=\"\u041f\u0440\u0438\u043c\u0435\u0440\u043d\u043e\u0435 \u0432\u0440\u0435\u043c\u044f \u0434\u043b\u044f \u0447\u0442\u0435\u043d\u0438\u044f\">\n\t<meta name=\"twitter:data2\" content=\"10 \u043c\u0438\u043d\u0443\u0442\">\n","_links":{"self":[{"href":"https:\/\/www.sterylis.com\/ru\/wp-json\/wp\/v2\/pages\/7435"}],"collection":[{"href":"https:\/\/www.sterylis.com\/ru\/wp-json\/wp\/v2\/pages"}],"about":[{"href":"https:\/\/www.sterylis.com\/ru\/wp-json\/wp\/v2\/types\/page"}],"author":[{"embeddable":true,"href":"https:\/\/www.sterylis.com\/ru\/wp-json\/wp\/v2\/users\/3"}],"replies":[{"embeddable":true,"href":"https:\/\/www.sterylis.com\/ru\/wp-json\/wp\/v2\/comments?post=7435"}],"version-history":[{"count":74,"href":"https:\/\/www.sterylis.com\/ru\/wp-json\/wp\/v2\/pages\/7435\/revisions"}],"predecessor-version":[{"id":8356,"href":"https:\/\/www.sterylis.com\/ru\/wp-json\/wp\/v2\/pages\/7435\/revisions\/8356"}],"up":[{"embeddable":true,"href":"https:\/\/www.sterylis.com\/ru\/wp-json\/wp\/v2\/pages\/7397"}],"wp:featuredmedia":[{"embeddable":true,"href":"https:\/\/www.sterylis.com\/ru\/wp-json\/wp\/v2\/media\/7637"}],"wp:attachment":[{"href":"https:\/\/www.sterylis.com\/ru\/wp-json\/wp\/v2\/media?parent=7435"}],"curies":[{"name":"wp","href":"https:\/\/api.w.org\/{rel}","templated":true}]}}